{"id":3248,"date":"2024-10-30T12:48:01","date_gmt":"2024-10-30T12:48:01","guid":{"rendered":"https:\/\/nfc-readers.com\/?post_type=product&#038;p=3248"},"modified":"2024-10-30T12:48:01","modified_gmt":"2024-10-30T12:48:01","slug":"waterproof-mifare-classic-1k-programmable-rfid-nfc-key-fob","status":"publish","type":"product","link":"https:\/\/nfc-readers.com\/pt\/ic-reader\/waterproof-mifare-classic-1k-programmable-rfid-nfc-key-fob\/","title":{"rendered":"Chaveiro RFID NFC program\u00e1vel MIFARE Classic 1K \u00e0 prova d&#039;\u00e1gua"},"content":{"rendered":"<h1 style=\"text-align: center;\"><strong>Chaveiro RFID NFC program\u00e1vel MIFARE Classic 1K \u00e0 prova d&#039;\u00e1gua<\/strong><\/h1>\n<p>&nbsp;<\/p>\n<p>O mundo da seguran\u00e7a e do controle de acesso evoluiu tremendamente, com a tecnologia abrindo caminho para solu\u00e7\u00f5es mais inteligentes. Entre elas, a <strong>Chaveiro RFID NFC program\u00e1vel MIFARE Classic 1K \u00e0 prova d&#039;\u00e1gua<\/strong>\u00a0destaca-se como uma escolha vers\u00e1til e confi\u00e1vel para uso pessoal e profissional. Criado para funcionalidade superior e conveni\u00eancia do usu\u00e1rio, este chaveiro RFID \u00e9 mais do que apenas uma maneira de destrancar portas \u2014 \u00e9 uma solu\u00e7\u00e3o multiuso adaptada para atender a diversas necessidades. Com seu design \u00e0 prova d&#039;\u00e1gua, recursos program\u00e1veis e compatibilidade com a tecnologia NFC, este chaveiro n\u00e3o \u00e9 apenas inovador, mas tamb\u00e9m um investimento que vale a pena para qualquer pessoa que busca confiabilidade e seguran\u00e7a.<\/p>\n<p>&nbsp;<\/p>\n<p>&nbsp;<\/p>\n<h3><strong>Benef\u00edcios do produto: Por que vale a pena comprar o chaveiro RFID NFC MIFARE Classic 1K \u00e0 prova d&#039;\u00e1gua<\/strong><\/h3>\n<p>Melhorar o controle de acesso nunca foi t\u00e3o f\u00e1cil, e este chaveiro NFC \u00e9 excepcionalmente f\u00e1cil de integrar com sistemas existentes. Os benef\u00edcios v\u00e3o muito al\u00e9m da conveni\u00eancia; seus atributos \u00e0 prova d&#039;\u00e1gua e de intemp\u00e9ries o tornam ideal para aplica\u00e7\u00f5es externas. Com um design personaliz\u00e1vel dispon\u00edvel em cores diferentes e a capacidade de imprimir identificadores exclusivos, esta etiqueta de chave RFID pode se misturar perfeitamente com a marca pessoal ou corporativa. Para usu\u00e1rios que buscam uma maneira sem atrito de automatizar o acesso \u00e0s suas propriedades, ve\u00edculos ou dispositivos, o MIFARE Classic 1K \u00e0 prova d&#039;\u00e1gua \u00e9 uma escolha excepcional.<\/p>\n<p>&nbsp;<\/p>\n<h3><strong>Esbo\u00e7o de recursos e especifica\u00e7\u00f5es<\/strong><\/h3>\n<h3><strong>1. Tecnologias de comunica\u00e7\u00e3o RFID e NFC<\/strong><\/h3>\n<p>RFID (Radio-Frequency Identification) e NFC (Near Field Communication) est\u00e3o no centro desta tecnologia avan\u00e7ada de chaveiro. Operando em uma frequ\u00eancia de\u00a0<strong>13,56 MHz<\/strong>, o dispositivo garante uma comunica\u00e7\u00e3o r\u00e1pida e confi\u00e1vel entre o fob e os leitores. A capacidade NFC permite intera\u00e7\u00f5es intuitivas, tornando-o ideal para v\u00e1rias aplica\u00e7\u00f5es, como pagamentos m\u00f3veis e controle de acesso.<\/p>\n<h3>2.\u00a0<strong>Design \u00e0 prova d&#039;\u00e1gua e de intemp\u00e9ries<\/strong><\/h3>\n<p>Projetado especificamente para durabilidade, este\u00a0<strong>Chaveiro RFID<\/strong>\u00a0\u00e9 \u00e0 prova d&#039;\u00e1gua e de intemp\u00e9ries. Inabal\u00e1vel diante de condi\u00e7\u00f5es ambientais adversas, \u00e9 perfeito para uso em ambientes externos, garantindo prote\u00e7\u00e3o m\u00e1xima para circuitos internos. Esse recurso \u00e9 crucial para empresas e indiv\u00edduos que exigem confiabilidade, independentemente do clima.<\/p>\n<h3>3.\u00a0<strong>Recursos program\u00e1veis para personaliza\u00e7\u00e3o<\/strong><\/h3>\n<p>Um dos recursos de destaque do Waterproof MIFARE Classic 1K \u00e9 sua programabilidade. Os usu\u00e1rios podem personalizar a funcionalidade do chaveiro para atender \u00e0s suas necessidades espec\u00edficas de controle de acesso. Se voc\u00ea precisa\u00a0<strong>entrada sem chave<\/strong>, ou precisa armazenar permiss\u00f5es de acesso espec\u00edficas, o aspecto program\u00e1vel deste\u00a0<strong>chaveiro<\/strong>\u00a0oferece flexibilidade n\u00e3o vista em modelos padr\u00e3o.<\/p>\n<h3>4.\u00a0<strong>V\u00e1rias op\u00e7\u00f5es de tamanho e personaliza\u00e7\u00e3o<\/strong><\/h3>\n<p>Com uma variedade de tamanhos, incluindo\u00a0<strong>41<em>32 mm, 25<\/em>34,5 mm e outros<\/strong>, o chaveiro atende a diversas prefer\u00eancias do usu\u00e1rio. N\u00e3o s\u00f3 isso, voc\u00ea pode personalizar ainda mais o produto com logotipos e cores personalizados, tornando-o uma adi\u00e7\u00e3o \u00fanica \u00e0 sua linha de produtos RFID.<\/p>\n<h3>5.\u00a0<strong>Material dur\u00e1vel e apelo est\u00e9tico<\/strong><\/h3>\n<p>Constru\u00eddo com material ABS de alta qualidade, este chaveiro \u00e9 projetado para suportar desgaste, resultando em uma vida \u00fatil longa. Al\u00e9m disso, a capacidade de escolher entre\u00a0<strong>todas as cores<\/strong>\u00a0garante que ele se adapte perfeitamente a qualquer est\u00e9tica pessoal ou profissional.<\/p>\n<h3>6.\u00a0<strong>Certifica\u00e7\u00f5es Abrangentes<\/strong><\/h3>\n<p>Para sua tranquilidade, o chaveiro RFID Waterproof MIFARE Classic 1K \u00e9 certificado pela ISO 9001:2008, SGS e ROHS. Isso garante que o produto atenda a rigorosos padr\u00f5es de qualidade e seguran\u00e7a, assegurando aos clientes sua confiabilidade.<\/p>\n<h3>7.\u00a0<strong>Embalagem e entrega eficientes<\/strong><\/h3>\n<p>Este chaveiro RFID \u00e9 embalado de forma eficiente, com\u00a0<strong>2000 pe\u00e7as\/caixa<\/strong>\u00a0e\u00a0<strong>100 pe\u00e7as\/saco opp<\/strong>, projetado para manuseio e transporte ideais. Este sistema n\u00e3o s\u00f3 auxilia na preserva\u00e7\u00e3o da integridade do produto, mas tamb\u00e9m melhora as opera\u00e7\u00f5es de log\u00edstica dos usu\u00e1rios.<\/p>\n<h3>8.\u00a0<strong>Avalia\u00e7\u00f5es e experi\u00eancias de clientes<\/strong><\/h3>\n<p>O feedback de clientes satisfeitos destaca a confiabilidade e o desempenho excepcionais do chaveiro. Os usu\u00e1rios mencionam frequentemente sua facilidade de programa\u00e7\u00e3o e a robustez do recurso \u00e0 prova d&#039;\u00e1gua, tornando-o uma escolha preferida para aqueles que exigem solu\u00e7\u00f5es de acesso seguras.<\/p>\n<p>&nbsp;<\/p>\n<h3><strong>Perguntas frequentes: abordando preocupa\u00e7\u00f5es comuns<\/strong><\/h3>\n<p>Os clientes em potencial podem ter v\u00e1rias preocupa\u00e7\u00f5es e d\u00favidas sobre o chaveiro RFID. Aqui est\u00e3o algumas perguntas frequentes:<\/p>\n<ul>\n<li><strong>P: Este chaveiro pode ser usado em sistemas de controle de acesso?<\/strong>\n<ul>\n<li><strong>UM:<\/strong>\u00a0Sim, ele foi projetado especificamente para sistemas de controle de acesso e pode facilitar a entrada sem chave.<\/li>\n<\/ul>\n<\/li>\n<li><strong>P: \u00c9 personaliz\u00e1vel?<\/strong>\n<ul>\n<li><strong>UM:<\/strong>\u00a0Claro! Voc\u00ea pode personalizar a cor, o logotipo e at\u00e9 mesmo os n\u00fameros de s\u00e9rie para suas necessidades espec\u00edficas.<\/li>\n<\/ul>\n<\/li>\n<li><strong>P: Qual \u00e9 a garantia do produto?<\/strong>\n<ul>\n<li><strong>UM:<\/strong> Fornecemos garantia para defeitos de fabrica\u00e7\u00e3o. Consulte a documenta\u00e7\u00e3o do produto para obter informa\u00e7\u00f5es detalhadas.<\/li>\n<\/ul>\n<\/li>\n<\/ul>\n<table class=\"all magic-13\" style=\"height: 269px;\" width=\"563\">\n<tbody>\n<tr>\n<td colspan=\"1\" rowspan=\"1\">\n<div class=\"magic-17\"><span class=\"magic-9\" data-spm-anchor-id=\"a2700.details.0.i42.61ee6b21Q8d0lU\">Item<\/span><\/div>\n<\/td>\n<td colspan=\"1\" rowspan=\"1\">\n<div class=\"magic-18\">Chaveiro RFID<\/div>\n<\/td>\n<\/tr>\n<tr>\n<td colspan=\"1\" rowspan=\"1\">\n<div class=\"magic-17\">Material<\/div>\n<\/td>\n<td colspan=\"1\" rowspan=\"1\">\n<div class=\"magic-18\">ABS, Antena de Cobre com CI<\/div>\n<\/td>\n<\/tr>\n<tr>\n<td colspan=\"1\" rowspan=\"1\">\n<div class=\"magic-17\">Cor<\/div>\n<\/td>\n<td colspan=\"1\" rowspan=\"1\">\n<div class=\"magic-18\">azul, preto, amarelo, verde, vermelho etc<\/div>\n<\/td>\n<\/tr>\n<tr>\n<td colspan=\"1\" rowspan=\"1\">\n<div class=\"magic-17\">Lasca<\/div>\n<\/td>\n<td colspan=\"1\" rowspan=\"1\">\n<div class=\"magic-18\">MIFARE Classic\u00ae 1K ou outros<\/div>\n<\/td>\n<\/tr>\n<tr>\n<td colspan=\"1\" rowspan=\"1\">\n<div class=\"magic-17\">Frequ\u00eancia<\/div>\n<\/td>\n<td colspan=\"1\" rowspan=\"1\">\n<div class=\"magic-18\">13,56 MHz<\/div>\n<\/td>\n<\/tr>\n<tr>\n<td colspan=\"1\" rowspan=\"1\">\n<div class=\"magic-17\">Protocolo de Interface A\u00e9rea<\/div>\n<\/td>\n<td colspan=\"1\" rowspan=\"1\">\n<div class=\"magic-18\">ISO14443A<\/div>\n<\/td>\n<\/tr>\n<tr>\n<td colspan=\"1\" rowspan=\"1\">\n<div class=\"magic-17\">Impress\u00e3o<\/div>\n<\/td>\n<td colspan=\"1\" rowspan=\"1\">\n<div class=\"magic-18\">Logotipo personalizado, n\u00famero de s\u00e9rie, c\u00f3digo QR, n\u00famero UID<\/div>\n<\/td>\n<\/tr>\n<tr>\n<td colspan=\"1\" rowspan=\"1\">\n<div class=\"magic-17\">Recurso<\/div>\n<\/td>\n<td colspan=\"1\" rowspan=\"1\">\n<div class=\"magic-18\">\u00c0 prova d&#039;\u00e1gua, \u00e0 prova de choque<\/div>\n<\/td>\n<\/tr>\n<tr>\n<td colspan=\"1\" rowspan=\"1\">\n<div class=\"magic-17\">Anexo<\/div>\n<\/td>\n<td colspan=\"1\" rowspan=\"1\">\n<div class=\"magic-18\">Anel duplo de metal prateado<\/div>\n<\/td>\n<\/tr>\n<tr>\n<td colspan=\"1\" rowspan=\"1\">\n<div class=\"magic-17\">Aplicativo<\/div>\n<\/td>\n<td colspan=\"1\" rowspan=\"1\">\n<div class=\"magic-18\">Controle de acesso, gerenciamento de presen\u00e7a, autentica\u00e7\u00e3o de identidade<\/div>\n<\/td>\n<\/tr>\n<\/tbody>\n<\/table>","protected":false},"excerpt":{"rendered":"<p>O\u00a0<strong>Chaveiro RFID NFC program\u00e1vel MIFARE Classic 1K \u00e0 prova d&#039;\u00e1gua<\/strong>\u00a0oferece uma solu\u00e7\u00e3o dur\u00e1vel e vers\u00e1til para controle de acesso seguro, combinando tecnologia NFC avan\u00e7ada com um design \u00e0 prova de intemp\u00e9ries. Ideal para v\u00e1rias aplica\u00e7\u00f5es, este chaveiro permite f\u00e1cil personaliza\u00e7\u00e3o e programa\u00e7\u00e3o, aprimorando tanto a funcionalidade quanto a conveni\u00eancia.<\/p>","protected":false},"featured_media":3249,"template":"","meta":[],"product_brand":[],"product_cat":[49],"product_tag":[],"class_list":{"0":"post-3248","1":"product","2":"type-product","3":"status-publish","4":"has-post-thumbnail","6":"product_cat-nfc-key-fobs","8":"first","9":"instock","10":"shipping-taxable","11":"product-type-simple"},"_links":{"self":[{"href":"https:\/\/nfc-readers.com\/pt\/wp-json\/wp\/v2\/product\/3248","targetHints":{"allow":["GET"]}}],"collection":[{"href":"https:\/\/nfc-readers.com\/pt\/wp-json\/wp\/v2\/product"}],"about":[{"href":"https:\/\/nfc-readers.com\/pt\/wp-json\/wp\/v2\/types\/product"}],"wp:featuredmedia":[{"embeddable":true,"href":"https:\/\/nfc-readers.com\/pt\/wp-json\/wp\/v2\/media\/3249"}],"wp:attachment":[{"href":"https:\/\/nfc-readers.com\/pt\/wp-json\/wp\/v2\/media?parent=3248"}],"wp:term":[{"taxonomy":"product_brand","embeddable":true,"href":"https:\/\/nfc-readers.com\/pt\/wp-json\/wp\/v2\/product_brand?post=3248"},{"taxonomy":"product_cat","embeddable":true,"href":"https:\/\/nfc-readers.com\/pt\/wp-json\/wp\/v2\/product_cat?post=3248"},{"taxonomy":"product_tag","embeddable":true,"href":"https:\/\/nfc-readers.com\/pt\/wp-json\/wp\/v2\/product_tag?post=3248"}],"curies":[{"name":"wp","href":"https:\/\/api.w.org\/{rel}","templated":true}]}}