{"id":3255,"date":"2024-10-30T13:04:41","date_gmt":"2024-10-30T13:04:41","guid":{"rendered":"https:\/\/nfc-readers.com\/?post_type=product&#038;p=3255"},"modified":"2024-11-14T14:40:45","modified_gmt":"2024-11-14T14:40:45","slug":"125khz-proximity-rewritable-tk4100-t5577-rfid-keyfob","status":"publish","type":"product","link":"https:\/\/nfc-readers.com\/pt\/ic-reader\/125khz-proximity-rewritable-tk4100-t5577-rfid-keyfob\/","title":{"rendered":"Chaveiro RFID regrav\u00e1vel TK4100 T5577 de proximidade de 125 KHz"},"content":{"rendered":"<h1 style=\"text-align: center;\"><strong>Chaveiro RFID regrav\u00e1vel TK4100 T5577 de proximidade de 125 KHz<\/strong><\/h1>\n<p>O\u00a0<strong>Chaveiro RFID regrav\u00e1vel TK4100 T5577 de proximidade de 125 KHz<\/strong>\u00a0\u00e9 uma solu\u00e7\u00e3o inovadora para sistemas de controle de acesso, fornecendo uma maneira robusta e vers\u00e1til de gerenciar entradas seguras. Este chaveiro de alta qualidade \u00e9 regrav\u00e1vel, permitindo que os usu\u00e1rios modifiquem as informa\u00e7\u00f5es conforme suas necessidades. Seja usado para controlar o acesso a edif\u00edcios, hot\u00e9is ou chaves de carro, este chaveiro integra-se perfeitamente aos seus protocolos de seguran\u00e7a.<\/p>\n<h2>Benef\u00edcios do chaveiro RFID TK4100 T5577<\/h2>\n<p>As vantagens de investir neste chaveiro RFID v\u00e3o al\u00e9m do simples controle de acesso. Ele \u00e9 \u00e0 prova d&#039;\u00e1gua e de choque, garantindo durabilidade mesmo em condi\u00e7\u00f5es ambientais adversas. Com op\u00e7\u00f5es personaliz\u00e1veis, incluindo impress\u00e3o de logotipo, este chaveiro apresenta uma oportunidade para branding, mantendo a funcionalidade. O recurso regrav\u00e1vel aprimora sua adaptabilidade para v\u00e1rias aplica\u00e7\u00f5es, tornando-o uma escolha ideal para empresas e uso pessoal.<\/p>\n<h2>Principais caracter\u00edsticas do chaveiro RFID TK4100 T5577<\/h2>\n<p>O\u00a0<strong>Chaveiro RFID regrav\u00e1vel TK4100 T5577 de proximidade de 125 KHz<\/strong>\u00a0se destaca em sua classe devido a v\u00e1rios recursos inigual\u00e1veis. Este chaveiro integra os chips TK4100 e T5577, permitindo compatibilidade variada com tecnologias RFID existentes.<\/p>\n<ul>\n<li><strong>Capacidade multifrequencial<\/strong>: Este chaveiro opera nas frequ\u00eancias de 125 KHz e 13,56 MHz, garantindo ampla compatibilidade entre diferentes sistemas de controle de acesso.<\/li>\n<li><strong>Design compacto e leve<\/strong>: Com seu formato de mini etiqueta, o chaveiro pode ser facilmente preso a chaveiros ou bolsas, o que o torna simples de transportar e usar.<\/li>\n<\/ul>\n<p>O chaveiro atua principalmente como um\u00a0<strong>tag de chave RFID sem contato<\/strong>, simplificando dramaticamente o processamento de entrada para usu\u00e1rios. Essa praticidade \u00e9 especialmente ben\u00e9fica em ambientes movimentados, como hot\u00e9is e escrit\u00f3rios.<\/p>\n<h2>Durabilidade: \u00e0 prova d&#039;\u00e1gua e \u00e0 prova de choque<\/h2>\n<p>Uma das marcas registradas do\u00a0<strong>TK4100 T5577 RFID Chaveiro<\/strong>\u00a0\u00e9 sua durabilidade not\u00e1vel.<\/p>\n<ul>\n<li><strong>\u00c0 prova d&#039;\u00e1gua\/\u00e0 prova de intemp\u00e9ries<\/strong>: Constru\u00eddo com material ABS de alta qualidade, ele pode suportar exposi\u00e7\u00e3o \u00e0 \u00e1gua e aos elementos, garantindo opera\u00e7\u00e3o confi\u00e1vel em todas as condi\u00e7\u00f5es. Esse recurso elimina preocupa\u00e7\u00f5es durante o tempo chuvoso ou em ambientes externos, permitindo desempenho consistente.<\/li>\n<li><strong>Design \u00e0 prova de choque<\/strong>: A constru\u00e7\u00e3o robusta tamb\u00e9m garante que o chaveiro possa suportar quedas e impactos sem danos, tornando-o ideal para pessoas que levam um estilo de vida ativo ou trabalham em ambientes exigentes.<\/li>\n<\/ul>\n<p>Essa durabilidade beneficia n\u00e3o apenas a longevidade do produto, mas tamb\u00e9m contribui para sua confiabilidade como um dispositivo de entrada seguro.<\/p>\n<h2>Capacidade regrav\u00e1vel: personaliza\u00e7\u00e3o e adaptabilidade<\/h2>\n<p>Outra caracter\u00edstica de destaque do\u00a0<strong>TK4100 T5577 RFID Chaveiro<\/strong>\u00a0\u00e9 sua capacidade regrav\u00e1vel.<\/p>\n<ul>\n<li><strong>Informa\u00e7\u00f5es personaliz\u00e1veis<\/strong>: Os usu\u00e1rios podem modificar ou atualizar os dados RFID armazenados no chaveiro. Esse recurso \u00e9 particularmente valioso para organiza\u00e7\u00f5es que exigem atualiza\u00e7\u00f5es frequentes para permiss\u00f5es de acesso ou para empresas que buscam personalizar a marca no chaveiro.<\/li>\n<li><strong>Duplica\u00e7\u00e3o F\u00e1cil<\/strong>: A natureza regrav\u00e1vel permite f\u00e1cil duplica\u00e7\u00e3o, possibilitando que as empresas produzam chaveiros de backup sem esfor\u00e7o e sem a necessidade de substituir unidades inteiras.<\/li>\n<\/ul>\n<p>Esse n\u00edvel de personaliza\u00e7\u00e3o cria uma ferramenta altamente adapt\u00e1vel para controle de acesso, ao mesmo tempo em que oferece oportunidades significativas de economia de custos.<\/p>\n<h2>Especifica\u00e7\u00f5es: Vis\u00e3o geral t\u00e9cnica detalhada<\/h2>\n<p>O\u00a0<strong>TK4100 T5577 RFID Chaveiro<\/strong>\u00a0\u00e9 projetado com caracter\u00edsticas espec\u00edficas para facilitar o controle de acesso eficiente:<\/p>\n<table class=\"w-fit !mb-0 !max-w-none\" style=\"height: 187px;\" width=\"477\">\n<thead>\n<tr>\n<th><strong>Especifica\u00e7\u00e3o<\/strong><\/th>\n<th><strong>Detalhes<\/strong><\/th>\n<\/tr>\n<\/thead>\n<tbody>\n<tr>\n<td><strong>Faixa de frequ\u00eancia<\/strong><\/td>\n<td>125KHz e 13,56MHz<\/td>\n<\/tr>\n<tr>\n<td><strong>Interface de comunica\u00e7\u00e3o<\/strong><\/td>\n<td>RFID<\/td>\n<\/tr>\n<tr>\n<td><strong>Material<\/strong><\/td>\n<td>abd\u00f4men<\/td>\n<\/tr>\n<tr>\n<td><strong>Op\u00e7\u00f5es de cores<\/strong><\/td>\n<td>Preto, Marrom, Azul, Vermelho, Rosa<\/td>\n<\/tr>\n<tr>\n<td><strong>Disponibilidade da amostra<\/strong><\/td>\n<td>Amostras dispon\u00edveis<\/td>\n<\/tr>\n<tr>\n<td><strong>Quantidade m\u00ednima de pedido (MOQ)<\/strong><\/td>\n<td>200 pe\u00e7as<\/td>\n<\/tr>\n<\/tbody>\n<\/table>\n<p>&nbsp;<\/p>\n<p>&nbsp;<\/p>","protected":false},"excerpt":{"rendered":"<p>O chaveiro RFID TK4100 T5577 de proximidade regrav\u00e1vel de 125 KHz fornece controle de acesso seguro e sem contato com um design dur\u00e1vel e personaliz\u00e1vel. Ideal para v\u00e1rias aplica\u00e7\u00f5es, ele garante flexibilidade e confiabilidade no gerenciamento de entradas.<\/p>","protected":false},"featured_media":3262,"template":"","meta":[],"product_brand":[],"product_cat":[49],"product_tag":[],"class_list":{"0":"post-3255","1":"product","2":"type-product","3":"status-publish","4":"has-post-thumbnail","6":"product_cat-nfc-key-fobs","8":"first","9":"instock","10":"shipping-taxable","11":"product-type-simple"},"_links":{"self":[{"href":"https:\/\/nfc-readers.com\/pt\/wp-json\/wp\/v2\/product\/3255","targetHints":{"allow":["GET"]}}],"collection":[{"href":"https:\/\/nfc-readers.com\/pt\/wp-json\/wp\/v2\/product"}],"about":[{"href":"https:\/\/nfc-readers.com\/pt\/wp-json\/wp\/v2\/types\/product"}],"wp:featuredmedia":[{"embeddable":true,"href":"https:\/\/nfc-readers.com\/pt\/wp-json\/wp\/v2\/media\/3262"}],"wp:attachment":[{"href":"https:\/\/nfc-readers.com\/pt\/wp-json\/wp\/v2\/media?parent=3255"}],"wp:term":[{"taxonomy":"product_brand","embeddable":true,"href":"https:\/\/nfc-readers.com\/pt\/wp-json\/wp\/v2\/product_brand?post=3255"},{"taxonomy":"product_cat","embeddable":true,"href":"https:\/\/nfc-readers.com\/pt\/wp-json\/wp\/v2\/product_cat?post=3255"},{"taxonomy":"product_tag","embeddable":true,"href":"https:\/\/nfc-readers.com\/pt\/wp-json\/wp\/v2\/product_tag?post=3255"}],"curies":[{"name":"wp","href":"https:\/\/api.w.org\/{rel}","templated":true}]}}