{"id":3296,"date":"2024-11-01T05:02:29","date_gmt":"2024-11-01T05:02:29","guid":{"rendered":"https:\/\/nfc-readers.com\/?post_type=product&#038;p=3296"},"modified":"2024-11-01T05:02:30","modified_gmt":"2024-11-01T05:02:30","slug":"aes-128-encryption-algorithm-nfc-forum-4-dia-30mm-nfc-tag","status":"publish","type":"product","link":"https:\/\/nfc-readers.com\/pt\/ic-reader\/aes-128-encryption-algorithm-nfc-forum-4-dia-30mm-nfc-tag\/","title":{"rendered":"Algoritmo de criptografia AES 128 NFC Forum 4 Dia 30mm NFC Tag"},"content":{"rendered":"<h1 style=\"text-align: center;\"><strong>Algoritmo de criptografia AES 128 NFC Forum 4 Dia 30mm NFC Tag<\/strong><\/h1>\n<p>&nbsp;<\/p>\n<p>O <strong>Algoritmo de criptografia AES 128 NFC Forum 4 Dia 30mm NFC Tag<\/strong>\u00a0\u00e9 uma solu\u00e7\u00e3o vers\u00e1til e segura para uma variedade de aplica\u00e7\u00f5es que exigem comunica\u00e7\u00e3o de dados confi\u00e1vel e seguran\u00e7a. Fabricada com tecnologia de ponta, esta etiqueta NFC integra o chip avan\u00e7ado NTAG 424 DNA, garantindo o mais alto n\u00edvel de prote\u00e7\u00e3o de dados por meio de UID criptografado AES 128, tornando-a uma escolha ideal para empresas e uso pessoal. Nesta descri\u00e7\u00e3o abrangente do produto, vamos nos aprofundar em seus recursos, benef\u00edcios e aplica\u00e7\u00f5es pr\u00e1ticas, destacando por que \u00e9 um investimento valioso para suas necessidades de NFC.<\/p>\n<p>&nbsp;<\/p>\n<h3><strong>Por que comprar a etiqueta NFC com criptografia AES 128?<\/strong><\/h3>\n<p>O NFC Forum 4 Tag equipado com criptografia AES 128 oferece seguran\u00e7a e funcionalidade inigual\u00e1veis em um formato compacto. Seus recursos \u00e0 prova d&#039;\u00e1gua e de intemp\u00e9ries o tornam resiliente para uso externo, garantindo que voc\u00ea possa aplic\u00e1-lo em v\u00e1rias superf\u00edcies, incluindo metal. Projetado para usos inovadores, de <strong>pareamento wifi<\/strong>\u00a0para\u00a0<strong>integra\u00e7\u00f5es de cart\u00e3o de p\u00f4ster<\/strong>, esta etiqueta NFC fornece um m\u00e9todo seguro para transmitir dados sem esfor\u00e7o. Al\u00e9m disso, sua compatibilidade com\u00a0<strong>Dispositivos m\u00f3veis habilitados para NFC<\/strong>\u00a0simplifica a experi\u00eancia do usu\u00e1rio, permitindo f\u00e1cil acesso \u00e0s informa\u00e7\u00f5es com apenas um toque.<\/p>\n<p>&nbsp;<\/p>\n<h3><strong>Caracter\u00edsticas especiais da etiqueta NFC com criptografia AES 128<\/strong><\/h3>\n<p>&nbsp;<\/p>\n<p>O\u00a0<strong>Criptografia AES 128 Etiqueta NFC<\/strong>\u00a0\u00e9 carregado com recursos que melhoram sua funcionalidade e confiabilidade em v\u00e1rios ambientes:<\/p>\n<ul>\n<li><strong>\u00c0 prova d&#039;\u00e1gua \/ Resistente \u00e0s intemp\u00e9ries:<\/strong>\u00a0Isso garante durabilidade e desempenho em ambientes internos e externos, protegendo-o da umidade e da poeira.<\/li>\n<li><strong>Inviol\u00e1vel:<\/strong>\u00a0A etiqueta inclui recursos que indicam se ela foi adulterada, fornecendo uma camada adicional de seguran\u00e7a contra acesso n\u00e3o autorizado.<\/li>\n<\/ul>\n<p>Sua combina\u00e7\u00e3o \u00fanica de recursos o torna a escolha preferida para empresas que buscam aprimorar suas medidas de seguran\u00e7a ou otimizar suas opera\u00e7\u00f5es.<\/p>\n<p>&nbsp;<\/p>\n<table class=\"preview\" style=\"height: 271px;\" width=\"529\">\n<thead>\n<tr>\n<th>Especifica\u00e7\u00e3o<\/th>\n<th>Detalhes<\/th>\n<\/tr>\n<\/thead>\n<tbody>\n<tr>\n<td>N\u00famero do modelo<\/td>\n<td>SX-T424DNA<\/td>\n<\/tr>\n<tr>\n<td>Lasca<\/td>\n<td>DNA NTAG 424<\/td>\n<\/tr>\n<tr>\n<td>Tamanho<\/td>\n<td>Di\u00e2metro 30mm<\/td>\n<\/tr>\n<tr>\n<td>Capacit\u00e2ncia<\/td>\n<td>50 PF<\/td>\n<\/tr>\n<tr>\n<td>Taxa de transmiss\u00e3o<\/td>\n<td>848 Kbit\/s<\/td>\n<\/tr>\n<tr>\n<td>Protocolo<\/td>\n<td>Norma ISO\/IEC 14443-A<\/td>\n<\/tr>\n<tr>\n<td>Tipo de etiqueta<\/td>\n<td>F\u00f3rum NFC 4<\/td>\n<\/tr>\n<tr>\n<td>Acabamento de superf\u00edcie<\/td>\n<td>Brilhante\/fosco<\/td>\n<\/tr>\n<tr>\n<td>Embalagem<\/td>\n<td>1000-5000 pe\u00e7as\/<\/td>\n<\/tr>\n<\/tbody>\n<\/table>\n<h3><\/h3>\n<h3><strong>Perguntas frequentes sobre a etiqueta NFC<\/strong><\/h3>\n<h3>1.\u00a0<strong>O que \u00e9 uma etiqueta NFC?<\/strong><\/h3>\n<p>Uma etiqueta NFC (Near Field Communication) \u00e9 um pequeno chip que permite a comunica\u00e7\u00e3o sem fio entre dispositivos quando eles est\u00e3o pr\u00f3ximos. \u00c9 comumente usada para troca de dados, pagamentos sem contato e v\u00e1rias aplica\u00e7\u00f5es em marketing e compartilhamento de informa\u00e7\u00f5es.<\/p>\n<h3>2.\u00a0<strong>Como a criptografia AES 128 melhora a seguran\u00e7a?<\/strong><\/h3>\n<p>A criptografia AES 128 adiciona uma camada de seguran\u00e7a ao codificar os dados armazenados na etiqueta NFC. Isso significa que, mesmo que algu\u00e9m consiga ler os dados, n\u00e3o ser\u00e1 capaz de entend\u00ea-los sem a chave de descriptografia apropriada, protegendo assim informa\u00e7\u00f5es sens\u00edveis de acesso n\u00e3o autorizado.<\/p>\n<h3>3.\u00a0<strong>Esta etiqueta NFC pode ser usada em superf\u00edcies met\u00e1licas?<\/strong><\/h3>\n<p>Sim, a Tag NFC de Criptografia AES 128 foi projetada especificamente para versatilidade e pode ser aplicada em superf\u00edcies de metal, bem como em outros materiais. Isso a torna ideal para v\u00e1rias aplica\u00e7\u00f5es, incluindo etiquetagem de produtos e usos industriais.<\/p>\n<h3>4.\u00a0<strong>Quais dispositivos s\u00e3o compat\u00edveis com etiquetas NFC?<\/strong><\/h3>\n<p>A maioria dos smartphones e tablets modernos que suportam a tecnologia NFC s\u00e3o compat\u00edveis com esta tag. Os usu\u00e1rios podem ler facilmente os dados armazenados simplesmente tocando seu dispositivo contra a tag NFC.<\/p>\n<h3>5.\u00a0<strong>Esta tag pode ser reescrita?<\/strong><\/h3>\n<p>Sim, a etiqueta NFC de criptografia AES 128 \u00e9 regrav\u00e1vel, o que permite que voc\u00ea altere os dados armazenados conforme necess\u00e1rio. Esse recurso \u00e9 particularmente \u00fatil para empresas que exigem flexibilidade na atualiza\u00e7\u00e3o de informa\u00e7\u00f5es.<\/p>","protected":false},"excerpt":{"rendered":"<p>A AES 128 Encryption NFC Forum 4 Tag, medindo 30 mm de di\u00e2metro, oferece seguran\u00e7a robusta para transmiss\u00e3o de dados. Ideal para v\u00e1rias aplica\u00e7\u00f5es, ela garante intera\u00e7\u00f5es NFC perfeitas e confi\u00e1veis.<\/p>","protected":false},"featured_media":3297,"template":"","meta":[],"product_brand":[],"product_cat":[47],"product_tag":[],"class_list":{"0":"post-3296","1":"product","2":"type-product","3":"status-publish","4":"has-post-thumbnail","6":"product_cat-nfc-tags","8":"first","9":"instock","10":"shipping-taxable","11":"product-type-simple"},"_links":{"self":[{"href":"https:\/\/nfc-readers.com\/pt\/wp-json\/wp\/v2\/product\/3296","targetHints":{"allow":["GET"]}}],"collection":[{"href":"https:\/\/nfc-readers.com\/pt\/wp-json\/wp\/v2\/product"}],"about":[{"href":"https:\/\/nfc-readers.com\/pt\/wp-json\/wp\/v2\/types\/product"}],"wp:featuredmedia":[{"embeddable":true,"href":"https:\/\/nfc-readers.com\/pt\/wp-json\/wp\/v2\/media\/3297"}],"wp:attachment":[{"href":"https:\/\/nfc-readers.com\/pt\/wp-json\/wp\/v2\/media?parent=3296"}],"wp:term":[{"taxonomy":"product_brand","embeddable":true,"href":"https:\/\/nfc-readers.com\/pt\/wp-json\/wp\/v2\/product_brand?post=3296"},{"taxonomy":"product_cat","embeddable":true,"href":"https:\/\/nfc-readers.com\/pt\/wp-json\/wp\/v2\/product_cat?post=3296"},{"taxonomy":"product_tag","embeddable":true,"href":"https:\/\/nfc-readers.com\/pt\/wp-json\/wp\/v2\/product_tag?post=3296"}],"curies":[{"name":"wp","href":"https:\/\/api.w.org\/{rel}","templated":true}]}}