{"id":3303,"date":"2024-11-01T05:12:29","date_gmt":"2024-11-01T05:12:29","guid":{"rendered":"https:\/\/nfc-readers.com\/?post_type=product&#038;p=3303"},"modified":"2024-11-01T05:12:29","modified_gmt":"2024-11-01T05:12:29","slug":"dia-30mm-ntag-424-dna-nfc-sticker-tamper-proof-high-security-2","status":"publish","type":"product","link":"https:\/\/nfc-readers.com\/pt\/ic-reader\/dia-30mm-ntag-424-dna-nfc-sticker-tamper-proof-high-security-2\/","title":{"rendered":"Dia 30mm NTAG 424 DNA NFC Adesivo \u00e0 prova de viola\u00e7\u00e3o de alta seguran\u00e7a"},"content":{"rendered":"<h1 style=\"text-align: center;\"><strong>Dia 30mm NTAG 424 DNA NFC Adesivo \u00e0 prova de viola\u00e7\u00e3o de alta seguran\u00e7a<\/strong><\/h1>\n<p>&nbsp;<\/p>\n<p>Aumente a autenticidade do seu produto com o inovador\u00a0<strong>Adesivo NFC de DNA NTAG 424 de di\u00e2metro 30mm<\/strong>. Este produto de ponta combina alta seguran\u00e7a e recursos f\u00e1ceis de usar, tornando-o uma ferramenta indispens\u00e1vel para rastreabilidade anti-falsifica\u00e7\u00e3o de vinho tinto e al\u00e9m. Com suas capacidades \u00e0 prova de viola\u00e7\u00e3o, design \u00e0 prova d&#039;\u00e1gua e interface de comunica\u00e7\u00e3o segura, este adesivo NFC \u00e9 essencial para marcas que buscam proteger seus produtos e garantir a confian\u00e7a do cliente.<\/p>\n<h3><\/h3>\n<p>&nbsp;<\/p>\n<p>A crescente necessidade de verifica\u00e7\u00e3o de produtos no mercado atual n\u00e3o pode ser exagerada. Com o aumento de incidentes de falsifica\u00e7\u00e3o, especialmente em produtos valiosos como vinho tinto, garantir a integridade da sua marca \u00e9 primordial. O adesivo NFC NTAG 424 DNA oferece prote\u00e7\u00f5es incr\u00edveis contra adultera\u00e7\u00e3o e acesso n\u00e3o autorizado, ostentando recursos apoiados por protocolos de seguran\u00e7a de \u00faltima gera\u00e7\u00e3o. Ao investir nesses adesivos NFC, voc\u00ea protege seu produto, aprimora a experi\u00eancia do cliente e fortalece a fidelidade \u00e0 marca.<\/p>\n<p>&nbsp;<\/p>\n<h3><strong>Vis\u00e3o geral e especifica\u00e7\u00f5es do produto<\/strong><\/h3>\n<p>O\u00a0<strong>Adesivo NFC NTAG 424 DNA de di\u00e2metro 30 mm<\/strong>\u00a0\u00e9 projetado para desempenho premium, combinando um chip de alta seguran\u00e7a com recursos multifuncionais. Criado a partir de dur\u00e1vel\u00a0<strong>Material PET<\/strong>, este adesivo n\u00e3o \u00e9 projetado apenas para durar, mas tamb\u00e9m para suportar v\u00e1rias condi\u00e7\u00f5es ambientais. Abaixo est\u00e3o as especifica\u00e7\u00f5es cr\u00edticas a serem observadas:<\/p>\n<ul>\n<li><strong>Modelo de Chip<\/strong>: NTAG 424 DNA<\/li>\n<li><strong>Tamanho<\/strong>: Di\u00e2metro 30mm<\/li>\n<li><strong>Mem\u00f3ria<\/strong>: 416 bytes<\/li>\n<li><strong>Frequ\u00eancia<\/strong>: 13,56 MHz<\/li>\n<li><strong>Tipo de F\u00f3rum NFC<\/strong>: Tipo 4<\/li>\n<li><strong>Protocolo de Seguran\u00e7a<\/strong>: AES de 128 bits, LRP<\/li>\n<li><strong>Chaves de acesso<\/strong>: 5 x 128 bits<\/li>\n<li><strong>Escreva Resist\u00eancia<\/strong>: 200.000 ciclos<\/li>\n<li><strong>Material<\/strong>: PET (\u00e0 prova d&#039;\u00e1gua\/\u00e0 prova de intemp\u00e9ries)<\/li>\n<li><strong>Lugar de origem<\/strong>:Guangdong, China<\/li>\n<\/ul>\n<p>Essas especifica\u00e7\u00f5es indicam que este adesivo NFC foi desenvolvido para alto desempenho e confiabilidade, ideal para aplica\u00e7\u00f5es que exigem intera\u00e7\u00e3o constante e seguran\u00e7a de dados.<\/p>\n<p>&nbsp;<\/p>\n<p>&nbsp;<\/p>\n<h3><strong>Principais caracter\u00edsticas do adesivo NFC NTAG 424 DNA<\/strong><\/h3>\n<p>&nbsp;<\/p>\n<p>O\u00a0<strong>Adesivo NFC<\/strong>\u00a0integra alguns\u00a0<strong>caracter\u00edsticas especiais<\/strong>\u00a0que melhoram seu desempenho geral. Aqui est\u00e3o algumas caracter\u00edsticas de destaque:<\/p>\n<ul>\n<li><strong>\u00c0 prova d&#039;\u00e1gua e de intemp\u00e9ries<\/strong>: Este adesivo NFC \u00e9 projetado para suportar v\u00e1rias condi\u00e7\u00f5es ambientais, tornando-o adequado para aplica\u00e7\u00f5es internas e externas. Seja um respingo de \u00e1gua ou exposi\u00e7\u00e3o \u00e0 luz solar, o\u00a0<strong>Adesivo NFC NTAG 424 DNA<\/strong>\u00a0permanece funcional e intacto.<\/li>\n<li><strong>Comunica\u00e7\u00e3o de Alto Desempenho<\/strong>:Operando em uma frequ\u00eancia de\u00a0<strong>13,56 MHz<\/strong>, este adesivo NFC permite uma comunica\u00e7\u00e3o r\u00e1pida com\u00a0<strong>Smartphones habilitados para NFC<\/strong>\u00a0e dispositivos. Essa intera\u00e7\u00e3o perfeita garante acesso r\u00e1pido e eficiente \u00e0s informa\u00e7\u00f5es quando o adesivo \u00e9 escaneado.<\/li>\n<li><strong>Tecnologia \u00e0 prova de viola\u00e7\u00e3o<\/strong>: A capacidade do adesivo de agir como um selo inviol\u00e1vel fornece tranquilidade. Se algu\u00e9m tentar acessar as informa\u00e7\u00f5es sem a devida autoriza\u00e7\u00e3o, o adesivo sinaliza adultera\u00e7\u00e3o, protegendo assim a integridade do seu produto.<\/li>\n<\/ul>\n<p>Essa combina\u00e7\u00e3o de recursos torna o adesivo NFC NTAG 424 DNA um recurso valioso para empresas que investem na prote\u00e7\u00e3o e verifica\u00e7\u00e3o de seus produtos.<\/p>\n<p>&nbsp;<\/p>\n<h3><strong>Perguntas frequentes: Perguntas comuns sobre o adesivo NFC de DNA NTAG 424 Dia 30mm<\/strong><\/h3>\n<h3>1.\u00a0<strong>Para que serve o adesivo NFC Dia 30mm NTAG 424 DNA?<\/strong><\/h3>\n<p>O adesivo NFC NTAG 424 DNA \u00e9 usado principalmente para autentica\u00e7\u00e3o de produtos e anti-falsifica\u00e7\u00e3o, particularmente em itens valiosos como vinho tinto. Ele tamb\u00e9m pode servir a v\u00e1rias aplica\u00e7\u00f5es em setores como varejo, log\u00edstica e gerenciamento de estoque, fornecendo acesso f\u00e1cil ao conte\u00fado digital quando escaneado com um smartphone habilitado para NFC.<\/p>\n<h3>2.\u00a0<strong>Como uso o adesivo NFC?<\/strong><\/h3>\n<p>Para usar o adesivo NFC, basta retirar o adesivo e fix\u00e1-lo na superf\u00edcie desejada. Para escanear, os usu\u00e1rios precisam de um smartphone ou dispositivo habilitado para NFC. Ao segurar o dispositivo pr\u00f3ximo ao adesivo, as informa\u00e7\u00f5es armazenadas nele podem ser acessadas automaticamente.<\/p>\n<h3>3.\u00a0<strong>O adesivo NTAG 424 DNA NFC \u00e9 \u00e0 prova d&#039;\u00e1gua?<\/strong><\/h3>\n<p>Sim, o adesivo NTAG 424 DNA NFC \u00e9 projetado para ser \u00e0 prova d&#039;\u00e1gua e resistente \u00e0s intemp\u00e9ries. Ele pode suportar v\u00e1rias condi\u00e7\u00f5es ambientais, tornando-o adequado para aplica\u00e7\u00f5es internas e externas.<\/p>\n<h3>4.\u00a0<strong>Qu\u00e3o seguros s\u00e3o os dados armazenados no adesivo NFC?<\/strong><\/h3>\n<p>O adesivo apresenta protocolos de seguran\u00e7a robustos, incluindo criptografia AES de 128 bits e m\u00faltiplas chaves de acesso (5 x 128 bits). Esse n\u00edvel de seguran\u00e7a ajuda a proteger os dados contra acesso n\u00e3o autorizado e garante que somente usu\u00e1rios autorizados possam recuperar ou modificar as informa\u00e7\u00f5es armazenadas nele.<\/p>\n<h3>5.\u00a0<strong>Os dados no adesivo NFC podem ser atualizados?<\/strong><\/h3>\n<p>Sim, os dados armazenados no adesivo NFC NTAG 424 DNA podem ser atualizados usando um dispositivo habilitado para NFC. Esse recurso \u00e9 particularmente \u00fatil para empresas que precisam manter as informa\u00e7\u00f5es do produto atualizadas e relevantes ao longo do tempo.<\/p>","protected":false},"excerpt":{"rendered":"<p>O\u00a0<strong>Adesivo NFC de DNA NTAG 424 de di\u00e2metro 30mm<\/strong>\u00a0oferece alta seguran\u00e7a e recursos \u00e0 prova de viola\u00e7\u00e3o, tornando-se uma solu\u00e7\u00e3o essencial para autentica\u00e7\u00e3o de produtos e anti-falsifica\u00e7\u00e3o. Projetado para durabilidade e impermeabiliza\u00e7\u00e3o, este adesivo NFC garante prote\u00e7\u00e3o confi\u00e1vel e rastreabilidade para uma ampla gama de aplica\u00e7\u00f5es.<\/p>","protected":false},"featured_media":3304,"template":"","meta":[],"product_brand":[],"product_cat":[48],"product_tag":[],"class_list":{"0":"post-3303","1":"product","2":"type-product","3":"status-publish","4":"has-post-thumbnail","6":"product_cat-nfc-stickers","8":"first","9":"instock","10":"shipping-taxable","11":"product-type-simple"},"_links":{"self":[{"href":"https:\/\/nfc-readers.com\/pt\/wp-json\/wp\/v2\/product\/3303","targetHints":{"allow":["GET"]}}],"collection":[{"href":"https:\/\/nfc-readers.com\/pt\/wp-json\/wp\/v2\/product"}],"about":[{"href":"https:\/\/nfc-readers.com\/pt\/wp-json\/wp\/v2\/types\/product"}],"wp:featuredmedia":[{"embeddable":true,"href":"https:\/\/nfc-readers.com\/pt\/wp-json\/wp\/v2\/media\/3304"}],"wp:attachment":[{"href":"https:\/\/nfc-readers.com\/pt\/wp-json\/wp\/v2\/media?parent=3303"}],"wp:term":[{"taxonomy":"product_brand","embeddable":true,"href":"https:\/\/nfc-readers.com\/pt\/wp-json\/wp\/v2\/product_brand?post=3303"},{"taxonomy":"product_cat","embeddable":true,"href":"https:\/\/nfc-readers.com\/pt\/wp-json\/wp\/v2\/product_cat?post=3303"},{"taxonomy":"product_tag","embeddable":true,"href":"https:\/\/nfc-readers.com\/pt\/wp-json\/wp\/v2\/product_tag?post=3303"}],"curies":[{"name":"wp","href":"https:\/\/api.w.org\/{rel}","templated":true}]}}