{"id":3318,"date":"2024-11-01T05:29:10","date_gmt":"2024-11-01T05:29:10","guid":{"rendered":"https:\/\/nfc-readers.com\/?post_type=product&#038;p=3318"},"modified":"2024-11-01T05:29:20","modified_gmt":"2024-11-01T05:29:20","slug":"iso15693-icode-custom-size-pet-wet-dry-inlay-nfc-sticker","status":"publish","type":"product","link":"https:\/\/nfc-readers.com\/pt\/ic-reader\/iso15693-icode-custom-size-pet-wet-dry-inlay-nfc-sticker\/","title":{"rendered":"ISO15693 ICODE Tamanho personalizado PET MOLHADO Seco Inlay NFC Adesivo"},"content":{"rendered":"<h1 style=\"text-align: center;\"><strong>ISO15693 ICODE Tamanho personalizado PET MOLHADO Seco Inlay NFC Adesivo<\/strong><\/h1>\n<p>&nbsp;<\/p>\n<p>Na era digital de hoje, a integra\u00e7\u00e3o da tecnologia Near Field Communication (NFC) transformou a forma como as empresas se comunicam e interagem com seus clientes.\u00a0<strong>ISO15693 ICODE Tamanho personalizado PET MOLHADO Seco Inlay NFC Adesivo<\/strong>\u00a0representa um avan\u00e7o significativo em produtos NFC, oferecendo comunica\u00e7\u00e3o confi\u00e1vel, aplica\u00e7\u00f5es vers\u00e1teis e durabilidade excepcional. Este vers\u00e1til adesivo NFC, projetado para v\u00e1rios casos de uso, garante intera\u00e7\u00f5es perfeitas entre dispositivos, tornando-o uma ferramenta essencial para empresas e indiv\u00edduos modernos.<\/p>\n<p>Com um adesivo NFC, voc\u00ea pode agilizar processos, aumentar o engajamento do usu\u00e1rio e tornar as tarefas di\u00e1rias mais eficientes. Quer voc\u00ea esteja procurando atualizar suas estrat\u00e9gias de marketing, melhorar a experi\u00eancia do cliente ou simplificar transa\u00e7\u00f5es, este adesivo NFC fornece os recursos e a confiabilidade de que voc\u00ea precisa.<\/p>\n<p>&nbsp;<\/p>\n<h2><strong>Caracter\u00edsticas \u00fanicas<\/strong><\/h2>\n<p>Os recursos de destaque do adesivo ISO15693 ICODE NFC o tornam essencial para empresas e indiv\u00edduos que buscam otimizar suas opera\u00e7\u00f5es.<\/p>\n<ul>\n<li><strong>\u00c0 prova d&#039;\u00e1gua\/\u00e0 prova de intemp\u00e9ries<\/strong>: A capacidade de suportar v\u00e1rias condi\u00e7\u00f5es ambientais significa que os adesivos NFC podem ser usados em ambientes externos ou \u00e1reas onde a umidade pode estar presente. Esse recurso garante que o adesivo mantenha sua funcionalidade sem degrada\u00e7\u00e3o ao longo do tempo.<\/li>\n<li><strong>Tamanhos personalizados<\/strong>: Este adesivo NFC pode ser fabricado em diferentes tamanhos e formatos, dependendo de suas necessidades, tornando-o adequado para diversas aplica\u00e7\u00f5es, seja para etiquetagem de produtos, crach\u00e1s de controle de acesso ou materiais promocionais.<\/li>\n<\/ul>\n<p>Esses recursos exclusivos n\u00e3o apenas melhoram a usabilidade, mas tamb\u00e9m expandem as possibilidades de aplica\u00e7\u00e3o em diversos setores.<\/p>\n<p>&nbsp;<\/p>\n<h2><strong>Especifica\u00e7\u00f5es t\u00e9cnicas<\/strong><\/h2>\n<table class=\"w-fit !mb-0 !max-w-none\" style=\"height: 300px;\" width=\"443\">\n<thead>\n<tr>\n<th>Especifica\u00e7\u00e3o<\/th>\n<th>Detalhes<\/th>\n<\/tr>\n<\/thead>\n<tbody>\n<tr>\n<td><strong>Frequ\u00eancia<\/strong><\/td>\n<td>13,56 MHz<\/td>\n<\/tr>\n<tr>\n<td><strong>Tipos de Chip<\/strong><\/td>\n<td>\u00cdCONE SLIX \/ SLIX2 \/ SLIXS<\/td>\n<\/tr>\n<tr>\n<td><strong>Mem\u00f3ria<\/strong><\/td>\n<td>Baseado em chip<\/td>\n<\/tr>\n<tr>\n<td><strong>Protocolo<\/strong><\/td>\n<td>ISO15693<\/td>\n<\/tr>\n<tr>\n<td><strong>Material<\/strong><\/td>\n<td>BICHO DE ESTIMA\u00c7\u00c3O<\/td>\n<\/tr>\n<tr>\n<td><strong>Tamanho personalizado<\/strong><\/td>\n<td>50*50MM ou personalizado<\/td>\n<\/tr>\n<tr>\n<td><strong>Lugar de origem<\/strong><\/td>\n<td>Guangdong, China<\/td>\n<\/tr>\n<tr>\n<td><strong>Detalhes da embalagem<\/strong><\/td>\n<td>100 unidades\/saco, 5000 unidades\/caixa<\/td>\n<\/tr>\n<tr>\n<td><strong>Porta<\/strong><\/td>\n<td>Shenzhen<\/td>\n<\/tr>\n<tr>\n<td><strong>Peso<\/strong><\/td>\n<td>0,010 kg<\/td>\n<\/tr>\n<\/tbody>\n<\/table>\n<p>As especifica\u00e7\u00f5es t\u00e9cnicas detalhadas garantem que o produto atenda aos padr\u00f5es da ind\u00fastria, ao mesmo tempo em que oferece flexibilidade para diversas aplica\u00e7\u00f5es.<\/p>\n<p>&nbsp;<\/p>\n<h2><strong>Perguntas frequentes<\/strong><\/h2>\n<p>Aqui est\u00e3o algumas perguntas frequentes sobre o\u00a0<strong>ISO15693 ICODE Tamanho personalizado PET MOLHADO Seco Inlay NFC Adesivo<\/strong>\u00a0para ajud\u00e1-lo a entender melhor suas capacidades e aplica\u00e7\u00f5es:<\/p>\n<h3><strong>1. Quais dispositivos podem interagir com o adesivo NFC?<\/strong><\/h3>\n<p>Os adesivos NFC s\u00e3o compat\u00edveis com a maioria\u00a0<strong>Smartphones habilitados para NFC<\/strong>, tablets e leitores sem contato. Dispositivos que suportam tecnologia NFC poder\u00e3o ler as informa\u00e7\u00f5es embutidas no adesivo.<\/p>\n<h3><strong>2. Qu\u00e3o dur\u00e1vel \u00e9 o adesivo NFC?<\/strong><\/h3>\n<p>O adesivo ISO15693 ICODE NFC \u00e9 feito de\u00a0<strong>Material PET<\/strong>, tornando-o ambos\u00a0<strong>\u00e0 prova d&#039;\u00e1gua e resistente \u00e0s intemp\u00e9ries<\/strong>. Ele \u00e9 projetado para suportar diversas condi\u00e7\u00f5es ambientais, garantindo confiabilidade e longevidade em diferentes cen\u00e1rios.<\/p>\n<h3><strong>3. Posso personalizar o tamanho e o formato do adesivo NFC?<\/strong><\/h3>\n<p>Sim! O adesivo NFC pode ser fabricado em\u00a0<strong>tamanhos e formas diferentes<\/strong>, permitindo personaliza\u00e7\u00e3o para atender \u00e0s suas necessidades espec\u00edficas de aplica\u00e7\u00e3o. Por favor, pergunte sobre as op\u00e7\u00f5es dispon\u00edveis.<\/p>\n<h3><strong>4. Qual \u00e9 o alcance de leitura do adesivo NFC?<\/strong><\/h3>\n<p>O alcance de leitura da tecnologia NFC \u00e9 normalmente\u00a0<strong>alguns cent\u00edmetros<\/strong>\u00a0(at\u00e9 10 cm). O desempenho do adesivo pode variar dependendo do dispositivo usado para escaneamento e de fatores ambientais.<\/p>\n<h3><strong>5. Quais informa\u00e7\u00f5es posso armazenar no adesivo NFC?<\/strong><\/h3>\n<p>Voc\u00ea pode armazenar v\u00e1rios tipos de informa\u00e7\u00f5es em um adesivo NFC, incluindo\u00a0<strong>URLs, informa\u00e7\u00f5es de contato, texto e pequenos dados bin\u00e1rios<\/strong>\u00a0(normalmente dentro das restri\u00e7\u00f5es da mem\u00f3ria do chip). Usando diferentes op\u00e7\u00f5es de chip (como ICODE SLIX), a mem\u00f3ria pode variar.<\/p>","protected":false},"excerpt":{"rendered":"<p>O adesivo NFC de incrusta\u00e7\u00e3o PET WET Dry de tamanho personalizado ISO15693 ICODE \u00e9 uma solu\u00e7\u00e3o NFC vers\u00e1til e dur\u00e1vel, projetada para comunica\u00e7\u00e3o perfeita em ambientes \u00famidos e secos. Com tamanhos personaliz\u00e1veis e recursos robustos \u00e0 prova d&#039;\u00e1gua, \u00e9 ideal para v\u00e1rias aplica\u00e7\u00f5es, desde promo\u00e7\u00f5es de marketing at\u00e9 controle de acesso seguro.<\/p>","protected":false},"featured_media":3319,"template":"","meta":[],"product_brand":[],"product_cat":[48],"product_tag":[],"class_list":{"0":"post-3318","1":"product","2":"type-product","3":"status-publish","4":"has-post-thumbnail","6":"product_cat-nfc-stickers","8":"first","9":"instock","10":"shipping-taxable","11":"product-type-simple"},"_links":{"self":[{"href":"https:\/\/nfc-readers.com\/pt\/wp-json\/wp\/v2\/product\/3318","targetHints":{"allow":["GET"]}}],"collection":[{"href":"https:\/\/nfc-readers.com\/pt\/wp-json\/wp\/v2\/product"}],"about":[{"href":"https:\/\/nfc-readers.com\/pt\/wp-json\/wp\/v2\/types\/product"}],"wp:featuredmedia":[{"embeddable":true,"href":"https:\/\/nfc-readers.com\/pt\/wp-json\/wp\/v2\/media\/3319"}],"wp:attachment":[{"href":"https:\/\/nfc-readers.com\/pt\/wp-json\/wp\/v2\/media?parent=3318"}],"wp:term":[{"taxonomy":"product_brand","embeddable":true,"href":"https:\/\/nfc-readers.com\/pt\/wp-json\/wp\/v2\/product_brand?post=3318"},{"taxonomy":"product_cat","embeddable":true,"href":"https:\/\/nfc-readers.com\/pt\/wp-json\/wp\/v2\/product_cat?post=3318"},{"taxonomy":"product_tag","embeddable":true,"href":"https:\/\/nfc-readers.com\/pt\/wp-json\/wp\/v2\/product_tag?post=3318"}],"curies":[{"name":"wp","href":"https:\/\/api.w.org\/{rel}","templated":true}]}}