{"id":3325,"date":"2024-11-01T05:35:51","date_gmt":"2024-11-01T05:35:51","guid":{"rendered":"https:\/\/nfc-readers.com\/?post_type=product&#038;p=3325"},"modified":"2024-11-01T05:35:51","modified_gmt":"2024-11-01T05:35:51","slug":"ntag-215-75mm-nfc-epoxy-custom-table-menu-sticker","status":"publish","type":"product","link":"https:\/\/nfc-readers.com\/pt\/ic-reader\/ntag-215-75mm-nfc-epoxy-custom-table-menu-sticker\/","title":{"rendered":"Adesivo de menu de mesa personalizado Ntag 215 75MM NFC Epoxy"},"content":{"rendered":"<h1 style=\"text-align: center;\"><strong>Adesivo de menu de mesa personalizado Ntag 215 75MM NFC Epoxy<\/strong><\/h1>\n<p>&nbsp;<\/p>\n<p>No cen\u00e1rio em constante evolu\u00e7\u00e3o da tecnologia de restaurantes, o\u00a0<strong>Adesivo de menu de mesa personalizado Ntag 215 75MM NFC Epoxy<\/strong>\u00a0surge como uma solu\u00e7\u00e3o inovadora para experi\u00eancias gastron\u00f4micas modernas. Este vers\u00e1til adesivo NFC permite que os restaurantes apresentem seus menus de uma forma nova e envolvente, ao mesmo tempo em que aprimoram a experi\u00eancia do cliente por meio do poder da tecnologia sem contato. Diga adeus aos menus tradicionais de papel e ol\u00e1 \u00e0 intera\u00e7\u00e3o digital perfeita.<\/p>\n<p>&nbsp;<\/p>\n<h3><strong>Benef\u00edcios do adesivo ep\u00f3xi Ntag 215 NFC<\/strong><\/h3>\n<p>O adesivo NFC Ntag 215 n\u00e3o \u00e9 apenas um produto; \u00e9 uma ferramenta transformadora para aprimorar servi\u00e7os de hospitalidade. Com seu recurso \u00e0 prova d&#039;\u00e1gua e op\u00e7\u00f5es de personaliza\u00e7\u00e3o, esta etiqueta NFC atende \u00e0s necessidades exclusivas de diversos estabelecimentos aliment\u00edcios. Aqui est\u00e3o raz\u00f5es convincentes para investir neste produto:<\/p>\n<ul>\n<li><strong>Compartilhamento sem contato<\/strong>: Os clientes podem acessar facilmente menus digitais usando seus smartphones habilitados para NFC, criando uma experi\u00eancia gastron\u00f4mica higi\u00eanica e interativa.<\/li>\n<li><strong>Personaliza\u00e7\u00e3o<\/strong>: Personalize o adesivo com v\u00e1rios tamanhos, estampas e designs para melhor se adequar \u00e0 marca do seu restaurante e, ao mesmo tempo, exibir seu menu e promo\u00e7\u00f5es.<\/li>\n<li><strong>Dur\u00e1vel e confi\u00e1vel<\/strong>: Com um design \u00e0 prova d&#039;\u00e1gua e de intemp\u00e9ries e feito de materiais de alta qualidade, como ep\u00f3xi e papel\/PVC, o adesivo Ntag 215 \u00e9 feito para durar, garantindo uso a longo prazo em restaurantes movimentados.<\/li>\n<li><\/li>\n<\/ul>\n<h3><strong>Caracter\u00edsticas do adesivo NFC Ntag 215<\/strong><\/h3>\n<p>O\u00a0<strong>Adesivo de menu de mesa personalizado Ntag 215 75MM NFC Epoxy<\/strong>\u00a0possui in\u00fameras especifica\u00e7\u00f5es que o diferenciam:<\/p>\n<ul>\n<li><strong>Materiais<\/strong>:Feito de\u00a0<strong>ep\u00f3xi e papel\/PVC<\/strong>, este adesivo foi desenvolvido para oferecer durabilidade e resili\u00eancia em ambientes t\u00edpicos de restaurantes.<\/li>\n<li><strong>Tamanho e personaliza\u00e7\u00e3o<\/strong>:Embora o tamanho padr\u00e3o seja\u00a0<strong>75MM<\/strong>, dimens\u00f5es personalizadas est\u00e3o dispon\u00edveis, permitindo adapta\u00e7\u00e3o completa a qualquer tema de loja ou necessidade de menu.<\/li>\n<li><strong>Interface de comunica\u00e7\u00e3o<\/strong>:Utilizando a interface de comunica\u00e7\u00e3o NFC, ele opera em um\u00a0<strong>frequ\u00eancia de 13,56 MHz<\/strong>, garantindo confiabilidade e rapidez na transfer\u00eancia de dados.<\/li>\n<\/ul>\n<p>Oferecendo op\u00e7\u00f5es para\u00a0<strong>impress\u00e3o offset e serigrafia<\/strong>, o adesivo Ntag 215 pode vir com seu logotipo, c\u00f3digos QR ou itens de menu detalhados, aumentando o reconhecimento da marca e o envolvimento do cliente.<\/p>\n<p>&nbsp;<\/p>\n<h3><strong>Op\u00e7\u00f5es de personaliza\u00e7\u00e3o<\/strong><\/h3>\n<p>Sendo a personaliza\u00e7\u00e3o um aspecto significativo do\u00a0<strong>Adesivo NFC Ntag 215<\/strong>, os restaurantes podem escolher entre uma infinidade de op\u00e7\u00f5es:<\/p>\n<ul>\n<li><strong>Op\u00e7\u00f5es de impress\u00e3o<\/strong>: Selecione entre\u00a0<strong>impress\u00e3o offset, serigrafia ou c\u00f3digos QR<\/strong>\u00a0\u2013 tudo projetado sob medida para se adequar ao tema do restaurante.<\/li>\n<li><strong>Tamanhos e formas<\/strong>:Embora o di\u00e2metro padr\u00e3o seja\u00a0<strong>75MM<\/strong>, as empresas podem solicitar tamanhos personalizados para se adequar a mesas espec\u00edficas ou necessidades de decora\u00e7\u00e3o. Op\u00e7\u00f5es flex\u00edveis permitem adapta\u00e7\u00e3o a diferentes ambientes, seja em montagens planas ou em metal.<\/li>\n<\/ul>\n<p>Poder personalizar seu adesivo NFC significa que seu restaurante pode manter a consist\u00eancia da marca e, ao mesmo tempo, melhorar a intera\u00e7\u00e3o com o cliente.<\/p>\n<p>&nbsp;<\/p>\n<h3><strong>Perguntas frequentes sobre Ntag 215 NFC Epoxy Custom Table Menu Sticker<\/strong><\/h3>\n<h3>1.\u00a0<strong>O que \u00e9 o adesivo de menu de mesa personalizado com ep\u00f3xi Ntag 215 NFC?<\/strong><\/h3>\n<p>O Ntag 215 NFC Epoxy Custom Table Menu Sticker \u00e9 um adesivo NFC dur\u00e1vel e sem contato, projetado para restaurantes e outros estabelecimentos de alimenta\u00e7\u00e3o. Ele permite que os clientes acessem facilmente menus e promo\u00e7\u00f5es digitais tocando seus smartphones habilitados para NFC no adesivo.<\/p>\n<h3>2.\u00a0<strong>Como funciona a tecnologia NFC?<\/strong><\/h3>\n<p>NFC (Near Field Communication) permite a comunica\u00e7\u00e3o sem fio entre dispositivos em dist\u00e2ncias curtas (geralmente menos de 4 cm). Quando um cliente encosta seu smartphone habilitado para NFC no adesivo Ntag 215, ele l\u00ea os dados armazenados no adesivo e exibe o menu digital em seu dispositivo.<\/p>\n<h3>3.\u00a0<strong>Os adesivos s\u00e3o \u00e0 prova d&#039;\u00e1gua?<\/strong><\/h3>\n<p>Sim, os adesivos Ntag 215 s\u00e3o projetados para serem \u00e0 prova d&#039;\u00e1gua e de intemp\u00e9ries. Isso garante durabilidade e longevidade mesmo em ambientes de restaurantes movimentados, onde derramamentos e respingos s\u00e3o comuns.<\/p>\n<h3>4.\u00a0<strong>Posso personalizar o design do adesivo?<\/strong><\/h3>\n<p>Claro! Voc\u00ea pode personalizar o adesivo Ntag 215 NFC com v\u00e1rias op\u00e7\u00f5es de design, incluindo impress\u00e3o offset, serigrafia, logotipos, c\u00f3digos QR e dimens\u00f5es personalizadas. Isso permite que voc\u00ea alinhe o adesivo com a marca do seu restaurante de forma eficaz.<\/p>\n<h3>5.\u00a0<strong>Quais op\u00e7\u00f5es de chip est\u00e3o dispon\u00edveis?<\/strong><\/h3>\n<p>O adesivo Ntag 215 vem pr\u00e9-carregado com o chip Ntag 215, mas voc\u00ea tamb\u00e9m pode escolher outras op\u00e7\u00f5es de chip NFC, como Ntag 213, Ntag 216, ou configura\u00e7\u00f5es personalizadas com base em suas necessidades espec\u00edficas.<\/p>","protected":false},"excerpt":{"rendered":"<p>O Ntag 215 75MM NFC Epoxy Custom Table Menu Sticker fornece uma maneira perfeita e sem contato para os clientes acessarem os menus digitais. Dur\u00e1vel e personaliz\u00e1vel, ele aprimora a experi\u00eancia gastron\u00f4mica para restaurantes modernos.<\/p>","protected":false},"featured_media":3326,"template":"","meta":[],"product_brand":[],"product_cat":[48],"product_tag":[],"class_list":{"0":"post-3325","1":"product","2":"type-product","3":"status-publish","4":"has-post-thumbnail","6":"product_cat-nfc-stickers","8":"first","9":"instock","10":"shipping-taxable","11":"product-type-simple"},"_links":{"self":[{"href":"https:\/\/nfc-readers.com\/pt\/wp-json\/wp\/v2\/product\/3325","targetHints":{"allow":["GET"]}}],"collection":[{"href":"https:\/\/nfc-readers.com\/pt\/wp-json\/wp\/v2\/product"}],"about":[{"href":"https:\/\/nfc-readers.com\/pt\/wp-json\/wp\/v2\/types\/product"}],"wp:featuredmedia":[{"embeddable":true,"href":"https:\/\/nfc-readers.com\/pt\/wp-json\/wp\/v2\/media\/3326"}],"wp:attachment":[{"href":"https:\/\/nfc-readers.com\/pt\/wp-json\/wp\/v2\/media?parent=3325"}],"wp:term":[{"taxonomy":"product_brand","embeddable":true,"href":"https:\/\/nfc-readers.com\/pt\/wp-json\/wp\/v2\/product_brand?post=3325"},{"taxonomy":"product_cat","embeddable":true,"href":"https:\/\/nfc-readers.com\/pt\/wp-json\/wp\/v2\/product_cat?post=3325"},{"taxonomy":"product_tag","embeddable":true,"href":"https:\/\/nfc-readers.com\/pt\/wp-json\/wp\/v2\/product_tag?post=3325"}],"curies":[{"name":"wp","href":"https:\/\/api.w.org\/{rel}","templated":true}]}}