{"id":3332,"date":"2024-11-01T05:43:23","date_gmt":"2024-11-01T05:43:23","guid":{"rendered":"https:\/\/nfc-readers.com\/?post_type=product&#038;p=3332"},"modified":"2024-11-01T05:43:24","modified_gmt":"2024-11-01T05:43:24","slug":"ntag-213-custom-nfc-epoxy-sticker-for-nfc-smart-phone","status":"publish","type":"product","link":"https:\/\/nfc-readers.com\/pt\/ic-reader\/ntag-213-custom-nfc-epoxy-sticker-for-nfc-smart-phone\/","title":{"rendered":"Ntag 213 Adesivo ep\u00f3xi NFC personalizado para smartphone NFC"},"content":{"rendered":"<h1 style=\"text-align: center;\"><strong>Ntag 213 Adesivo ep\u00f3xi NFC personalizado para smartphone NFC<\/strong><\/h1>\n<p>&nbsp;<\/p>\n<p>Explore o futuro da conectividade com o\u00a0<strong>Adesivo ep\u00f3xi NFC personalizado Ntag 213<\/strong>, um produto vers\u00e1til e inovador projetado para intera\u00e7\u00f5es perfeitas com\u00a0<strong>Smartphones habilitados para NFC<\/strong>. Com suas excelentes caracter\u00edsticas, incluindo\u00a0<em>impermeabiliza\u00e7\u00e3o<\/em>, um material ep\u00f3xi dur\u00e1vel e op\u00e7\u00f5es personaliz\u00e1veis, esta etiqueta NFC n\u00e3o \u00e9 apenas mais um gadget, mas uma ferramenta revolucion\u00e1ria que aprimora sua experi\u00eancia digital. De aplicativos de pagamento a compartilhamento f\u00e1cil de informa\u00e7\u00f5es digitais, o adesivo Ntag 213 \u00e9 essencial para qualquer pessoa que esteja procurando conveni\u00eancia e efici\u00eancia.<\/p>\n<p>&nbsp;<\/p>\n<h3><strong>Por que voc\u00ea deve comprar adesivos NFC Ntag 213<\/strong><\/h3>\n<p>Escolher a etiqueta NFC certa pode elevar sua marca comercial ou pessoal, garantindo uma experi\u00eancia suave ao usu\u00e1rio. O adesivo ep\u00f3xi NFC personalizado Ntag 213 se destaca devido \u00e0 sua mistura \u00fanica de confiabilidade, alto desempenho e adaptabilidade. Com a capacidade de armazenar 144 bytes de dados, este adesivo NFC \u00e9 ideal para uma infinidade de aplica\u00e7\u00f5es, tornando-o uma ferramenta essencial no mundo atual movido a tecnologia. Mas por que vale a pena comprar este adesivo? Aqui est\u00e3o algumas raz\u00f5es convincentes:<\/p>\n<ul>\n<li><strong>Durabilidade<\/strong>:Gra\u00e7as ao seu revestimento ep\u00f3xi, este adesivo NFC \u00e9\u00a0<strong>\u00e0 prova d&#039;\u00e1gua e resistente \u00e0s intemp\u00e9ries<\/strong>, permitindo que ele mantenha a funcionalidade em v\u00e1rios ambientes.<\/li>\n<li><strong>Versatilidade<\/strong>: Com op\u00e7\u00f5es de personaliza\u00e7\u00e3o em tamanho, cor e design de impress\u00e3o, voc\u00ea pode adaptar este produto para atender \u00e0s suas necessidades espec\u00edficas de marca.<\/li>\n<li><strong>F\u00e1cil integra\u00e7\u00e3o<\/strong>:Compat\u00edvel com uma ampla gama de\u00a0<strong>Dispositivos NFC<\/strong>, incluindo Android e iPhone, permite que os usu\u00e1rios compartilhem informa\u00e7\u00f5es e interajam com conte\u00fado digital sem esfor\u00e7o.<\/li>\n<\/ul>\n<p>&nbsp;<\/p>\n<h3><strong>Caracter\u00edsticas e benef\u00edcios do produto<\/strong><\/h3>\n<h3>Tamanhos e cores personalizados<\/h3>\n<p>Cada projeto \u00e9 \u00fanico e nossa\u00a0<strong>Adesivos NFC Ntag 213<\/strong>\u00a0pode ser adaptado para atender a requisitos espec\u00edficos. Se voc\u00ea precisa de um\u00a0<strong>ret\u00e2ngulo<\/strong>, oval ou redondo, oferecemos flexibilidade em forma e tamanho. Voc\u00ea tamb\u00e9m pode escolher entre uma variedade de cores para complementar sua marca. Este n\u00edvel de\u00a0<strong>personaliza\u00e7\u00e3o<\/strong>\u00a0garante um ajuste perfeito para suas estrat\u00e9gias de marketing ou projetos pessoais.<\/p>\n<h3>Design \u00e0 prova d&#039;\u00e1gua e de intemp\u00e9ries<\/h3>\n<p>O\u00a0<strong>material ep\u00f3xi<\/strong>\u00a0usado no adesivo Ntag 213 oferece prote\u00e7\u00e3o not\u00e1vel contra umidade e condi\u00e7\u00f5es clim\u00e1ticas adversas. Este\u00a0<strong>imperme\u00e1vel<\/strong>\u00a0capacidade significa que voc\u00ea n\u00e3o precisa se preocupar com a exposi\u00e7\u00e3o aos elementos. Sejam usadas em ambientes internos ou externos, essas etiquetas NFC manter\u00e3o sua funcionalidade e efic\u00e1cia, tornando-as adequadas para aplica\u00e7\u00f5es como publicidade externa ou dispositivos inteligentes que exigem resili\u00eancia.<\/p>\n<h3>Frequ\u00eancia de comunica\u00e7\u00e3o de 13,56 MHz<\/h3>\n<p>Utilizando o padr\u00e3o\u00a0<strong>Frequ\u00eancia de comunica\u00e7\u00e3o de 13,56 MHz<\/strong>, esses adesivos NFC aproveitam o poder de\u00a0<strong>RFID<\/strong>\u00a0tecnologia. Essa frequ\u00eancia fornece uma interface de comunica\u00e7\u00e3o confi\u00e1vel, garantindo transfer\u00eancia de dados r\u00e1pida e segura quando escaneada por um dispositivo habilitado para NFC. Essa compatibilidade aprimora ainda mais a usabilidade, permitindo uma experi\u00eancia perfeita em v\u00e1rias plataformas e dispositivos.<\/p>\n<h3>Chip NTAG213 para alto desempenho<\/h3>\n<p>No cora\u00e7\u00e3o de cada adesivo personalizado Ntag 213 est\u00e1 o\u00a0<strong>Chip NTAG213<\/strong>, conhecido por seu alto desempenho e versatilidade. Com uma mem\u00f3ria de\u00a0<strong>144 bytes<\/strong>, ele armazena com sucesso URLs, texto ou pequenos conjuntos de dados. A arquitetura do chip permite aplica\u00e7\u00f5es extensivas, de cart\u00f5es de visita a campanhas de marketing interativas. Sua confiabilidade garante que suas tags possam ser escaneadas e acessadas repetidamente sem falhas.<\/p>\n<p>&nbsp;<\/p>\n<h3><strong>Especifica\u00e7\u00f5es t\u00e9cnicas<\/strong><\/h3>\n<table class=\"w-fit !mb-0 !max-w-none\" style=\"height: 297px;\" width=\"431\">\n<thead>\n<tr>\n<th>Recurso<\/th>\n<th>Especifica\u00e7\u00e3o<\/th>\n<\/tr>\n<\/thead>\n<tbody>\n<tr>\n<td>Lasca<\/td>\n<td>NTAG213<\/td>\n<\/tr>\n<tr>\n<td>Frequ\u00eancia<\/td>\n<td>13,56 MHz<\/td>\n<\/tr>\n<tr>\n<td>Mem\u00f3ria<\/td>\n<td>144 bytes<\/td>\n<\/tr>\n<tr>\n<td>Protocolo<\/td>\n<td>Norma ISO 14443<\/td>\n<\/tr>\n<tr>\n<td>Material<\/td>\n<td>Ep\u00f3xi<\/td>\n<\/tr>\n<tr>\n<td>Tamanho<\/td>\n<td>Personalizado<\/td>\n<\/tr>\n<tr>\n<td>Cor<\/td>\n<td>Personalizado<\/td>\n<\/tr>\n<tr>\n<td>Op\u00e7\u00f5es de impress\u00e3o<\/td>\n<td>Impress\u00e3o Offset\/Pantone\/QR<\/td>\n<\/tr>\n<tr>\n<td>Lugar de origem<\/td>\n<td>Guangdong, China<\/td>\n<\/tr>\n<tr>\n<td>Caracter\u00edsticas especiais<\/td>\n<td>\u00c0 prova d\u2019\u00e1gua\/\u00e0 prova de intemp\u00e9ries<\/td>\n<\/tr>\n<\/tbody>\n<\/table>\n<h3><\/h3>\n<h3><strong>Perguntas frequentes<\/strong><\/h3>\n<h3>Quais dispositivos s\u00e3o compat\u00edveis com o adesivo NFC Ntag 213?<\/h3>\n<p>Os adesivos Ntag 213 s\u00e3o compat\u00edveis com todos os smartphones habilitados para NFC, incluindo marcas populares como\u00a0<strong>iPhone<\/strong>\u00a0e\u00a0<strong>Samsung<\/strong>.<\/p>\n<h3>Quanto tempo dura a bateria?<\/h3>\n<p>Os adesivos NFC Ntag 213 n\u00e3o requerem bateria; eles s\u00e3o dispositivos passivos que consomem energia do leitor habilitado para NFC. Enquanto a etiqueta estiver intacta e dentro do alcance, ela funcionar\u00e1.<\/p>\n<h3>Esses adesivos podem ser usados em \u00e1reas externas?<\/h3>\n<p>Sim! Nossos adesivos NFC s\u00e3o projetados para serem\u00a0<strong>\u00e0 prova d&#039;\u00e1gua e resistente \u00e0s intemp\u00e9ries<\/strong>, tornando-os adequados para aplica\u00e7\u00f5es internas e externas.<\/p>\n<h3>Existe uma dist\u00e2ncia m\u00e1xima de digitaliza\u00e7\u00e3o?<\/h3>\n<p>A dist\u00e2ncia efetiva de digitaliza\u00e7\u00e3o geralmente \u00e9 de at\u00e9 10 cm (4 polegadas), dependendo da intensidade da antena NFC do dispositivo e de fatores ambientais.<\/p>","protected":false},"excerpt":{"rendered":"<p>O\u00a0<strong>NTAG-213 Adesivo ep\u00f3xi NFC personalizado<\/strong>\u00a0\u00e9 uma etiqueta NFC vers\u00e1til e \u00e0 prova d&#039;\u00e1gua, projetada para intera\u00e7\u00e3o perfeita com smartphones habilitados para NFC. Personaliz\u00e1vel em tamanho, cor e op\u00e7\u00f5es de impress\u00e3o, este adesivo dur\u00e1vel permite que empresas e indiv\u00edduos compartilhem conte\u00fado digital sem esfor\u00e7o, aumentando o engajamento do usu\u00e1rio e as oportunidades de branding.<\/p>","protected":false},"featured_media":3333,"template":"","meta":[],"product_brand":[],"product_cat":[48],"product_tag":[],"class_list":{"0":"post-3332","1":"product","2":"type-product","3":"status-publish","4":"has-post-thumbnail","6":"product_cat-nfc-stickers","8":"first","9":"instock","10":"shipping-taxable","11":"product-type-simple"},"_links":{"self":[{"href":"https:\/\/nfc-readers.com\/pt\/wp-json\/wp\/v2\/product\/3332","targetHints":{"allow":["GET"]}}],"collection":[{"href":"https:\/\/nfc-readers.com\/pt\/wp-json\/wp\/v2\/product"}],"about":[{"href":"https:\/\/nfc-readers.com\/pt\/wp-json\/wp\/v2\/types\/product"}],"wp:featuredmedia":[{"embeddable":true,"href":"https:\/\/nfc-readers.com\/pt\/wp-json\/wp\/v2\/media\/3333"}],"wp:attachment":[{"href":"https:\/\/nfc-readers.com\/pt\/wp-json\/wp\/v2\/media?parent=3332"}],"wp:term":[{"taxonomy":"product_brand","embeddable":true,"href":"https:\/\/nfc-readers.com\/pt\/wp-json\/wp\/v2\/product_brand?post=3332"},{"taxonomy":"product_cat","embeddable":true,"href":"https:\/\/nfc-readers.com\/pt\/wp-json\/wp\/v2\/product_cat?post=3332"},{"taxonomy":"product_tag","embeddable":true,"href":"https:\/\/nfc-readers.com\/pt\/wp-json\/wp\/v2\/product_tag?post=3332"}],"curies":[{"name":"wp","href":"https:\/\/api.w.org\/{rel}","templated":true}]}}