{"id":3348,"date":"2024-11-01T10:53:48","date_gmt":"2024-11-01T10:53:48","guid":{"rendered":"https:\/\/nfc-readers.com\/?post_type=product&#038;p=3348"},"modified":"2024-11-04T09:04:23","modified_gmt":"2024-11-04T09:04:23","slug":"rfid-ultralight-playground-ticket-proximity-pvc-vip-card","status":"publish","type":"product","link":"https:\/\/nfc-readers.com\/pt\/ic-reader\/rfid-ultralight-playground-ticket-proximity-pvc-vip-card\/","title":{"rendered":"Cart\u00e3o RFID Mifare Ultralight ev1 PVC para ingresso de playground"},"content":{"rendered":"<h1><strong><span style=\"color: #000080;\">Cart\u00e3o RFID Mifare Ultralight ev1 PVC para ingresso de playground<\/span><\/strong><\/h1>\n<p>&nbsp;<\/p>\n<h4><strong><span style=\"color: #008080;\">Revolucionando solu\u00e7\u00f5es de controle de acesso e bilhetagem<\/span><\/strong><\/h4>\n<p><span style=\"color: #666699;\">No mundo sem dinheiro de hoje, o Mifare Ultralight ev1 PVC RFID Card for Playground ticket est\u00e1 na vanguarda das solu\u00e7\u00f5es modernas de controle de acesso e emiss\u00e3o de bilhetes. Este cart\u00e3o de alta tecnologia n\u00e3o apenas simplifica a entrada em parques de divers\u00e3o e eventos, mas tamb\u00e9m aprimora a experi\u00eancia do usu\u00e1rio com seu design robusto e tecnologia de cart\u00e3o inteligente. Oferecendo seguran\u00e7a, conveni\u00eancia e versatilidade incompar\u00e1veis, \u00e9 a escolha ideal para empresas que buscam elevar o engajamento do cliente e a efici\u00eancia operacional.<\/span><\/p>\n<hr \/>\n<h2><\/h2>\n<h2 style=\"text-align: center;\"><span style=\"color: #000080;\"><em><strong>Caracter\u00edsticas e benef\u00edcios do produto<\/strong><\/em><\/span><\/h2>\n<h3><span style=\"color: #333399;\">1. <strong>Material dur\u00e1vel e confi\u00e1vel<\/strong><\/span><\/h3>\n<p>Feito de PVC de alta qualidade, este cart\u00e3o RFID \u00e9 projetado para suportar condi\u00e7\u00f5es ambientais adversas.\u00a0<strong>imperme\u00e1vel<\/strong>\u00a0e\u00a0<strong>\u00e0 prova de intemp\u00e9ries<\/strong>\u00a0caracter\u00edsticas previnem o desgaste, garantindo durabilidade a longo prazo. Seja usado em parques de divers\u00e3o ao ar livre ou eventos internos, o\u00a0<strong>Cart\u00e3o RFID Ultralight Playground<\/strong>\u00a0permanece funcional e visualmente atraente, o que pode reduzir os custos de substitui\u00e7\u00e3o ao longo do tempo.<\/p>\n<p>&nbsp;<\/p>\n<h3><span style=\"color: #333399;\"><strong>2. Aplica\u00e7\u00f5es vers\u00e1teis<\/strong><\/span><\/h3>\n<p>Projetado para uma variedade de usos, o cart\u00e3o RFID de PVC Mifare Ultralight ev1 para ingressos de playground \u00e9 perfeito para\u00a0<strong>Ticketing<\/strong>,\u00a0<strong>controle de acesso<\/strong>,\u00a0<strong>programas de fidelidade<\/strong>, e\u00a0<strong>gerenciamento de eventos<\/strong>. O cart\u00e3o agiliza efetivamente os processos de entrada, tornando-o uma excelente escolha para sistemas de transporte p\u00fablico, parques de divers\u00e3o, festivais e muito mais. Sua versatilidade permite que as empresas implementem uma solu\u00e7\u00e3o unificada para diversas necessidades operacionais.<\/p>\n<p>&nbsp;<\/p>\n<h3><span style=\"color: #333399;\">3. <strong>Experi\u00eancia de usu\u00e1rio conveniente<\/strong><\/span><\/h3>\n<p>Com um\u00a0<strong>dist\u00e2ncia de leitura<\/strong>\u00a0de 1 a 20 cm e uma op\u00e7\u00e3o de espessura de\u00a0<strong>0,76 mm\/0,84 mm<\/strong>, o cart\u00e3o garante facilidade de uso e satisfa\u00e7\u00e3o do cliente. Os usu\u00e1rios podem simplesmente tocar o cart\u00e3o em qualquer dispositivo habilitado para NFC, resultando em uma transa\u00e7\u00e3o r\u00e1pida. Isso\u00a0<strong>sem contato<\/strong>\u00a0O recurso minimiza o contato f\u00edsico e melhora a higiene, uma considera\u00e7\u00e3o essencial no ambiente atual.<\/p>\n<p>&nbsp;<\/p>\n<h3><span style=\"color: #333399;\"><strong>4. Op\u00e7\u00f5es de personaliza\u00e7\u00e3o<\/strong><\/span><\/h3>\n<p>O Mifare Ultralight ev1 PVC RFID Card para ingresso de playground oferece ampla personaliza\u00e7\u00e3o para atender \u00e0s necessidades de branding e marketing. Os clientes podem selecionar entre v\u00e1rias op\u00e7\u00f5es de impress\u00e3o, incluindo\u00a0<strong>Impress\u00e3o CMYK4C<\/strong>,\u00a0<strong>impress\u00e3o t\u00e9rmica<\/strong>, e\u00a0<strong>serigrafia<\/strong>. Al\u00e9m disso, elementos como\u00a0<strong>c\u00f3digo laser<\/strong>,\u00a0<strong>n\u00fameros de s\u00e9rie<\/strong>, e\u00a0<strong>relevo<\/strong>\u00a0pode ser adaptado para criar uma identidade \u00fanica para cada cart\u00e3o, aumentando a visibilidade e a fidelidade \u00e0 marca.<\/p>\n<p>&nbsp;<\/p>\n<h3><span style=\"color: #333399;\"><strong>5. Especifica\u00e7\u00f5es t\u00e9cnicas<\/strong><\/span><\/h3>\n<div class=\"table-with-header rounded-lg border border-solid border-grey-line2-normal w-fit max-w-full mb-2\">\n<div class=\"overflow-x-auto custom-scrollbar custom-scrollbar-float max-w-full\">\n<table class=\"w-fit !mb-0 !max-w-none\" style=\"height: 339px;\" width=\"403\">\n<thead>\n<tr>\n<th>Recurso<\/th>\n<th>Especifica\u00e7\u00e3o<\/th>\n<\/tr>\n<\/thead>\n<tbody>\n<tr>\n<td><\/td>\n<td><\/td>\n<\/tr>\n<tr>\n<td>Tipo de chip<\/td>\n<td>MIFARE Ultralight\u00ae C<\/td>\n<\/tr>\n<tr>\n<td>Frequ\u00eancia<\/td>\n<td>13,56 MHz<\/td>\n<\/tr>\n<tr>\n<td>Material<\/td>\n<td>PVC<\/td>\n<\/tr>\n<tr>\n<td>Dist\u00e2ncia de leitura<\/td>\n<td>2-10 cm<\/td>\n<\/tr>\n<tr>\n<td>Grossura<\/td>\n<td>0,76 mm \/ 0,84 mm \/ Personalizado<\/td>\n<\/tr>\n<tr>\n<td>Tamanho<\/td>\n<td>CR80<\/td>\n<\/tr>\n<tr>\n<td>Arte<\/td>\n<td>C\u00f3digo laser, tinta UV, n\u00ba de s\u00e9rie.<\/td>\n<\/tr>\n<tr>\n<td>Ciclo de Escrita<\/td>\n<td>100.000 vezes<\/td>\n<\/tr>\n<tr>\n<td>Lugar de origem<\/td>\n<td>Guangdong, China<\/td>\n<\/tr>\n<\/tbody>\n<\/table>\n<\/div>\n<\/div>\n<hr \/>\n<h2 style=\"text-align: center;\"><span style=\"color: #000080;\"><strong>Instru\u00e7\u00f5es de uso<\/strong><\/span><\/h2>\n<ol>\n<li><strong>Ative o cart\u00e3o<\/strong>: Certifique-se de que o cart\u00e3o esteja ativado atrav\u00e9s do seu software de gerenciamento RFID.<\/li>\n<li><strong>Toque em Leitor<\/strong>: Segure o cart\u00e3o a uma dist\u00e2ncia de 1 a 20 cm do leitor NFC.<\/li>\n<li><strong>Confirma\u00e7\u00e3o de transa\u00e7\u00e3o<\/strong>: O leitor confirmar\u00e1 a transa\u00e7\u00e3o por meio de um sinal sonoro ou indicador luminoso.<\/li>\n<li><strong>Acesso Concedido<\/strong>: Os usu\u00e1rios podem prosseguir entrando no local ou utilizando o servi\u00e7o.<\/li>\n<\/ol>\n<p>&nbsp;<\/p>\n<h2 style=\"text-align: center;\"><em><span style=\"color: #000080;\"><strong>Produ\u00e7\u00e3o Ecol\u00f3gica<\/strong><\/span><\/em><\/h2>\n<p><span style=\"color: #666699;\">A sustentabilidade \u00e9 essencial para a fabrica\u00e7\u00e3o moderna, e a produ\u00e7\u00e3o do Mifare Ultralight ev1 PVC RFID Card for Playground ticket est\u00e1 alinhada com pr\u00e1ticas ecologicamente corretas. Ao investir em materiais e processos sustent\u00e1veis, as empresas podem contribuir para a preserva\u00e7\u00e3o ambiental ao mesmo tempo em que fornecem um produto de alta qualidade. Esse compromisso repercute bem entre os consumidores ecologicamente conscientes e aumenta a responsabilidade corporativa.<\/span><\/p>","protected":false},"excerpt":{"rendered":"<p>Descubra o cart\u00e3o RFID de PVC Mifare Ultralight ev1 para ingressos de playground \u2013 dur\u00e1vel, vers\u00e1til e ecol\u00f3gico para controle de acesso e emiss\u00e3o de ingressos sem interrup\u00e7\u00f5es.<\/p>","protected":false},"featured_media":3349,"template":"","meta":[],"product_brand":[],"product_cat":[46],"product_tag":[],"class_list":{"0":"post-3348","1":"product","2":"type-product","3":"status-publish","4":"has-post-thumbnail","6":"product_cat-nfc-cards","8":"first","9":"instock","10":"shipping-taxable","11":"product-type-simple"},"_links":{"self":[{"href":"https:\/\/nfc-readers.com\/pt\/wp-json\/wp\/v2\/product\/3348","targetHints":{"allow":["GET"]}}],"collection":[{"href":"https:\/\/nfc-readers.com\/pt\/wp-json\/wp\/v2\/product"}],"about":[{"href":"https:\/\/nfc-readers.com\/pt\/wp-json\/wp\/v2\/types\/product"}],"wp:featuredmedia":[{"embeddable":true,"href":"https:\/\/nfc-readers.com\/pt\/wp-json\/wp\/v2\/media\/3349"}],"wp:attachment":[{"href":"https:\/\/nfc-readers.com\/pt\/wp-json\/wp\/v2\/media?parent=3348"}],"wp:term":[{"taxonomy":"product_brand","embeddable":true,"href":"https:\/\/nfc-readers.com\/pt\/wp-json\/wp\/v2\/product_brand?post=3348"},{"taxonomy":"product_cat","embeddable":true,"href":"https:\/\/nfc-readers.com\/pt\/wp-json\/wp\/v2\/product_cat?post=3348"},{"taxonomy":"product_tag","embeddable":true,"href":"https:\/\/nfc-readers.com\/pt\/wp-json\/wp\/v2\/product_tag?post=3348"}],"curies":[{"name":"wp","href":"https:\/\/api.w.org\/{rel}","templated":true}]}}