{"id":3353,"date":"2024-11-01T11:19:32","date_gmt":"2024-11-01T11:19:32","guid":{"rendered":"https:\/\/nfc-readers.com\/?post_type=product&#038;p=3353"},"modified":"2024-11-04T08:59:53","modified_gmt":"2024-11-04T08:59:53","slug":"iso14443a-mifare-rfid-hotel-card-magnetic-stripe-available","status":"publish","type":"product","link":"https:\/\/nfc-readers.com\/pt\/ic-reader\/iso14443a-mifare-rfid-hotel-card-magnetic-stripe-available\/","title":{"rendered":"Cart\u00e3o magn\u00e9tico RFID ISO14443A MIFARE para hotel dispon\u00edvel"},"content":{"rendered":"<h1><span style=\"color: #000080;\"><strong>Cart\u00e3o magn\u00e9tico RFID ISO14443A MIFARE para hotel dispon\u00edvel<\/strong><\/span><\/h1>\n<p><span style=\"color: #666699;\">O Futuro do Controle de AcessoNa ind\u00fastria de hospitalidade moderna, o acesso cont\u00ednuo aos quartos e instala\u00e7\u00f5es \u00e9 primordial. O <strong>Cart\u00e3o de hotel RFID MIFARE ISO14443A com tarja magn\u00e9tica<\/strong>\u00a0surgiu como uma solu\u00e7\u00e3o transformadora que combina tecnologia RFID avan\u00e7ada e design amig\u00e1vel. Este cart\u00e3o melhora a experi\u00eancia do h\u00f3spede ao mesmo tempo em que garante seguran\u00e7a de alto n\u00edvel para a ger\u00eancia do hotel. <\/span><\/p>\n<p><span style=\"color: #666699;\">Os h\u00f3spedes podem aproveitar o acesso sem contato, enquanto os operadores do hotel se beneficiam de seguran\u00e7a e efici\u00eancia aprimoradas. Com seus atributos \u00e0 prova d&#039;\u00e1gua e de intemp\u00e9ries, o cart\u00e3o RFID \u00e9 projetado para durabilidade, garantindo longevidade mesmo nos ambientes mais movimentados. Este cart\u00e3o n\u00e3o apenas agiliza o processo de check-in, mas tamb\u00e9m serve como uma ferramenta confi\u00e1vel para controle de acesso, ao mesmo tempo em que fornece op\u00e7\u00f5es de personaliza\u00e7\u00e3o para refletir a identidade da marca do seu hotel.<\/span><\/p>\n<hr \/>\n<h2><\/h2>\n<h2 style=\"text-align: center;\"><em><strong><span style=\"color: #000080;\">Esbo\u00e7o do produto<\/span><\/strong><\/em><\/h2>\n<h3><span style=\"color: #333399;\"> <strong>1. Principais caracter\u00edsticas do cart\u00e3o de hotel ISO14443A MIFARE RFID<\/strong><\/span><\/h3>\n<p>O\u00a0<strong>Cart\u00e3o de hotel RFID ISO14443A MIFARE<\/strong>\u00a0oferece uma gama de recursos inovadores que atendem tanto aos operadores de hot\u00e9is quanto aos h\u00f3spedes. Utilizando recursos avan\u00e7ados\u00a0<strong>MIFARE\u00ae Ultraleve C<\/strong>\u00a0tecnologia de chip, este cart\u00e3o opera em uma frequ\u00eancia de\u00a0<strong>13,56 MHz<\/strong>\u00a0sob o\u00a0<strong>Protocolo ISO14443A<\/strong>. Esta especifica\u00e7\u00e3o permite acesso r\u00e1pido e seguro com intera\u00e7\u00e3o m\u00ednima necess\u00e1ria, proporcionando uma verdadeira\u00a0<strong>experi\u00eancia sem contato<\/strong>.Com seu\u00a0<strong>imperme\u00e1vel<\/strong>\u00a0e\u00a0<strong>\u00e0 prova de intemp\u00e9ries<\/strong>\u00a0design, o cart\u00e3o permanece funcional em diversos ambientes, garantindo que ele resista ao desgaste di\u00e1rio. Al\u00e9m disso, a incorpora\u00e7\u00e3o de um\u00a0<strong>tarja magn\u00e9tica<\/strong>\u00a0permite versatilidade em sistemas de controle de acesso. Essa dupla funcionalidade garante que, seja usado para entradas de quartos de hotel ou outras instala\u00e7\u00f5es, o cart\u00e3o RFID forne\u00e7a um servi\u00e7o cont\u00ednuo e confi\u00e1vel.<\/p>\n<p>&nbsp;<\/p>\n<h3><span style=\"color: #333399;\"><strong>3. Especifica\u00e7\u00f5es t\u00e9cnicas<\/strong><\/span><\/h3>\n<p>Entender as especifica\u00e7\u00f5es t\u00e9cnicas \u00e9 crucial para selecionar a solu\u00e7\u00e3o de controle de acesso correta. Abaixo est\u00e1 uma tabela detalhada das\u00a0<strong>Cart\u00e3o de hotel RFID ISO14443A MIFARE<\/strong> especifica\u00e7\u00f5es:<\/p>\n<div class=\"table-with-header rounded-lg border border-solid border-grey-line2-normal w-fit max-w-full mb-2\">\n<div class=\"h-8 items-center flex justify-between px-2 text-xs border-0 border-b border-solid border-grey-line2-normal\">\n<div class=\"h-[26px] w-[26px] text-text-primary-3 cursor-pointer hover:text-text-primary-2 flex-center\"><\/div>\n<\/div>\n<div class=\"overflow-x-auto custom-scrollbar custom-scrollbar-float max-w-full\">\n<table class=\"w-fit !mb-0 !max-w-none\">\n<thead>\n<tr>\n<th>Especifica\u00e7\u00e3o<\/th>\n<th>Valor<\/th>\n<\/tr>\n<\/thead>\n<tbody>\n<tr>\n<td>Lasca<\/td>\n<td>MIFARE\u00ae Ultraleve C<\/td>\n<\/tr>\n<tr>\n<td>Frequ\u00eancia<\/td>\n<td>13,56 MHz<\/td>\n<\/tr>\n<tr>\n<td>Interface de comunica\u00e7\u00e3o<\/td>\n<td>RFID, NFC<\/td>\n<\/tr>\n<tr>\n<td>Material<\/td>\n<td>PVC<\/td>\n<\/tr>\n<tr>\n<td>Tamanho<\/td>\n<td>85,5 x54 mm \/ personalizado<\/td>\n<\/tr>\n<tr>\n<td>Tarja magn\u00e9tica<\/td>\n<td>Loco300 oe \/ Hico2750\/4000 oe<\/td>\n<\/tr>\n<tr>\n<td>Acabamento de superf\u00edcie<\/td>\n<td>Brilhante, fosco, fosco<\/td>\n<\/tr>\n<tr>\n<td>Codificar<\/td>\n<td>Impress\u00e3o de c\u00f3digo QR\/c\u00f3digo laser<\/td>\n<\/tr>\n<tr>\n<td>Op\u00e7\u00f5es de impress\u00e3o<\/td>\n<td>Impress\u00e3o Offset CMYK\/Serigrafia\/Digital<\/td>\n<\/tr>\n<\/tbody>\n<\/table>\n<\/div>\n<\/div>\n<p>Essas especifica\u00e7\u00f5es destacam a versatilidade e a tecnologia avan\u00e7ada do cart\u00e3o, e o design atende \u00e0s necessidades dos usu\u00e1rios e da ger\u00eancia do hotel.<\/p>\n<p>&nbsp;<\/p>\n<h3><span style=\"color: #333399;\"><strong>4. Benef\u00edcios do uso de cart\u00f5es RFID para hot\u00e9is<\/strong><\/span><\/h3>\n<p><span style=\"color: #666699;\">Integrando o\u00a0<strong>Cart\u00e3o de hotel RFID ISO14443A MIFARE<\/strong>\u00a0nas opera\u00e7\u00f5es de um hotel traz in\u00fameros benef\u00edcios. Em primeiro lugar, a\u00a0<strong>sem contato<\/strong>\u00a0a tecnologia melhora a experi\u00eancia do h\u00f3spede, permitindo acesso r\u00e1pido e f\u00e1cil aos quartos e instala\u00e7\u00f5es sem se atrapalhar com chaves tradicionais. Isso acelera os processos de check-in, o que, em \u00faltima an\u00e1lise, se traduz em maior satisfa\u00e7\u00e3o do h\u00f3spede.<\/span><\/p>\n<p><span style=\"color: #666699;\">Al\u00e9m disso, a tecnologia RFID permite uma gest\u00e3o eficaz\u00a0<strong>controle de acesso<\/strong>\u00a0gerenciamento. A equipe do hotel pode rastrear facilmente os padr\u00f5es de uso, garantindo maior seguran\u00e7a e minimizando o acesso n\u00e3o autorizado. Com recursos como\u00a0<strong>autentica\u00e7\u00e3o m\u00fatua<\/strong>, as chances de duplica\u00e7\u00e3o n\u00e3o autorizada s\u00e3o praticamente eliminadas.<\/span><\/p>\n<p>&nbsp;<\/p>\n<h2 style=\"text-align: center;\"><span style=\"color: #000080;\"><em><strong>Perguntas frequentes<\/strong><\/em><\/span><\/h2>\n<p><span style=\"color: #008080;\"><strong>1. Qual \u00e9 a vida \u00fatil do cart\u00e3o RFID do hotel?<\/strong><\/span><\/p>\n<p>O cart\u00e3o dura v\u00e1rios anos com uso normal gra\u00e7as ao seu material de PVC dur\u00e1vel e \u00e0s caracter\u00edsticas \u00e0 prova de intemp\u00e9ries.<\/p>\n<hr \/>\n<p><span style=\"color: #008080;\"><strong>2. O cart\u00e3o pode ser personalizado com a nossa marca?<\/strong><\/span><\/p>\n<p>Sim, voc\u00ea pode personalizar o cart\u00e3o com o logotipo e as cores do seu hotel usando diversas op\u00e7\u00f5es de impress\u00e3o e acabamento.<\/p>\n<hr \/>\n<p><strong><span style=\"color: #008080;\">3. O cart\u00e3o \u00e9 compat\u00edvel com os sistemas RFID existentes?<\/span><\/strong><\/p>\n<p>Sim, \u00e9 compat\u00edvel com a maioria dos sistemas de controle de acesso RFID que usam o <strong>Protocolo ISO14443A<\/strong>.<\/p>","protected":false},"excerpt":{"rendered":"<p>O cart\u00e3o de hotel ISO14443A MIFARE RFID oferece acesso sem contato, seguran\u00e7a aprimorada e op\u00e7\u00f5es de personaliza\u00e7\u00e3o, tornando-o ideal para as necessidades modernas de hospitalidade.<\/p>","protected":false},"featured_media":3354,"template":"","meta":[],"product_brand":[],"product_cat":[46],"product_tag":[],"class_list":{"0":"post-3353","1":"product","2":"type-product","3":"status-publish","4":"has-post-thumbnail","6":"product_cat-nfc-cards","8":"first","9":"instock","10":"shipping-taxable","11":"product-type-simple"},"_links":{"self":[{"href":"https:\/\/nfc-readers.com\/pt\/wp-json\/wp\/v2\/product\/3353","targetHints":{"allow":["GET"]}}],"collection":[{"href":"https:\/\/nfc-readers.com\/pt\/wp-json\/wp\/v2\/product"}],"about":[{"href":"https:\/\/nfc-readers.com\/pt\/wp-json\/wp\/v2\/types\/product"}],"wp:featuredmedia":[{"embeddable":true,"href":"https:\/\/nfc-readers.com\/pt\/wp-json\/wp\/v2\/media\/3354"}],"wp:attachment":[{"href":"https:\/\/nfc-readers.com\/pt\/wp-json\/wp\/v2\/media?parent=3353"}],"wp:term":[{"taxonomy":"product_brand","embeddable":true,"href":"https:\/\/nfc-readers.com\/pt\/wp-json\/wp\/v2\/product_brand?post=3353"},{"taxonomy":"product_cat","embeddable":true,"href":"https:\/\/nfc-readers.com\/pt\/wp-json\/wp\/v2\/product_cat?post=3353"},{"taxonomy":"product_tag","embeddable":true,"href":"https:\/\/nfc-readers.com\/pt\/wp-json\/wp\/v2\/product_tag?post=3353"}],"curies":[{"name":"wp","href":"https:\/\/api.w.org\/{rel}","templated":true}]}}