{"id":3372,"date":"2024-11-01T14:57:52","date_gmt":"2024-11-01T14:57:52","guid":{"rendered":"https:\/\/nfc-readers.com\/?post_type=product&#038;p=3372"},"modified":"2024-11-01T14:57:52","modified_gmt":"2024-11-01T14:57:52","slug":"13-56mhz-iso14443a-anti-fake-ntag-424-tamper-nfc-sticker","status":"publish","type":"product","link":"https:\/\/nfc-readers.com\/pt\/ic-reader\/13-56mhz-iso14443a-anti-fake-ntag-424-tamper-nfc-sticker\/","title":{"rendered":"Adesivo anti-falsifica\u00e7\u00e3o NTAG 424 NFC 13,56 MHZ ISO14443A"},"content":{"rendered":"<h1 style=\"text-align: center;\"><strong>Adesivo anti-falsifica\u00e7\u00e3o NTAG 424 NFC 13,56 MHZ ISO14443A<\/strong><\/h1>\n<p>&nbsp;<\/p>\n<p>O\u00a0<strong>Adesivo anti-falsifica\u00e7\u00e3o NTAG 424 NFC ISO14443A de 13,56 MHz<\/strong>\u00a0representa uma solu\u00e7\u00e3o de ponta em autentica\u00e7\u00e3o digital e tecnologia anti-falsifica\u00e7\u00e3o. Projetado com recursos avan\u00e7ados, este adesivo NFC aproveita o poder da comunica\u00e7\u00e3o RFID e \u00e9 incorporado com o chip NTAG424 DNA, que permite que empresas e indiv\u00edduos protejam produtos e informa\u00e7\u00f5es confidenciais contra amea\u00e7as de falsifica\u00e7\u00e3o.<\/p>\n<p>No mercado atual, garantir a autenticidade dos produtos \u00e9 crucial, e esta etiqueta NFC oferece \u00e0s empresas uma maneira acess\u00edvel e eficaz de fazer isso. Seja voc\u00ea um varejista que busca aumentar a seguran\u00e7a do produto ou um indiv\u00edduo que deseja verificar a autenticidade dos produtos, investir em nossos adesivos NTAG 424 NFC \u00e9 uma escolha inteligente.<\/p>\n<p>&nbsp;<\/p>\n<h3><strong>Caracter\u00edsticas e benef\u00edcios do produto<\/strong><\/h3>\n<p>&nbsp;<\/p>\n<h3>1. Tecnologia avan\u00e7ada anti-falsifica\u00e7\u00e3o<\/h3>\n<p>O\u00a0<strong>Etiqueta NFC de DNA NTAG 424<\/strong>\u00a0utiliza tecnologia anti-falsifica\u00e7\u00e3o de ponta que permite aos usu\u00e1rios verificar a autenticidade do produto perfeitamente. A prote\u00e7\u00e3o de senha integrada e a comunica\u00e7\u00e3o criptografada segura garantem que apenas usu\u00e1rios autorizados possam acessar informa\u00e7\u00f5es confidenciais. Quer voc\u00ea esteja usando-o para itens de marca, mercadorias colecion\u00e1veis ou at\u00e9 mesmo pertences pessoais, este adesivo NFC oferece tranquilidade sabendo que cada etiqueta \u00e9 \u00e0 prova de viola\u00e7\u00e3o.<\/p>\n<ul>\n<li><strong>Recursos de seguran\u00e7a incorporados:<\/strong>\u00a0O chip NTAG 424 incorpora diversas op\u00e7\u00f5es de criptografia para proteger seus dados de forma eficaz.<\/li>\n<li><strong>Acesso f\u00e1cil de usar:<\/strong>\u00a0Os consumidores podem verificar a autenticidade com um simples toque, o que torna tudo mais f\u00e1cil.<\/li>\n<\/ul>\n<h3>2. Interface de comunica\u00e7\u00e3o vers\u00e1til<\/h3>\n<p>Constru\u00eddo no protocolo ISO 14443A, nosso adesivo NFC suporta ambos\u00a0<strong>RFID<\/strong>\u00a0e interfaces de comunica\u00e7\u00e3o NFC, tornando-o compat\u00edvel com uma ampla gama de dispositivos, incluindo smartphones, tablets e leitores habilitados para NFC. Essa versatilidade garante que os clientes possam acessar facilmente as informa\u00e7\u00f5es do produto, aumentando o engajamento e a fidelidade do cliente.<\/p>\n<ul>\n<li><strong>Dispositivos compat\u00edveis:<\/strong>\u00a0Funciona perfeitamente com Android, iPhone e outros dispositivos NFC.<\/li>\n<li><strong>Experi\u00eancia de usu\u00e1rio aprimorada:<\/strong>\u00a0Os clientes podem interagir com os produtos sem esfor\u00e7o.<\/li>\n<\/ul>\n<h3>3. Op\u00e7\u00f5es de tamanho personalizado<\/h3>\n<p>Enquanto o\u00a0<strong>Adesivo NFC NTAG 424 Tamper<\/strong>\u00a0est\u00e1 dispon\u00edvel em tamanhos padr\u00e3o, oferecemos personaliza\u00e7\u00e3o para atender necessidades espec\u00edficas. As op\u00e7\u00f5es incluem:<\/p>\n<ul>\n<li><strong>Op\u00e7\u00f5es de di\u00e2metro:<\/strong>\u00a0Tamanhos configur\u00e1veis, incluindo 25 mm e 45 mm x 30 mm.<\/li>\n<li><strong>Variedade de formas:<\/strong>\u00a0Contornos retangulares, circulares ou personalizados para complementar a est\u00e9tica da sua marca.<\/li>\n<\/ul>\n<p>Essas diversas op\u00e7\u00f5es de tamanho e formato permitem que as empresas criem experi\u00eancias de marca exclusivas, garantindo que seus produtos se destaquem nas prateleiras.<\/p>\n<h3>4.Material dur\u00e1vel e confi\u00e1vel<\/h3>\n<p>Feitos de papel revestido e PET, esses adesivos NFC s\u00e3o projetados para durabilidade e confiabilidade em v\u00e1rias condi\u00e7\u00f5es ambientais. Seu material robusto \u00e9 resistente ao desgaste, tornando-os adequados para aplica\u00e7\u00f5es internas e externas.<\/p>\n<ul>\n<li><strong>Op\u00e7\u00f5es \u00e0 prova d&#039;\u00e1gua:<\/strong>\u00a0Aumenta a durabilidade e a longevidade, sendo perfeito para produtos expostos \u00e0 umidade.<\/li>\n<li><strong>Qualidade do adesivo:<\/strong>\u00a0A forte ades\u00e3o garante que os adesivos permane\u00e7am intactos em diversas superf\u00edcies.<\/li>\n<\/ul>\n<p>&nbsp;<\/p>\n<h3><strong>Especifica\u00e7\u00f5es t\u00e9cnicas<\/strong><\/h3>\n<p>&nbsp;<\/p>\n<table class=\"w-fit !mb-0 !max-w-none\" style=\"height: 373px;\" width=\"446\">\n<thead>\n<tr>\n<th>Recurso<\/th>\n<th>Especifica\u00e7\u00e3o<\/th>\n<\/tr>\n<\/thead>\n<tbody>\n<tr>\n<td>Frequ\u00eancia<\/td>\n<td>13,56 MHz<\/td>\n<\/tr>\n<tr>\n<td>Protocolo<\/td>\n<td>ISO 14443A<\/td>\n<\/tr>\n<tr>\n<td>Lasca<\/td>\n<td>DNA NTAG424<\/td>\n<\/tr>\n<tr>\n<td>Material<\/td>\n<td>Papel revestido, PET<\/td>\n<\/tr>\n<tr>\n<td>Op\u00e7\u00f5es de tamanho<\/td>\n<td>Di\u00e2metro 25mm, 45mm x 30mm (personalizado)<\/td>\n<\/tr>\n<tr>\n<td>Dist\u00e2ncia de leitura<\/td>\n<td>1-10 cm<\/td>\n<\/tr>\n<tr>\n<td>Op\u00e7\u00f5es de impress\u00e3o<\/td>\n<td>CMYK, Offset, Serigrafia<\/td>\n<\/tr>\n<tr>\n<td>Lugar de origem<\/td>\n<td>Guangdong, China<\/td>\n<\/tr>\n<tr>\n<td>Marca<\/td>\n<td>SHUNXIN<\/td>\n<\/tr>\n<tr>\n<td>N\u00famero do modelo<\/td>\n<td>SX-NFC<\/td>\n<\/tr>\n<tr>\n<td>Unidades de venda<\/td>\n<td>Item \u00fanico<\/td>\n<\/tr>\n<tr>\n<td>Tamanho do pacote<\/td>\n<td>0,3 x 0,3 x 0,02 cm<\/td>\n<\/tr>\n<tr>\n<td>Peso bruto<\/td>\n<td>0,001 kg<\/td>\n<\/tr>\n<\/tbody>\n<\/table>\n<h3><\/h3>\n<h3><strong>Perguntas Frequentes (FAQs)<\/strong><\/h3>\n<p><strong>P: Posso personalizar o tamanho do adesivo NFC?<\/strong><br \/>\n<strong>UM:<\/strong>\u00a0Sim, oferecemos personaliza\u00e7\u00e3o para o tamanho dos adesivos NFC. Embora os tamanhos padr\u00e3o incluam um di\u00e2metro de 25 mm e 45 mm x 30 mm, voc\u00ea pode solicitar dimens\u00f5es espec\u00edficas para atender \u00e0s suas necessidades.<\/p>\n<hr \/>\n<p><strong>P: Como funciona o recurso antifalsifica\u00e7\u00e3o?<\/strong><br \/>\n<strong>UM:<\/strong>\u00a0O chip NTAG 424 DNA incorpora protocolos avan\u00e7ados de criptografia e autentica\u00e7\u00e3o. Quando um usu\u00e1rio escaneia o adesivo NFC com um dispositivo habilitado para NFC, ele verifica a integridade dos dados, permitindo que os usu\u00e1rios confirmem a autenticidade do produto.<\/p>\n<hr \/>\n<p><strong>P: Quais dispositivos s\u00e3o compat\u00edveis com o adesivo NTAG 424 NFC?<\/strong><br \/>\n<strong>UM:<\/strong>\u00a0Nossos adesivos NFC s\u00e3o compat\u00edveis com todos os dispositivos habilitados para NFC, incluindo a maioria dos smartphones e tablets modernos com Android e iOS. Basta garantir que seu dispositivo tenha recursos NFC habilitados.<\/p>\n<hr \/>\n<p><strong>P: Quais materiais s\u00e3o usados para produzir os adesivos NFC?<\/strong><br \/>\n<strong>UM:<\/strong>\u00a0Os adesivos s\u00e3o feitos de papel revestido e PET, proporcionando durabilidade e resist\u00eancia ao desgaste. Eles s\u00e3o projetados para manter a qualidade mesmo em v\u00e1rias condi\u00e7\u00f5es ambientais.<\/p>\n<p>&nbsp;<\/p>","protected":false},"excerpt":{"rendered":"<p>O Adesivo Anti-Fake NTAG 424 NFC Tamper ISO14443A de 13,56 MHz oferece recursos avan\u00e7ados anti-falsifica\u00e7\u00e3o, garantindo a autenticidade e a seguran\u00e7a do produto. Seu design compacto permite f\u00e1cil integra\u00e7\u00e3o em v\u00e1rios aplicativos, fornecendo funcionalidade NFC confi\u00e1vel para acesso seguro e transfer\u00eancia de dados.<\/p>","protected":false},"featured_media":3373,"template":"","meta":[],"product_brand":[],"product_cat":[48],"product_tag":[],"class_list":{"0":"post-3372","1":"product","2":"type-product","3":"status-publish","4":"has-post-thumbnail","6":"product_cat-nfc-stickers","8":"first","9":"instock","10":"shipping-taxable","11":"product-type-simple"},"_links":{"self":[{"href":"https:\/\/nfc-readers.com\/pt\/wp-json\/wp\/v2\/product\/3372","targetHints":{"allow":["GET"]}}],"collection":[{"href":"https:\/\/nfc-readers.com\/pt\/wp-json\/wp\/v2\/product"}],"about":[{"href":"https:\/\/nfc-readers.com\/pt\/wp-json\/wp\/v2\/types\/product"}],"wp:featuredmedia":[{"embeddable":true,"href":"https:\/\/nfc-readers.com\/pt\/wp-json\/wp\/v2\/media\/3373"}],"wp:attachment":[{"href":"https:\/\/nfc-readers.com\/pt\/wp-json\/wp\/v2\/media?parent=3372"}],"wp:term":[{"taxonomy":"product_brand","embeddable":true,"href":"https:\/\/nfc-readers.com\/pt\/wp-json\/wp\/v2\/product_brand?post=3372"},{"taxonomy":"product_cat","embeddable":true,"href":"https:\/\/nfc-readers.com\/pt\/wp-json\/wp\/v2\/product_cat?post=3372"},{"taxonomy":"product_tag","embeddable":true,"href":"https:\/\/nfc-readers.com\/pt\/wp-json\/wp\/v2\/product_tag?post=3372"}],"curies":[{"name":"wp","href":"https:\/\/api.w.org\/{rel}","templated":true}]}}