{"id":3379,"date":"2024-11-02T11:48:42","date_gmt":"2024-11-02T11:48:42","guid":{"rendered":"https:\/\/nfc-readers.com\/?post_type=product&#038;p=3379"},"modified":"2024-11-04T08:54:15","modified_gmt":"2024-11-04T08:54:15","slug":"custom-ntag-215-digital-smart-nfc-business-card","status":"publish","type":"product","link":"https:\/\/nfc-readers.com\/pt\/ic-reader\/custom-ntag-215-digital-smart-nfc-business-card\/","title":{"rendered":"Cart\u00e3o de visita NFC inteligente digital NTAG 215 personalizado"},"content":{"rendered":"<h1><span style=\"color: #000080;\"><strong>Cart\u00e3o de visita NFC inteligente digital NTAG 215 personalizado<\/strong><\/span><\/h1>\n<p><span style=\"color: #666699;\">Revolucionando o NetworkingNo mundo digital acelerado de hoje, causar uma impress\u00e3o memor\u00e1vel \u00e9 essencial. <strong>Cart\u00e3o de visita digital inteligente NFC NTAG215 personalizado<\/strong>\u00a0oferece uma solu\u00e7\u00e3o inovadora para profissionais que buscam se destacar e compartilhar suas informa\u00e7\u00f5es de contato de forma eficiente e moderna. Projetado para funcionar perfeitamente com v\u00e1rios dispositivos, este cart\u00e3o transforma uma abordagem de rede tradicional em uma experi\u00eancia elegante e tecnol\u00f3gica.<\/span><\/p>\n<p>&nbsp;<\/p>\n<h2 style=\"text-align: center;\"><span style=\"color: #000080;\"><em><strong>Benef\u00edcios do cart\u00e3o de visita NFC NTAG215 personalizado<\/strong><\/em><\/span><\/h2>\n<p><span style=\"color: #666699;\">O\u00a0<strong>Cart\u00e3o de visita digital inteligente NFC NTAG215 personalizado<\/strong>\u00a0fornece uma mistura \u00fanica de conveni\u00eancia, durabilidade e funcionalidade. Alguns benef\u00edcios principais incluem:<\/span><\/p>\n<ol>\n<li><strong>Conectividade instant\u00e2nea<\/strong>: Simplesmente encostar o cart\u00e3o em um dispositivo habilitado para NFC permite que seus clientes em potencial ou conex\u00f5es acessem instantaneamente suas informa\u00e7\u00f5es de contato, perfis de m\u00eddia social ou material promocional. Chega de ficar mexendo na carteira ou bolsa.<\/li>\n<li><strong>Dur\u00e1vel e \u00e0 prova d&#039;\u00e1gua<\/strong>: Feito de PVC de alta qualidade, este cart\u00e3o possui caracter\u00edsticas \u00e0 prova d&#039;\u00e1gua e de intemp\u00e9ries, garantindo que ele resista ao desgaste di\u00e1rio.<\/li>\n<li><strong>Design personaliz\u00e1vel<\/strong>: Op\u00e7\u00f5es de personaliza\u00e7\u00e3o, como estilos de impress\u00e3o exclusivos e acabamentos como transpar\u00eancia fosca, brilhante ou fosca, permitem que voc\u00ea expresse totalmente a identidade da sua marca.<\/li>\n<\/ol>\n<hr \/>\n<h2 style=\"text-align: center;\"><em><span style=\"color: #000080;\"><strong>Esbo\u00e7o do produto<\/strong><\/span><\/em><\/h2>\n<h3><span style=\"color: #333399;\"><strong>1. O que \u00e9 o cart\u00e3o de visita NFC NTAG215 personalizado?<\/strong><\/span><\/h3>\n<p><span style=\"color: #666699;\">O\u00a0<strong>Cart\u00e3o de visita digital inteligente NFC NTAG215 personalizado<\/strong>\u00a0\u00e9 uma ferramenta de rede moderna incorporada com tecnologia NFC avan\u00e7ada. Este cart\u00e3o \u00e9 um cart\u00e3o totalmente funcional\u00a0<strong>RFID<\/strong>\u00a0dispositivo trabalhando em uma frequ\u00eancia de\u00a0<strong>13,56 MHz<\/strong>. Os usu\u00e1rios podem criar uma experi\u00eancia digital personalizada programando este cart\u00e3o para v\u00e1rias a\u00e7\u00f5es, como vincular a um site ou salvar informa\u00e7\u00f5es de contato.<\/span><\/p>\n<p>&nbsp;<\/p>\n<h3><span style=\"color: #333399;\"><strong>2. Principais atributos do cart\u00e3o NTAG215 NFC<\/strong><\/span><\/h3>\n<h3><strong>Este cart\u00e3o de visita NFC inclui v\u00e1rios atributos importantes:<\/strong><\/h3>\n<ul>\n<li><strong>Tecnologia de Chip<\/strong>: Equipado com o chip NTAG215, que \u00e9 uma marca registrada da NXP, este cart\u00e3o suporta funcionalidades de leitura e grava\u00e7\u00e3o.<\/li>\n<li><strong>Dist\u00e2ncia de leitura<\/strong>:O cart\u00e3o pode ser lido efetivamente a uma dist\u00e2ncia de\u00a0<strong>1-20 cm<\/strong>, proporcionando flexibilidade de uso.<\/li>\n<li><strong>Tamanho e espessura<\/strong>:As dimens\u00f5es do cart\u00e3o s\u00e3o\u00a0<strong>85,5 x 54 x 0,84 mm<\/strong>, tornando-o o tamanho padr\u00e3o para f\u00e1cil transporte.<\/li>\n<\/ul>\n<p>&nbsp;<\/p>\n<h3 style=\"text-align: left;\"><span style=\"color: #333399;\"><strong>3. Especifica\u00e7\u00f5es t\u00e9cnicas<\/strong><\/span><\/h3>\n<div class=\"table-with-header rounded-lg border border-solid border-grey-line2-normal w-fit max-w-full mb-2\">\n<div class=\"table-with-header rounded-lg border border-solid border-grey-line2-normal w-fit max-w-full mb-2\">\n<div class=\"overflow-x-auto custom-scrollbar custom-scrollbar-float max-w-full\">\n<table class=\"w-fit !mb-0 !max-w-none\">\n<thead>\n<tr>\n<th><strong>Especifica\u00e7\u00e3o<\/strong><\/th>\n<th><strong>Detalhes<\/strong><\/th>\n<\/tr>\n<\/thead>\n<tbody>\n<tr>\n<td><strong>Tipo de chip<\/strong><\/td>\n<td>NTAG\u00ae215<\/td>\n<\/tr>\n<tr>\n<td><strong>Frequ\u00eancia de opera\u00e7\u00e3o<\/strong><\/td>\n<td>13,56 MHz<\/td>\n<\/tr>\n<tr>\n<td><strong>Interface de comunica\u00e7\u00e3o<\/strong><\/td>\n<td>RFID<\/td>\n<\/tr>\n<tr>\n<td><strong>Material<\/strong><\/td>\n<td>PVC<\/td>\n<\/tr>\n<tr>\n<td><strong>Tamanho do cart\u00e3o<\/strong><\/td>\n<td>85,5 x 54 x 0,84 mm<\/td>\n<\/tr>\n<tr>\n<td><strong>Dist\u00e2ncia de leitura<\/strong><\/td>\n<td>2-10 cm<\/td>\n<\/tr>\n<tr>\n<td><strong>Capacidade de armazenamento<\/strong><\/td>\n<td>540 bytes (com aproximadamente 120 bytes dispon\u00edveis para dados do usu\u00e1rio)<\/td>\n<\/tr>\n<tr>\n<td><strong>Temperatura de opera\u00e7\u00e3o<\/strong><\/td>\n<td>+20\u00b0C a +80\u00b0C<\/td>\n<\/tr>\n<tr>\n<td><strong>Temperatura de armazenamento<\/strong><\/td>\n<td>-25\u00b0C a +70\u00b0C<\/td>\n<\/tr>\n<tr>\n<td><strong>Grossura<\/strong><\/td>\n<td>0,84 mil\u00edmetros<\/td>\n<\/tr>\n<tr>\n<td><strong>Acabamento de superf\u00edcie<\/strong><\/td>\n<td>Fosco, Brilhante, Fosco, Transparente (op\u00e7\u00f5es personaliz\u00e1veis)<\/td>\n<\/tr>\n<tr>\n<td><strong>Protocolo<\/strong><\/td>\n<td>Norma ISO\/IEC 14443A<\/td>\n<\/tr>\n<tr>\n<td><strong>Classifica\u00e7\u00e3o de resist\u00eancia \u00e0 \u00e1gua<\/strong><\/td>\n<td>IP68 (\u00e0 prova d&#039;\u00e1gua e poeira)<\/td>\n<\/tr>\n<tr>\n<td><strong>Compatibilidade<\/strong><\/td>\n<td>Compat\u00edvel com todos os dispositivos habilitados para NFC<\/td>\n<\/tr>\n<tr>\n<td><strong>Op\u00e7\u00f5es de personaliza\u00e7\u00e3o<\/strong><\/td>\n<td>V\u00e1rias op\u00e7\u00f5es de impress\u00e3o (coloridas, monocrom\u00e1ticas) dispon\u00edveis<\/td>\n<\/tr>\n<tr>\n<td><strong>Impacto Ambiental<\/strong><\/td>\n<td>Fabricado usando processos ecol\u00f3gicos, aderindo aos padr\u00f5es de sustentabilidade<\/td>\n<\/tr>\n<tr>\n<td><strong>Formul\u00e1rios<\/strong><\/td>\n<td>Ideal para profissionais de v\u00e1rios setores (vendas, imobili\u00e1rio, eventos, etc.)<\/td>\n<\/tr>\n<tr>\n<td><strong>Caracter\u00edsticas adicionais<\/strong><\/td>\n<td>Facilmente program\u00e1vel via NFC para altera\u00e7\u00e3o de dados, suporta links de m\u00eddia social<\/td>\n<\/tr>\n<tr>\n<td><strong>Vida \u00fatil<\/strong><\/td>\n<td>5 anos<\/td>\n<\/tr>\n<\/tbody>\n<\/table>\n<\/div>\n<\/div>\n<p><span style=\"color: #282828;\">Esta tabela fornece uma vis\u00e3o geral abrangente do\u00a0<strong>Cart\u00e3o de visita digital inteligente NFC NTAG215 personalizado<\/strong>, ajudando os clientes a entender detalhadamente os recursos e benef\u00edcios do produto.<\/span><\/p>\n<p>&nbsp;<\/p>\n<\/div>\n<h2 style=\"text-align: center;\"><em><span style=\"color: #000080;\"><strong>Pr\u00e1ticas Ecol\u00f3gicas<\/strong><\/span><\/em><\/h2>\n<p style=\"text-align: left;\"><span style=\"color: #666699;\"><strong>Embora a tecnologia seja essencial, o compromisso com o meio ambiente tamb\u00e9m \u00e9. O Custom NTAG215 Digital Smart NFC Business Card \u00e9 fabricado usando processos ecologicamente corretos, minimizando seu impacto ambiental.<\/strong><\/span><\/p>\n<p>&nbsp;<\/p>\n<h2 style=\"text-align: center;\"><em><span style=\"color: #000080;\"><strong>Aplica\u00e7\u00f5es do mundo real<\/strong><\/span><\/em><\/h2>\n<p style=\"text-align: left;\"><span style=\"color: #666699;\"><strong>Profissionais de v\u00e1rios setores podem usar esses cart\u00f5es de visita NFC. N\u00e3o importa se voc\u00ea est\u00e1 em vendas, im\u00f3veis ou qualquer fun\u00e7\u00e3o de atendimento ao cliente, ter um cart\u00e3o inteligente pode melhorar seu jogo de networking.<\/strong><\/span><\/p>\n<p>&nbsp;<\/p>\n<h2 style=\"text-align: center;\"><em><span style=\"color: #000080;\"><strong>Avalia\u00e7\u00f5es e depoimentos de clientes<\/strong><\/span><\/em><\/h2>\n<p>Os clientes elogiam a conveni\u00eancia e o apelo moderno do\u00a0<strong>Cart\u00e3o de visita digital inteligente NFC NTAG215 personalizado<\/strong>. As avalia\u00e7\u00f5es destacam a facilidade de uso e o design impressionante como principais contribuintes para seu sucesso na rede.<\/p>\n<blockquote><p>\u201cAdoro como posso compartilhar minhas informa\u00e7\u00f5es facilmente! Toda vez que entrego meu cart\u00e3o, recebo elogios. Isso tornou o networking muito mais f\u00e1cil!\u201d \u2013 Jessica H.<\/p>\n<p>&nbsp;<\/p><\/blockquote>\n<h2 style=\"text-align: center;\"><span style=\"color: #000080;\"><em><strong>Perguntas frequentes<\/strong><\/em><\/span><\/h2>\n<p><span style=\"color: #008080;\"><strong>P: O cart\u00e3o \u00e9 compat\u00edvel com todos os smartphones?<\/strong><\/span><\/p>\n<p>R: Sim, o <strong>Cart\u00e3o de visita NFC NTAG215 personalizado<\/strong>\u00a0\u00e9 compat\u00edvel com todos os smartphones e dispositivos habilitados para NFC, o que o torna vers\u00e1til para redes modernas.<\/p>\n<p><span style=\"color: #008080;\"><strong>P: Posso personalizar o design do cart\u00e3o?<\/strong><\/span><\/p>\n<p>R: Com certeza! Voc\u00ea pode personalizar o design do cart\u00e3o com v\u00e1rias op\u00e7\u00f5es de impress\u00e3o, cores e acabamentos para refletir sua identidade pessoal ou de marca.<\/p>","protected":false},"excerpt":{"rendered":"<p>Transforme a rede com o cart\u00e3o de visita NFC NTAG215 personalizado, permitindo o compartilhamento instant\u00e2neo de informa\u00e7\u00f5es de contato com um simples toque, tudo em um design dur\u00e1vel e personaliz\u00e1vel.<\/p>","protected":false},"featured_media":3380,"template":"","meta":[],"product_brand":[],"product_cat":[46],"product_tag":[],"class_list":{"0":"post-3379","1":"product","2":"type-product","3":"status-publish","4":"has-post-thumbnail","6":"product_cat-nfc-cards","8":"first","9":"instock","10":"shipping-taxable","11":"product-type-simple"},"_links":{"self":[{"href":"https:\/\/nfc-readers.com\/pt\/wp-json\/wp\/v2\/product\/3379","targetHints":{"allow":["GET"]}}],"collection":[{"href":"https:\/\/nfc-readers.com\/pt\/wp-json\/wp\/v2\/product"}],"about":[{"href":"https:\/\/nfc-readers.com\/pt\/wp-json\/wp\/v2\/types\/product"}],"wp:featuredmedia":[{"embeddable":true,"href":"https:\/\/nfc-readers.com\/pt\/wp-json\/wp\/v2\/media\/3380"}],"wp:attachment":[{"href":"https:\/\/nfc-readers.com\/pt\/wp-json\/wp\/v2\/media?parent=3379"}],"wp:term":[{"taxonomy":"product_brand","embeddable":true,"href":"https:\/\/nfc-readers.com\/pt\/wp-json\/wp\/v2\/product_brand?post=3379"},{"taxonomy":"product_cat","embeddable":true,"href":"https:\/\/nfc-readers.com\/pt\/wp-json\/wp\/v2\/product_cat?post=3379"},{"taxonomy":"product_tag","embeddable":true,"href":"https:\/\/nfc-readers.com\/pt\/wp-json\/wp\/v2\/product_tag?post=3379"}],"curies":[{"name":"wp","href":"https:\/\/api.w.org\/{rel}","templated":true}]}}