{"id":3386,"date":"2024-11-02T12:57:27","date_gmt":"2024-11-02T12:57:27","guid":{"rendered":"https:\/\/nfc-readers.com\/?post_type=product&#038;p=3386"},"modified":"2024-11-04T08:53:34","modified_gmt":"2024-11-04T08:53:34","slug":"rfid-design-music-event-event-staff-pvc-nfc-card","status":"publish","type":"product","link":"https:\/\/nfc-readers.com\/pt\/ic-reader\/rfid-design-music-event-event-staff-pvc-nfc-card\/","title":{"rendered":"Cart\u00e3o NFC de PVC para evento musical"},"content":{"rendered":"<h1 style=\"text-align: left;\"><span style=\"color: #000080;\"><strong>Cart\u00e3o NFC de PVC para evento musical<\/strong><\/span><\/h1>\n<div class=\"table-with-header rounded-lg border border-solid border-grey-line2-normal w-fit max-w-full mb-2\">\n<div class=\"h-8 items-center flex justify-between px-2 text-xs border-0 border-b border-solid border-grey-line2-normal\">\n<div class=\"text-text-primary-3 flex items-center gap-1\">\n<h3 style=\"text-align: left;\"><span style=\"color: #008080;\"><strong>Desbloqueie o poder do gerenciamento de eventos cont\u00ednuo<\/strong><\/span><\/h3>\n<p style=\"text-align: left;\"><strong><span style=\"color: #666699;\">Como organizador de eventos, voc\u00ea sabe que o controle de acesso cont\u00ednuo e o gerenciamento eficiente de multid\u00f5es s\u00e3o as chaves para um evento de sucesso. O Cart\u00e3o NFC de PVC para Evento Musical \u00e9 a solu\u00e7\u00e3o que voc\u00ea estava procurando, revolucionando a maneira como voc\u00ea gerencia seus festivais de m\u00fasica, exibi\u00e7\u00f5es e f\u00f3runs.<\/span><\/strong><\/p>\n<p style=\"text-align: left;\"><strong><span style=\"color: #666699;\">Feitos com tecnologia l\u00edder do setor e durabilidade incompar\u00e1vel, esses cart\u00f5es NFC oferecem um pacote abrangente de recursos que elevar\u00e3o sua experi\u00eancia de evento. Da autentica\u00e7\u00e3o de identidade confi\u00e1vel ao controle di\u00e1rio suave de visitantes, o Cart\u00e3o NFC de PVC para Evento Musical \u00e9 a ferramenta essencial que voc\u00ea precisa para levar seu gerenciamento de eventos para o pr\u00f3ximo n\u00edvel.<\/span><\/strong><\/p>\n<h2 style=\"text-align: left;\"><span style=\"color: #000080;\"><em><strong>Esbo\u00e7o do produto<\/strong><\/em><\/span><\/h2>\n<h3 style=\"text-align: left;\"><span style=\"color: #333399;\"><strong>1. Principais atributos: <\/strong><\/span><\/h3>\n<h3 style=\"text-align: left;\"><span style=\"color: #333399;\"><strong>Qualidade e seguran\u00e7a intransigentes<\/strong><\/span><\/h3>\n<p style=\"text-align: left;\">O Cart\u00e3o NFC de PVC para Evento Musical \u00e9 constru\u00eddo para suportar os rigores de ambientes de alto tr\u00e1fego. Feito de dur\u00e1vel\u00a0<strong>PVC<\/strong>, esses cart\u00f5es s\u00e3o projetados para resistir ao desgaste, garantindo confiabilidade a longo prazo, mesmo nas condi\u00e7\u00f5es mais exigentes.<\/p>\n<h3 style=\"text-align: left;\"><strong><span style=\"color: #333399;\">2. Vantagens espec\u00edficas da ind\u00fastria: <\/span><\/strong><\/h3>\n<h3 style=\"text-align: left;\"><strong><span style=\"color: #333399;\">Feito sob medida para organizadores de eventos<\/span><\/strong><\/h3>\n<p style=\"text-align: left;\">Projetado com as necessidades exclusivas dos organizadores de eventos em mente, <strong>Cart\u00e3o NFC de PVC para Evento Musical<\/strong>\u00a0oferece um conjunto de recursos que se integram perfeitamente aos sistemas de controle de acesso e agilizam o gerenciamento de multid\u00f5es.<\/p>\n<p>&nbsp;<\/p>\n<h3><span style=\"color: #333399;\"><strong>3. Caracter\u00edsticas<\/strong><\/span><\/h3>\n<\/div>\n<\/div>\n<\/div>\n<div class=\"table-with-header rounded-lg border border-solid border-grey-line2-normal w-fit max-w-full mb-2\">\n<div class=\"overflow-x-auto custom-scrollbar custom-scrollbar-float max-w-full\">\n<table class=\"w-fit !mb-0 !max-w-none\">\n<thead>\n<tr>\n<th><strong>Categoria<\/strong><\/th>\n<th><strong>Detalhes<\/strong><\/th>\n<\/tr>\n<\/thead>\n<tbody>\n<tr>\n<td><strong>Material<\/strong><\/td>\n<td>PVC de alta qualidade, dur\u00e1vel para uso a longo prazo.<\/td>\n<\/tr>\n<tr>\n<td><strong>Tecnologia de Chip<\/strong><\/td>\n<td>Chips compat\u00edveis com NFC (Ntag213, Ntag215, Ntag216) para maior seguran\u00e7a.<\/td>\n<\/tr>\n<tr>\n<td><strong>Durabilidade<\/strong><\/td>\n<td>\u00c0 prova d&#039;\u00e1gua e resistente \u00e0s intemp\u00e9ries para eventos ao ar livre.<\/td>\n<\/tr>\n<tr>\n<td><strong>Frequ\u00eancia<\/strong><\/td>\n<td>13,56 MHz<\/td>\n<\/tr>\n<tr>\n<td><strong>Dist\u00e2ncia de leitura<\/strong><\/td>\n<td>0-10 cm<\/td>\n<\/tr>\n<tr>\n<td><strong>Op\u00e7\u00f5es de tamanho<\/strong><\/td>\n<td>Tamanhos personalizados: 70x100mm, 80x120mm, 85,5x54mm<\/td>\n<\/tr>\n<tr>\n<td><strong>Op\u00e7\u00f5es de espessura<\/strong><\/td>\n<td>0,76 mm a 0,85 mm<\/td>\n<\/tr>\n<tr>\n<td><strong>M\u00e9todo de impress\u00e3o<\/strong><\/td>\n<td>Impress\u00e3o CMYK em quatro cores, offset e serigrafia.<\/td>\n<\/tr>\n<tr>\n<td><strong>Acabamento de superf\u00edcie<\/strong><\/td>\n<td>Op\u00e7\u00f5es brilhantes, foscas ou foscas dispon\u00edveis.<\/td>\n<\/tr>\n<tr>\n<td><strong>Verifica\u00e7\u00e3o de identidade<\/strong><\/td>\n<td>Suporta sistemas de controle de acesso para impedir entrada n\u00e3o autorizada.<\/td>\n<\/tr>\n<tr>\n<td><strong>Controle de visitantes<\/strong><\/td>\n<td>Gerenciamento eficiente do fluxo de participantes para eventos de v\u00e1rios dias.<\/td>\n<\/tr>\n<tr>\n<td><strong>Gest\u00e3o de Multid\u00f5es<\/strong><\/td>\n<td>Facilita processos de entrada tranquilos, reduzindo o tempo de espera.<\/td>\n<\/tr>\n<tr>\n<td><strong>Personaliza\u00e7\u00e3o<\/strong><\/td>\n<td>Designs personalizados para branding e temas de eventos.<\/td>\n<\/tr>\n<tr>\n<td><strong>Impacto Ambiental<\/strong><\/td>\n<td>Materiais ecol\u00f3gicos com op\u00e7\u00f5es de reciclagem.<\/td>\n<\/tr>\n<tr>\n<td><strong>Feedback do cliente<\/strong><\/td>\n<td>Avalia\u00e7\u00f5es de usu\u00e1rios destacando efic\u00e1cia e confiabilidade.<\/td>\n<\/tr>\n<tr>\n<td><\/td>\n<td><\/td>\n<\/tr>\n<\/tbody>\n<\/table>\n<\/div>\n<\/div>\n<div class=\"chat-list relative custom-scrollbar-reset-margin custom-scrollbar custom-scrollbar-hidden custom-scrollbar-float pb-9 flex-1 overflow-y-auto\">\n<div class=\"mx-auto max-w-[790px]\">\n<div class=\"message-item-outer relative px-4 mb-2\" data-id=\"d48d37b0-da1a-4c85-9917-d0c1a6993b41\">\n<div class=\"content-area pl-[0px]\">\n<div class=\"message-item select-text relative\">\n<div class=\"message-inner relative\">\n<div class=\"py-[2px]\">\n<div class=\"flex flex-col gap-2\">\n<div class=\"answer-markdown-box overflow-x-auto select-text custom-scrollbar\">\n<div class=\"markdown-body\">\n<h3><strong><span style=\"color: #333399;\">4. Interface de comunica\u00e7\u00e3o: <\/span><\/strong><\/h3>\n<h3><strong><span style=\"color: #333399;\">Aproveitando a tecnologia RFID e NFC<\/span><\/strong><\/h3>\n<p>Ao utilizar\u00a0<strong>Interfaces de comunica\u00e7\u00e3o RFID e NFC<\/strong>, o cart\u00e3o NFC de PVC para eventos musicais facilita a troca de dados r\u00e1pida e confi\u00e1vel entre o cart\u00e3o e os leitores, permitindo um controle de acesso suave e um gerenciamento eficiente do p\u00fablico.<\/p>\n<p>&nbsp;<\/p>\n<h3><span style=\"color: #333399;\"><strong>5. Frequ\u00eancia e dist\u00e2ncia de leitura: <\/strong><\/span><\/h3>\n<h3><span style=\"color: #333399;\"><strong>Otimizado para desempenho perfeito<\/strong><\/span><\/h3>\n<p>Operando em um\u00a0<strong>Frequ\u00eancia de 13,56 MHz<\/strong>\u00a0e ostentando um\u00a0<strong>Dist\u00e2ncia de leitura de 0-10 cm<\/strong>, esses cart\u00f5es NFC oferecem desempenho confi\u00e1vel, garantindo uma experi\u00eancia sem complica\u00e7\u00f5es para organizadores e participantes do evento.<\/p>\n<p>&nbsp;<\/p>\n<h3><strong><span style=\"color: #333399;\">6. Op\u00e7\u00f5es de personaliza\u00e7\u00e3o: <\/span><\/strong><\/h3>\n<h3><strong><span style=\"color: #333399;\">Feito sob medida para suas necessidades<\/span><\/strong><\/h3>\n<p>Oferecendo uma gama de\u00a0<strong>op\u00e7\u00f5es de tamanho e espessura<\/strong>, o cart\u00e3o NFC de PVC para eventos musicais pode ser personalizado para atender aos requisitos espec\u00edficos do seu evento, seja um festival de m\u00fasica em grande escala ou um f\u00f3rum intimista do setor.<\/p>\n<p>&nbsp;<\/p>\n<h3><strong><span style=\"color: #333399;\">7. Impress\u00e3o e acabamentos de superf\u00edcie: <\/span><\/strong><\/h3>\n<h3><strong><span style=\"color: #333399;\">Eleve sua marca<\/span><\/strong><\/h3>\n<p>Com\u00a0<strong>Impress\u00e3o CMYK 4C, offset e serigrafia<\/strong>\u00a0capacidades, esses cart\u00f5es NFC podem ser adornados com gr\u00e1ficos e logotipos vibrantes, complementados por uma escolha de\u00a0<strong>acabamentos de superf\u00edcie brilhantes, foscos ou foscos<\/strong>\u00a0para se alinhar \u00e0 est\u00e9tica da sua marca.<\/p>\n<p>&nbsp;<\/p>\n<h3><strong><span style=\"color: #333399;\">8. Impacto Ambiental: <\/span><\/strong><\/h3>\n<h3><strong><span style=\"color: #333399;\">Solu\u00e7\u00f5es Sustent\u00e1veis para Eventos<\/span><\/strong><\/h3>\n<p>Como organizadores de eventos, entendemos a import\u00e2ncia da responsabilidade ambiental. \u00c9 por isso que o Cart\u00e3o NFC de PVC para Evento Musical \u00e9 projetado com materiais ecol\u00f3gicos e op\u00e7\u00f5es de reciclagem, permitindo que voc\u00ea hospede seus eventos com foco na sustentabilidade.<\/p>\n<p>&nbsp;<\/p>\n<\/div>\n<\/div>\n<\/div>\n<\/div>\n<\/div>\n<\/div>\n<\/div>\n<\/div>\n<\/div>\n<\/div>\n<p>&nbsp;<\/p>\n<p><strong><span style=\"color: #008080;\">Esta tabela destaca os principais recursos e vantagens do cart\u00e3o NFC de PVC para eventos musicais, tornando-o uma ferramenta essencial para o gerenciamento eficaz de eventos. <\/span><\/strong><\/p>\n<h3><span style=\"color: #008000;\"><em><strong>Para mais informa\u00e7\u00f5es ou para solicitar amostras gr\u00e1tis, preencha o formul\u00e1rio de consulta e teremos prazer em ajud\u00e1-lo!<\/strong><\/em><\/span><\/h3>","protected":false},"excerpt":{"rendered":"<p>Eleve a experi\u00eancia do seu evento com o Cart\u00e3o NFC de PVC para Eventos Musicais \u2013 a solu\u00e7\u00e3o definitiva para controle de acesso perfeito e gerenciamento eficiente de multid\u00f5es.<\/p>","protected":false},"featured_media":3387,"template":"","meta":[],"product_brand":[],"product_cat":[46],"product_tag":[],"class_list":{"0":"post-3386","1":"product","2":"type-product","3":"status-publish","4":"has-post-thumbnail","6":"product_cat-nfc-cards","8":"first","9":"instock","10":"shipping-taxable","11":"product-type-simple"},"_links":{"self":[{"href":"https:\/\/nfc-readers.com\/pt\/wp-json\/wp\/v2\/product\/3386","targetHints":{"allow":["GET"]}}],"collection":[{"href":"https:\/\/nfc-readers.com\/pt\/wp-json\/wp\/v2\/product"}],"about":[{"href":"https:\/\/nfc-readers.com\/pt\/wp-json\/wp\/v2\/types\/product"}],"wp:featuredmedia":[{"embeddable":true,"href":"https:\/\/nfc-readers.com\/pt\/wp-json\/wp\/v2\/media\/3387"}],"wp:attachment":[{"href":"https:\/\/nfc-readers.com\/pt\/wp-json\/wp\/v2\/media?parent=3386"}],"wp:term":[{"taxonomy":"product_brand","embeddable":true,"href":"https:\/\/nfc-readers.com\/pt\/wp-json\/wp\/v2\/product_brand?post=3386"},{"taxonomy":"product_cat","embeddable":true,"href":"https:\/\/nfc-readers.com\/pt\/wp-json\/wp\/v2\/product_cat?post=3386"},{"taxonomy":"product_tag","embeddable":true,"href":"https:\/\/nfc-readers.com\/pt\/wp-json\/wp\/v2\/product_tag?post=3386"}],"curies":[{"name":"wp","href":"https:\/\/api.w.org\/{rel}","templated":true}]}}