{"id":3396,"date":"2024-11-03T02:56:29","date_gmt":"2024-11-03T02:56:29","guid":{"rendered":"https:\/\/nfc-readers.com\/?post_type=product&#038;p=3396"},"modified":"2024-11-03T02:56:30","modified_gmt":"2024-11-03T02:56:30","slug":"fast-read-encrypted-rfid-nfc-event-wristband-ntag215-mifare","status":"publish","type":"product","link":"https:\/\/nfc-readers.com\/pt\/ic-reader\/fast-read-encrypted-rfid-nfc-event-wristband-ntag215-mifare\/","title":{"rendered":"Pulseira de evento NFC RFID criptografada de leitura r\u00e1pida Ntag215 MIFARE"},"content":{"rendered":"<h1 style=\"text-align: center;\">Pulseira de evento NFC RFID criptografada de leitura r\u00e1pida Ntag215 MIFARE<\/h1>\n<p>&nbsp;<\/p>\n<p>Na era digital, o controle de acesso cont\u00ednuo e as solu\u00e7\u00f5es de transa\u00e7\u00f5es sem dinheiro tornaram-se essenciais para eventos de todos os tamanhos. Apresentando o <strong>Pulseira de evento NFC RFID criptografada de leitura r\u00e1pida Ntag215 MIFARE<\/strong>\u00a0de\u00a0<em>SXNFC<\/em>, a solu\u00e7\u00e3o definitiva para melhorar a experi\u00eancia do h\u00f3spede e garantir um gerenciamento eficiente de eventos. Projetada especificamente para v\u00e1rios eventos \u2014 de festivais de m\u00fasica e eventos esportivos a confer\u00eancias e cen\u00e1rios de controle de acesso \u2014 esta pulseira combina tecnologia de ponta com recursos f\u00e1ceis de usar.<\/p>\n<p>&nbsp;<\/p>\n<h3>Por que comprar a pulseira RFID NFC para eventos criptografada de leitura r\u00e1pida?<\/h3>\n<p>O\u00a0<strong>Ntag215 MIFARE<\/strong>\u00a0A pulseira RFID\/NFC \u00e9 um produto inovador que oferece in\u00fameros benef\u00edcios. Feita de PVC dur\u00e1vel e materiais tecidos, ela promete longevidade e confiabilidade. Sua funcionalidade de leitura r\u00e1pida garante tempos de espera reduzidos, melhorando o fluxo de visitantes nos pontos de entrada. Al\u00e9m disso, com seu design \u00e0 prova d&#039;\u00e1gua, voc\u00ea pode usar essas pulseiras com confian\u00e7a em eventos ao ar livre, parques aqu\u00e1ticos e muito mais, onde a exposi\u00e7\u00e3o \u00e0 umidade \u00e9 uma preocupa\u00e7\u00e3o.<\/p>\n<p>Com o\u00a0<strong>Pulseira NFC<\/strong>, voc\u00ea n\u00e3o est\u00e1 apenas comprando um produto; voc\u00ea est\u00e1 investindo em uma experi\u00eancia aprimorada para o participante. Essas pulseiras s\u00e3o ideais para transa\u00e7\u00f5es sem dinheiro, agilizando compras com solu\u00e7\u00f5es de pagamento sem contato. Voc\u00ea n\u00e3o precisar\u00e1 mais se preocupar em manusear dinheiro ou ingressos f\u00edsicos \u2014 tudo pode ser convenientemente gerenciado pela pulseira.<\/p>\n<p>&nbsp;<\/p>\n<h2>Caracter\u00edsticas especiais da pulseira RFID NFC Event<\/h2>\n<p>O\u00a0<strong>Pulseira de evento NFC RFID criptografada de leitura r\u00e1pida Ntag215 MIFARE<\/strong>\u00a0est\u00e1 repleto de recursos que o tornam uma escolha inteligente para qualquer ocasi\u00e3o.<\/p>\n<ul>\n<li><strong>Seguran\u00e7a \u00e0 prova de viola\u00e7\u00e3o:<\/strong>\u00a0Cada pulseira vem com tecnologia criptografada para proteger dados confidenciais, proporcionando tranquilidade tanto para os organizadores quanto para os participantes do evento.<\/li>\n<li><strong>Amigo do usu\u00e1rio:<\/strong>\u00a0As pulseiras s\u00e3o f\u00e1ceis de usar: basta encost\u00e1-las em um leitor habilitado para NFC e voc\u00ea ter\u00e1 acesso ou far\u00e1 um pagamento sem dinheiro.<\/li>\n<li><strong>Alcance de leitura:<\/strong>\u00a0Com uma dist\u00e2ncia de leitura de at\u00e9 10 cm, essas pulseiras operam de forma eficiente sem precisar de contato direto com o leitor.<\/li>\n<\/ul>\n<p>A combina\u00e7\u00e3o desses recursos especiais garante n\u00e3o apenas maior seguran\u00e7a, mas tamb\u00e9m melhora a experi\u00eancia geral do usu\u00e1rio.<\/p>\n<p>&nbsp;<\/p>\n<h2>Benef\u00edcios das transa\u00e7\u00f5es sem dinheiro com pulseiras NFC<\/h2>\n<p>O aumento dos pagamentos sem dinheiro est\u00e1 transformando rapidamente a ind\u00fastria de eventos. Aqui est\u00e3o os principais benef\u00edcios de usar\u00a0<strong>Pulseiras NFC<\/strong>\u00a0para transa\u00e7\u00f5es sem dinheiro:<\/p>\n<ul>\n<li><strong>Maior conveni\u00eancia:<\/strong>\u00a0Os h\u00f3spedes podem fazer compras com um simples toque na pulseira, tornando as transa\u00e7\u00f5es r\u00e1pidas e f\u00e1ceis.<\/li>\n<li><strong>Tempos de espera reduzidos:<\/strong>\u00a0Menos tempo gasto em filas significa melhor<\/li>\n<\/ul>\n<h2>Benef\u00edcios das transa\u00e7\u00f5es sem dinheiro com pulseiras NFC<\/h2>\n<p>O aumento dos pagamentos sem dinheiro est\u00e1 transformando rapidamente a ind\u00fastria de eventos. Aqui est\u00e3o os principais benef\u00edcios de usar\u00a0<strong>Pulseiras NFC<\/strong>\u00a0para transa\u00e7\u00f5es sem dinheiro:<\/p>\n<ul>\n<li><strong>Maior conveni\u00eancia:<\/strong>\u00a0Os h\u00f3spedes podem fazer compras com um simples toque na pulseira, tornando as transa\u00e7\u00f5es r\u00e1pidas e f\u00e1ceis.<\/li>\n<li><strong>Tempos de espera reduzidos:<\/strong>\u00a0Menos tempo gasto em filas significa melhor<\/li>\n<\/ul>\n<p>&nbsp;<\/p>\n<h3>Perguntas frequentes sobre pulseiras RFID NFC para eventos<\/h3>\n<h4>1.\u00a0<strong>O que s\u00e3o pulseiras de eventos RFID NFC?<\/strong><\/h4>\n<p>As pulseiras de eventos RFID NFC s\u00e3o dispositivos vest\u00edveis equipados com tecnologia de identifica\u00e7\u00e3o por radiofrequ\u00eancia (RFID) e Near Field Communication (NFC). Elas facilitam o controle de acesso seguro, transa\u00e7\u00f5es sem dinheiro e coleta de dados para eventos.<\/p>\n<h4>2.\u00a0<strong>Como funcionam as pulseiras RFID?<\/strong><\/h4>\n<p>As pulseiras RFID operam transmitindo informa\u00e7\u00f5es sem fio por ondas de r\u00e1dio para um leitor RFID. Quando um participante toca sua pulseira perto de um leitor, ela transmite dados para controle de acesso ou processamento de pagamento.<\/p>\n<h4>3.\u00a0<strong>De quais materiais s\u00e3o feitas as pulseiras RFID NFC?<\/strong><\/h4>\n<p>Nossas pulseiras RFID s\u00e3o feitas principalmente de PVC dur\u00e1vel e materiais tecidos, projetadas para serem \u00e0 prova d&#039;\u00e1gua e resistentes \u00e0s intemp\u00e9ries para suportar diversas condi\u00e7\u00f5es de eventos.<\/p>\n<h4>4.\u00a0<strong>Qual \u00e9 o benef\u00edcio de usar a tecnologia NFC em pulseiras?<\/strong><\/h4>\n<p>A tecnologia NFC permite transa\u00e7\u00f5es sem contato r\u00e1pidas e seguras, o que melhora a experi\u00eancia do h\u00f3spede ao reduzir o tempo de espera e minimizar a necessidade de dinheiro f\u00edsico ou ingressos.<\/p>\n<h4>5.\u00a0<strong>As pulseiras s\u00e3o personaliz\u00e1veis?<\/strong><\/h4>\n<p>Sim! Nossas pulseiras RFID podem ser personalizadas com a marca, logotipos e cores do seu evento para aumentar o engajamento dos participantes e promover seu evento.<\/p>","protected":false},"excerpt":{"rendered":"<p>A pulseira de evento NFC RFID criptografada de leitura r\u00e1pida Ntag215 MIFARE permite controle de acesso seguro e pagamentos sem dinheiro, aprimorando a experi\u00eancia do convidado em eventos. \u00c0 prova d&#039;\u00e1gua e personaliz\u00e1vel, garante confiabilidade e conveni\u00eancia para qualquer ocasi\u00e3o.<\/p>","protected":false},"featured_media":3397,"template":"","meta":[],"product_brand":[],"product_cat":[50],"product_tag":[],"class_list":{"0":"post-3396","1":"product","2":"type-product","3":"status-publish","4":"has-post-thumbnail","6":"product_cat-silicone-rfid-nfc-wristbands","8":"first","9":"instock","10":"shipping-taxable","11":"product-type-simple"},"_links":{"self":[{"href":"https:\/\/nfc-readers.com\/pt\/wp-json\/wp\/v2\/product\/3396","targetHints":{"allow":["GET"]}}],"collection":[{"href":"https:\/\/nfc-readers.com\/pt\/wp-json\/wp\/v2\/product"}],"about":[{"href":"https:\/\/nfc-readers.com\/pt\/wp-json\/wp\/v2\/types\/product"}],"wp:featuredmedia":[{"embeddable":true,"href":"https:\/\/nfc-readers.com\/pt\/wp-json\/wp\/v2\/media\/3397"}],"wp:attachment":[{"href":"https:\/\/nfc-readers.com\/pt\/wp-json\/wp\/v2\/media?parent=3396"}],"wp:term":[{"taxonomy":"product_brand","embeddable":true,"href":"https:\/\/nfc-readers.com\/pt\/wp-json\/wp\/v2\/product_brand?post=3396"},{"taxonomy":"product_cat","embeddable":true,"href":"https:\/\/nfc-readers.com\/pt\/wp-json\/wp\/v2\/product_cat?post=3396"},{"taxonomy":"product_tag","embeddable":true,"href":"https:\/\/nfc-readers.com\/pt\/wp-json\/wp\/v2\/product_tag?post=3396"}],"curies":[{"name":"wp","href":"https:\/\/api.w.org\/{rel}","templated":true}]}}