{"id":3403,"date":"2024-11-03T03:04:22","date_gmt":"2024-11-03T03:04:22","guid":{"rendered":"https:\/\/nfc-readers.com\/?post_type=product&#038;p=3403"},"modified":"2024-11-04T03:10:35","modified_gmt":"2024-11-04T03:10:35","slug":"silicone-wristband-smart-nfc-rfidtag-wristband-silicone-b","status":"publish","type":"product","link":"https:\/\/nfc-readers.com\/pt\/ic-reader\/silicone-wristband-smart-nfc-rfidtag-wristband-silicone-b\/","title":{"rendered":"Pulseira de silicone Smart NFC RFIDTag Pulseira de silicone B"},"content":{"rendered":"<h1 style=\"text-align: center;\"><strong>Pulseira de silicone Smart NFC RFIDTag Pulseira de silicone B<\/strong><\/h1>\n<p>&nbsp;<\/p>\n<p>O <strong>Pulseira de silicone inteligente NFC RFID Tag Pulseira de silicone B<\/strong>\u00a0\u00e9 um produto transformacional projetado para diversas aplica\u00e7\u00f5es, como gerenciamento de eventos, controle de acesso e solu\u00e7\u00f5es de pagamento sem dinheiro. Combinando inova\u00e7\u00e3o e praticidade, esta pulseira combina as tecnologias RFID e NFC para oferecer uma experi\u00eancia perfeita para usu\u00e1rios e organizadores de eventos. Com suas capacidades \u00e0 prova d&#039;\u00e1gua e design personaliz\u00e1vel, a pulseira RFID \u00e9 cronometrada perfeitamente para v\u00e1rias configura\u00e7\u00f5es, seja um festival de m\u00fasica, evento corporativo ou at\u00e9 mesmo uma visita a um parque aqu\u00e1tico. Optar por esta pulseira de ponta n\u00e3o s\u00f3 aumentar\u00e1 a efici\u00eancia operacional, mas tamb\u00e9m melhorar\u00e1 significativamente a experi\u00eancia geral do h\u00f3spede.<\/p>\n<p>&nbsp;<\/p>\n<h2>Vis\u00e3o geral da pulseira RFID<\/h2>\n<p>O\u00a0<strong>Pulseira RFID<\/strong>\u00a0\u00e9 projetado para controle de acesso r\u00e1pido, permitindo que os organizadores de eventos otimizem suas opera\u00e7\u00f5es. Utilizando tecnologia RFID avan\u00e7ada com uma frequ\u00eancia de\u00a0<strong>13,56 MHz<\/strong>, esses\u00a0<strong>pulseiras de silicone RFID<\/strong>\u00a0oferecem seguran\u00e7a e conveni\u00eancia. Projetado para ler dentro de um\u00a0<strong>2-5 cm<\/strong>\u00a0alcance, eles fornecem transmiss\u00e3o r\u00e1pida de dados adequada para diversas aplica\u00e7\u00f5es de eventos, desde festivais de m\u00fasica at\u00e9 reuni\u00f5es corporativas.<\/p>\n<p>Com recursos aprimorados, como\u00a0<strong>\u00e0 prova d&#039;\u00e1gua e resistente \u00e0s intemp\u00e9ries<\/strong>\u00a0materiais, esta pulseira garante durabilidade e confiabilidade, mesmo em ambientes externos. Os usu\u00e1rios podem aproveitar op\u00e7\u00f5es de pagamento sem dinheiro, aumentando a efici\u00eancia e reduzindo os tempos de espera para entrada e transa\u00e7\u00f5es.<\/p>\n<p>&nbsp;<\/p>\n<hr \/>\n<h2>Principais caracter\u00edsticas da pulseira RFID de silicone<\/h2>\n<p>O\u00a0<strong>Pulseira de silicone RFID<\/strong>\u00a0abrange uma variedade de recursos que o tornam uma escolha de destaque para organizadores de eventos e usu\u00e1rios.<\/p>\n<ul>\n<li><strong>\u00c0 prova d&#039;\u00e1gua\/\u00e0 prova de intemp\u00e9ries:<\/strong>\u00a0Diferentemente das pulseiras tradicionais, este modelo foi projetado para resistir \u00e0 umidade e suportar diversas condi\u00e7\u00f5es clim\u00e1ticas, o que o torna ideal para eventos ao ar livre, como shows e parques aqu\u00e1ticos.<\/li>\n<li><strong>Interface de comunica\u00e7\u00e3o:<\/strong>\u00a0Com integrado\u00a0<strong>NFC e RFID<\/strong>\u00a0capacidades, esta pulseira permite transa\u00e7\u00f5es e troca de dados sem interrup\u00e7\u00f5es. Os usu\u00e1rios podem acessar pagamentos sem dinheiro, destrancar portas e obter entrada em \u00e1reas restritas sem o inc\u00f4modo de t\u00edquetes f\u00edsicos ou identifica\u00e7\u00e3o.<\/li>\n<li><strong>Personaliza\u00e7\u00e3o:<\/strong>\u00a0Op\u00e7\u00f5es sob medida est\u00e3o dispon\u00edveis para tamanhos, cores e estilos de impress\u00e3o. Essa adaptabilidade permite que as marcas aumentem sua visibilidade por meio\u00a0<strong>serigrafia<\/strong>\u00a0e outras t\u00e9cnicas avan\u00e7adas de artesanato como\u00a0<strong>codifica\u00e7\u00e3o a laser e impress\u00e3o t\u00e9rmica<\/strong>.<\/li>\n<\/ul>\n<p>Essas caracter\u00edsticas especiais destacam n\u00e3o apenas a funcionalidade, mas uma experi\u00eancia envolvente do usu\u00e1rio.<\/p>\n<p>&nbsp;<\/p>\n<hr \/>\n<h2>Benef\u00edcios do uso de pulseiras RFID para eventos<\/h2>\n<p>Adotando\u00a0<strong>Pulseiras RFID para eventos<\/strong>\u00a0pode melhorar drasticamente o gerenciamento geral do evento:<\/p>\n<ol>\n<li><strong>Seguran\u00e7a aumentada:<\/strong>\u00a0A incorpora\u00e7\u00e3o de design \u00e0 prova de viola\u00e7\u00e3o garante que os dados contidos na pulseira permane\u00e7am seguros. Duplica\u00e7\u00e3o ou acesso n\u00e3o autorizado \u00e9 virtualmente imposs\u00edvel, tornando essas pulseiras uma excelente escolha para eventos de alto perfil que exigem medidas de seguran\u00e7a aprimoradas.<\/li>\n<li><strong>Coleta de dados:<\/strong>\u00a0Colete insights essenciais sobre o comportamento dos participantes, que podem ser utilizados para eventos futuros. Utilizando\u00a0<strong>Tecnologia RFID<\/strong>, os organizadores de eventos podem analisar padr\u00f5es e prefer\u00eancias de entrada, ajudando-os a personalizar ofertas futuras.<\/li>\n<li><strong>Tempos de espera reduzidos:<\/strong>\u00a0A efici\u00eancia oferecida pelas pulseiras RFID se traduz em filas mais curtas. Os participantes podem se mover rapidamente da entrada para o recinto do festival, melhorando sua experi\u00eancia e reduzindo a frustra\u00e7\u00e3o potencial.<\/li>\n<\/ol>\n<p>Com esses benef\u00edcios significativos, fica claro que\u00a0<strong>pulseiras de silicone RFID<\/strong>\u00a0n\u00e3o s\u00e3o apenas uma tend\u00eancia \u2014 s\u00e3o um investimento inteligente.<\/p>\n<p>&nbsp;<\/p>\n<h2>Especifica\u00e7\u00f5es t\u00e9cnicas da pulseira NFC<\/h2>\n<table class=\"w-fit !mb-0 !max-w-none\" style=\"height: 260px;\" width=\"451\">\n<thead>\n<tr>\n<th>Recurso<\/th>\n<th>Especifica\u00e7\u00e3o<\/th>\n<\/tr>\n<\/thead>\n<tbody>\n<tr>\n<td>Frequ\u00eancia<\/td>\n<td>13,56 MHz<\/td>\n<\/tr>\n<tr>\n<td>Tipo de chip<\/td>\n<td>FO8<\/td>\n<\/tr>\n<tr>\n<td>Dist\u00e2ncia de leitura<\/td>\n<td>2-5 cm<\/td>\n<\/tr>\n<tr>\n<td>Padr\u00e3o<\/td>\n<td>Norma ISO\/IEC 14443A<\/td>\n<\/tr>\n<tr>\n<td>Material<\/td>\n<td>Borracha<\/td>\n<\/tr>\n<tr>\n<td>Tamanho<\/td>\n<td>Tamanho personalizado<\/td>\n<\/tr>\n<tr>\n<td>T\u00e9cnicas de impress\u00e3o<\/td>\n<td>Serigrafia<\/td>\n<\/tr>\n<tr>\n<td>Embalagem<\/td>\n<td>Item \u00fanico<\/td>\n<\/tr>\n<tr>\n<td>Peso bruto<\/td>\n<td>0,500 kg<\/td>\n<\/tr>\n<\/tbody>\n<\/table>\n<h2><\/h2>\n<h2>Perguntas frequentes sobre a pulseira RFID de silicone<\/h2>\n<h3>1.\u00a0<strong>O que \u00e9 uma pulseira RFID?<\/strong><\/h3>\n<p>Uma pulseira RFID (Radio Frequency Identification) emprega tecnologia de radiofrequ\u00eancia para transmitir dados sem fio. Ela permite acesso r\u00e1pido a \u00e1reas seguras, facilita pagamentos sem dinheiro e melhora a experi\u00eancia geral para os participantes do evento.<\/p>\n<h3>2.\u00a0<strong>Como funciona a pulseira RFID?<\/strong><\/h3>\n<p>A pulseira cont\u00e9m um chip RFID passivo que se comunica com leitores RFID. Quando um usu\u00e1rio se aproxima de um leitor, a pulseira transmite dados por ondas de r\u00e1dio, permitindo r\u00e1pida identifica\u00e7\u00e3o e controle de acesso.<\/p>\n<h3>3.\u00a0<strong>A pulseira \u00e9 \u00e0 prova d&#039;\u00e1gua?<\/strong><\/h3>\n<p>Sim, o\u00a0<strong>Pulseira de silicone RFID<\/strong>\u00a0foi projetado para ser \u00e0 prova d&#039;\u00e1gua e resistente \u00e0s intemp\u00e9ries, tornando-o adequado para eventos e ambientes ao ar livre, como parques aqu\u00e1ticos e shows.<\/p>\n<h3>4.\u00a0<strong>A pulseira pode ser personalizada?<\/strong><\/h3>\n<p>Absolutamente! A pulseira pode ser personalizada em v\u00e1rios tamanhos, cores e designs. As organiza\u00e7\u00f5es tamb\u00e9m podem escolher entre diferentes m\u00e9todos de impress\u00e3o, incluindo serigrafia, codifica\u00e7\u00e3o a laser e impress\u00e3o t\u00e9rmica.<\/p>\n<h3>5.\u00a0<strong>Qual \u00e9 a dist\u00e2ncia de leitura da pulseira RFID?<\/strong><\/h3>\n<p>A pulseira tem uma dist\u00e2ncia de leitura de\u00a0<strong>2-5 cm<\/strong>, garantindo transmiss\u00e3o de dados e gerenciamento de acesso r\u00e1pidos e confi\u00e1veis.<\/p>","protected":false},"excerpt":{"rendered":"<p>O\u00a0<strong>Pulseira de silicone inteligente NFC RFID Tag Pulseira de silicone B<\/strong>\u00a0\u00e9 uma solu\u00e7\u00e3o de controle de acesso vers\u00e1til projetada para eventos, oferecendo integra\u00e7\u00e3o perfeita de tecnologias RFID e NFC. \u00c0 prova d&#039;\u00e1gua e personaliz\u00e1vel, ele aprimora a experi\u00eancia do usu\u00e1rio ao mesmo tempo em que fornece transa\u00e7\u00f5es seguras, sem dinheiro e f\u00e1cil gerenciamento de entrada.<\/p>","protected":false},"featured_media":3404,"template":"","meta":[],"product_brand":[],"product_cat":[50],"product_tag":[],"class_list":{"0":"post-3403","1":"product","2":"type-product","3":"status-publish","4":"has-post-thumbnail","6":"product_cat-silicone-rfid-nfc-wristbands","8":"first","9":"instock","10":"shipping-taxable","11":"product-type-simple"},"_links":{"self":[{"href":"https:\/\/nfc-readers.com\/pt\/wp-json\/wp\/v2\/product\/3403","targetHints":{"allow":["GET"]}}],"collection":[{"href":"https:\/\/nfc-readers.com\/pt\/wp-json\/wp\/v2\/product"}],"about":[{"href":"https:\/\/nfc-readers.com\/pt\/wp-json\/wp\/v2\/types\/product"}],"wp:featuredmedia":[{"embeddable":true,"href":"https:\/\/nfc-readers.com\/pt\/wp-json\/wp\/v2\/media\/3404"}],"wp:attachment":[{"href":"https:\/\/nfc-readers.com\/pt\/wp-json\/wp\/v2\/media?parent=3403"}],"wp:term":[{"taxonomy":"product_brand","embeddable":true,"href":"https:\/\/nfc-readers.com\/pt\/wp-json\/wp\/v2\/product_brand?post=3403"},{"taxonomy":"product_cat","embeddable":true,"href":"https:\/\/nfc-readers.com\/pt\/wp-json\/wp\/v2\/product_cat?post=3403"},{"taxonomy":"product_tag","embeddable":true,"href":"https:\/\/nfc-readers.com\/pt\/wp-json\/wp\/v2\/product_tag?post=3403"}],"curies":[{"name":"wp","href":"https:\/\/api.w.org\/{rel}","templated":true}]}}