{"id":3410,"date":"2024-11-03T03:16:05","date_gmt":"2024-11-03T03:16:05","guid":{"rendered":"https:\/\/nfc-readers.com\/?post_type=product&#038;p=3410"},"modified":"2024-11-04T03:17:59","modified_gmt":"2024-11-04T03:17:59","slug":"custom-logo-waterproof-polyester-woven-rfid-nfc-wristbands","status":"publish","type":"product","link":"https:\/\/nfc-readers.com\/pt\/ic-reader\/custom-logo-waterproof-polyester-woven-rfid-nfc-wristbands\/","title":{"rendered":"Pulseiras RFID NFC de poli\u00e9ster \u00e0 prova d&#039;\u00e1gua com logotipo personalizado"},"content":{"rendered":"<h1 style=\"text-align: center;\"><strong>Pulseiras RFID NFC de poli\u00e9ster \u00e0 prova d&#039;\u00e1gua com logotipo personalizado<\/strong><\/h1>\n<p>&nbsp;<\/p>\n<p>Em um mundo que valoriza cada vez mais a conveni\u00eancia e a conectividade, <strong>Pulseiras RFID NFC de poli\u00e9ster \u00e0 prova d&#039;\u00e1gua com logotipo personalizado<\/strong>\u00a0destacam-se como uma escolha superior para empresas e organizadores de eventos. Essas pulseiras inovadoras combinam o que h\u00e1 de mais moderno em\u00a0<strong>Tecnologia RFID<\/strong>\u00a0com design elegante e materiais robustos, tornando-os ideais para uma variedade de aplica\u00e7\u00f5es, desde festivais e parques aqu\u00e1ticos at\u00e9 eventos corporativos e solu\u00e7\u00f5es de pagamento sem dinheiro. Com seus\u00a0<strong>imperme\u00e1vel<\/strong>\u00a0Com recursos e personaliza\u00e7\u00e3o avan\u00e7ados, essas pulseiras n\u00e3o apenas aumentam a visibilidade da marca, mas tamb\u00e9m melhoram a experi\u00eancia do usu\u00e1rio, garantindo que voc\u00ea obtenha o m\u00e1ximo valor pelo seu investimento.<\/p>\n<p>&nbsp;<\/p>\n<h2>Por que escolher pulseiras RFID NFC personalizadas?<\/h2>\n<p>Como organizadores de eventos, voc\u00eas entendem a import\u00e2ncia do controle de acesso cont\u00ednuo, da marca eficaz e da maximiza\u00e7\u00e3o da experi\u00eancia do h\u00f3spede. Essas pulseiras fornecem tudo isso e muito mais. Apresentando\u00a0<strong>Tecnologia RFID<\/strong>\u00a0operando em uma frequ\u00eancia de\u00a0<strong>13,56 MHz<\/strong>, eles simplificam as opera\u00e7\u00f5es, reduzem os tempos de espera e melhoram a seguran\u00e7a para eventos de qualquer tamanho. Al\u00e9m disso, com a capacidade de incorporar logotipos personalizados por meio de\u00a0<strong>Impress\u00e3o CMYK<\/strong>, essas pulseiras funcionam como uma ferramenta promocional. Elas n\u00e3o s\u00e3o apenas funcionais, mas tamb\u00e9m elegantes, o que as torna um sucesso entre os participantes!<\/p>\n<p>&nbsp;<\/p>\n<h2>Caracter\u00edsticas das pulseiras RFID NFC<\/h2>\n<h3>Solu\u00e7\u00f5es avan\u00e7adas de controle de acesso<\/h3>\n<p>As pulseiras RFID NFC servem como uma ferramenta poderosa para\u00a0<strong>controle de acesso<\/strong>, permitindo que os organizadores de eventos forne\u00e7am \u00e1reas VIP e acesso especial com facilidade. Utilizando o\u00a0<strong>Chip MIFARE Classic 1K<\/strong>, essas pulseiras podem armazenar informa\u00e7\u00f5es importantes e transmiti-las por meio de um\u00a0<strong>Interface de comunica\u00e7\u00e3o NFC<\/strong>. Como resultado, eles s\u00e3o perfeitos para locais que precisam alocar \u00e1reas para convidados ou fornecer acesso em camadas durante eventos.<\/p>\n<h3>Funcionalidade de pagamento sem dinheiro<\/h3>\n<p>Diga adeus \u00e0s longas filas e ao manuseio desnecess\u00e1rio de dinheiro com\u00a0<strong>pagamento sem dinheiro<\/strong>\u00a0sistemas. Nossas pulseiras RFID permitem transa\u00e7\u00f5es perfeitas, permitindo que os usu\u00e1rios fa\u00e7am pagamentos de forma r\u00e1pida e f\u00e1cil em estandes, bares e atra\u00e7\u00f5es. Isso n\u00e3o apenas melhora a\u00a0<strong>experi\u00eancia do h\u00f3spede<\/strong>\u00a0mas reduz significativamente o tempo de espera, permitindo que os participantes se concentrem em aproveitar o evento em vez de se preocupar com dinheiro.<\/p>\n<h2>Materiais e Durabilidade<\/h2>\n<h3>Design robusto para qualquer ambiente<\/h3>\n<p>Constru\u00eddo a partir de uma mistura \u00fanica de\u00a0<strong>poli\u00e9ster tecido<\/strong>\u00a0e\u00a0<strong>PVC<\/strong>, essas pulseiras apresentam durabilidade impressionante e\u00a0<strong>imperme\u00e1vel<\/strong>\u00a0capacidades. Seja um dia ensolarado em um festival ou um dia passado se divertindo em um parque aqu\u00e1tico, essas pulseiras s\u00e3o projetadas para suportar os elementos. Suas propriedades resistentes \u00e0s intemp\u00e9ries garantem que elas n\u00e3o se degradem quando expostas \u00e0 chuva ou \u00e0 \u00e1gua, preservando a usabilidade e a confiabilidade do\u00a0<strong>Tecnologia RFID<\/strong>\u00a0embutido dentro.<\/p>\n<h3>Resili\u00eancia \u00e0 temperatura<\/h3>\n<p>O\u00a0<strong>temperatura de trabalho<\/strong>\u00a0das nossas pulseiras variam de\u00a0<strong>-20\u00b0C a +80\u00b0C<\/strong>, garantindo sua funcionalidade tanto em eventos quentes de ver\u00e3o quanto em reuni\u00f5es frias ao ar livre. Essa resili\u00eancia \u00e0 temperatura protege o desempenho do\u00a0<strong>Chip RFID<\/strong>\u00a0e ajuda a manter a integridade, para que voc\u00ea tenha certeza de que sua pulseira funcionar\u00e1 efetivamente em todas as condi\u00e7\u00f5es.<\/p>\n<p>&nbsp;<\/p>\n<h2>Especifica\u00e7\u00f5es t\u00e9cnicas<\/h2>\n<table class=\"w-fit !mb-0 !max-w-none\" style=\"height: 303px;\" width=\"424\">\n<thead>\n<tr>\n<th><strong>Especifica\u00e7\u00e3o<\/strong><\/th>\n<th><strong>Detalhes<\/strong><\/th>\n<\/tr>\n<\/thead>\n<tbody>\n<tr>\n<td><strong>N\u00famero do modelo<\/strong><\/td>\n<td>SX-NO<\/td>\n<\/tr>\n<tr>\n<td><strong>Tipo de chip<\/strong><\/td>\n<td>MIFARE Cl\u00e1ssico 1K<\/td>\n<\/tr>\n<tr>\n<td><strong>Frequ\u00eancia<\/strong><\/td>\n<td>13,56 MHz<\/td>\n<\/tr>\n<tr>\n<td><strong>Faixa de leitura<\/strong><\/td>\n<td>2-5cm<\/td>\n<\/tr>\n<tr>\n<td><strong>Material<\/strong><\/td>\n<td>Tecido + PVC<\/td>\n<\/tr>\n<tr>\n<td><strong>Op\u00e7\u00f5es de tamanho<\/strong><\/td>\n<td>30<em>26 mm, 40<\/em>25mm ou personalizado<\/td>\n<\/tr>\n<tr>\n<td><strong>Tipo de impress\u00e3o<\/strong><\/td>\n<td>Impress\u00e3o CMYK 4C, Serigrafia<\/td>\n<\/tr>\n<tr>\n<td><strong>Acabamento de superf\u00edcie<\/strong><\/td>\n<td>Brilhante, Fosco, Mate<\/td>\n<\/tr>\n<tr>\n<td><strong>Faixa de temperatura<\/strong><\/td>\n<td>-20\u00b0C a +80\u00b0C<\/td>\n<\/tr>\n<tr>\n<td><strong>Protocolo<\/strong><\/td>\n<td>ISO 14443A<\/td>\n<\/tr>\n<\/tbody>\n<\/table>\n<h2><\/h2>\n<h2>Perguntas Frequentes (FAQs)<\/h2>\n<h3>1. O que s\u00e3o pulseiras RFID?<\/h3>\n<p><strong>Pulseiras RFID<\/strong>\u00a0s\u00e3o pulseiras vest\u00edveis com tecnologia de Identifica\u00e7\u00e3o por Radiofrequ\u00eancia (RFID) incorporada. Elas armazenam dados que podem ser transmitidos sem fio usando NFC (Near Field Communication), permitindo controle de acesso eficiente, transa\u00e7\u00f5es sem dinheiro e coleta de dados em eventos.<\/p>\n<h3>2. Como funcionam as pulseiras RFID?<\/h3>\n<p>As pulseiras RFID cont\u00eam um pequeno chip RFID que se comunica com um leitor por ondas de r\u00e1dio. Quando escaneada por um leitor RFID, a pulseira transmite informa\u00e7\u00f5es armazenadas, concedendo acesso ou processando transa\u00e7\u00f5es sem a necessidade de contato f\u00edsico.<\/p>\n<h3>3. Essas pulseiras s\u00e3o \u00e0 prova d&#039;\u00e1gua?<\/h3>\n<p>Sim! Nosso\u00a0<strong>pulseiras RFID personalizadas<\/strong>\u00a0s\u00e3o projetados para ser\u00a0<strong>imperme\u00e1vel<\/strong>, tornando-os adequados para v\u00e1rios eventos, incluindo aqueles realizados em parques aqu\u00e1ticos e festivais ao ar livre. Seus materiais dur\u00e1veis garantem que eles mantenham a funcionalidade mesmo quando expostos \u00e0 \u00e1gua.<\/p>\n<h3>4. As pulseiras podem ser personalizadas?<\/h3>\n<p>Absolutamente! Nossas pulseiras RFID podem ser totalmente personalizadas para atender \u00e0s suas necessidades de marca. Voc\u00ea pode escolher diferentes tamanhos, cores e t\u00e9cnicas de impress\u00e3o, como\u00a0<strong>Impress\u00e3o colorida CMYK<\/strong>,\u00a0<strong>Impress\u00e3o UV localizada<\/strong>, e acabamentos met\u00e1licos como\u00a0<strong>folha de prata ou ouro<\/strong>.<\/p>\n<h3>5. Qu\u00e3o dur\u00e1veis s\u00e3o as pulseiras?<\/h3>\n<p>Feito de uma combina\u00e7\u00e3o de\u00a0<strong>poli\u00e9ster tecido<\/strong>\u00a0e\u00a0<strong>PVC<\/strong>, nossas pulseiras s\u00e3o robustas e projetadas para suportar diversas condi\u00e7\u00f5es ambientais, incluindo faixas de temperatura de\u00a0<strong>-20\u00b0C a +80\u00b0C<\/strong>. Eles tamb\u00e9m s\u00e3o \u00e0 prova de viola\u00e7\u00e3o, garantindo que permane\u00e7am seguros durante os eventos.<\/p>","protected":false},"excerpt":{"rendered":"<p>Pulseiras RFID NFC de poli\u00e9ster \u00e0 prova d&#039;\u00e1gua com logotipo personalizado combinam durabilidade com branding estiloso, tornando-as ideais para eventos e controle de acesso seguro. Perfeitas para transa\u00e7\u00f5es sem dinheiro, elas melhoram a experi\u00eancia do usu\u00e1rio enquanto promovem sua marca.<\/p>","protected":false},"featured_media":3411,"template":"","meta":[],"product_brand":[],"product_cat":[50],"product_tag":[],"class_list":{"0":"post-3410","1":"product","2":"type-product","3":"status-publish","4":"has-post-thumbnail","6":"product_cat-silicone-rfid-nfc-wristbands","8":"first","9":"instock","10":"shipping-taxable","11":"product-type-simple"},"_links":{"self":[{"href":"https:\/\/nfc-readers.com\/pt\/wp-json\/wp\/v2\/product\/3410","targetHints":{"allow":["GET"]}}],"collection":[{"href":"https:\/\/nfc-readers.com\/pt\/wp-json\/wp\/v2\/product"}],"about":[{"href":"https:\/\/nfc-readers.com\/pt\/wp-json\/wp\/v2\/types\/product"}],"wp:featuredmedia":[{"embeddable":true,"href":"https:\/\/nfc-readers.com\/pt\/wp-json\/wp\/v2\/media\/3411"}],"wp:attachment":[{"href":"https:\/\/nfc-readers.com\/pt\/wp-json\/wp\/v2\/media?parent=3410"}],"wp:term":[{"taxonomy":"product_brand","embeddable":true,"href":"https:\/\/nfc-readers.com\/pt\/wp-json\/wp\/v2\/product_brand?post=3410"},{"taxonomy":"product_cat","embeddable":true,"href":"https:\/\/nfc-readers.com\/pt\/wp-json\/wp\/v2\/product_cat?post=3410"},{"taxonomy":"product_tag","embeddable":true,"href":"https:\/\/nfc-readers.com\/pt\/wp-json\/wp\/v2\/product_tag?post=3410"}],"curies":[{"name":"wp","href":"https:\/\/api.w.org\/{rel}","templated":true}]}}