{"id":3417,"date":"2024-11-03T03:26:02","date_gmt":"2024-11-03T03:26:02","guid":{"rendered":"https:\/\/nfc-readers.com\/?post_type=product&#038;p=3417"},"modified":"2024-11-03T03:26:03","modified_gmt":"2024-11-03T03:26:03","slug":"fabric-wrist-band-13-56mhz-nfc-bracelet-dispose-wristbands","status":"publish","type":"product","link":"https:\/\/nfc-readers.com\/pt\/ic-reader\/fabric-wrist-band-13-56mhz-nfc-bracelet-dispose-wristbands\/","title":{"rendered":"Pulseira de tecido 13,56 mhz NFC Pulseira Descart\u00e1vel"},"content":{"rendered":"<h1 style=\"text-align: center;\"><strong>Pulseira de tecido 13,56 mhz NFC Pulseira Descart\u00e1vel<\/strong><\/h1>\n<p>&nbsp;<\/p>\n<p>No mundo acelerado de hoje, a necessidade de gerenciamento cont\u00ednuo e experi\u00eancia de usu\u00e1rio aprimorada \u00e9 primordial, especialmente em eventos, festivais e locais onde o controle de acesso eficiente \u00e9 crucial. Nosso <strong>Pulseira de tecido 13,56 MHz NFC Pulseira Descart\u00e1vel<\/strong>\u00a0fornecem uma mistura \u00fanica de funcionalidade e est\u00e9tica, garantindo que suas opera\u00e7\u00f5es funcionem sem problemas, ao mesmo tempo em que oferecem aos h\u00f3spedes uma experi\u00eancia memor\u00e1vel. Com recursos como\u00a0<strong>uso \u00fanico<\/strong>,\u00a0<strong>desenhos coloridos<\/strong>, e avan\u00e7ado\u00a0<strong>NFC<\/strong>\u00a0tecnologia, essas pulseiras s\u00e3o uma virada de jogo para qualquer organizador de eventos.<\/p>\n<p>&nbsp;<\/p>\n<h2>Por que escolher pulseiras NFC de tecido?<\/h2>\n<p>Quando se trata de navegar no espectro de produtos RFID e NFC, a pulseira de tecido NFC de 13,56 MHz se destaca pelo seu design inovador e recursos robustos.<\/p>\n<h3>Destaques do produto:<\/h3>\n<ul>\n<li><strong>Facilmente personaliz\u00e1vel<\/strong>\u00a0com op\u00e7\u00f5es para impress\u00e3o de logotipo, c\u00f3digos de barras e c\u00f3digos QR.<\/li>\n<li><strong>Controle de acesso r\u00e1pido<\/strong>\u00a0e opera\u00e7\u00f5es simplificadas que melhoram a experi\u00eancia e a seguran\u00e7a dos h\u00f3spedes.<\/li>\n<li><strong>Tecido dur\u00e1vel e confort\u00e1vel<\/strong>\u00a0perfeito para uso di\u00e1rio em festivais de m\u00fasica, parques aqu\u00e1ticos ou eventos corporativos.<\/li>\n<\/ul>\n<p>Essas pulseiras s\u00e3o projetadas para fornecer uma\u00a0<strong>pagamento sem dinheiro<\/strong>\u00a0solu\u00e7\u00e3o, garantindo ao mesmo tempo que os organizadores de eventos tenham tranquilidade, sabendo que t\u00eam meios confi\u00e1veis para gerenciar o controle de acesso de forma eficiente.<\/p>\n<p>&nbsp;<\/p>\n<h2>Caracter\u00edsticas especiais das pulseiras de tecido NFC<\/h2>\n<p>Ao considerar\u00a0<strong>pulseiras rfid para eventos<\/strong>, o\u00a0<em>Pulseira de tecido 13,56 MHz NFC<\/em>\u00a0oferece uma infinidade de recursos especiais projetados para melhorar a efici\u00eancia e aprimorar as experi\u00eancias dos h\u00f3spedes.<\/p>\n<h3>Design colorido e de uso \u00fanico<\/h3>\n<p>Essas pulseiras v\u00eam em uma variedade de cores vibrantes, garantindo que elas n\u00e3o apenas atendam a um prop\u00f3sito funcional, mas tamb\u00e9m se alinhem com os requisitos est\u00e9ticos da sua marca.\u00a0<strong>uso \u00fanico<\/strong>\u00a0O recurso adiciona uma camada de seguran\u00e7a, j\u00e1 que cada pulseira \u00e9 codificada exclusivamente para um \u00fanico evento, minimizando o risco de acesso n\u00e3o autorizado.<\/p>\n<h3>Interfaces de comunica\u00e7\u00e3o RFID e NFC<\/h3>\n<p>Projetadas com tecnologia de ponta, essas pulseiras utilizam\u00a0<strong>RFID<\/strong>\u00a0e\u00a0<strong>NFC<\/strong>\u00a0interfaces de comunica\u00e7\u00e3o para garantir intera\u00e7\u00f5es r\u00e1pidas e confi\u00e1veis com leitores RFID. Esta capacidade facilita\u00a0<strong>pagamento sem contato<\/strong>\u00a0e gerenciamento de acesso, agilizando o processo de admiss\u00e3o para h\u00f3spedes e funcion\u00e1rios.<\/p>\n<p>&nbsp;<\/p>\n<h2>Perguntas frequentes sobre a tecnologia NFC<\/h2>\n<h3>O que \u00e9 tecnologia NFC?<\/h3>\n<p>NFC, ou Near Field Communication, permite que dispositivos se comuniquem entre si por meio de ondas de r\u00e1dio. Ele permite transa\u00e7\u00f5es cont\u00ednuas e compartilhamento de informa\u00e7\u00f5es apenas tocando dispositivos juntos.<\/p>\n<h3>Essas pulseiras s\u00e3o \u00e0 prova d&#039;\u00e1gua?<\/h3>\n<p>Nossas pulseiras NFC s\u00e3o projetadas para serem resistentes \u00e0 \u00e1gua, tornando-as adequadas para eventos em parques aqu\u00e1ticos ou festivais ao ar livre.<\/p>\n<h3>Posso personalizar as pulseiras?<\/h3>\n<p>Sim, h\u00e1 op\u00e7\u00f5es de personaliza\u00e7\u00e3o dispon\u00edveis, incluindo impress\u00e3o de logotipo, c\u00f3digos de barras e impress\u00e3o de QR code na pulseira e no cart\u00e3o.<\/p>","protected":false},"excerpt":{"rendered":"<p>O\u00a0<strong>Pulseira de tecido 13,56 MHz NFC<\/strong>\u00a0\u00e9 uma solu\u00e7\u00e3o estilosa e pr\u00e1tica para gerenciamento de eventos, oferecendo controle de acesso cont\u00ednuo e recursos de pagamento sem dinheiro. Projetadas para uso \u00fanico, essas pulseiras vibrantes melhoram a experi\u00eancia do convidado, ao mesmo tempo em que garantem seguran\u00e7a e efici\u00eancia em qualquer evento.<\/p>","protected":false},"featured_media":3424,"template":"","meta":[],"product_brand":[],"product_cat":[50],"product_tag":[],"class_list":{"0":"post-3417","1":"product","2":"type-product","3":"status-publish","4":"has-post-thumbnail","6":"product_cat-silicone-rfid-nfc-wristbands","8":"first","9":"instock","10":"shipping-taxable","11":"product-type-simple"},"_links":{"self":[{"href":"https:\/\/nfc-readers.com\/pt\/wp-json\/wp\/v2\/product\/3417","targetHints":{"allow":["GET"]}}],"collection":[{"href":"https:\/\/nfc-readers.com\/pt\/wp-json\/wp\/v2\/product"}],"about":[{"href":"https:\/\/nfc-readers.com\/pt\/wp-json\/wp\/v2\/types\/product"}],"wp:featuredmedia":[{"embeddable":true,"href":"https:\/\/nfc-readers.com\/pt\/wp-json\/wp\/v2\/media\/3424"}],"wp:attachment":[{"href":"https:\/\/nfc-readers.com\/pt\/wp-json\/wp\/v2\/media?parent=3417"}],"wp:term":[{"taxonomy":"product_brand","embeddable":true,"href":"https:\/\/nfc-readers.com\/pt\/wp-json\/wp\/v2\/product_brand?post=3417"},{"taxonomy":"product_cat","embeddable":true,"href":"https:\/\/nfc-readers.com\/pt\/wp-json\/wp\/v2\/product_cat?post=3417"},{"taxonomy":"product_tag","embeddable":true,"href":"https:\/\/nfc-readers.com\/pt\/wp-json\/wp\/v2\/product_tag?post=3417"}],"curies":[{"name":"wp","href":"https:\/\/api.w.org\/{rel}","templated":true}]}}