{"id":3430,"date":"2024-11-03T03:39:41","date_gmt":"2024-11-03T03:39:41","guid":{"rendered":"https:\/\/nfc-readers.com\/?post_type=product&#038;p=3430"},"modified":"2024-11-03T03:39:42","modified_gmt":"2024-11-03T03:39:42","slug":"waterproof-passive-nfc-rfid-silicone-wristband","status":"publish","type":"product","link":"https:\/\/nfc-readers.com\/pt\/ic-reader\/waterproof-passive-nfc-rfid-silicone-wristband\/","title":{"rendered":"Pulseira de silicone NFC RFID passiva \u00e0 prova d&#039;\u00e1gua"},"content":{"rendered":"<h1 style=\"text-align: center;\"><strong>Pulseira de silicone NFC RFID passiva \u00e0 prova d&#039;\u00e1gua<\/strong><\/h1>\n<p>&nbsp;<\/p>\n<p>Numa era em que a tecnologia e a praticidade se entrela\u00e7am perfeitamente, a <strong>Pulseira de silicone NFC RFID passiva \u00e0 prova d&#039;\u00e1gua<\/strong>\u00a0se destaca como um acess\u00f3rio excepcional. Esta pulseira inovadora foi projetada para atender \u00e0s necessidades din\u00e2micas dos usu\u00e1rios, fornecendo conveni\u00eancia e seguran\u00e7a incompar\u00e1veis para uma variedade de aplica\u00e7\u00f5es, incluindo eventos, controle de acesso e transa\u00e7\u00f5es sem dinheiro. Quer voc\u00ea esteja organizando um festival impressionante, administrando uma academia ou gerenciando um parque aqu\u00e1tico, esta pulseira oferece uma solu\u00e7\u00e3o \u00e0 prova d&#039;\u00e1gua para agilizar as opera\u00e7\u00f5es e aprimorar a experi\u00eancia do usu\u00e1rio.<\/p>\n<p>Mas o que faz com que a Pulseira de Silicone NFC RFID Passiva \u00e0 Prova D&#039;\u00c1gua valha a pena investir? Bem, ela oferece n\u00e3o apenas benef\u00edcios pr\u00e1ticos como resist\u00eancia \u00e0 \u00e1gua e durabilidade, mas tamb\u00e9m um design personaliz\u00e1vel, garantindo que sua marca se destaque. Com a capacidade de suportar pagamentos sem dinheiro e controle de acesso, \u00e9 uma ferramenta eficaz para organizadores de eventos e empresas. Vamos nos aprofundar nos recursos e vantagens deste produto not\u00e1vel.<\/p>\n<p>&nbsp;<\/p>\n<h2>Durabilidade incompar\u00e1vel e recursos \u00e0 prova d&#039;\u00e1gua<\/h2>\n<p>Uma das caracter\u00edsticas de destaque do\u00a0<strong>Pulseira de silicone NFC RFID passiva \u00e0 prova d&#039;\u00e1gua<\/strong>\u00a0\u00e9 sua durabilidade not\u00e1vel. Feita de silicone de alta qualidade, esta pulseira \u00e9\u00a0<strong>imperme\u00e1vel<\/strong>,\u00a0<strong>\u00e0 prova de intemp\u00e9ries<\/strong>, e\u00a0<strong>\u00e0 prova de umidade<\/strong>, tornando-a adequada para v\u00e1rios ambientes e condi\u00e7\u00f5es. Seja chuva ou sol, esta pulseira n\u00e3o ser\u00e1 facilmente danificada, permitindo que seus convidados ou participantes aproveitem sua experi\u00eancia sem se preocupar com desgaste.<\/p>\n<p>O\u00a0<strong>silicone<\/strong>\u00a0o material n\u00e3o s\u00f3 garante longevidade, mas tamb\u00e9m \u00e9 confort\u00e1vel contra a pele, tornando-o perfeito tanto para uso casual quanto para situa\u00e7\u00f5es ativas como festivais ou eventos esportivos. Essa durabilidade significa que voc\u00ea n\u00e3o ter\u00e1 que substituir as pulseiras com frequ\u00eancia, o que se traduz em economias de custo significativas ao longo do tempo.<\/p>\n<p>Al\u00e9m disso, as propriedades do silicone o tornam resistente a elementos agressivos, permitindo que ele suporte a exposi\u00e7\u00e3o a parques aqu\u00e1ticos, spas, academias e v\u00e1rios eventos ao ar livre. Portanto, os usu\u00e1rios podem usar esta pulseira com confian\u00e7a, sabendo que ela pode lidar com atividades rigorosas sem comprometer a funcionalidade.<\/p>\n<h2>Interface de comunica\u00e7\u00e3o vers\u00e1til<\/h2>\n<p>Utilizando\u00a0<strong>Tecnologia NFC<\/strong>, a pulseira de silicone NFC RFID passiva \u00e0 prova d&#039;\u00e1gua ostenta uma interface de comunica\u00e7\u00e3o perfeita que aprimora a experi\u00eancia do usu\u00e1rio. Operando em uma frequ\u00eancia de\u00a0<strong>13,56 MHz<\/strong>, esta pulseira \u00e9 otimizada para intera\u00e7\u00f5es r\u00e1pidas e confi\u00e1veis.<\/p>\n<p>A tecnologia NFC permite\u00a0<strong>pagamentos sem contato<\/strong>, tornando-se uma solu\u00e7\u00e3o perfeita para organizadores de eventos que buscam agilizar processos. Os convidados podem facilmente tocar sua pulseira em pontos de venda sem a necessidade de se atrapalhar com dinheiro ou cart\u00f5es, reduzindo assim os tempos de espera e melhorando o fluxo geral em eventos. Isso\u00a0<strong>pagamento sem contato<\/strong>\u00a0A fun\u00e7\u00e3o n\u00e3o s\u00f3 aumenta a conveni\u00eancia para os usu\u00e1rios, mas tamb\u00e9m melhora a efici\u00eancia para fornecedores e funcion\u00e1rios do evento.<\/p>\n<p>Al\u00e9m disso, pulseiras habilitadas para NFC s\u00e3o uma b\u00ean\u00e7\u00e3o para o controle de acesso. Voc\u00ea pode conceder ou restringir o acesso a \u00e1reas espec\u00edficas simplesmente escaneando a pulseira com um leitor RFID, garantindo um processo de entrada tranquilo e seguro para \u00e1reas VIP, bastidores ou quaisquer zonas restritas.<\/p>\n<h2>Op\u00e7\u00f5es de personaliza\u00e7\u00e3o inovadoras<\/h2>\n<p>A personaliza\u00e7\u00e3o \u00e9 uma caracter\u00edstica significativa da pulseira de silicone NFC RFID passiva \u00e0 prova d&#039;\u00e1gua. Com op\u00e7\u00f5es para\u00a0<strong>logotipos personalizados<\/strong>\u00a0e diversas t\u00e9cnicas de impress\u00e3o como\u00a0<strong>serigrafia<\/strong>,\u00a0<strong>relevo<\/strong>, e\u00a0<strong>grava\u00e7\u00e3o a laser<\/strong>, as empresas podem criar uma identidade \u00fanica que ressoe com sua marca.<\/p>\n<p>A personaliza\u00e7\u00e3o se estende ao tamanho, cores e designs, permitindo que as empresas adaptem as pulseiras para combinar com os temas do evento ou a est\u00e9tica da marca. Esse toque personalizado n\u00e3o apenas melhora a visibilidade da marca, mas tamb\u00e9m pode aumentar o engajamento do participante por meio de experi\u00eancias memor\u00e1veis. Imagine chegar a um festival onde cada pulseira tem um logotipo ou design exclusivo representando o tema do evento \u2014 esse aspecto contribui significativamente para a atmosfera geral e o prazer.<\/p>\n<p>Al\u00e9m disso, a capacidade de incorporar c\u00f3digos QR tamb\u00e9m pode abrir caminhos para intera\u00e7\u00e3o aprimorada. Os participantes podem escanear suas pulseiras para acessar programa\u00e7\u00f5es, participar de concursos ou at\u00e9 mesmo recuperar informa\u00e7\u00f5es de contato, elevando assim sua experi\u00eancia geral no evento.<\/p>\n<h2>Capacidades de seguran\u00e7a e controle de acesso<\/h2>\n<p>A seguran\u00e7a \u00e9 primordial em qualquer evento ou opera\u00e7\u00e3o comercial, e a Pulseira de Silicone NFC RFID Passiva \u00e0 Prova D&#039;\u00c1gua atende a essa necessidade de forma eficaz. Ao incorporar\u00a0<strong>Tecnologia RFID<\/strong>, essas pulseiras fornecem uma\u00a0<strong>\u00e0 prova de viola\u00e7\u00e3o<\/strong>\u00a0meios de controle de acesso que aumentam significativamente os n\u00edveis de seguran\u00e7a nos eventos.<\/p>\n<p>Com integrado\u00a0<strong>Tecnologia de chip MIFARE DESfire EV3<\/strong>, os usu\u00e1rios se beneficiam da transmiss\u00e3o segura de dados, garantindo que as informa\u00e7\u00f5es contidas na pulseira permane\u00e7am protegidas. Este chip n\u00e3o s\u00f3 suporta t\u00e9cnicas de criptografia, fornecendo camadas de seguran\u00e7a, mas tamb\u00e9m garante uma transfer\u00eancia r\u00e1pida de dados, aprimorando a experi\u00eancia do usu\u00e1rio e reduzindo atrasos.<\/p>\n<p>Al\u00e9m disso, pulseiras RFID podem ser programadas para permiss\u00f5es de acesso espec\u00edficas, garantindo que apenas pessoal autorizado possa entrar em certas \u00e1reas. Esse recurso \u00e9 particularmente \u00fatil para grandes eventos, onde o gerenciamento de multid\u00f5es \u00e9 cr\u00edtico tanto para a seguran\u00e7a quanto para a efici\u00eancia operacional.<\/p>\n<p>&nbsp;<\/p>\n<h2>Especifica\u00e7\u00f5es T\u00e9cnicas e Dimens\u00f5es<\/h2>\n<table class=\"w-fit !mb-0 !max-w-none\" style=\"height: 133px;\" width=\"407\">\n<thead>\n<tr>\n<th>Especifica\u00e7\u00e3o<\/th>\n<th>Detalhes<\/th>\n<\/tr>\n<\/thead>\n<tbody>\n<tr>\n<td><strong>Material<\/strong><\/td>\n<td>Silicone<\/td>\n<\/tr>\n<tr>\n<td><strong>Tamanho<\/strong><\/td>\n<td>238 x 13 mm<\/td>\n<\/tr>\n<tr>\n<td><strong>Grossura<\/strong><\/td>\n<td>3 mil\u00edmetros<\/td>\n<\/tr>\n<tr>\n<td><strong>Tipo de chip<\/strong><\/td>\n<td>MIFARE DESfire EV3<\/td>\n<\/tr>\n<\/tbody>\n<\/table>\n<p>&nbsp;<\/p>\n<h2>Perguntas Frequentes (FAQs)<\/h2>\n<p>Aqui est\u00e3o algumas perguntas frequentes sobre o\u00a0<strong>Pulseira de silicone NFC RFID passiva \u00e0 prova d&#039;\u00e1gua<\/strong>, juntamente com suas respostas para ajudar voc\u00ea a tomar uma decis\u00e3o informada.<\/p>\n<h3>1.\u00a0<strong>O que \u00e9 a tecnologia NFC e como ela funciona com a pulseira?<\/strong><\/h3>\n<p>NFC (Near Field Communication) \u00e9 um conjunto de protocolos de comunica\u00e7\u00e3o que permite que dois dispositivos eletr\u00f4nicos, normalmente um smartphone e um leitor, se comuniquem em dist\u00e2ncias curtas \u2014 geralmente menos de 4 polegadas. A pulseira cont\u00e9m um chip NFC incorporado que pode transmitir informa\u00e7\u00f5es quando colocado perto de um leitor NFC, permitindo fun\u00e7\u00f5es como pagamentos sem contato, controle de acesso e compartilhamento de dados.<\/p>\n<h3>2.\u00a0<strong>A pulseira \u00e9 adequada para atividades aqu\u00e1ticas?<\/strong><\/h3>\n<p>Absolutamente! A pulseira de silicone NFC RFID passiva \u00e0 prova d&#039;\u00e1gua foi projetada para ser\u00a0<strong>imperme\u00e1vel<\/strong>\u00a0e\u00a0<strong>\u00e0 prova de intemp\u00e9ries<\/strong>. Isso o torna ideal para uso em v\u00e1rios ambientes aqu\u00e1ticos, como parques aqu\u00e1ticos, piscinas e spas.<\/p>\n<h3>3.\u00a0<strong>Posso personalizar as pulseiras com meu logotipo ou design?<\/strong><\/h3>\n<p>Sim, op\u00e7\u00f5es de personaliza\u00e7\u00e3o est\u00e3o dispon\u00edveis! Voc\u00ea pode encomendar pulseiras com o logotipo da sua empresa e selecionar entre v\u00e1rias t\u00e9cnicas de impress\u00e3o, como serigrafia, relevo ou grava\u00e7\u00e3o a laser para criar uma pulseira que complemente a identidade da sua marca.<\/p>\n<h3>4.\u00a0<strong>Quanto tempo dura a pulseira?<\/strong><\/h3>\n<p>A pulseira \u00e9 feita de silicone de alta qualidade, o que proporciona excelente durabilidade e resist\u00eancia ao desgaste, mesmo em ambientes dif\u00edceis. Com os devidos cuidados, elas podem durar por v\u00e1rios usos, especialmente se usadas em ambientes controlados.<\/p>\n<h3>5.\u00a0<strong>A pulseira pode ser reutilizada?<\/strong><\/h3>\n<p>Embora a pulseira seja dur\u00e1vel, seu uso pretendido \u00e9 principalmente para aplica\u00e7\u00f5es de eventos \u00fanicos, como festivais ou concertos. No entanto, elas podem ser reutilizadas em diferentes cen\u00e1rios, desde que n\u00e3o sejam danificadas ou marcadas de forma que as identifiquem como usadas.<\/p>","protected":false},"excerpt":{"rendered":"<div class=\"chat-list relative custom-scrollbar-reset-margin custom-scrollbar custom-scrollbar-hidden custom-scrollbar-float pb-9 flex-1 overflow-y-auto\">\n<div class=\"mx-auto max-w-[790px]\">\n<div class=\"message-item-outer relative px-4 mb-2\" data-id=\"d5e57210-2b0a-4a51-8aa4-f3908258a790\">\n<div class=\"content-area pl-[0px]\">\n<div class=\"message-item select-text relative\">\n<div class=\"message-inner relative\">\n<div class=\"py-[2px]\">\n<div class=\"flex flex-col gap-2\">\n<div class=\"answer-markdown-box overflow-x-auto select-text custom-scrollbar\">\n<div class=\"markdown-body\"><\/div>\n<\/div>\n<\/div>\n<\/div>\n<\/div>\n<\/div>\n<\/div>\n<\/div>\n<\/div>\n<\/div>\n<div>\n<div class=\"input-box relative max-w-[790px] mx-auto\">\n<div class=\"chat-input-box relative bg-grey-layer2-normal px-3 max-w-[790px] mx-auto pb-1\">\n<div class=\"main-input-area\">\n<div class=\"chat-input-top-bar gap-2 py-2 flex justify-start items-center\">\n<div class=\"flex gap-[6px] min-w-[90px] max-w-[calc(100%-40px)]\">\n<div class=\"flex gap-0\">\n<div class=\"relative\">\n<div class=\"topbar-btn h-[30px] w-[30px] flex overflow-hidden text-text-primary-1 items-center justify-center text-xs leading-4 rounded-lg model-btn model-btn-no-bg\" role=\"button\">A pulseira de silicone NFC RFID passiva \u00e0 prova d&#039;\u00e1gua oferece uma solu\u00e7\u00e3o confi\u00e1vel e dur\u00e1vel para controle de acesso seguro e transa\u00e7\u00f5es sem dinheiro em qualquer evento. Ideal para festivais, academias e parques aqu\u00e1ticos, ela oferece conveni\u00eancia e personaliza\u00e7\u00e3o com um design elegante.<\/div>\n<\/div>\n<\/div>\n<\/div>\n<\/div>\n<\/div>\n<\/div>\n<\/div>\n<\/div>","protected":false},"featured_media":3431,"template":"","meta":[],"product_brand":[],"product_cat":[50],"product_tag":[],"class_list":{"0":"post-3430","1":"product","2":"type-product","3":"status-publish","4":"has-post-thumbnail","6":"product_cat-silicone-rfid-nfc-wristbands","8":"first","9":"instock","10":"shipping-taxable","11":"product-type-simple"},"_links":{"self":[{"href":"https:\/\/nfc-readers.com\/pt\/wp-json\/wp\/v2\/product\/3430","targetHints":{"allow":["GET"]}}],"collection":[{"href":"https:\/\/nfc-readers.com\/pt\/wp-json\/wp\/v2\/product"}],"about":[{"href":"https:\/\/nfc-readers.com\/pt\/wp-json\/wp\/v2\/types\/product"}],"wp:featuredmedia":[{"embeddable":true,"href":"https:\/\/nfc-readers.com\/pt\/wp-json\/wp\/v2\/media\/3431"}],"wp:attachment":[{"href":"https:\/\/nfc-readers.com\/pt\/wp-json\/wp\/v2\/media?parent=3430"}],"wp:term":[{"taxonomy":"product_brand","embeddable":true,"href":"https:\/\/nfc-readers.com\/pt\/wp-json\/wp\/v2\/product_brand?post=3430"},{"taxonomy":"product_cat","embeddable":true,"href":"https:\/\/nfc-readers.com\/pt\/wp-json\/wp\/v2\/product_cat?post=3430"},{"taxonomy":"product_tag","embeddable":true,"href":"https:\/\/nfc-readers.com\/pt\/wp-json\/wp\/v2\/product_tag?post=3430"}],"curies":[{"name":"wp","href":"https:\/\/api.w.org\/{rel}","templated":true}]}}