{"id":3437,"date":"2024-11-03T04:49:53","date_gmt":"2024-11-03T04:49:53","guid":{"rendered":"https:\/\/nfc-readers.com\/?post_type=product&#038;p=3437"},"modified":"2024-11-05T10:39:50","modified_gmt":"2024-11-05T10:39:50","slug":"disposable-hf-uhf-rfid-nfc-wristband-for-event-ticket","status":"publish","type":"product","link":"https:\/\/nfc-readers.com\/pt\/ic-reader\/disposable-hf-uhf-rfid-nfc-wristband-for-event-ticket\/","title":{"rendered":"Pulseira NFC RFID HF descart\u00e1vel para ingresso de evento"},"content":{"rendered":"<h1 style=\"text-align: center;\"><strong>Pulseira NFC RFID HF descart\u00e1vel para ingresso de evento<\/strong><\/h1>\n<p>&nbsp;<\/p>\n<p>No mundo acelerado de hoje, os organizadores de eventos devem se manter atualizados com as \u00faltimas tecnologias para fornecer uma experi\u00eancia inesquec\u00edvel para seus participantes. Uma das maneiras mais eficazes de conseguir isso \u00e9 por meio de <strong>Pulseiras descart\u00e1veis HF RFID NFC<\/strong>. Essas pulseiras inovadoras revolucionam a forma como os eventos s\u00e3o gerenciados, aumentando a seguran\u00e7a, simplificando o controle de acesso e promovendo pagamentos sem dinheiro. Seja para festivais de m\u00fasica, parques aqu\u00e1ticos ou eventos corporativos, essas pulseiras garantem uma experi\u00eancia perfeita para os convidados e os organizadores.<\/p>\n<p>&nbsp;<\/p>\n<h3><strong>Por que escolher pulseiras descart\u00e1veis RFID\/NFC?<\/strong><\/h3>\n<p>O\u00a0<strong>Pulseira NFC RFID HF descart\u00e1vel<\/strong>\u00a0\u00e9 projetado especificamente para eventos, combinando conveni\u00eancia com tecnologia de ponta. Veja por que investir nessas pulseiras vale cada centavo:<\/p>\n<ol>\n<li><strong>Seguran\u00e7a aprimorada:<\/strong>\u00a0As pulseiras utilizam tecnologia RFID para oferecer solu\u00e7\u00f5es de entrada seguras, reduzindo significativamente o risco de acesso n\u00e3o autorizado. O material dur\u00e1vel e o design garantem que elas sejam \u00e0 prova de viola\u00e7\u00e3o.<\/li>\n<li><strong>Solu\u00e7\u00f5es sem dinheiro:<\/strong>\u00a0Com a crescente prefer\u00eancia dos consumidores por pagamentos sem dinheiro, essas pulseiras podem ser integradas a sistemas de processamento de pagamentos, permitindo que os participantes fa\u00e7am compras de forma r\u00e1pida e sem esfor\u00e7o. Isso agiliza o fluxo de com\u00e9rcio durante os eventos, aprimorando a experi\u00eancia do convidado.<\/li>\n<li><strong>Conveni\u00eancia e facilidade de uso:<\/strong>\u00a0Os participantes podem simplesmente escanear suas pulseiras para entrada e compras, reduzindo o tempo de espera e tornando sua experi\u00eancia mais agrad\u00e1vel.<\/li>\n<li><strong>Personaliza\u00e7\u00e3o:<\/strong>\u00a0As marcas t\u00eam a op\u00e7\u00e3o de personalizar cada pulseira com logotipos, detalhes do evento e c\u00f3digos QR, permitindo uma gest\u00e3o de marca e marketing eficazes.<\/li>\n<li><strong>Custo-benef\u00edcio:<\/strong>\u00a0Por serem uma op\u00e7\u00e3o descart\u00e1vel, essas pulseiras oferecem uma escolha econ\u00f4mica sem comprometer a qualidade ou a seguran\u00e7a.<\/li>\n<\/ol>\n<p>Agora, vamos nos aprofundar mais nas caracter\u00edsticas do nosso\u00a0<strong>Pulseira NFC RFID HF descart\u00e1vel para ingressos de eventos<\/strong>.<\/p>\n<p>&nbsp;<\/p>\n<h3><strong>Especifica\u00e7\u00f5es t\u00e9cnicas<\/strong><\/h3>\n<table class=\"w-fit !mb-0 !max-w-none\">\n<thead>\n<tr>\n<th>Recurso<\/th>\n<th>Especifica\u00e7\u00e3o<\/th>\n<\/tr>\n<\/thead>\n<tbody>\n<tr>\n<td>Marca<\/td>\n<td>SXNFC<\/td>\n<\/tr>\n<tr>\n<td>Lugar de origem<\/td>\n<td>Guangdong, China<\/td>\n<\/tr>\n<tr>\n<td>Frequ\u00eancia<\/td>\n<td>13,56 MHz<\/td>\n<\/tr>\n<tr>\n<td>Protocolo<\/td>\n<td>ISO14443A<\/td>\n<\/tr>\n<tr>\n<td>Tipo de chip<\/td>\n<td>Chip NFC\/HF<\/td>\n<\/tr>\n<tr>\n<td>Uso<\/td>\n<td>Bilheteria para eventos, controle de acesso, pagamento sem dinheiro<\/td>\n<\/tr>\n<tr>\n<td>Material<\/td>\n<td>Papel Dupont<\/td>\n<\/tr>\n<tr>\n<td>Tamanho<\/td>\n<td>250*19,5 mm<\/td>\n<\/tr>\n<tr>\n<td>Impress\u00e3o<\/td>\n<td>Impress\u00e3o offset colorida<\/td>\n<\/tr>\n<\/tbody>\n<\/table>\n<p>&nbsp;<\/p>\n<h3><strong>Perguntas Frequentes (FAQs)<\/strong><\/h3>\n<p><strong>P1: Como posso personalizar as pulseiras?<\/strong><br \/>\nR: Personaliza\u00e7\u00f5es podem ser solicitadas durante o processo de pedido. Voc\u00ea pode especificar seu design, logotipo, c\u00f3digos QR ou n\u00fameros de s\u00e9rie.<\/p>\n<p><strong>P2: As pulseiras s\u00e3o \u00e0 prova d&#039;\u00e1gua?<\/strong><br \/>\nR: Sim, o\u00a0<strong>Papel Dupont<\/strong>\u00a0o material usado na fabrica\u00e7\u00e3o \u00e9 resistente \u00e0 \u00e1gua, garantindo que eles suportem diversas condi\u00e7\u00f5es de eventos.<\/p>\n<p><strong>Q3: As pulseiras podem ser reutilizadas?<\/strong><br \/>\nR: Essas pulseiras s\u00e3o projetadas para uso \u00fanico; elas garantem seguran\u00e7a m\u00e1xima e recursos \u00e0 prova de viola\u00e7\u00e3o durante todo o evento.<\/p>\n<p>&nbsp;<\/p>\n<h3><strong>Ao reduzir o desperd\u00edcio: solu\u00e7\u00f5es ambientalmente respons\u00e1veis<\/strong><\/h3>\n<p>Na nossa busca por solu\u00e7\u00f5es inovadoras, tamb\u00e9m estamos atentos ao nosso impacto ambiental.\u00a0<strong>Pulseira descart\u00e1vel HF UHF RFID NFC<\/strong>\u00a0apoia a sustentabilidade ecol\u00f3gica das seguintes maneiras:<\/p>\n<ul>\n<li><strong>Design de uso \u00fanico:<\/strong>\u00a0Como um\u00a0<strong>pulseira de uso \u00fanico<\/strong>, voc\u00ea elimina a necessidade de processos de devolu\u00e7\u00e3o e lavagem, o que economiza recursos e energia.<\/li>\n<li><strong>Considera\u00e7\u00e3o material:<\/strong>\u00a0Usando\u00a0<strong>Papel Dupont<\/strong>, conhecido por ser recicl\u00e1vel, contribui para reduzir a pegada de carbono geral associada aos suprimentos para eventos.<\/li>\n<\/ul>","protected":false},"excerpt":{"rendered":"<p>A Pulseira NFC RFID HF descart\u00e1vel para ingressos de eventos oferece uma maneira segura e eficiente de gerenciar o controle de acesso em qualquer evento. Seu design personaliz\u00e1vel garante uma experi\u00eancia perfeita para o participante, ao mesmo tempo em que permite pagamentos sem dinheiro e medidas de seguran\u00e7a aprimoradas.<\/p>","protected":false},"featured_media":3438,"template":"","meta":[],"product_brand":[],"product_cat":[50],"product_tag":[],"class_list":{"0":"post-3437","1":"product","2":"type-product","3":"status-publish","4":"has-post-thumbnail","6":"product_cat-silicone-rfid-nfc-wristbands","8":"first","9":"instock","10":"shipping-taxable","11":"product-type-simple"},"_links":{"self":[{"href":"https:\/\/nfc-readers.com\/pt\/wp-json\/wp\/v2\/product\/3437","targetHints":{"allow":["GET"]}}],"collection":[{"href":"https:\/\/nfc-readers.com\/pt\/wp-json\/wp\/v2\/product"}],"about":[{"href":"https:\/\/nfc-readers.com\/pt\/wp-json\/wp\/v2\/types\/product"}],"wp:featuredmedia":[{"embeddable":true,"href":"https:\/\/nfc-readers.com\/pt\/wp-json\/wp\/v2\/media\/3438"}],"wp:attachment":[{"href":"https:\/\/nfc-readers.com\/pt\/wp-json\/wp\/v2\/media?parent=3437"}],"wp:term":[{"taxonomy":"product_brand","embeddable":true,"href":"https:\/\/nfc-readers.com\/pt\/wp-json\/wp\/v2\/product_brand?post=3437"},{"taxonomy":"product_cat","embeddable":true,"href":"https:\/\/nfc-readers.com\/pt\/wp-json\/wp\/v2\/product_cat?post=3437"},{"taxonomy":"product_tag","embeddable":true,"href":"https:\/\/nfc-readers.com\/pt\/wp-json\/wp\/v2\/product_tag?post=3437"}],"curies":[{"name":"wp","href":"https:\/\/api.w.org\/{rel}","templated":true}]}}