{"id":3444,"date":"2024-11-03T06:44:10","date_gmt":"2024-11-03T06:44:10","guid":{"rendered":"https:\/\/nfc-readers.com\/?post_type=product&#038;p=3444"},"modified":"2024-11-04T08:51:14","modified_gmt":"2024-11-04T08:51:14","slug":"custom-fm1208-8k-memory-smart-campus-card","status":"publish","type":"product","link":"https:\/\/nfc-readers.com\/pt\/ic-reader\/custom-fm1208-8k-memory-smart-campus-card\/","title":{"rendered":"Cart\u00e3o de campus inteligente de mem\u00f3ria FM1208 8k personalizado"},"content":{"rendered":"<h1><span style=\"color: #000080;\"><strong>Cart\u00e3o de campus inteligente de mem\u00f3ria FM1208 8k personalizado<\/strong><\/span><\/h1>\n<p><span style=\"color: #666699;\">O Futuro das Solu\u00e7\u00f5es de Controle de AcessoEm um mundo cada vez mais digital, o controle de acesso cont\u00ednuo \u00e9 mais cr\u00edtico do que nunca. <strong>Cart\u00e3o de mem\u00f3ria inteligente FM12088K personalizado para campus<\/strong>\u00a0foi projetado para institui\u00e7\u00f5es modernas que buscam maneiras seguras e eficientes de gerenciar acesso, identifica\u00e7\u00e3o e transa\u00e7\u00f5es no campus. Com mem\u00f3ria de 8K, recursos de comunica\u00e7\u00e3o RFID e NFC e um design robusto, este cart\u00e3o se destaca como uma solu\u00e7\u00e3o essencial para institui\u00e7\u00f5es educacionais, empresas e organiza\u00e7\u00f5es. Este produto oferece v\u00e1rios benef\u00edcios que o tornam um investimento valioso para qualquer entidade focada em seguran\u00e7a aprimorada e opera\u00e7\u00f5es simplificadas.<\/span><\/p>\n<p>&nbsp;<\/p>\n<h2 style=\"text-align: center;\"><em><strong><span style=\"color: #000080;\">Por que escolher o cart\u00e3o de mem\u00f3ria inteligente Campus FM12088K personalizado?<\/span><\/strong><\/em><\/h2>\n<p>O Custom FM12088K Memory Smart Campus Card \u00e9 mais do que apenas um peda\u00e7o de pl\u00e1stico; \u00e9 uma ferramenta inovadora que integra tecnologia avan\u00e7ada com aplica\u00e7\u00f5es pr\u00e1ticas. Os principais benef\u00edcios incluem:<\/p>\n<ul>\n<li><strong>Seguran\u00e7a aumentada<\/strong>: Com avan\u00e7ado\u00a0<strong>Mifare Desfire<\/strong>\u00a0capacidades e\u00a0<strong>autentica\u00e7\u00e3o m\u00fatua<\/strong>, seu sistema de controle de acesso se torna significativamente mais seguro.<\/li>\n<li><strong>Experi\u00eancia de usu\u00e1rio aprimorada<\/strong>: Projetado para f\u00e1cil opera\u00e7\u00e3o, o cart\u00e3o\u00a0<strong>design sem contato<\/strong>\u00a0permite acesso r\u00e1pido e conveniente, ideal para ambientes de campus movimentados.<\/li>\n<li><strong>Aplica\u00e7\u00f5es Vers\u00e1teis<\/strong>: N\u00e3o se limitando ao controle de acesso, esses cart\u00f5es tamb\u00e9m podem ser usados para transa\u00e7\u00f5es financeiras, emiss\u00e3o de bilhetes e programas de fidelidade.<\/li>\n<li><strong>Durabilidade e Longevidade<\/strong>: Feito de\u00a0<strong>PVC<\/strong>, essas cartas s\u00e3o\u00a0<strong>\u00e0 prova d&#039;\u00e1gua\/\u00e0 prova de intemp\u00e9ries<\/strong>, garantindo longevidade mesmo em condi\u00e7\u00f5es ambientais desafiadoras.<\/li>\n<\/ul>\n<hr \/>\n<h2><\/h2>\n<h2 style=\"text-align: center;\"><span style=\"color: #000080;\"><em><strong>Evolu\u00e7\u00e3o da Tecnologia Mifare<\/strong><\/em><\/span><\/h2>\n<p><span style=\"color: #008080;\">A tecnologia Mifare evoluiu ao longo dos anos, passando do original <strong>Mifare Cl\u00e1ssico<\/strong>\u00a0fam\u00edlia para itera\u00e7\u00f5es avan\u00e7adas como a\u00a0<strong>Mifare Desfire<\/strong>\u00a0s\u00e9rie. <\/span><\/p>\n<p><span style=\"color: #008080;\">Esses avan\u00e7os permitem maiores capacidades de mem\u00f3ria, recursos de seguran\u00e7a mais elevados e aplica\u00e7\u00f5es diversas. O FM1208&#039;s\u00a0<strong>Mem\u00f3ria 8K<\/strong>\u00a0reafirma sua capacidade de lidar com transa\u00e7\u00f5es complexas de dados de forma segura e eficaz.<\/span><\/p>\n<p>&nbsp;<\/p>\n<h2 style=\"text-align: center;\"><em><strong><span style=\"color: #000080;\">Principais atributos dos cart\u00f5es inteligentes<\/span><\/strong><\/em><\/h2>\n<h3>Cart\u00f5es inteligentes como o FM1208 oferecem v\u00e1rios atributos importantes, incluindo:<\/h3>\n<ul>\n<li><strong>Comunica\u00e7\u00e3o sem contato<\/strong>: Utilizando\u00a0<strong>RFID\/NFC<\/strong>\u00a0tecnologia, o cart\u00e3o pode ser escaneado rapidamente sem contato f\u00edsico, proporcionando acesso r\u00e1pido.<\/li>\n<li><strong>Alta Seguran\u00e7a<\/strong>: Com\u00a0<strong>chaves de criptografia<\/strong>\u00a0e recursos de autentica\u00e7\u00e3o m\u00fatua, os usu\u00e1rios podem ter certeza de que suas credenciais est\u00e3o seguras.<\/li>\n<li><strong>Escalabilidade<\/strong>: O FM1208 pode ser facilmente integrado a sistemas existentes ou dimensionado para atender \u00e0s crescentes necessidades do campus, melhorando a efici\u00eancia operacional geral.<\/li>\n<\/ul>\n<hr \/>\n<h2><\/h2>\n<h2 style=\"text-align: center;\"><em><span style=\"color: #000080;\"><strong>Caracter\u00edsticas \u00fanicas<\/strong><\/span><\/em><\/h2>\n<p><span style=\"color: #666699;\">O cart\u00e3o inteligente FM1208 personalizado do campus vem com recursos exclusivos projetados para o cen\u00e1rio tecnol\u00f3gico atual.<\/span><\/p>\n<h3><span style=\"color: #333399;\"><strong>\u00c0 prova d&#039;\u00e1gua e de intemp\u00e9ries<\/strong><\/span><\/h3>\n<p>Este cart\u00e3o inteligente \u00e9 projetado para suportar condi\u00e7\u00f5es adversas, tornando-o adequado para aplica\u00e7\u00f5es internas e externas. O\u00a0<strong>PVC<\/strong>\u00a0O material utilizado garante que ele permane\u00e7a intacto e totalmente funcional sob diferentes press\u00f5es ambientais.<\/p>\n<p>&nbsp;<\/p>\n<h3><span style=\"color: #333399;\"><strong>Compatibilidade com Mini Tag<\/strong><\/span><\/h3>\n<p>O FM1208 tamb\u00e9m pode funcionar como um\u00a0<strong>mini etiqueta<\/strong>, permitindo diversos cen\u00e1rios de uso. Seja integrado em roupas, mochilas ou carteiras, ele oferece flexibilidade para alunos e funcion\u00e1rios.<\/p>\n<hr \/>\n<h3><span style=\"color: #333399;\"><strong>Especifica\u00e7\u00f5es t\u00e9cnicas<\/strong><\/span><\/h3>\n<p><strong>Aqui est\u00e1 uma an\u00e1lise detalhada das especifica\u00e7\u00f5es t\u00e9cnicas do cart\u00e3o de mem\u00f3ria inteligente Campus FM12088K personalizado:<\/strong><\/p>\n<div class=\"table-with-header rounded-lg border border-solid border-grey-line2-normal w-fit max-w-full mb-2\">\n<div class=\"overflow-x-auto custom-scrollbar custom-scrollbar-float max-w-full\">\n<table class=\"w-fit !mb-0 !max-w-none\">\n<thead>\n<tr>\n<th>Recurso<\/th>\n<th>Especifica\u00e7\u00e3o<\/th>\n<\/tr>\n<\/thead>\n<tbody>\n<tr>\n<td><strong>Nome do Produto<\/strong><\/td>\n<td>Cart\u00e3o RFID<\/td>\n<\/tr>\n<tr>\n<td><strong>Lasca<\/strong><\/td>\n<td>FM1208<\/td>\n<\/tr>\n<tr>\n<td><strong>Mem\u00f3ria<\/strong><\/td>\n<td>8K<\/td>\n<\/tr>\n<tr>\n<td><strong>Material<\/strong><\/td>\n<td>PVC<\/td>\n<\/tr>\n<tr>\n<td><strong>Tamanho<\/strong><\/td>\n<td>85,5 x 54 mm<\/td>\n<\/tr>\n<tr>\n<td><strong>Frequ\u00eancia<\/strong><\/td>\n<td>13,56 MHz<\/td>\n<\/tr>\n<tr>\n<td><strong>Dist\u00e2ncia de leitura<\/strong><\/td>\n<td>1-10 cm<\/td>\n<\/tr>\n<tr>\n<td><strong>MOQ (Quantidade m\u00ednima de pedido)<\/strong><\/td>\n<td>500<\/td>\n<\/tr>\n<tr>\n<td><strong>Impress\u00e3o<\/strong><\/td>\n<td>Impress\u00e3o offset<\/td>\n<\/tr>\n<tr>\n<td><strong>Lugar de origem<\/strong><\/td>\n<td>Guangdong, China<\/td>\n<\/tr>\n<tr>\n<td><strong>Aplicativo<\/strong><\/td>\n<td>Controle de acesso, transa\u00e7\u00f5es<\/td>\n<\/tr>\n<\/tbody>\n<\/table>\n<\/div>\n<\/div>\n<p><strong>Essas especifica\u00e7\u00f5es apresentam uma placa que enfatiza seguran\u00e7a, durabilidade e efici\u00eancia.<\/strong><\/p>\n<hr \/>\n<h2><\/h2>\n<h2 style=\"text-align: center;\"><em><span style=\"color: #000080;\"><strong>Impacto Ambiental e Sustentabilidade<\/strong><\/span><\/em><\/h2>\n<p><span style=\"color: #666699;\">Reconhecendo a pegada ambiental da tecnologia, a placa Custom FM1208 adota uma abordagem sustent\u00e1vel. Sendo constru\u00edda a partir de\u00a0<strong>PVC<\/strong>, oferece durabilidade sem comprometer as preocupa\u00e7\u00f5es ambientais. Pr\u00e1ticas Sustent\u00e1veis- <strong>Reciclabilidade<\/strong>:Os materiais utilizados podem ser reciclados, enfatizando o compromisso com a administra\u00e7\u00e3o ambiental.<\/span><\/p>\n<ul>\n<li><strong>Longa vida \u00fatil<\/strong>: Com um design dur\u00e1vel, o cart\u00e3o reduz a necessidade de substitui\u00e7\u00f5es frequentes, diminuindo assim o desperd\u00edcio.<\/li>\n<\/ul>\n<hr \/>\n<h2><\/h2>\n<h2 style=\"text-align: center;\"><em><span style=\"color: #000080;\"><strong>Aplica\u00e7\u00f5es na Educa\u00e7\u00e3o e Al\u00e9m<\/strong><\/span><\/em><\/h2>\n<p><span style=\"color: #666699;\">O cart\u00e3o inteligente de campus FM1208 personalizado atende a diversas aplica\u00e7\u00f5es, principalmente em institui\u00e7\u00f5es educacionais, aprimorando a experi\u00eancia geral no campus.<\/span><\/p>\n<p>&nbsp;<\/p>\n<h2 style=\"text-align: center;\"><em><strong><span style=\"color: #000080;\">Em Institui\u00e7\u00f5es Educacionais<\/span><\/strong><\/em><\/h2>\n<p style=\"text-align: left;\">1.\u00a0<strong>Controle de acesso<\/strong>: Entrada segura em edif\u00edcios, bibliotecas ou laborat\u00f3rios.<\/p>\n<ol start=\"2\">\n<li><strong>Identifica\u00e7\u00e3o do campus<\/strong>:Servindo como identidades estudantis, os cart\u00f5es simplificam os processos de identifica\u00e7\u00e3o.<\/li>\n<li><strong>Sistemas de Pagamento<\/strong>: Integra\u00e7\u00e3o com contas escolares para transa\u00e7\u00f5es sem dinheiro em refeit\u00f3rios e m\u00e1quinas de venda autom\u00e1tica.<\/li>\n<\/ol>","protected":false},"excerpt":{"rendered":"<p>O Custom FM12088K Memory Smart Campus Card oferece controle de acesso seguro e sem contato, ideal para institui\u00e7\u00f5es educacionais e empresas. Dur\u00e1vel e vers\u00e1til!<\/p>","protected":false},"featured_media":3449,"template":"","meta":[],"product_brand":[],"product_cat":[46],"product_tag":[],"class_list":{"0":"post-3444","1":"product","2":"type-product","3":"status-publish","4":"has-post-thumbnail","6":"product_cat-nfc-cards","8":"first","9":"instock","10":"shipping-taxable","11":"product-type-simple"},"_links":{"self":[{"href":"https:\/\/nfc-readers.com\/pt\/wp-json\/wp\/v2\/product\/3444","targetHints":{"allow":["GET"]}}],"collection":[{"href":"https:\/\/nfc-readers.com\/pt\/wp-json\/wp\/v2\/product"}],"about":[{"href":"https:\/\/nfc-readers.com\/pt\/wp-json\/wp\/v2\/types\/product"}],"wp:featuredmedia":[{"embeddable":true,"href":"https:\/\/nfc-readers.com\/pt\/wp-json\/wp\/v2\/media\/3449"}],"wp:attachment":[{"href":"https:\/\/nfc-readers.com\/pt\/wp-json\/wp\/v2\/media?parent=3444"}],"wp:term":[{"taxonomy":"product_brand","embeddable":true,"href":"https:\/\/nfc-readers.com\/pt\/wp-json\/wp\/v2\/product_brand?post=3444"},{"taxonomy":"product_cat","embeddable":true,"href":"https:\/\/nfc-readers.com\/pt\/wp-json\/wp\/v2\/product_cat?post=3444"},{"taxonomy":"product_tag","embeddable":true,"href":"https:\/\/nfc-readers.com\/pt\/wp-json\/wp\/v2\/product_tag?post=3444"}],"curies":[{"name":"wp","href":"https:\/\/api.w.org\/{rel}","templated":true}]}}