{"id":3450,"date":"2024-11-03T08:01:44","date_gmt":"2024-11-03T08:01:44","guid":{"rendered":"https:\/\/nfc-readers.com\/?post_type=product&#038;p=3450"},"modified":"2024-11-04T08:45:59","modified_gmt":"2024-11-04T08:45:59","slug":"nfc-with-qr-code-stainless-contactless-business-card","status":"publish","type":"product","link":"https:\/\/nfc-readers.com\/pt\/ic-reader\/nfc-with-qr-code-stainless-contactless-business-card\/","title":{"rendered":"NFC com c\u00f3digo QR Cart\u00e3o de visita sem contato em a\u00e7o inoxid\u00e1vel"},"content":{"rendered":"<h1><span style=\"color: #000080;\"><strong>NFC com c\u00f3digo QR Cart\u00e3o de visita sem contato em a\u00e7o inoxid\u00e1vel<\/strong><\/span><\/h1>\n<p><span style=\"color: #666699;\">No mundo digital acelerado de hoje, a necessidade de solu\u00e7\u00f5es de rede inovadoras e eficazes \u00e9 mais importante do que nunca. Entre no <strong>NFC com QR Code Cart\u00e3o de Visita Contactless Inox<\/strong>, uma ferramenta de ponta projetada para redefinir como os profissionais compartilham suas informa\u00e7\u00f5es. Mesclando tecnologia moderna com design elegante, este cart\u00e3o de visita permite que os usu\u00e1rios compartilhem sem esfor\u00e7o seus detalhes de contato, perfis sociais e muito mais por meio de simples toques e escaneamentos. Com in\u00fameras op\u00e7\u00f5es de personaliza\u00e7\u00e3o, este cart\u00e3o de visita sem contato n\u00e3o apenas aprimora sua imagem profissional, mas tamb\u00e9m simplifica os processos de networking.<\/span><\/p>\n<p>&nbsp;<\/p>\n<h2 style=\"text-align: center;\"><span style=\"color: #000080;\"><strong>Principais atributos dos cart\u00f5es de visita NFC\u00a0<\/strong><\/span><\/h2>\n<p>A tecnologia NFC est\u00e1 transformando a rede ao fornecer atributos exclusivos que a diferenciam dos cart\u00f5es de visita tradicionais. Esses cart\u00f5es facilitam o compartilhamento r\u00e1pido e eficiente de informa\u00e7\u00f5es, permitindo que os usu\u00e1rios transfiram seus detalhes de contato com um simples toque de um smartphone.\u00a0<strong>NFC com QR Code Cart\u00e3o de Visita Contactless Inox<\/strong>\u00a0incorpora tecnologia avan\u00e7ada como:<\/p>\n<ul>\n<li><strong>Comunica\u00e7\u00e3o RFID:<\/strong>\u00a0Operando em uma frequ\u00eancia de 13,56 MHz, permitindo conex\u00f5es r\u00e1pidas entre dispositivos.<\/li>\n<li><strong>Op\u00e7\u00f5es de chip personalizado:<\/strong>\u00a0Dispon\u00edvel com chips NTAG213, NTAG215 ou NTAG216, proporcionando flexibilidade com base nas necessidades do usu\u00e1rio.<\/li>\n<\/ul>\n<p>Ao aproveitar esses atributos principais, este cart\u00e3o de visita n\u00e3o apenas representa sua marca profissional, mas tamb\u00e9m demonstra seu comprometimento com a inova\u00e7\u00e3o.<\/p>\n<p>&nbsp;<\/p>\n<h2 style=\"text-align: center;\"><span style=\"color: #000080;\"><em><strong>Caracter\u00edsticas do design: <\/strong><\/em><\/span><\/h2>\n<h2>Deixando uma impress\u00e3o duradoura<\/h2>\n<p><strong>Apelo est\u00e9tico<\/strong>\u00a0\u00e9 crucial em qualquer intera\u00e7\u00e3o comercial. O\u00a0<strong>NFC com QR Code Cart\u00e3o de Visita Contactless Inox<\/strong>\u00a0\u00e9 projetado com uma gama de recursos personaliz\u00e1veis para atender \u00e0s prefer\u00eancias individuais, garantindo que ele n\u00e3o apenas se destaque, mas tamb\u00e9m se alinhe com a identidade da sua marca. Os principais recursos de design incluem:<\/p>\n<ul>\n<li><strong>Acabamentos:<\/strong>\u00a0Escolha entre superf\u00edcies brilhantes ou foscas para uma apar\u00eancia sofisticada que combina com seu estilo.<\/li>\n<li><strong>Op\u00e7\u00f5es de material:<\/strong>\u00a0Feitos de a\u00e7o inoxid\u00e1vel de alta qualidade, esses cart\u00f5es n\u00e3o s\u00f3 t\u00eam uma apar\u00eancia luxuosa, mas tamb\u00e9m oferecem durabilidade contra desgaste.<\/li>\n<li><strong>Logotipos e padr\u00f5es personalizados:<\/strong>\u00a0Personalize seu cart\u00e3o com seu logotipo gravado, criando um toque \u00fanico que aumenta a visibilidade da sua marca.<\/li>\n<\/ul>\n<p>Ao investir em um cart\u00e3o de visita NFC projetado profissionalmente, voc\u00ea se diferencia da concorr\u00eancia.<\/p>\n<p>&nbsp;<\/p>\n<h2 style=\"text-align: center;\"><span style=\"color: #000080;\"><em><strong>Durabilidade \u00e0 prova d&#039;\u00e1gua e de intemp\u00e9ries <\/strong><\/em><\/span><\/h2>\n<p><span style=\"color: #666699;\">Na correria do networking di\u00e1rio, voc\u00ea precisa de um cart\u00e3o de visita que resista a diversas condi\u00e7\u00f5es ambientais. <\/span><\/p>\n<p><span style=\"color: #666699;\">O material inoxid\u00e1vel do\u00a0<strong>NFC com QR Code Cart\u00e3o de Visita Contactless Inox<\/strong>\u00a0\u00e9:<\/span><\/p>\n<ul>\n<li><strong>Imperme\u00e1vel:<\/strong>\u00a0Protege suas informa\u00e7\u00f5es contra derramamentos acidentais e condi\u00e7\u00f5es \u00famidas.<\/li>\n<li><strong>\u00c0 prova de intemp\u00e9ries:<\/strong>\u00a0Ideal para qualquer clima, garantindo que seu cart\u00e3o permane\u00e7a intacto e totalmente funcional, independentemente dos elementos externos.<\/li>\n<\/ul>\n<p>Essa durabilidade garante que seu cart\u00e3o manter\u00e1 suas qualidades est\u00e9ticas e funcionais ao longo do tempo, o que o torna um investimento inteligente.<\/p>\n<p>&nbsp;<\/p>\n<h2 style=\"text-align: center;\"><em><strong><span style=\"color: #000080;\">Interface de comunica\u00e7\u00e3o amig\u00e1vel\u00a0<\/span><\/strong><\/em><\/h2>\n<p>Uma das caracter\u00edsticas mais not\u00e1veis do\u00a0<strong>NFC com QR Code Cart\u00e3o de Visita Contactless Inox<\/strong>\u00a0\u00e9 sua interface de comunica\u00e7\u00e3o amig\u00e1vel. A capacidade de utilizar ambos\u00a0<strong>NFC e RFID<\/strong>\u00a0technologies garante que suas informa\u00e7\u00f5es possam ser acessadas de forma r\u00e1pida e f\u00e1cil por v\u00e1rios dispositivos. Veja como funciona:<\/p>\n<ul>\n<li><strong>Tecnologia NFC:<\/strong>\u00a0Os usu\u00e1rios precisam simplesmente encostar o smartphone no cart\u00e3o para recuperar os detalhes do contato. Essa simplicidade promove intera\u00e7\u00f5es r\u00e1pidas em configura\u00e7\u00f5es de rede.<\/li>\n<li><strong>Integra\u00e7\u00e3o de c\u00f3digo QR:<\/strong>\u00a0O cart\u00e3o possui um c\u00f3digo QR integrado, fornecendo um meio adicional de compartilhamento de informa\u00e7\u00f5es para aqueles que n\u00e3o possuem dispositivos habilitados para NFC.<\/li>\n<\/ul>\n<p>Essa interface de comunica\u00e7\u00e3o dupla garante que voc\u00ea possa se conectar com clientes ou parceiros em potencial sem esfor\u00e7o.<\/p>\n<p>&nbsp;<\/p>\n<h2 style=\"text-align: center;\"><span style=\"color: #000080;\"><em><strong>Especifica\u00e7\u00f5es que importam<\/strong><\/em><\/span><\/h2>\n<p>|\u00a0<strong>Material<\/strong>\u00a0| A\u00e7o inoxid\u00e1vel |<br \/>\n|\u00a0<strong>Frequ\u00eancia<\/strong>\u00a0|13,56 MHz |<br \/>\n|\u00a0<strong>Tamanho<\/strong>\u00a0|85,5 mm x54 mm \/ Personalizado |<br \/>\n|\u00a0<strong>Grossura<\/strong>\u00a0|0,8 mm \/ Personalizado |<br \/>\n|\u00a0<strong>Op\u00e7\u00f5es de Chip<\/strong> | Personalizado \/ NTAG213 \/215 \/216 |<br \/>\n|\u00a0<strong>Op\u00e7\u00f5es de cores<\/strong>\u00a0| Preto, Branco, Ouro Rosa, Dourado, Azul |<br \/>\n|\u00a0<strong>Caracter\u00edsticas especiais<\/strong>\u00a0| \u00c0 prova d&#039;\u00e1gua \/ \u00e0 prova de intemp\u00e9ries, Luxo|<\/p>\n<p>&nbsp;<\/p>\n<h2 style=\"text-align: center;\"><span style=\"color: #000080;\"><em><strong>Se\u00e7\u00e3o de perguntas frequentes<\/strong><\/em><\/span><\/h2>\n<p><strong><span style=\"color: #008080;\">P: Posso personalizar o design do cart\u00e3o?<\/span><\/strong><\/p>\n<p>R: Com certeza! Voc\u00ea pode escolher cores, acabamentos de superf\u00edcie e at\u00e9 mesmo gravuras para logotipos, tornando seu cart\u00e3o verdadeiramente \u00fanico.<\/p>\n<p>&nbsp;<\/p>\n<p><strong><span style=\"color: #008080;\">P: A funcionalidade NFC \u00e9 compat\u00edvel com todos os smartphones?<\/span><\/strong><\/p>\n<p>R: Sim, o cart\u00e3o NFC foi projetado para funcionar com a maioria dos smartphones que suportam a tecnologia NFC.<\/p>","protected":false},"excerpt":{"rendered":"<p>Revolucione a rede com nosso cart\u00e3o de visita sem contato de a\u00e7o inoxid\u00e1vel com NFC e QR Code \u2014 compartilhe informa\u00e7\u00f5es sem esfor\u00e7o com um design elegante e personaliz\u00e1vel!<\/p>","protected":false},"featured_media":3448,"template":"","meta":[],"product_brand":[],"product_cat":[46],"product_tag":[],"class_list":{"0":"post-3450","1":"product","2":"type-product","3":"status-publish","4":"has-post-thumbnail","6":"product_cat-nfc-cards","8":"first","9":"instock","10":"shipping-taxable","11":"product-type-simple"},"_links":{"self":[{"href":"https:\/\/nfc-readers.com\/pt\/wp-json\/wp\/v2\/product\/3450","targetHints":{"allow":["GET"]}}],"collection":[{"href":"https:\/\/nfc-readers.com\/pt\/wp-json\/wp\/v2\/product"}],"about":[{"href":"https:\/\/nfc-readers.com\/pt\/wp-json\/wp\/v2\/types\/product"}],"wp:featuredmedia":[{"embeddable":true,"href":"https:\/\/nfc-readers.com\/pt\/wp-json\/wp\/v2\/media\/3448"}],"wp:attachment":[{"href":"https:\/\/nfc-readers.com\/pt\/wp-json\/wp\/v2\/media?parent=3450"}],"wp:term":[{"taxonomy":"product_brand","embeddable":true,"href":"https:\/\/nfc-readers.com\/pt\/wp-json\/wp\/v2\/product_brand?post=3450"},{"taxonomy":"product_cat","embeddable":true,"href":"https:\/\/nfc-readers.com\/pt\/wp-json\/wp\/v2\/product_cat?post=3450"},{"taxonomy":"product_tag","embeddable":true,"href":"https:\/\/nfc-readers.com\/pt\/wp-json\/wp\/v2\/product_tag?post=3450"}],"curies":[{"name":"wp","href":"https:\/\/api.w.org\/{rel}","templated":true}]}}