{"id":3460,"date":"2024-11-04T06:26:42","date_gmt":"2024-11-04T06:26:42","guid":{"rendered":"https:\/\/nfc-readers.com\/?post_type=product&#038;p=3460"},"modified":"2024-11-04T08:39:37","modified_gmt":"2024-11-04T08:39:37","slug":"custom-logo-printing-yelptripadvisor-review-nfc-card","status":"publish","type":"product","link":"https:\/\/nfc-readers.com\/pt\/ic-reader\/custom-logo-printing-yelptripadvisor-review-nfc-card\/","title":{"rendered":"Impress\u00e3o de logotipo personalizado Cart\u00e3o NFC para Yelp\\Tripadvisor Review"},"content":{"rendered":"<h1><span style=\"color: #000080;\"><strong>Impress\u00e3o de logotipo personalizado Cart\u00e3o NFC para Yelp\\Tripadvisor Review<\/strong><\/span><\/h1>\n<p>&nbsp;<\/p>\n<p><span style=\"color: #666699;\">Benef\u00edcios da impress\u00e3o de logotipo personalizado Yelp\/Tripadvisor Review NFC CardsA integra\u00e7\u00e3o de\u00a0<strong>Tecnologia NFC<\/strong>\u00a0em estrat\u00e9gias de engajamento do cliente pode aumentar drasticamente a conveni\u00eancia e reunir feedback valioso de forma eficiente. Esses cart\u00f5es podem catalisar conversas, incentivar a intera\u00e7\u00e3o do cliente e, subsequentemente, aumentar sua classifica\u00e7\u00e3o no Yelp ou TripAdvisor. Com recursos como durabilidade \u00e0 prova d&#039;\u00e1gua e de intemp\u00e9ries, esses cart\u00f5es s\u00e3o projetados para uma variedade de ambientes, tornando-os uma adi\u00e7\u00e3o valiosa ao seu arsenal de marketing.<\/span><\/p>\n<hr \/>\n<h2><\/h2>\n<h2 style=\"text-align: center;\"><em><strong><span style=\"color: #000080;\">Esbo\u00e7o do produto<\/span><\/strong><\/em><\/h2>\n<h3><span style=\"color: #333399;\"><strong>1. O que s\u00e3o cart\u00f5es NFC com logotipo personalizado?<\/strong><\/span><\/h3>\n<p>O cart\u00e3o NFC de impress\u00e3o de logotipo personalizado para Yelp\\Tripadvisor Review \u00e9 um cart\u00e3o inteligente que usa\u00a0<strong>NFC (comunica\u00e7\u00e3o de campo pr\u00f3ximo)<\/strong>\u00a0tecnologia para facilitar intera\u00e7\u00f5es sem contato. Simplesmente tocando o cart\u00e3o com um smartphone compat\u00edvel, os clientes podem acessar um link que leva diretamente \u00e0 sua p\u00e1gina de avalia\u00e7\u00e3o. Isso elimina a necessidade de entradas manuais, simplificando o processo de feedback e melhorando as taxas gerais de resposta.<\/p>\n<p>&nbsp;<\/p>\n<h3><span style=\"color: #333399;\"><strong>2. Principais caracter\u00edsticas dos cart\u00f5es NFC<\/strong><\/span><\/h3>\n<p><strong>Atributos principais<\/strong>\u00a0dos nossos cart\u00f5es NFC incluem:<\/p>\n<ul>\n<li><strong>Frequ\u00eancia de opera\u00e7\u00e3o<\/strong>:13,56 MHz permite comunica\u00e7\u00e3o est\u00e1vel.<\/li>\n<li><strong>Dist\u00e2ncia de leitura<\/strong>: Os cart\u00f5es podem ser lidos de 2 a 10 cm, garantindo facilidade de uso.<\/li>\n<li><strong>Composi\u00e7\u00e3o do material<\/strong>: Feito de PVC dur\u00e1vel, garantindo longevidade.<\/li>\n<li><strong>Impress\u00e3o personalizada<\/strong>: Dispon\u00edvel com impress\u00e3o CMYK4C, o que permite uma marca vibrante.<\/li>\n<\/ul>\n<p>&nbsp;<\/p>\n<h3><span style=\"color: #333399;\"><strong>3. Benef\u00edcios da utiliza\u00e7\u00e3o de cart\u00f5es NFC para avalia\u00e7\u00f5es de clientes<\/strong><\/span><\/h3>\n<p>Os cart\u00f5es NFC n\u00e3o s\u00e3o apenas eficazes para direcionar tr\u00e1fego para suas p\u00e1ginas de avalia\u00e7\u00e3o, mas tamb\u00e9m aumentam a satisfa\u00e7\u00e3o do cliente. Ao simplificar para os clientes o fornecimento de feedback, voc\u00ea rapidamente re\u00fane insights sobre suas experi\u00eancias, levando a melhorias e demonstrando seu comprometimento com o atendimento ao cliente.<\/p>\n<p>&nbsp;<\/p>\n<h2><span style=\"color: #333399;\"><strong>4. Especifica\u00e7\u00f5es t\u00e9cnicas dos cart\u00f5es NFC<\/strong><\/span><\/h2>\n<p>Abaixo est\u00e3o os <strong>especifica\u00e7\u00f5es t\u00e9cnicas<\/strong> da nossa impress\u00e3o de logotipo personalizado em cart\u00e3o NFC para Yelp\\Tripadvisor Review:<\/p>\n<div class=\"table-with-header rounded-lg border border-solid border-grey-line2-normal w-fit max-w-full mb-2\">\n<div class=\"overflow-x-auto custom-scrollbar custom-scrollbar-float max-w-full\">\n<table class=\"w-fit !mb-0 !max-w-none\">\n<thead>\n<tr>\n<th>Atributo<\/th>\n<th>Especifica\u00e7\u00e3o<\/th>\n<\/tr>\n<\/thead>\n<tbody>\n<tr>\n<td>Lugar de origem<\/td>\n<td>Guangdong, China<\/td>\n<\/tr>\n<tr>\n<td>Tipo de chip<\/td>\n<td>NFC213\/215\/216 (NTAG\u00ae)<\/td>\n<\/tr>\n<tr>\n<td>Tamanho da mem\u00f3ria<\/td>\n<td>144\/504\/888 bytes<\/td>\n<\/tr>\n<tr>\n<td>Tamanho<\/td>\n<td>85,5*54mm\/Personalizado<\/td>\n<\/tr>\n<tr>\n<td>Interface de comunica\u00e7\u00e3o<\/td>\n<td>RFID, NFC<\/td>\n<\/tr>\n<tr>\n<td>Impress\u00e3o<\/td>\n<td>Impress\u00e3o Offset CMYK<\/td>\n<\/tr>\n<tr>\n<td>Quantidade m\u00ednima de pedido (MOQ)<\/td>\n<td>500<\/td>\n<\/tr>\n<tr>\n<td>Caracter\u00edsticas especiais<\/td>\n<td>\u00c0 prova d&#039;\u00e1gua \/ \u00e0 prova de intemp\u00e9ries, MINI TAG<\/td>\n<\/tr>\n<\/tbody>\n<\/table>\n<\/div>\n<\/div>\n<h3><strong><span style=\"color: #333399;\">5. Pontos de venda exclusivos: <\/span><\/strong><\/h3>\n<h3><strong>\u00c0 prova d&#039;\u00e1gua e de intemp\u00e9ries<\/strong><\/h3>\n<p>Uma das principais preocupa\u00e7\u00f5es com materiais promocionais f\u00edsicos \u00e9 a durabilidade. Nossos cart\u00f5es NFC v\u00eam com <strong>\u00e0 prova d&#039;\u00e1gua e resistente \u00e0s intemp\u00e9ries<\/strong>\u00a0qualidades, garantindo que sobrevivam em condi\u00e7\u00f5es variadas, seja em ambientes internos ou externos. Essa caracter\u00edstica especial os torna adequados para qualquer campanha de marketing, seja em um restaurante, uma loja de varejo ou eventos ao ar livre.<\/p>\n<p>&nbsp;<\/p>\n<h2 style=\"text-align: center;\"><em><span style=\"color: #000080;\"><strong>Como usar cart\u00f5es NFC com logotipo personalizado<\/strong><\/span><\/em><\/h2>\n<p>Usar os cart\u00f5es NFC \u00e9 simples:<\/p>\n<ol>\n<li>Distribua os cart\u00f5es aos clientes, certificando-se de que eles entendam sua finalidade.<\/li>\n<li>Os clientes encostam o dispositivo m\u00f3vel no cart\u00e3o.<\/li>\n<li>O dispositivo tem um link para sua p\u00e1gina de feedback em plataformas como Yelp ou TripAdvisor.<\/li>\n<li>Incentive-os a deixar uma avalia\u00e7\u00e3o para que outros clientes vejam.<\/li>\n<\/ol>\n<p>&nbsp;<\/p>\n<h2 style=\"text-align: center;\"><em><span style=\"color: #000080;\"><strong>Projetando o cart\u00e3o NFC com logotipo personalizado perfeito<\/strong><\/span><\/em><\/h2>\n<p>O design do seu <strong>cart\u00e3o de revis\u00e3o<\/strong>\u00a0\u00e9 crucial para atrair aten\u00e7\u00e3o. Incorpore as cores da sua marca, o logotipo e uma chamada clara para a\u00e7\u00e3o. A impress\u00e3o CMYK de alta qualidade garante que seu design n\u00e3o seja apenas atraente, mas tamb\u00e9m reflita o ethos da sua marca, deixando seus clientes animados para interagir com seus cart\u00f5es.<\/p>\n<p>&nbsp;<\/p>\n<h2 style=\"text-align: center;\"><em><span style=\"color: #000080;\"><strong>Impacto ambiental dos cart\u00f5es NFC<\/strong><\/span><\/em><\/h2>\n<p>Em um mundo em r\u00e1pida mudan\u00e7a, a sustentabilidade \u00e9 essencial. Nossos cart\u00f5es NFC s\u00e3o feitos de materiais de PVC ecol\u00f3gicos, reduzindo a pegada ambiental associada aos m\u00e9todos tradicionais de coleta de avalia\u00e7\u00f5es. Transi\u00e7\u00e3o para solu\u00e7\u00f5es digitais, como <strong>Tecnologia NFC<\/strong>\u00a0contribui para um modelo de neg\u00f3cio mais sustent\u00e1vel.<\/p>\n<p>&nbsp;<\/p>\n<h2 style=\"text-align: center;\"><em><span style=\"color: #000080;\"><strong>Avalia\u00e7\u00f5es de clientes<\/strong><\/span><\/em><\/h2>\n<p>Feedback real de usu\u00e1riosClientes que j\u00e1 integraram <strong>Cart\u00f5es NFC<\/strong>\u00a0em seus neg\u00f3cios relatam aumentos significativos nos n\u00edveis de engajamento e qualidade do feedback. Aqui est\u00e3o alguns depoimentos:<\/p>\n<ul>\n<li><span style=\"color: #008080;\"><strong>\u201cOs cart\u00f5es NFC tornaram a coleta de avalia\u00e7\u00f5es muito mais f\u00e1cil. Nossos clientes adoram o qu\u00e3o r\u00e1pido e direto \u00e9!\u201d<\/strong><\/span> \u2013 Emily R.<\/li>\n<li><span style=\"color: #666699;\"><strong>\u201cVimos um aumento de 40% no feedback depois que come\u00e7amos a usar cart\u00f5es NFC. Tem sido fant\u00e1stico para nossa reputa\u00e7\u00e3o online.\u201d<\/strong><\/span> \u2013 Mike T.<\/li>\n<\/ul>","protected":false},"excerpt":{"rendered":"<p>Os cart\u00f5es NFC com logotipo personalizado aumentam o envolvimento do cliente ao permitir o envio de avalia\u00e7\u00f5es f\u00e1cil e sem contato, aumentando a reputa\u00e7\u00e3o online com durabilidade \u00e0 prova d&#039;\u00e1gua.<\/p>","protected":false},"featured_media":3462,"template":"","meta":[],"product_brand":[],"product_cat":[46],"product_tag":[],"class_list":{"0":"post-3460","1":"product","2":"type-product","3":"status-publish","4":"has-post-thumbnail","6":"product_cat-nfc-cards","8":"first","9":"instock","10":"shipping-taxable","11":"product-type-simple"},"_links":{"self":[{"href":"https:\/\/nfc-readers.com\/pt\/wp-json\/wp\/v2\/product\/3460","targetHints":{"allow":["GET"]}}],"collection":[{"href":"https:\/\/nfc-readers.com\/pt\/wp-json\/wp\/v2\/product"}],"about":[{"href":"https:\/\/nfc-readers.com\/pt\/wp-json\/wp\/v2\/types\/product"}],"wp:featuredmedia":[{"embeddable":true,"href":"https:\/\/nfc-readers.com\/pt\/wp-json\/wp\/v2\/media\/3462"}],"wp:attachment":[{"href":"https:\/\/nfc-readers.com\/pt\/wp-json\/wp\/v2\/media?parent=3460"}],"wp:term":[{"taxonomy":"product_brand","embeddable":true,"href":"https:\/\/nfc-readers.com\/pt\/wp-json\/wp\/v2\/product_brand?post=3460"},{"taxonomy":"product_cat","embeddable":true,"href":"https:\/\/nfc-readers.com\/pt\/wp-json\/wp\/v2\/product_cat?post=3460"},{"taxonomy":"product_tag","embeddable":true,"href":"https:\/\/nfc-readers.com\/pt\/wp-json\/wp\/v2\/product_tag?post=3460"}],"curies":[{"name":"wp","href":"https:\/\/api.w.org\/{rel}","templated":true}]}}