{"id":3498,"date":"2024-11-04T07:04:41","date_gmt":"2024-11-04T07:04:41","guid":{"rendered":"https:\/\/nfc-readers.com\/?post_type=product&#038;p=3498"},"modified":"2024-11-04T08:28:09","modified_gmt":"2024-11-04T08:28:09","slug":"tap-url-writing-social-business-facebook-review-nfc-cards","status":"publish","type":"product","link":"https:\/\/nfc-readers.com\/pt\/ic-reader\/tap-url-writing-social-business-facebook-review-nfc-cards\/","title":{"rendered":"Toque em URL Escrevendo Neg\u00f3cios Sociais Facebook Revis\u00e3o Cart\u00f5es NFC"},"content":{"rendered":"<h1><span style=\"color: #000080;\"><strong>Toque em URL Escrevendo Neg\u00f3cios Sociais Facebook Revis\u00e3o Cart\u00f5es NFC<\/strong><\/span><\/h1>\n<p><span style=\"color: #333399;\">No mundo digital acelerado de hoje, as empresas se esfor\u00e7am para ter conectividade e intera\u00e7\u00e3o perfeitas com seus clientes. Os cart\u00f5es NFC surgiram como uma ferramenta revolucion\u00e1ria que preenche a lacuna entre os reinos f\u00edsico e digital. Com seus recursos not\u00e1veis, incluindo o Tap URL Writing, eles servem como um meio poderoso para integra\u00e7\u00e3o de neg\u00f3cios sociais e aprimoramento do engajamento do cliente por meio de avenidas como o Facebook Reviews. Este artigo se aprofunda no charme e nas vantagens de nossos cart\u00f5es NFC e como eles podem transformar suas opera\u00e7\u00f5es comerciais.<\/span><\/p>\n<h2><\/h2>\n<h2 style=\"text-align: center;\"><em><strong><span style=\"color: #000080;\">Por que investir em cart\u00f5es NFC?<\/span><\/strong><\/em><\/h2>\n<p style=\"text-align: left;\">Os cart\u00f5es NFC simplificam a complexidade do engajamento do cliente e da promo\u00e7\u00e3o da marca. Com recursos como escrever URLs e vincular a avalia\u00e7\u00f5es de m\u00eddia social como o Facebook, esses cart\u00f5es aprimoram as experi\u00eancias do cliente ao mesmo tempo em que criam novos caminhos para o marketing. Sua constru\u00e7\u00e3o \u00e0 prova d&#039;\u00e1gua e op\u00e7\u00f5es de mem\u00f3ria extensivas garantem que eles n\u00e3o apenas atendam aos padr\u00f5es de qualidade, mas tamb\u00e9m possam sobreviver a diferentes ambientes, tornando-os um excelente investimento para empresas.<\/p>\n<p>&nbsp;<\/p>\n<p>&nbsp;<\/p>\n<h2 style=\"text-align: center;\"><em><span style=\"color: #000080;\"><strong>Vis\u00e3o geral abrangente dos cart\u00f5es NFC<\/strong><\/span><\/em><\/h2>\n<h3><span style=\"color: #333399;\"><strong> Principais atributos dos cart\u00f5es NFC<\/strong><\/span><\/h3>\n<p>Os cart\u00f5es NFC s\u00e3o projetados com v\u00e1rios atributos principais que atendem \u00e0s necessidades empresariais modernas:<br \/>\n<strong>\u00c0 prova d&#039;\u00e1gua \/ Resistente \u00e0s intemp\u00e9ries:<\/strong><\/p>\n<p>Feitos para durar, nossos cart\u00f5es NFC podem suportar v\u00e1rias condi\u00e7\u00f5es ambientais. Essa durabilidade significa que voc\u00ea pode us\u00e1-los em marketing ao ar livre, eventos ou qualquer lugar onde os cart\u00f5es tradicionais provavelmente falhariam.<\/p>\n<p><strong>Interface de comunica\u00e7\u00e3o:<\/strong><\/p>\n<p>Utilizar a tecnologia NFC (Near Field Communication) permite uma comunica\u00e7\u00e3o conveniente sem contato. Esse recurso n\u00e3o apenas simplifica as transa\u00e7\u00f5es, mas tamb\u00e9m torna o compartilhamento de informa\u00e7\u00f5es comerciais sem esfor\u00e7o.<\/p>\n<p><strong>Atributos espec\u00edficos do setor:<\/strong><\/p>\n<p>Os cart\u00f5es NFC s\u00e3o particularmente ben\u00e9ficos para setores espec\u00edficos que exigem solu\u00e7\u00f5es de identifica\u00e7\u00e3o e controle.<\/p>\n<p>Empresas que v\u00e3o do varejo \u00e0 hotelaria podem aproveitar os recursos desses cart\u00f5es.<\/p>\n<p><strong>Tamanhos e designs personalizados:<\/strong><\/p>\n<p>Nossos cart\u00f5es NFC podem ser personalizados em v\u00e1rios tamanhos (dimens\u00f5es padr\u00e3o ou personalizadas de 85,5 x 54 mm) e designs para combinar perfeitamente com a marca da sua empresa.<\/p>\n<p><strong>Tecnologia avan\u00e7ada de chip:<\/strong><\/p>\n<p>Usando chips como NTAG213,215 e 216 (marcas registradas da NXP BV), nossos cart\u00f5es garantem alto desempenho e recursos r\u00e1pidos de compartilhamento de dados.<\/p>\n<h3><span style=\"color: #333399;\"><strong>Caracter\u00edsticas especiais dos nossos cart\u00f5es NFC<\/strong><\/span><\/h3>\n<h3><strong>Funcionalidade multiuso<\/strong><\/h3>\n<p><span style=\"color: #008080;\">Sejam usados para identifica\u00e7\u00e3o, controle de acesso, programas de fidelidade ou simplesmente como uma ferramenta de marketing, os cart\u00f5es NFC s\u00e3o vers\u00e1teis:<\/span><\/p>\n<p><strong>Funcionalidade de escrita de URL: <\/strong><\/p>\n<p>Permitir que os usu\u00e1rios toquem seus telefones no cart\u00e3o NFC os redireciona automaticamente para URLs especificados, como sites comerciais ou perfis de m\u00eddia social. Essa funcionalidade \u00e9 vital para promover produtos ou servi\u00e7os de forma eficaz.<\/p>\n<p><strong>Avalia\u00e7\u00f5es de neg\u00f3cios sociais:<\/strong><\/p>\n<p>Com um link de avalia\u00e7\u00e3o dedicado no Facebook, clientes em potencial podem ler depoimentos e experi\u00eancias que geram confian\u00e7a instantaneamente.<\/p>\n<h2><\/h2>\n<h2 style=\"text-align: center;\"><em><span style=\"color: #000080;\"><strong>Ecologicamente correto<\/strong><\/span><\/em><\/h2>\n<p>Feitos com materiais ecologicamente corretos, como PVC, nossos cart\u00f5es NFC n\u00e3o s\u00e3o apenas robustos, mas tamb\u00e9m priorizam a sustentabilidade:<\/p>\n<p><strong>Materiais recicl\u00e1veis:<\/strong> Nosso compromisso com a responsabilidade ambiental significa que, ap\u00f3s o t\u00e9rmino da vida \u00fatil do cart\u00e3o, ele pode ser reciclado, reduzindo sua pegada de carbono.<\/p>\n<h2 style=\"text-align: center;\"><span style=\"color: #000080;\"><em><strong>Especifica\u00e7\u00f5es t\u00e9cnicas que voc\u00ea deve saber<\/strong><\/em><\/span><\/h2>\n<p><strong><span style=\"color: #008080;\">| Especifica\u00e7\u00e3o | Detalhes |<\/span><\/strong><br \/>\n<strong><span style=\"color: #008080;\">|&#8212;&#8212;&#8212;&#8212;&#8212;&#8212;&#8212;&#8212;|&#8212;&#8212;&#8212;&#8212;&#8212;&#8212;&#8212;&#8212;&#8212;&#8212;&#8212;&#8212;&#8212;&#8212;&#8212;-|<\/span><\/strong><br \/>\n<strong><span style=\"color: #008080;\">| Frequ\u00eancia |13,56 MHz |<\/span><\/strong><br \/>\n<strong><span style=\"color: #008080;\">| Op\u00e7\u00f5es de mem\u00f3ria |144\/504\/888 bytes |<\/span><\/strong><br \/>\n<strong><span style=\"color: #008080;\">| Material | PVC\/Ep\u00f3xi\/Papel\/PET |<\/span><\/strong><br \/>\n<strong><span style=\"color: #008080;\">| Tamanho | Personaliz\u00e1vel, padr\u00e3o85,5 *54 mm |<\/span><\/strong><br \/>\n<strong><span style=\"color: #008080;\">| Microchip | NTAG213\/215\/216 |<\/span><\/strong><br \/>\n<strong><span style=\"color: #008080;\">| Dist\u00e2ncia de leitura |2-10 cm |<\/span><\/strong><br \/>\n<strong><span style=\"color: #008080;\">| Artesanato | C\u00f3digo QR, Impress\u00e3o Jato de Tinta, Grava\u00e7\u00e3o a Laser|<\/span><\/strong><br \/>\n<strong><span style=\"color: #008080;\">| Quantidade m\u00ednima de pedido (MOQ) |500 unidades |<\/span><\/strong><\/p>\n<p>&nbsp;<\/p>\n<h2 style=\"text-align: center;\"><em><strong><span style=\"color: #000080;\">Instru\u00e7\u00f5es de uso<\/span><\/strong><\/em><\/h2>\n<p>Usar cart\u00f5es NFC \u00e9 t\u00e3o f\u00e1cil quanto tocar. Basta segurar seu dispositivo habilitado para NFC pr\u00f3ximo ao cart\u00e3o para acionar a a\u00e7\u00e3o definida nele. Aqui est\u00e1 um guia r\u00e1pido do usu\u00e1rio:<br \/>\nCertifique-se de que a funcionalidade NFC esteja ativada no seu smartphone.<br \/>\nAproxime seu dispositivo do cart\u00e3o NFC.<br \/>\nAguarde a notifica\u00e7\u00e3o ou o prompt aparecer na tela, levando voc\u00ea ao URL ou p\u00e1gina de m\u00eddia social desejada.<\/p>\n<h2 style=\"text-align: center;\"><em><span style=\"color: #000080;\"><strong>Feedback e Insights do Cliente<\/strong><\/span><\/em><\/h2>\n<p><strong>Aplica\u00e7\u00f5es do mundo real<\/strong><\/p>\n<p>Os clientes utilizaram nossos cart\u00f5es NFC de v\u00e1rias maneiras:<br \/>\nProgramas de fidelidade: as empresas est\u00e3o integrando cart\u00f5es NFC em seus programas de fidelidade, permitindo que os clientes acessem recompensas com um simples toque.<\/p>\n<p><strong>Engajamento em eventos: <\/strong><\/p>\n<p>Durante feiras e eventos, as empresas usam esses cart\u00f5es para fornecer aos visitantes acesso instant\u00e2neo \u00e0s informa\u00e7\u00f5es, aumentando assim o engajamento.<\/p>","protected":false},"excerpt":{"rendered":"<p>Descubra como os cart\u00f5es NFC conectam os mundos digital e f\u00edsico, melhorando o envolvimento do cliente e simplificando o acesso a avalia\u00e7\u00f5es e informa\u00e7\u00f5es sociais.<\/p>","protected":false},"featured_media":3494,"template":"","meta":[],"product_brand":[],"product_cat":[46],"product_tag":[],"class_list":{"0":"post-3498","1":"product","2":"type-product","3":"status-publish","4":"has-post-thumbnail","6":"product_cat-nfc-cards","8":"first","9":"instock","10":"shipping-taxable","11":"product-type-simple"},"_links":{"self":[{"href":"https:\/\/nfc-readers.com\/pt\/wp-json\/wp\/v2\/product\/3498","targetHints":{"allow":["GET"]}}],"collection":[{"href":"https:\/\/nfc-readers.com\/pt\/wp-json\/wp\/v2\/product"}],"about":[{"href":"https:\/\/nfc-readers.com\/pt\/wp-json\/wp\/v2\/types\/product"}],"wp:featuredmedia":[{"embeddable":true,"href":"https:\/\/nfc-readers.com\/pt\/wp-json\/wp\/v2\/media\/3494"}],"wp:attachment":[{"href":"https:\/\/nfc-readers.com\/pt\/wp-json\/wp\/v2\/media?parent=3498"}],"wp:term":[{"taxonomy":"product_brand","embeddable":true,"href":"https:\/\/nfc-readers.com\/pt\/wp-json\/wp\/v2\/product_brand?post=3498"},{"taxonomy":"product_cat","embeddable":true,"href":"https:\/\/nfc-readers.com\/pt\/wp-json\/wp\/v2\/product_cat?post=3498"},{"taxonomy":"product_tag","embeddable":true,"href":"https:\/\/nfc-readers.com\/pt\/wp-json\/wp\/v2\/product_tag?post=3498"}],"curies":[{"name":"wp","href":"https:\/\/api.w.org\/{rel}","templated":true}]}}