{"id":3499,"date":"2024-11-04T07:44:11","date_gmt":"2024-11-04T07:44:11","guid":{"rendered":"https:\/\/nfc-readers.com\/?post_type=product&#038;p=3499"},"modified":"2024-11-04T08:27:35","modified_gmt":"2024-11-04T08:27:35","slug":"mifare-1k-4k-s50-membership-loyalty-colorful-hotel-key-card","status":"publish","type":"product","link":"https:\/\/nfc-readers.com\/pt\/ic-reader\/mifare-1k-4k-s50-membership-loyalty-colorful-hotel-key-card\/","title":{"rendered":"Mifare 1k 4k S50 fidelidade de membro cart\u00e3o-chave de hotel colorido"},"content":{"rendered":"<h1><span style=\"color: #000080;\"><strong>Mifare 1k 4k S50 fidelidade de membro cart\u00e3o-chave de hotel colorido<\/strong><\/span><\/h1>\n<p><span style=\"color: #666699;\">Em uma era de digitaliza\u00e7\u00e3o, a import\u00e2ncia do controle de acesso eficiente e do envolvimento do cliente n\u00e3o pode ser subestimada. <strong>Mifare1k4k S50 cart\u00e3o-chave de hotel colorido de fidelidade de membro<\/strong>\u00a0se destaca como um produto essencial nos setores de hospitalidade e associa\u00e7\u00e3o. Esses cart\u00f5es vers\u00e1teis integram perfeitamente a tecnologia RFID para acesso seguro e aprimoram as experi\u00eancias dos h\u00f3spedes por meio de programas de fidelidade. Este artigo explora os recursos, benef\u00edcios e aplica\u00e7\u00f5es atraentes do cart\u00e3o Mifare S50.<\/span><\/p>\n<p>&nbsp;<\/p>\n<h2 style=\"text-align: center;\"><em><span style=\"color: #000080;\"><strong>Por que investir nos cart\u00f5es-chave coloridos para hot\u00e9is Mifare1k4k S50?<\/strong><\/span><\/em><\/h2>\n<p><span style=\"color: #333333;\"><strong>Investir em cart\u00f5es de fidelidade Mifare oferece \u00e0s empresas <span style=\"color: #333399;\">uma oportunidade \u00fanica para melhorar a experi\u00eancia e a seguran\u00e7a do cliente<\/span>. Com recursos personalizados especificamente para o setor de hospitalidade, esses cart\u00f5es simplificam os processos de check-in dos h\u00f3spedes, ao mesmo tempo em que facilitam as intera\u00e7\u00f5es personalizadas com os clientes. Seja voc\u00ea um hotel que gerencia quartos ou uma empresa que busca solu\u00e7\u00f5es de fidelidade, esses cart\u00f5es garantem confiabilidade e seguran\u00e7a.<\/strong><\/span><\/p>\n<p><span style=\"color: #333333;\"><strong><span style=\"color: #333399;\">As cores vibrantes e os designs personaliz\u00e1veis<\/span> tornam os cart\u00f5es de membro Mifare n\u00e3o apenas funcionais, mas tamb\u00e9m visualmente atraentes para os h\u00f3spedes. Eles servem tanto como identifica\u00e7\u00e3o quanto como uma ferramenta de marketing, pois os hot\u00e9is podem incluir elementos de marca que melhoram o reconhecimento e a lembran\u00e7a dos h\u00f3spedes.<\/strong><\/span><\/p>\n<p>&nbsp;<\/p>\n<p>&nbsp;<\/p>\n<h2 style=\"text-align: center;\"><em><span style=\"color: #000080;\"><strong>Esbo\u00e7o do produto<\/strong><\/span><\/em><\/h2>\n<h3><strong><span style=\"color: #333399;\">1. Principais atributos dos cart\u00f5es Mifare<\/span><\/strong><\/h3>\n<h4>O <strong>Mifare1k4k S50<\/strong>\u00a0Os cart\u00f5es-chave s\u00e3o criados para melhorar a experi\u00eancia do usu\u00e1rio por meio de v\u00e1rios atributos principais:<\/h4>\n<h4><span style=\"color: #008080;\"><strong>Durabilidade e Versatilidade<\/strong><\/span><\/h4>\n<h4>Constru\u00eddo a partir de\u00a0<strong>PVC\/PET<\/strong>, esses cart\u00f5es n\u00e3o s\u00e3o apenas \u00e0 prova d&#039;\u00e1gua, mas tamb\u00e9m \u00e0 prova de intemp\u00e9ries, garantindo longevidade em v\u00e1rias condi\u00e7\u00f5es ambientais. Sejam usados em ambientes internos ou externos, sua durabilidade garante usabilidade prolongada.<\/h4>\n<h4><span style=\"color: #008080;\"><strong>Tecnologia de cart\u00e3o inteligente<\/strong><\/span><\/h4>\n<h4>Esses cart\u00f5es empregam\u00a0<strong>Tecnologia RFID<\/strong>\u00a0operando em uma frequ\u00eancia de\u00a0<strong>13,56 MHz<\/strong>, que permite transa\u00e7\u00f5es seguras e sem contato. A integra\u00e7\u00e3o da tecnologia de chip da NXP garante compatibilidade com sistemas de controle de acesso existentes, ao mesmo tempo em que fornece alto desempenho e confiabilidade.<\/h4>\n<p>&nbsp;<\/p>\n<h3><span style=\"color: #333399;\"><strong>2. Aplica\u00e7\u00f5es espec\u00edficas da ind\u00fastria para cart\u00f5es Mifare<\/strong><\/span><\/h3>\n<p>Os cart\u00f5es Mifare s\u00e3o amplamente utilizados em diferentes setores, especialmente em hospitalidade, para controle de acesso:<\/p>\n<h4><span style=\"color: #008080;\"><strong>Setor de hospitalidade<\/strong><\/span><\/h4>\n<h4>Os hoteleiros utilizam cart\u00f5es Mifare para acesso aos quartos e pagamentos. Os h\u00f3spedes podem facilmente entrar em seus quartos com um simples toque do cart\u00e3o, eliminando a necessidade de chaves tradicionais.<\/h4>\n<h4><span style=\"color: #008080;\"><strong>Programas de Associa\u00e7\u00e3o e Fidelidade<\/strong><\/span><\/h4>\n<h4>Empresas que implementam programas de fidelidade podem emitir cart\u00f5es Mifare que acumulam pontos para compras. Isso incentiva neg\u00f3cios recorrentes e recompensa clientes fi\u00e9is de forma eficaz.<\/h4>\n<p>&nbsp;<\/p>\n<h3><span style=\"color: #333399;\"><strong>3. Especifica\u00e7\u00f5es t\u00e9cnicas <\/strong><\/span><\/h3>\n<p>That MatterEntender os detalhes t\u00e9cnicos \u00e9 crucial para que as empresas tomem decis\u00f5es informadas. Aqui est\u00e3o as especifica\u00e7\u00f5es de destaque do cart\u00e3o Mifare1k S50:<\/p>\n<div class=\"table-with-header rounded-lg border border-solid border-grey-line2-normal w-fit max-w-full mb-2\">\n<div class=\"overflow-x-auto custom-scrollbar custom-scrollbar-float max-w-full\">\n<table class=\"w-fit !mb-0 !max-w-none\">\n<thead>\n<tr>\n<th>Especifica\u00e7\u00e3o<\/th>\n<th>Detalhes<\/th>\n<\/tr>\n<\/thead>\n<tbody>\n<tr>\n<td>Frequ\u00eancia<\/td>\n<td>13,56 MHz<\/td>\n<\/tr>\n<tr>\n<td>Op\u00e7\u00f5es de mem\u00f3ria<\/td>\n<td>1k,4k<\/td>\n<\/tr>\n<tr>\n<td>Material<\/td>\n<td>PVC\/PET<\/td>\n<\/tr>\n<tr>\n<td>Tamanho<\/td>\n<td>85,5 mm x 54 mm\/Personalizado<\/td>\n<\/tr>\n<tr>\n<td>Lasca<\/td>\n<td>MIFARE Cl\u00e1ssico 1K<\/td>\n<\/tr>\n<tr>\n<td>Dist\u00e2ncia de leitura<\/td>\n<td>2-10 cm<\/td>\n<\/tr>\n<tr>\n<td>Arte<\/td>\n<td>C\u00f3digo Laser, Tinta UV, N\u00famero de S\u00e9rie<\/td>\n<\/tr>\n<\/tbody>\n<\/table>\n<p>&nbsp;<\/p>\n<\/div>\n<\/div>\n<h2 style=\"text-align: center;\"><em><span style=\"color: #000080;\"><strong>Impacto ambiental dos cart\u00f5es Mifare<\/strong><\/span><\/em><\/h2>\n<p>A responsabilidade ecol\u00f3gica \u00e9 cada vez mais essencial no mercado atual, e os cart\u00f5es Mifare est\u00e3o alinhados com pr\u00e1ticas sustent\u00e1veis.<\/p>\n<h3><strong><span style=\"color: #008080;\">Materiais Sustent\u00e1veis<\/span><\/strong><\/h3>\n<h4>Constru\u00eddo com consci\u00eancia ecol\u00f3gica\u00a0<strong>Materiais de PVC e PET<\/strong>, esses cart\u00f5es minimizam o impacto ambiental. No final do ciclo de vida, eles podem ser reciclados, contribuindo para um planeta mais verde.<\/h4>\n<h3><span style=\"color: #008080;\"><strong>Redu\u00e7\u00e3o da pegada de carbono<\/strong><\/span><\/h3>\n<h4>Ao facilitar o acesso sem contato, as empresas podem reduzir suas pegadas de carbono e diminuir a necessidade de sistemas de emiss\u00e3o de bilhetes em papel, promovendo assim a sustentabilidade em todas as suas opera\u00e7\u00f5es.<\/h4>\n<p>&nbsp;<\/p>\n<p>&nbsp;<\/p>\n<h2 style=\"text-align: center;\"><em><span style=\"color: #000080;\"><strong>Perguntas frequentes<\/strong><\/span><\/em><\/h2>\n<h4><span style=\"color: #008080;\"><strong>P1: Os cart\u00f5es Mifare s\u00e3o compat\u00edveis com os sistemas existentes?<\/strong><\/span><\/h4>\n<p><strong>A1:<\/strong>\u00a0Sim, os cart\u00f5es Mifare s\u00e3o projetados para serem compat\u00edveis com uma ampla gama de leitores RFID e sistemas de controle de acesso, especialmente aqueles que usam o padr\u00e3o ISO\/IEC14443 Tipo A. Essa flexibilidade garante que as empresas possam integrar facilmente os cart\u00f5es Mifare em sua infraestrutura existente.<\/p>\n<p>&nbsp;<\/p>\n<h4><strong><span style=\"color: #008080;\">P2: Como funciona a seguran\u00e7a dos cart\u00f5es Mifare?<\/span><\/strong><\/h4>\n<p><strong>A2:<\/strong>\u00a0Os cart\u00f5es Mifare utilizam protocolos de autentica\u00e7\u00e3o m\u00fatua e criptografia para proteger a transfer\u00eancia de dados entre o cart\u00e3o e o leitor. Isso garante que apenas dispositivos autorizados possam acessar as informa\u00e7\u00f5es armazenadas no cart\u00e3o, fornecendo um alto n\u00edvel de seguran\u00e7a para dados sens\u00edveis.<\/p>","protected":false},"excerpt":{"rendered":"<p>Descubra os cart\u00f5es-chave coloridos de hotel Mifare1k4k S50 para acesso seguro e programas de fidelidade. Melhore as experi\u00eancias dos h\u00f3spedes com designs personaliz\u00e1veis e dur\u00e1veis!<\/p>","protected":false},"featured_media":3356,"template":"","meta":[],"product_brand":[],"product_cat":[46],"product_tag":[],"class_list":{"0":"post-3499","1":"product","2":"type-product","3":"status-publish","4":"has-post-thumbnail","6":"product_cat-nfc-cards","8":"first","9":"instock","10":"shipping-taxable","11":"product-type-simple"},"_links":{"self":[{"href":"https:\/\/nfc-readers.com\/pt\/wp-json\/wp\/v2\/product\/3499","targetHints":{"allow":["GET"]}}],"collection":[{"href":"https:\/\/nfc-readers.com\/pt\/wp-json\/wp\/v2\/product"}],"about":[{"href":"https:\/\/nfc-readers.com\/pt\/wp-json\/wp\/v2\/types\/product"}],"wp:featuredmedia":[{"embeddable":true,"href":"https:\/\/nfc-readers.com\/pt\/wp-json\/wp\/v2\/media\/3356"}],"wp:attachment":[{"href":"https:\/\/nfc-readers.com\/pt\/wp-json\/wp\/v2\/media?parent=3499"}],"wp:term":[{"taxonomy":"product_brand","embeddable":true,"href":"https:\/\/nfc-readers.com\/pt\/wp-json\/wp\/v2\/product_brand?post=3499"},{"taxonomy":"product_cat","embeddable":true,"href":"https:\/\/nfc-readers.com\/pt\/wp-json\/wp\/v2\/product_cat?post=3499"},{"taxonomy":"product_tag","embeddable":true,"href":"https:\/\/nfc-readers.com\/pt\/wp-json\/wp\/v2\/product_tag?post=3499"}],"curies":[{"name":"wp","href":"https:\/\/api.w.org\/{rel}","templated":true}]}}