{"id":3505,"date":"2024-11-04T15:45:07","date_gmt":"2024-11-04T15:45:07","guid":{"rendered":"https:\/\/nfc-readers.com\/?post_type=product&#038;p=3505"},"modified":"2024-11-04T15:45:07","modified_gmt":"2024-11-04T15:45:07","slug":"high-quality-ntag-213-ntag-215-pvc-nfc-business-card","status":"publish","type":"product","link":"https:\/\/nfc-readers.com\/pt\/ic-reader\/high-quality-ntag-213-ntag-215-pvc-nfc-business-card\/","title":{"rendered":"Cart\u00e3o de visita NFC em PVC NTAG 213 NTAG 215 de alta qualidade"},"content":{"rendered":"<h1><span style=\"color: #000080;\"><strong>Cart\u00e3o de visita NFC em PVC NTAG 213 NTAG 215 de alta qualidade<\/strong><\/span><\/h1>\n<p><span style=\"color: #666699;\">Na era digital, a comunica\u00e7\u00e3o e a conectividade eficientes s\u00e3o primordiais para empresas que buscam causar uma impress\u00e3o duradoura. <strong>Cart\u00e3o de visita de PVC NFC NTAG213 NTAG215 de alta qualidade<\/strong>\u00a0serve como uma ferramenta poderosa que combina tecnologia avan\u00e7ada com praticidade. Oferecendo acesso cont\u00ednuo \u00e0s informa\u00e7\u00f5es, esses cart\u00f5es de visita NFC n\u00e3o apenas simplificam os esfor\u00e7os de networking, mas tamb\u00e9m elevam sua imagem profissional. Este artigo se aprofunda nos benef\u00edcios inigual\u00e1veis desses cart\u00f5es de visita, destacando seus recursos especiais, atributos espec\u00edficos do setor e muito mais.<\/span><\/p>\n<p>&nbsp;<\/p>\n<h2 style=\"text-align: center;\"><em><span style=\"color: #000080;\"><strong>Por que investir em cart\u00f5es de visita NFC de PVC NTAG213 NTAG215?<\/strong><\/span><\/em><\/h2>\n<p>Investindo em\u00a0<strong>NTAG213 NTAG215 Cart\u00f5es de visita PVC NFC<\/strong>\u00a0pode transformar a maneira como voc\u00ea interage com clientes e parceiros em potencial. Ao contr\u00e1rio dos cart\u00f5es de visita tradicionais, esses cart\u00f5es habilitados para NFC permitem que voc\u00ea compartilhe suas informa\u00e7\u00f5es de contato, links de m\u00eddia social e conte\u00fado promocional sem esfor\u00e7o com um simples toque. Essa tecnologia sem contato promove uma conex\u00e3o mais interativa com seu p\u00fablico, garantindo que voc\u00ea se destaque em ambientes competitivos.<\/p>\n<p>A durabilidade desses cart\u00f5es acrescenta valor a eles. Feitos de alta qualidade\u00a0<strong>PVC preto<\/strong>, as placas NTAG213 e NTAG215 s\u00e3o\u00a0<strong>imperme\u00e1vel<\/strong>\u00a0e\u00a0<strong>\u00e0 prova de intemp\u00e9ries<\/strong>, resistindo a v\u00e1rias condi\u00e7\u00f5es ambientais. Essa resili\u00eancia garante que seus cart\u00f5es permane\u00e7am funcionais e visualmente atraentes ao longo do tempo, refletindo profissionalismo e comprometimento com a qualidade em cada intera\u00e7\u00e3o.<\/p>\n<p>&nbsp;<\/p>\n<hr \/>\n<h2 style=\"text-align: center;\"><span style=\"color: #000080;\"><em><strong>Especifica\u00e7\u00f5es t\u00e9cnicas<\/strong><\/em><\/span><\/h2>\n<p><span style=\"color: #008080;\"><strong>Entender os detalhes t\u00e9cnicos dos cart\u00f5es NTAG \u00e9 crucial para uma tomada de decis\u00e3o informada. Aqui est\u00e1 uma vis\u00e3o geral detalhada:<\/strong><\/span><\/p>\n<div class=\"table-with-header rounded-lg border border-solid border-grey-line2-normal w-fit max-w-full mb-2\">\n<div class=\"overflow-x-auto custom-scrollbar custom-scrollbar-float max-w-full\">\n<table class=\"w-fit !mb-0 !max-w-none\" style=\"height: 288px;\" width=\"404\">\n<thead>\n<tr>\n<th>Especifica\u00e7\u00e3o<\/th>\n<th>Detalhes<\/th>\n<\/tr>\n<\/thead>\n<tbody>\n<tr>\n<td><strong>Lasca<\/strong><\/td>\n<td>NTAG213 \/ NTAG215<\/td>\n<\/tr>\n<tr>\n<td><strong>Material<\/strong><\/td>\n<td>PVC preto<\/td>\n<\/tr>\n<tr>\n<td><strong>Grossura<\/strong><\/td>\n<td>0,84 mil\u00edmetros<\/td>\n<\/tr>\n<tr>\n<td><strong>Frequ\u00eancia<\/strong><\/td>\n<td>13,56 MHz<\/td>\n<\/tr>\n<tr>\n<td><strong>Protocolo<\/strong><\/td>\n<td>ISO14443 Tipo A<\/td>\n<\/tr>\n<tr>\n<td><strong>Acabamento de superf\u00edcie<\/strong><\/td>\n<td>Brilhante Fosco \/ Fosco<\/td>\n<\/tr>\n<\/tbody>\n<\/table>\n<p>&nbsp;<\/p>\n<\/div>\n<\/div>\n<h2 style=\"text-align: center;\"><span style=\"color: #000080;\"><em><strong>Esbo\u00e7o do produto<\/strong><\/em><\/span><\/h2>\n<h4><span style=\"color: #008080;\"><strong>Principais atributos dos cart\u00f5es NTAG213 e NTAG215<\/strong><\/span><\/h4>\n<p>Ao escolher um\u00a0<strong>Cart\u00e3o de visita NFC<\/strong>, \u00e9 essencial entender seus principais atributos. O\u00a0<strong>NTAG213<\/strong>\u00a0e\u00a0<strong>NTAG215<\/strong>\u00a0modelos incorporam avan\u00e7ados\u00a0<strong>RFID<\/strong>\u00a0tecnologia, permitindo a comunica\u00e7\u00e3o sem contato. Operando em uma frequ\u00eancia de\u00a0<strong>13,56 MHz<\/strong>, esses cart\u00f5es suportam uma dist\u00e2ncia de leitura de\u00a0<strong>2-10 cm<\/strong>, tornando-os f\u00e1ceis de usar e eficientes.<\/p>\n<h2 style=\"text-align: center;\"><\/h2>\n<h2 style=\"text-align: center;\"><strong><em><span style=\"color: #000080;\">Vantagens<\/span><\/em><\/strong><\/h2>\n<ul>\n<li><strong>Durabilidade<\/strong>: Feito de qualidade\u00a0<strong>PVC preto<\/strong>, esses cart\u00f5es s\u00e3o robustos e projetados para durar. Sua resist\u00eancia \u00e0s intemp\u00e9ries os torna adequados para o transporte di\u00e1rio.<\/li>\n<li><strong>Versatilidade<\/strong>: Perfeitos para diversas aplica\u00e7\u00f5es, esses cart\u00f5es podem ser utilizados em sistemas de controle de acesso, programas de fidelidade e emiss\u00e3o de ingressos para eventos.<\/li>\n<\/ul>\n<hr \/>\n<h2><\/h2>\n<h2 style=\"text-align: center;\"><em><span style=\"color: #000080;\"><strong>Caracter\u00edsticas especiais dos cart\u00f5es de visita NFC<\/strong><\/span><\/em><\/h2>\n<p>O\u00a0<strong>Cart\u00e3o de visita de PVC NFC NTAG213 NTAG215 de alta qualidade<\/strong> vem equipado com recursos exclusivos, adaptados para atender \u00e0s necessidades dos profissionais modernos.<\/p>\n<p>&nbsp;<\/p>\n<h2 style=\"text-align: center;\"><em><span style=\"color: #000080;\"><strong>Interface de comunica\u00e7\u00e3o<\/strong><\/span><\/em><\/h2>\n<p>O avan\u00e7ado\u00a0<strong>interface de comunica\u00e7\u00e3o<\/strong>\u00a0fornecido por\u00a0<strong>RFID<\/strong>\u00a0A tecnologia garante uma transfer\u00eancia de dados suave e eficaz, permitindo conex\u00f5es instant\u00e2neas. Os chips NTAG usados nesses cart\u00f5es s\u00e3o projetados para velocidade e confiabilidade.<\/p>\n<ul>\n<li><strong>NTAG213<\/strong>: Ideal para necessidades de armazenamento de dados padr\u00e3o, fornecendo um tamanho de mem\u00f3ria de aproximadamente 144 bytes.<\/li>\n<li><strong>NTAG215<\/strong>: Oferece maior capacidade de mem\u00f3ria, ideal para usu\u00e1rios que desejam armazenar informa\u00e7\u00f5es ou links adicionais.<\/li>\n<\/ul>\n<hr \/>\n<h2><\/h2>\n<h2 style=\"text-align: center;\"><em><span style=\"color: #000080;\"><strong>Aplica\u00e7\u00f5es espec\u00edficas da ind\u00fastria<\/strong><\/span><\/em><\/h2>\n<p>Os cart\u00f5es de visita NFC NTAG213 e NTAG215 s\u00e3o particularmente ben\u00e9ficos em v\u00e1rios setores.<\/p>\n<p>&nbsp;<\/p>\n<h2 style=\"text-align: center;\"><em><span style=\"color: #000080;\"><strong>Rede corporativa<\/strong><\/span><\/em><\/h2>\n<p>No setor corporativo, uma rede eficiente \u00e9 vital. Ao trocar cart\u00f5es de visita NFC, os profissionais podem compartilhar seus perfis rapidamente. Em vez de transcrever informa\u00e7\u00f5es, os destinat\u00e1rios podem apenas tocar em seus smartphones para recuperar detalhes essenciais instantaneamente.<\/p>\n<p>&nbsp;<\/p>\n<h2 style=\"text-align: center;\"><span style=\"color: #000080;\"><em><strong>Marketing e Branding<\/strong><\/em><\/span><\/h2>\n<p><strong><span style=\"color: #666699;\">As empresas podem alavancar esses cart\u00f5es como uma ferramenta de marketing, incorporando links para seus sites ou promo\u00e7\u00f5es especiais. Como tal, eles n\u00e3o servem apenas como um meio de identifica\u00e7\u00e3o, mas tamb\u00e9m promovem a marca, aumentando a conscientiza\u00e7\u00e3o por meio de cada intera\u00e7\u00e3o.<\/span><\/strong><\/p>\n<ul>\n<li><strong>Programas de Fidelidade<\/strong>: Aumente o envolvimento do cliente integrando descontos de fidelidade em cart\u00f5es NFC que os consumidores podem utilizar no caixa.<\/li>\n<li><strong>Gest\u00e3o de Eventos<\/strong>: Simplifique o acesso a eventos e confer\u00eancias usando esses cart\u00f5es para facilitar o check-in dos inscritos.<\/li>\n<\/ul>","protected":false},"excerpt":{"rendered":"<p>Descubra os Cart\u00f5es de Visita NFC de PVC NTAG213\/215 de Alta Qualidade para networking perfeito. \u00c0 prova d&#039;\u00e1gua e vers\u00e1teis, eles melhoram sua imagem profissional sem esfor\u00e7o.<\/p>","protected":false},"featured_media":3509,"template":"","meta":[],"product_brand":[],"product_cat":[46],"product_tag":[],"class_list":{"0":"post-3505","1":"product","2":"type-product","3":"status-publish","4":"has-post-thumbnail","6":"product_cat-nfc-cards","8":"first","9":"instock","10":"shipping-taxable","11":"product-type-simple"},"_links":{"self":[{"href":"https:\/\/nfc-readers.com\/pt\/wp-json\/wp\/v2\/product\/3505","targetHints":{"allow":["GET"]}}],"collection":[{"href":"https:\/\/nfc-readers.com\/pt\/wp-json\/wp\/v2\/product"}],"about":[{"href":"https:\/\/nfc-readers.com\/pt\/wp-json\/wp\/v2\/types\/product"}],"wp:featuredmedia":[{"embeddable":true,"href":"https:\/\/nfc-readers.com\/pt\/wp-json\/wp\/v2\/media\/3509"}],"wp:attachment":[{"href":"https:\/\/nfc-readers.com\/pt\/wp-json\/wp\/v2\/media?parent=3505"}],"wp:term":[{"taxonomy":"product_brand","embeddable":true,"href":"https:\/\/nfc-readers.com\/pt\/wp-json\/wp\/v2\/product_brand?post=3505"},{"taxonomy":"product_cat","embeddable":true,"href":"https:\/\/nfc-readers.com\/pt\/wp-json\/wp\/v2\/product_cat?post=3505"},{"taxonomy":"product_tag","embeddable":true,"href":"https:\/\/nfc-readers.com\/pt\/wp-json\/wp\/v2\/product_tag?post=3505"}],"curies":[{"name":"wp","href":"https:\/\/api.w.org\/{rel}","templated":true}]}}