{"id":3515,"date":"2024-11-06T08:47:18","date_gmt":"2024-11-06T08:47:18","guid":{"rendered":"https:\/\/nfc-readers.com\/?post_type=product&#038;p=3515"},"modified":"2024-11-06T14:47:51","modified_gmt":"2024-11-06T14:47:51","slug":"custom-etched-copper-antenna-hf-nfc-inlay","status":"publish","type":"product","link":"https:\/\/nfc-readers.com\/pt\/ic-reader\/custom-etched-copper-antenna-hf-nfc-inlay\/","title":{"rendered":"Antena de cobre gravado s\u00e9rie NTAG HF NFC Inlay"},"content":{"rendered":"<h1 style=\"text-align: center;\">Antena de cobre gravado s\u00e9rie NTAG HF NFC Inlay<\/h1>\n<p>&nbsp;<\/p>\n<p>O <strong>Antena de cobre gravado s\u00e9rie NTAG HF NFC Inlay\u00a0<\/strong>oferece uma solu\u00e7\u00e3o inovadora no mundo da tecnologia NFC (Near Field Communication). Com seu design de \u00faltima gera\u00e7\u00e3o e alto desempenho, este produto se destaca em um mercado que valoriza cada vez mais efici\u00eancia, versatilidade e sustentabilidade. Quer voc\u00ea esteja procurando aprimorar suas capacidades de neg\u00f3cios ou adicionar um recurso exclusivo \u00e0 sua linha de produtos, essas etiquetas NFC oferecem benef\u00edcios inigual\u00e1veis que as fazem valer a pena consider\u00e1-las.<\/p>\n<p>&nbsp;<\/p>\n<h3>Por que voc\u00ea deve escolher a antena de cobre gravada personalizada HF NFC Inlay<\/h3>\n<p>Incorporando\u00a0<strong>Tecnologia NFC<\/strong>\u00a0em seus aplicativos permite uma troca de dados perfeita e melhora a experi\u00eancia do usu\u00e1rio.\u00a0<strong>Antena de cobre gravada personalizada HF NFC Inlay<\/strong>\u00a0fornece uma interface de comunica\u00e7\u00e3o confi\u00e1vel em uma frequ\u00eancia de\u00a0<strong>13,56 MHz<\/strong>, tornando-o compat\u00edvel com v\u00e1rios dispositivos habilitados para NFC. Esta etiqueta NFC n\u00e3o \u00e9 apenas funcional; ela \u00e9 constru\u00edda com materiais de alta qualidade como\u00a0<strong>BICHO DE ESTIMA\u00c7\u00c3O<\/strong>, garantindo durabilidade e resili\u00eancia.<\/p>\n<p>Seja usado em marketing, embalagens inteligentes ou para aplica\u00e7\u00f5es interativas, os benef\u00edcios s\u00e3o claros:<\/p>\n<ul>\n<li><strong>Comunica\u00e7\u00e3o aprimorada<\/strong>: Facilita a transfer\u00eancia instant\u00e2nea de dados entre dispositivos, agilizando opera\u00e7\u00f5es em v\u00e1rios setores.<\/li>\n<li><strong>Versatilidade<\/strong>: Tamanhos e designs personalizados garantem que os inlays NFC possam ser adaptados a diversas aplica\u00e7\u00f5es, desde materiais de marketing at\u00e9 embalagens de produtos.<\/li>\n<li><strong>Durabilidade<\/strong>: Recursos \u00e0 prova d&#039;\u00e1gua e de intemp\u00e9ries melhoram o desempenho, tornando-os adequados para uso interno e externo.<\/li>\n<li><strong>Alta capacidade de mem\u00f3ria<\/strong>: Com\u00a0<strong>416 bytes<\/strong>\u00a0de mem\u00f3ria grav\u00e1vel, permite armazenamento e recupera\u00e7\u00e3o eficientes de dados.<\/li>\n<\/ul>\n<p>&nbsp;<\/p>\n<h3>Principais caracter\u00edsticas da antena de cobre gravada personalizada HF NFC Inlay<\/h3>\n<p>O\u00a0<strong>Antena de cobre gravada personalizada HF NFC Inlay<\/strong>\u00a0foi projetado com uma variedade de recursos adequados para diversas aplica\u00e7\u00f5es.<\/p>\n<h3>Comunica\u00e7\u00e3o Avan\u00e7ada<\/h3>\n<p>Esta etiqueta NFC utiliza um\u00a0<strong>interface de comunica\u00e7\u00e3o<\/strong>\u00a0que opera perfeitamente com\u00a0<strong>Dispositivos habilitados para NFC<\/strong>. Os usu\u00e1rios podem simplesmente tocar em seus\u00a0<strong>Leitor NFC<\/strong>\u00a0ou\u00a0<strong>smartphone<\/strong>\u00a0contra o embutimento para obter conex\u00f5es e transfer\u00eancia de dados instant\u00e2neas.<\/p>\n<h3>Op\u00e7\u00f5es de tamanho personaliz\u00e1veis<\/h3>\n<p>Nossos inlays NFC v\u00eam em um tamanho padr\u00e3o de\u00a0<strong>Di\u00e2metro 30mm<\/strong>, com op\u00e7\u00f5es para\u00a0<strong>dimensionamento personalizado<\/strong>\u00a0para atender \u00e0s suas necessidades exclusivas. Se voc\u00ea precisa de uma etiqueta menor para um produto espec\u00edfico ou uma maior para displays de marketing, n\u00f3s temos o que voc\u00ea precisa.<\/p>\n<h3>\u00c0 prova d&#039;\u00e1gua e de intemp\u00e9ries<\/h3>\n<p>Nem todas as etiquetas NFC s\u00e3o criadas iguais; as nossas se orgulham\u00a0<strong>capacidades \u00e0 prova d&#039;\u00e1gua e de intemp\u00e9ries<\/strong>. Isso significa que voc\u00ea pode us\u00e1-los ao ar livre sem se preocupar com sua durabilidade ou desempenho, tornando-os ideais para eventos, campanhas de marketing e produtos expostos aos elementos.<\/p>\n<p>&nbsp;<\/p>\n<h2>Especifica\u00e7\u00f5es t\u00e9cnicas do NFC Inlay<\/h2>\n<table class=\"w-fit !mb-0 !max-w-none\" style=\"height: 311px;\" width=\"449\">\n<thead>\n<tr>\n<th><strong>Especifica\u00e7\u00e3o<\/strong><\/th>\n<th><strong>Detalhes<\/strong><\/th>\n<\/tr>\n<\/thead>\n<tbody>\n<tr>\n<td><strong>Tipo<\/strong><\/td>\n<td>F\u00f3rum NFC Tipo 4<\/td>\n<\/tr>\n<tr>\n<td><strong>Material<\/strong><\/td>\n<td>BICHO DE ESTIMA\u00c7\u00c3O<\/td>\n<\/tr>\n<tr>\n<td><strong>Tamanho<\/strong><\/td>\n<td>Di\u00e2metro 30 mm\/Tamanho personalizado<\/td>\n<\/tr>\n<tr>\n<td><strong>Capacidade de mem\u00f3ria<\/strong><\/td>\n<td>416 bytes<\/td>\n<\/tr>\n<tr>\n<td><strong>Lasca<\/strong><\/td>\n<td>S\u00e9rie NTAG<\/td>\n<\/tr>\n<tr>\n<td><strong>Frequ\u00eancia<\/strong><\/td>\n<td>13,56 MHz<\/td>\n<\/tr>\n<tr>\n<td><strong>Escreva Resist\u00eancia<\/strong><\/td>\n<td>100.000 vezes<\/td>\n<\/tr>\n<tr>\n<td><strong>Impress\u00e3o<\/strong><\/td>\n<td>Impress\u00e3o Offset CMYK<\/td>\n<\/tr>\n<tr>\n<td><strong>Embalagem<\/strong><\/td>\n<td>200 pe\u00e7as\/caixa branca interna, 25 caixas\/caixa<\/td>\n<\/tr>\n<tr>\n<td><strong>Porta<\/strong><\/td>\n<td>Shenzhen<\/td>\n<\/tr>\n<tr>\n<td><strong>Peso Bruto \u00danico<\/strong><\/td>\n<td>0,010 kg<\/td>\n<\/tr>\n<\/tbody>\n<\/table>\n<p>&nbsp;<\/p>\n<p>&nbsp;<\/p>\n<h3>Perguntas Frequentes (FAQs)<\/h3>\n<h2>1. O que \u00e9 o embutimento NFC HF de antena de cobre gravado personalizado?<\/h2>\n<p>O\u00a0<strong>Antena de cobre gravada personalizada HF NFC Inlay<\/strong>\u00a0\u00e9 uma etiqueta NFC de alta frequ\u00eancia projetada para troca de dados eficiente e comunica\u00e7\u00e3o cont\u00ednua com dispositivos habilitados para NFC. Ela utiliza tecnologia avan\u00e7ada para durabilidade e versatilidade em v\u00e1rias aplica\u00e7\u00f5es, incluindo marketing, embalagens inteligentes e intera\u00e7\u00f5es de produtos.<\/p>\n<h2>2. Como funciona a tecnologia NFC?<\/h2>\n<p>A tecnologia NFC (Near Field Communication) permite a transfer\u00eancia de dados sem fio entre dispositivos em curtas dist\u00e2ncias. Quando um dispositivo habilitado para NFC, como um smartphone ou um leitor, se aproxima da etiqueta NFC, os dados s\u00e3o trocados por comunica\u00e7\u00e3o de radiofrequ\u00eancia, permitindo que os usu\u00e1rios acessem informa\u00e7\u00f5es ou acionem aplicativos rapidamente.<\/p>\n<h2>3. Qual \u00e9 a capacidade de mem\u00f3ria e a resist\u00eancia de grava\u00e7\u00e3o do inlay NFC?<\/h2>\n<p>O\u00a0<strong>Antena de cobre gravada personalizada HF NFC Inlay<\/strong>\u00a0tem uma capacidade de mem\u00f3ria de\u00a0<strong>416 bytes<\/strong>\u00a0e suporta at\u00e9\u00a0<strong>100.000 ciclos de grava\u00e7\u00e3o<\/strong>. Isso permite amplo armazenamento de dados e a capacidade de atualizar informa\u00e7\u00f5es conforme necess\u00e1rio.<\/p>\n<h2>4. A antena de cobre gravada personalizada HF NFC Inlay \u00e9 \u00e0 prova d&#039;\u00e1gua e resistente \u00e0s intemp\u00e9ries?<\/h2>\n<p>Sim, uma das caracter\u00edsticas de destaque do nosso inlay NFC \u00e9 o seu\u00a0<strong>capacidades \u00e0 prova d&#039;\u00e1gua e de intemp\u00e9ries<\/strong>. Isso garante que a etiqueta possa suportar a exposi\u00e7\u00e3o aos elementos, tornando-a adequada para aplica\u00e7\u00f5es internas e externas.<\/p>","protected":false},"excerpt":{"rendered":"<p>O Custom Etched Copper Antenna HF NFC Inlay \u00e9 uma solu\u00e7\u00e3o NFC vers\u00e1til e dur\u00e1vel, projetada para transfer\u00eancia de dados sem interrup\u00e7\u00f5es e aplica\u00e7\u00f5es inovadoras. Seu design \u00e0 prova d&#039;\u00e1gua e op\u00e7\u00f5es personaliz\u00e1veis o tornam ideal para v\u00e1rios setores, aumentando o engajamento do usu\u00e1rio e a efici\u00eancia operacional.<\/p>","protected":false},"featured_media":3516,"template":"","meta":[],"product_brand":[],"product_cat":[48],"product_tag":[],"class_list":{"0":"post-3515","1":"product","2":"type-product","3":"status-publish","4":"has-post-thumbnail","6":"product_cat-nfc-stickers","8":"first","9":"instock","10":"shipping-taxable","11":"product-type-simple"},"_links":{"self":[{"href":"https:\/\/nfc-readers.com\/pt\/wp-json\/wp\/v2\/product\/3515","targetHints":{"allow":["GET"]}}],"collection":[{"href":"https:\/\/nfc-readers.com\/pt\/wp-json\/wp\/v2\/product"}],"about":[{"href":"https:\/\/nfc-readers.com\/pt\/wp-json\/wp\/v2\/types\/product"}],"wp:featuredmedia":[{"embeddable":true,"href":"https:\/\/nfc-readers.com\/pt\/wp-json\/wp\/v2\/media\/3516"}],"wp:attachment":[{"href":"https:\/\/nfc-readers.com\/pt\/wp-json\/wp\/v2\/media?parent=3515"}],"wp:term":[{"taxonomy":"product_brand","embeddable":true,"href":"https:\/\/nfc-readers.com\/pt\/wp-json\/wp\/v2\/product_brand?post=3515"},{"taxonomy":"product_cat","embeddable":true,"href":"https:\/\/nfc-readers.com\/pt\/wp-json\/wp\/v2\/product_cat?post=3515"},{"taxonomy":"product_tag","embeddable":true,"href":"https:\/\/nfc-readers.com\/pt\/wp-json\/wp\/v2\/product_tag?post=3515"}],"curies":[{"name":"wp","href":"https:\/\/api.w.org\/{rel}","templated":true}]}}