{"id":3530,"date":"2024-11-06T09:00:03","date_gmt":"2024-11-06T09:00:03","guid":{"rendered":"https:\/\/nfc-readers.com\/?post_type=product&#038;p=3530"},"modified":"2024-11-06T09:00:03","modified_gmt":"2024-11-06T09:00:03","slug":"iso14443a-high-security-anti-fake-ntag-424-nfc-sticker","status":"publish","type":"product","link":"https:\/\/nfc-readers.com\/pt\/ic-reader\/iso14443a-high-security-anti-fake-ntag-424-nfc-sticker\/","title":{"rendered":"Adesivo anti-falsifica\u00e7\u00e3o NTAG 424 NFC de alta seguran\u00e7a ISO14443A"},"content":{"rendered":"<h1 style=\"text-align: center;\"><strong>Adesivo anti-falsifica\u00e7\u00e3o NTAG 424 NFC de alta seguran\u00e7a ISO14443A<\/strong><\/h1>\n<p>&nbsp;<\/p>\n<p>O <strong>Etiqueta NFC de DNA NTAG 424<\/strong>\u00a0\u00e9 uma solu\u00e7\u00e3o de ponta projetada para aplica\u00e7\u00f5es anti-falsifica\u00e7\u00e3o aprimoradas. Aproveitando o protocolo ISO 14443A e apresentando recursos de seguran\u00e7a avan\u00e7ados, este adesivo NFC \u00e9 crucial para marcas que buscam proteger sua propriedade intelectual e aumentar a confian\u00e7a do cliente. Com seus recursos de alto desempenho, design f\u00e1cil de usar e aplica\u00e7\u00f5es vers\u00e1teis, o adesivo NFC NTAG 424 DNA n\u00e3o \u00e9 apenas um produto \u2014 \u00e9 um portal seguro para um futuro mais inteligente.<\/p>\n<p>&nbsp;<\/p>\n<h3>Introdu\u00e7\u00e3o ao adesivo NFC de DNA NTAG 424<\/h3>\n<p>O\u00a0<strong>Etiqueta NFC de DNA NTAG 424<\/strong>\u00a0representa a vanguarda da tecnologia NFC, com foco na maximiza\u00e7\u00e3o da seguran\u00e7a para v\u00e1rias aplica\u00e7\u00f5es, especialmente no campo da autentica\u00e7\u00e3o de produtos. Este adesivo NFC integra recursos avan\u00e7ados do chip NTAG424 DNA, que \u00e9 capaz de comunica\u00e7\u00e3o segura e oferece excelente prote\u00e7\u00e3o contra falsifica\u00e7\u00e3o. Com dimens\u00f5es de\u00a0<strong>25mm<\/strong>\u00a0di\u00e2metro e\u00a0<strong>45 mm x 30 mm<\/strong>\u00a0para op\u00e7\u00f5es retangulares, este produto \u00e9 feito sob medida para marcas que valorizam a efic\u00e1cia sem comprometer a est\u00e9tica.<\/p>\n<p>&nbsp;<\/p>\n<h3>Principais caracter\u00edsticas da etiqueta NFC NTAG 424<\/h3>\n<p>A etiqueta NFC NTAG 424 DNA possui v\u00e1rios recursos especiais projetados para melhorar a funcionalidade e a seguran\u00e7a:<\/p>\n<ul>\n<li><strong>Conformidade com o Protocolo<\/strong>:A tag opera no\u00a0<strong>ISO 14443A<\/strong>\u00a0protocolo, garantindo compatibilidade com uma ampla gama de dispositivos habilitados para NFC.<\/li>\n<li><strong>Alta frequ\u00eancia de comunica\u00e7\u00e3o<\/strong>:Com uma frequ\u00eancia de\u00a0<strong>13,56 MHz<\/strong>, esses adesivos fornecem recursos de comunica\u00e7\u00e3o ideais para troca confi\u00e1vel de dados.<\/li>\n<li><strong>Op\u00e7\u00f5es personaliz\u00e1veis<\/strong>: Os usu\u00e1rios podem escolher entre v\u00e1rios tamanhos e op\u00e7\u00f5es de impress\u00e3o, incluindo\u00a0<strong>Impress\u00e3o colorida CMYK<\/strong>,\u00a0<strong>impress\u00e3o offset<\/strong>, e\u00a0<strong>serigrafia<\/strong>, permitindo oportunidades \u00fanicas de branding.<\/li>\n<\/ul>\n<p>O NTAG 424 DNA tamb\u00e9m suporta comunica\u00e7\u00e3o criptografada, tornando-o ideal para aplica\u00e7\u00f5es sens\u00edveis, como sistemas de pagamento e autentica\u00e7\u00e3o segura.<\/p>\n<p>&nbsp;<\/p>\n<h3>Benef\u00edcios dos adesivos NFC para prote\u00e7\u00e3o de marca<\/h3>\n<p>Investindo em\u00a0<strong>Tecnologia NFC<\/strong>\u00a0como o adesivo de DNA NTAG 424 oferece in\u00fameras vantagens:<\/p>\n<ul>\n<li><strong>Seguran\u00e7a aprimorada<\/strong>: Com seus recursos de alta seguran\u00e7a, a etiqueta NFC oferece tranquilidade \u00e0s marcas de que seus produtos est\u00e3o protegidos contra falsificadores.<\/li>\n<li><strong>Aumento da confian\u00e7a do consumidor<\/strong>: Fornecer aos consumidores uma maneira simples de verificar a autenticidade do produto por meio de seus\u00a0<strong>Smartphones habilitados para NFC<\/strong>\u00a0pode aumentar a fidelidade e a confian\u00e7a na marca.<\/li>\n<li><strong>Custo-efic\u00e1cia<\/strong>: Em compara\u00e7\u00e3o com as medidas de seguran\u00e7a tradicionais, as etiquetas NFC geralmente oferecem uma solu\u00e7\u00e3o mais acess\u00edvel para proteger produtos.<\/li>\n<\/ul>\n<p>&nbsp;<\/p>\n<h3>Especifica\u00e7\u00f5es t\u00e9cnicas do NTAG 424 DNA<\/h3>\n<table class=\"w-fit !mb-0 !max-w-none\">\n<thead>\n<tr>\n<th>Especifica\u00e7\u00e3o<\/th>\n<th>Detalhes<\/th>\n<\/tr>\n<\/thead>\n<tbody>\n<tr>\n<td><strong>Lasca<\/strong><\/td>\n<td>DNA NTAG424<\/td>\n<\/tr>\n<tr>\n<td><strong>Frequ\u00eancia<\/strong><\/td>\n<td>13,56 MHz<\/td>\n<\/tr>\n<tr>\n<td><strong>Interface de comunica\u00e7\u00e3o<\/strong><\/td>\n<td>NFC, RFID<\/td>\n<\/tr>\n<tr>\n<td><strong>Dist\u00e2ncia de leitura<\/strong><\/td>\n<td>1-10cm<\/td>\n<\/tr>\n<tr>\n<td><strong>Material<\/strong><\/td>\n<td>Papel revestido, PET<\/td>\n<\/tr>\n<tr>\n<td><strong>Op\u00e7\u00f5es de tamanho<\/strong><\/td>\n<td>Di\u00e2metro: 25 mm, Retangular: 45 mm x 30 mm ou personalizado<\/td>\n<\/tr>\n<tr>\n<td><strong>Tamanho da embalagem<\/strong><\/td>\n<td>0,3 x 0,3 x 0,02 cm<\/td>\n<\/tr>\n<tr>\n<td><strong>Peso bruto<\/strong><\/td>\n<td>0,001 kg<\/td>\n<\/tr>\n<\/tbody>\n<\/table>\n<p>&nbsp;<\/p>\n<h3>Perguntas Frequentes (FAQs)<\/h3>\n<h4>1.\u00a0<strong>O que \u00e9 a etiqueta NFC NTAG 424 DNA e como ela funciona?<\/strong><\/h4>\n<p>A NTAG 424 DNA NFC Tag \u00e9 um adesivo NFC de alta seguran\u00e7a que permite aos usu\u00e1rios autenticar produtos usando seus smartphones habilitados para NFC. Ela opera no protocolo ISO 14443A em uma frequ\u00eancia de 13,56 MHz, permitindo comunica\u00e7\u00e3o segura e transfer\u00eancia de dados entre a tag e dispositivos compat\u00edveis.<\/p>\n<h4>2.\u00a0<strong>Quais s\u00e3o as principais caracter\u00edsticas do NTAG 424 DNA?<\/strong><\/h4>\n<p>Os principais recursos incluem:<\/p>\n<ul>\n<li>Autentica\u00e7\u00e3o din\u00e2mica para maior seguran\u00e7a.<\/li>\n<li>Tecnologia anti-viola\u00e7\u00e3o para impedir acesso n\u00e3o autorizado.<\/li>\n<li>Tamanhos personaliz\u00e1veis e op\u00e7\u00f5es de impress\u00e3o para marca.<\/li>\n<li>Dist\u00e2ncia de leitura de 1-10 cm, adequada para diversas aplica\u00e7\u00f5es.<\/li>\n<\/ul>\n<h4>3.\u00a0<strong>Como posso usar a etiqueta NFC NTAG 424 DNA?<\/strong><\/h4>\n<p>A etiqueta NFC pode ser usada para:<\/p>\n<ul>\n<li>Autentica\u00e7\u00e3o de produtos para verificar a legitimidade dos itens.<\/li>\n<li>Venda de ingressos para eventos, fornecendo um m\u00e9todo de acesso seguro e de f\u00e1cil leitura.<\/li>\n<li>Embalagens inteligentes para aumentar o envolvimento do cliente por meio de informa\u00e7\u00f5es sobre produtos e conte\u00fado promocional.<\/li>\n<\/ul>\n<h4>4.\u00a0<strong>Quais materiais s\u00e3o usados na etiqueta NFC de DNA NTAG 424?<\/strong><\/h4>\n<p>A etiqueta NFC NTAG 424 DNA \u00e9 feita principalmente de papel revestido e PET, oferecendo durabilidade e flexibilidade para diversas aplica\u00e7\u00f5es.<\/p>","protected":false},"excerpt":{"rendered":"<p>O\u00a0<strong>Adesivo anti-falsifica\u00e7\u00e3o NTAG 424 NFC de alta seguran\u00e7a ISO14443A<\/strong>\u00a0\u00e9 uma solu\u00e7\u00e3o de ponta projetada para autentica\u00e7\u00e3o segura de produtos e medidas anti-falsifica\u00e7\u00e3o. Com criptografia avan\u00e7ada e recursos de autentica\u00e7\u00e3o din\u00e2mica, este adesivo NFC capacita as marcas a proteger seus produtos e aumentar a confian\u00e7a do consumidor sem esfor\u00e7o.<\/p>","protected":false},"featured_media":3531,"template":"","meta":[],"product_brand":[],"product_cat":[48],"product_tag":[],"class_list":{"0":"post-3530","1":"product","2":"type-product","3":"status-publish","4":"has-post-thumbnail","6":"product_cat-nfc-stickers","8":"first","9":"instock","10":"shipping-taxable","11":"product-type-simple"},"_links":{"self":[{"href":"https:\/\/nfc-readers.com\/pt\/wp-json\/wp\/v2\/product\/3530","targetHints":{"allow":["GET"]}}],"collection":[{"href":"https:\/\/nfc-readers.com\/pt\/wp-json\/wp\/v2\/product"}],"about":[{"href":"https:\/\/nfc-readers.com\/pt\/wp-json\/wp\/v2\/types\/product"}],"wp:featuredmedia":[{"embeddable":true,"href":"https:\/\/nfc-readers.com\/pt\/wp-json\/wp\/v2\/media\/3531"}],"wp:attachment":[{"href":"https:\/\/nfc-readers.com\/pt\/wp-json\/wp\/v2\/media?parent=3530"}],"wp:term":[{"taxonomy":"product_brand","embeddable":true,"href":"https:\/\/nfc-readers.com\/pt\/wp-json\/wp\/v2\/product_brand?post=3530"},{"taxonomy":"product_cat","embeddable":true,"href":"https:\/\/nfc-readers.com\/pt\/wp-json\/wp\/v2\/product_cat?post=3530"},{"taxonomy":"product_tag","embeddable":true,"href":"https:\/\/nfc-readers.com\/pt\/wp-json\/wp\/v2\/product_tag?post=3530"}],"curies":[{"name":"wp","href":"https:\/\/api.w.org\/{rel}","templated":true}]}}