{"id":3537,"date":"2024-11-06T10:55:59","date_gmt":"2024-11-06T10:55:59","guid":{"rendered":"https:\/\/nfc-readers.com\/?post_type=product&#038;p=3537"},"modified":"2024-11-06T10:56:00","modified_gmt":"2024-11-06T10:56:00","slug":"customize-replicable-uid-iso14443a-rfid-card-for-attendance","status":"publish","type":"product","link":"https:\/\/nfc-readers.com\/pt\/ic-reader\/customize-replicable-uid-iso14443a-rfid-card-for-attendance\/","title":{"rendered":"personalizar uid replic\u00e1vel iso14443A cart\u00e3o RFID para atendimento"},"content":{"rendered":"<h1 style=\"text-align: center;\"><span style=\"color: #000080;\"><strong>personalizar uid replic\u00e1vel iso14443A cart\u00e3o RFID para atendimento<\/strong><\/span><\/h1>\n<p><span style=\"color: #666699;\"><strong>O cart\u00e3o RFID UID ISO14443A replic\u00e1vel e personaliz\u00e1vel para atendimento est\u00e1 revolucionando a maneira como as organiza\u00e7\u00f5es gerenciam o atendimento e o controle de acesso. Projetados para versatilidade e confiabilidade, esses cart\u00f5es oferecem uma experi\u00eancia perfeita para rastrear o atendimento, aumentar a seguran\u00e7a e simplificar o fluxo de trabalho em v\u00e1rias aplica\u00e7\u00f5es. Com recursos robustos e um design amig\u00e1vel, este cart\u00e3o RFID \u00e9 essencial para empresas que buscam efici\u00eancia e seguran\u00e7a.<\/strong><\/span><\/p>\n<p><span style=\"color: #666699;\"><strong>Benef\u00edcios do produto e por que voc\u00ea deve comprar - Rastreamento de presen\u00e7a cont\u00ednuo: O cart\u00e3o RFID UID ISO14443A simplifica o processo de presen\u00e7a. Os usu\u00e1rios podem tocar rapidamente seus cart\u00f5es em um leitor, registrando instantaneamente sua presen\u00e7a sem o inc\u00f4modo de check-ins manuais.<\/strong><\/span><\/p>\n<ul>\n<li><strong>Op\u00e7\u00f5es personaliz\u00e1veis<\/strong>: Adapte o design e a funcionalidade desses cart\u00f5es RFID para atender \u00e0s necessidades organizacionais espec\u00edficas. Seja para um ambiente corporativo, escola ou evento, a personaliza\u00e7\u00e3o garante que cada cart\u00e3o seja exclusivamente adequado ao seu prop\u00f3sito.<\/li>\n<li><strong>Confiabilidade e durabilidade<\/strong>: Feitos de materiais de PVC\/PET de alta qualidade, esses cart\u00f5es s\u00e3o projetados para suportar o uso di\u00e1rio. Seus recursos \u00e0 prova d&#039;\u00e1gua e de intemp\u00e9ries garantem longevidade e confiabilidade, essenciais para qualquer sistema de controle de acesso.<\/li>\n<li><strong>Solu\u00e7\u00e3o econ\u00f4mica<\/strong>: Investir nesses cart\u00f5es RFID reduz o tempo e os recursos gastos em sistemas de atendimento manual. Al\u00e9m disso, o baixo custo inicial e a alta durabilidade significam que eles durar\u00e3o mais do que os sistemas tradicionais de papel.<\/li>\n<\/ul>\n<p>&nbsp;<\/p>\n<p>&nbsp;<\/p>\n<h2 style=\"text-align: center;\"><span style=\"color: #000080;\"><em><strong>Vis\u00e3o geral dos produtos MIFARE<\/strong><\/em><\/span><\/h2>\n<p><strong>A tecnologia MIFARE, desenvolvida pela NXP Semiconductors, \u00e9 uma solu\u00e7\u00e3o l\u00edder para cart\u00f5es inteligentes sem contato e aplica\u00e7\u00f5es RFID. <\/strong><\/p>\n<p><span style=\"color: #008080;\"><strong>O MIFARE Classic1K, apresentado em nossos cart\u00f5es UID personalizados, \u00e9 particularmente conhecido por sua confiabilidade em controle de acesso e sistemas de identifica\u00e7\u00e3o seguros. Este cart\u00e3o inteligente funciona perfeitamente com v\u00e1rios leitores, tornando-o um padr\u00e3o da ind\u00fastria.<\/strong><\/span><\/p>\n<p>&nbsp;<\/p>\n<p>&nbsp;<\/p>\n<h2 style=\"text-align: center;\"><em><span style=\"color: #000080;\"><strong>Principais caracter\u00edsticas do cart\u00e3o RFID UID personalizado<\/strong><\/span><\/em><\/h2>\n<h4>O\u00a0<strong>personalizar cart\u00e3o RFID UID ISO14443A replic\u00e1vel para atendimento<\/strong>\u00a0vem com recursos de \u00faltima gera\u00e7\u00e3o:<\/h4>\n<ul>\n<li><strong>\u00c0 prova d&#039;\u00e1gua e de intemp\u00e9ries<\/strong>: Essas placas podem suportar ambientes adversos, garantindo desempenho cont\u00ednuo.<\/li>\n<li><strong>F\u00e1cil personaliza\u00e7\u00e3o<\/strong>: Escolha entre v\u00e1rias op\u00e7\u00f5es de impress\u00e3o como\u00a0<strong>Impress\u00e3o CMYK4C<\/strong>, offset, serigrafia, codifica\u00e7\u00e3o a laser e tinta UV, permitindo que as organiza\u00e7\u00f5es personalizem cada cart\u00e3o de forma eficiente.<\/li>\n<li><strong>Interface de comunica\u00e7\u00e3o<\/strong>: Os cart\u00f5es utilizam tecnologia RFID e NFC, permitindo comunica\u00e7\u00e3o r\u00e1pida com leitores a uma frequ\u00eancia de 13,56 MHz.<\/li>\n<\/ul>\n<p>&nbsp;<\/p>\n<p>&nbsp;<\/p>\n<h2 style=\"text-align: center;\"><em><span style=\"color: #000080;\"><strong>Especifica\u00e7\u00f5es t\u00e9cnicas<\/strong><\/span><\/em><\/h2>\n<p style=\"text-align: left;\">\n|\u00a0<strong>Modelo de Chip<\/strong>\u00a0| MIFARE Cl\u00e1ssico1K |<br \/>\n|\u00a0<strong>Dist\u00e2ncia de leitura<\/strong> |2-10 cm |<br \/>\n|\u00a0<strong>Tamanho<\/strong>\u00a0|85,5 x54 mm |<br \/>\n|\u00a0<strong>Material<\/strong>\u00a0| PVC\/PET |<br \/>\n|\u00a0<strong>Caracter\u00edsticas especiais<\/strong>\u00a0| \u00c0 prova d&#039;\u00e1gua, \u00e0 prova de intemp\u00e9ries |<br \/>\n|\u00a0<strong>Lugar de origem<\/strong>\u00a0| Guangdong, China |<br \/>\n|\u00a0<strong>Arte<\/strong>\u00a0| C\u00f3digo Laser, Tinta UV, N\u00famero de S\u00e9rie, Grava\u00e7\u00e3o, Impress\u00e3o T\u00e9rmica |<br \/>\n|\u00a0<strong>Unidades de venda<\/strong>\u00a0| Item \u00fanico |<br \/>\n|\u00a0<strong>Tamanho da embalagem<\/strong>\u00a0|8,55 x5,4 x0,08 cm |<br \/>\n|\u00a0<strong>Peso<\/strong>\u00a0|0,006 kg |<\/p>\n<p>&nbsp;<\/p>\n<p>&nbsp;<\/p>\n<h3 style=\"text-align: center;\"><span style=\"color: #000080;\"><em><strong>Aplica\u00e7\u00f5es de cart\u00f5es RFID<\/strong><\/em><\/span><\/h3>\n<h4>O\u00a0<strong>personalizar cart\u00e3o RFID UID ISO14443A replic\u00e1vel para atendimento<\/strong>\u00a0pode ser utilizado em v\u00e1rios setores, incluindo:<\/h4>\n<ul>\n<li><strong>Controle de acesso<\/strong>: Ideais para controlar a entrada em \u00e1reas seguras, esses cart\u00f5es garantem que somente pessoal autorizado tenha acesso.<\/li>\n<li><strong>Rastreamento de Presen\u00e7a<\/strong>: Perfeito para escolas e escrit\u00f3rios corporativos onde o registro de presen\u00e7a \u00e9 essencial. O recurso de toque r\u00e1pido reduz significativamente o tempo gasto em registros manuais.<\/li>\n<li><strong>Transporte p\u00fablico<\/strong>: Aumente a conveni\u00eancia do usu\u00e1rio em sistemas de transporte p\u00fablico permitindo embarque r\u00e1pido por meio de tecnologia sem contato.<\/li>\n<\/ul>\n<p>&nbsp;<\/p>\n<p>&nbsp;<\/p>\n<h2 style=\"text-align: center;\"><span style=\"color: #000080;\"><em><strong>Impacto Ambiental e Sustentabilidade<\/strong><\/em><\/span><\/h2>\n<p><strong>Escolher os cart\u00f5es RFID UID ISO14443A replic\u00e1veis personalizados contribui para pr\u00e1ticas sustent\u00e1veis. Sua durabilidade significa menos substitui\u00e7\u00f5es e desperd\u00edcios, minimizando a pegada ambiental associada aos cart\u00f5es de papel ou pl\u00e1stico padr\u00e3o.<\/strong><\/p>\n<p>&nbsp;<\/p>\n<p>&nbsp;<\/p>\n<h2 style=\"text-align: center;\"><em><span style=\"color: #000080;\"><strong>Avalia\u00e7\u00f5es e depoimentos de clientes<\/strong><\/span><\/em><\/h2>\n<p><span style=\"color: #008080;\">\u201cEsses cart\u00f5es RFID tornaram o rastreamento de frequ\u00eancia em nossa escola muito mais simples! As op\u00e7\u00f5es de personaliza\u00e7\u00e3o foram uma grande vantagem.\u201d \u2013 <em>Emily R., Administradora Escolar<\/em><\/span><\/p>\n<blockquote><p>\u201cAltamente confi\u00e1vel e dur\u00e1vel. N\u00f3s os usamos em nosso sistema de controle de acesso h\u00e1 meses sem nenhum problema.\u201d<\/p><\/blockquote>","protected":false},"excerpt":{"rendered":"<p>Cart\u00e3o RFID personaliz\u00e1vel para rastreamento de presen\u00e7a eficiente e controle de acesso seguro, com tecnologia MIFARE Classic1K e material dur\u00e1vel de PVC\/PET.<\/p>","protected":false},"featured_media":3357,"template":"","meta":[],"product_brand":[],"product_cat":[46],"product_tag":[],"class_list":{"0":"post-3537","1":"product","2":"type-product","3":"status-publish","4":"has-post-thumbnail","6":"product_cat-nfc-cards","8":"first","9":"instock","10":"shipping-taxable","11":"product-type-simple"},"_links":{"self":[{"href":"https:\/\/nfc-readers.com\/pt\/wp-json\/wp\/v2\/product\/3537","targetHints":{"allow":["GET"]}}],"collection":[{"href":"https:\/\/nfc-readers.com\/pt\/wp-json\/wp\/v2\/product"}],"about":[{"href":"https:\/\/nfc-readers.com\/pt\/wp-json\/wp\/v2\/types\/product"}],"wp:featuredmedia":[{"embeddable":true,"href":"https:\/\/nfc-readers.com\/pt\/wp-json\/wp\/v2\/media\/3357"}],"wp:attachment":[{"href":"https:\/\/nfc-readers.com\/pt\/wp-json\/wp\/v2\/media?parent=3537"}],"wp:term":[{"taxonomy":"product_brand","embeddable":true,"href":"https:\/\/nfc-readers.com\/pt\/wp-json\/wp\/v2\/product_brand?post=3537"},{"taxonomy":"product_cat","embeddable":true,"href":"https:\/\/nfc-readers.com\/pt\/wp-json\/wp\/v2\/product_cat?post=3537"},{"taxonomy":"product_tag","embeddable":true,"href":"https:\/\/nfc-readers.com\/pt\/wp-json\/wp\/v2\/product_tag?post=3537"}],"curies":[{"name":"wp","href":"https:\/\/api.w.org\/{rel}","templated":true}]}}