{"id":3552,"date":"2024-11-06T15:59:31","date_gmt":"2024-11-06T15:59:31","guid":{"rendered":"https:\/\/nfc-readers.com\/?post_type=product&#038;p=3552"},"modified":"2024-11-06T16:18:13","modified_gmt":"2024-11-06T16:18:13","slug":"contactless-cr80-plastic-ntag-216-nfc-loyalty-card","status":"publish","type":"product","link":"https:\/\/nfc-readers.com\/pt\/ic-reader\/contactless-cr80-plastic-ntag-216-nfc-loyalty-card\/","title":{"rendered":"Cart\u00e3o de fidelidade NFC Ntag 216 de pl\u00e1stico CR80 sem contato"},"content":{"rendered":"<h1 style=\"text-align: center;\"><span style=\"color: #000080;\"><strong>Cart\u00e3o de fidelidade NFC Ntag 216 de pl\u00e1stico CR80 sem contato<\/strong><\/span><\/h1>\n<p>&nbsp;<\/p>\n<h2 style=\"text-align: center;\"><span style=\"color: #008080;\"><em><strong>Revolucionando o envolvimento do cliente<\/strong><\/em><\/span><\/h2>\n<p><strong><span style=\"color: #666699;\">Na era digital de hoje, as empresas est\u00e3o constantemente buscando maneiras inovadoras de se envolver com seus clientes e promover sua marca. Uma maneira eficaz de fazer isso \u00e9 usando a tecnologia NFC (Near Field Communication), especificamente cart\u00f5es de fidelidade NFC Ntag216 de pl\u00e1stico CR80 sem contato.<\/span><\/strong><\/p>\n<p>&nbsp;<\/p>\n<p>&nbsp;<\/p>\n<h2 style=\"text-align: center;\"><em><strong><span style=\"color: #333399;\">Benef\u00edcios dos cart\u00f5es NFC Ntag216<\/span><\/strong><\/em><\/h2>\n<ol>\n<li><strong>Conveni\u00eancia<\/strong>: Os cart\u00f5es de fidelidade NFC Ntag216 de pl\u00e1stico CR80 sem contato oferecem uma maneira conveniente para os clientes se envolverem com empresas, sem a necessidade de contato f\u00edsico ou entrada manual de dados.<\/li>\n<li><strong>Experi\u00eancia Personalizada<\/strong>: Os cart\u00f5es de fidelidade NFC Ntag216 de pl\u00e1stico CR80 sem contato podem ser personalizados com a marca e a mensagem de marketing de uma empresa, proporcionando uma experi\u00eancia personalizada aos clientes.<\/li>\n<li><strong>Maior engajamento<\/strong>: Os cart\u00f5es de fidelidade NFC Ntag216 de pl\u00e1stico CR80 sem contato podem ajudar as empresas a aumentar o envolvimento do cliente, fornecendo uma maneira \u00fanica e interativa para os clientes interagirem com sua marca.<\/li>\n<\/ol>\n<p>&nbsp;<\/p>\n<p>&nbsp;<\/p>\n<h2 style=\"text-align: center;\"><span style=\"color: #333399;\"><em><strong>Usando cart\u00f5es NFC Ntag216 sem contato<\/strong><\/em><\/span><\/h2>\n<p>Usar cart\u00f5es de fidelidade NFC Ntag216 de pl\u00e1stico CR80 sem contato \u00e9 f\u00e1cil e direto. Aqui est\u00e1 um guia passo a passo para voc\u00ea come\u00e7ar:<\/p>\n<ol>\n<li><strong>Crie um aplicativo m\u00f3vel<\/strong>: Crie um aplicativo m\u00f3vel compat\u00edvel com cart\u00f5es de fidelidade NFC Ntag216 de pl\u00e1stico CR80 sem contato.<\/li>\n<li><strong>Programe o cart\u00e3o<\/strong>: Programe o cart\u00e3o de fidelidade NFC Ntag216 de pl\u00e1stico CR80 sem contato com a marca e a mensagem de marketing da sua empresa.<\/li>\n<li><strong>Distribuir o cart\u00e3o<\/strong>: Distribua o cart\u00e3o fidelidade NFC Ntag216 de pl\u00e1stico CR80 sem contato aos seus clientes.<\/li>\n<li><strong>Interaja com os clientes<\/strong>: Interaja com seus clientes proporcionando uma experi\u00eancia \u00fanica e interativa por meio do cart\u00e3o de fidelidade NFC Ntag216 de pl\u00e1stico CR80 sem contato.<\/li>\n<\/ol>\n<p>&nbsp;<\/p>\n<p style=\"text-align: center;\">\n<h2 style=\"text-align: center;\"><span style=\"color: #333399;\"><em><strong>Especifica\u00e7\u00f5es t\u00e9cnicas<\/strong><\/em><\/span><\/h2>\n<div class=\"table-with-header rounded-lg border border-solid border-grey-line2-normal w-fit max-w-full mb-2\">\n<div class=\"overflow-x-auto custom-scrollbar custom-scrollbar-float max-w-full\">\n<table class=\"w-fit !mb-0 !max-w-none\" style=\"height: 510px;\" width=\"432\">\n<thead>\n<tr>\n<th>Especifica\u00e7\u00e3o<\/th>\n<th>Valor<\/th>\n<\/tr>\n<\/thead>\n<tbody>\n<tr>\n<td>Lugar de origem<\/td>\n<td>Guangdong, China<\/td>\n<\/tr>\n<tr>\n<td>Aplicativo<\/td>\n<td>Cart\u00e3o de visita<\/td>\n<\/tr>\n<tr>\n<td>Nome do Produto<\/td>\n<td>Cart\u00e3o NFC<\/td>\n<\/tr>\n<tr>\n<td>Material<\/td>\n<td>PVC<\/td>\n<\/tr>\n<tr>\n<td>Tamanho<\/td>\n<td>85,5*54mm\/Personalizado<\/td>\n<\/tr>\n<tr>\n<td><\/td>\n<td><\/td>\n<\/tr>\n<tr>\n<td>Impress\u00e3o<\/td>\n<td>offsetting\/impress\u00e3o CMYK4C\/serigrafia<\/td>\n<\/tr>\n<tr>\n<td>Frequ\u00eancia<\/td>\n<td>13,56 MHz<\/td>\n<\/tr>\n<tr>\n<td>Lasca<\/td>\n<td>Ntag216<\/td>\n<\/tr>\n<tr>\n<td>Mem\u00f3ria<\/td>\n<td>888 bytes<\/td>\n<\/tr>\n<tr>\n<td>Tempo de espera<\/td>\n<td>7-10 dias<\/td>\n<\/tr>\n<tr>\n<td>Protocolo<\/td>\n<td>Norma ISO\/IEC 14443A<\/td>\n<\/tr>\n<tr>\n<td>Dist\u00e2ncia de leitura<\/td>\n<td>1-10cm<\/td>\n<\/tr>\n<tr>\n<td>Embalagem e entrega<\/td>\n<td>Item \u00fanico<\/td>\n<\/tr>\n<tr>\n<td>Tamanho de pacote \u00fanico<\/td>\n<td>8,55X5,4X0,08 cm<\/td>\n<\/tr>\n<tr>\n<td>Peso bruto \u00fanico<\/td>\n<td>0,006 kg<\/td>\n<\/tr>\n<\/tbody>\n<\/table>\n<\/div>\n<\/div>\n<p>&nbsp;<\/p>\n<h2 style=\"text-align: center;\"><span style=\"color: #333399;\"><em><strong>Perguntas frequentes<\/strong><\/em><\/span><\/h2>\n<ol>\n<li><strong>O que \u00e9 um cart\u00e3o de fidelidade NFC Ntag216 de pl\u00e1stico CR80 sem contato?<\/strong><br \/>\nUm cart\u00e3o de fidelidade NFC Ntag216 de pl\u00e1stico CR80 sem contato \u00e9 um tipo de cart\u00e3o que usa tecnologia NFC para armazenar e transmitir dados entre o cart\u00e3o e um dispositivo m\u00f3vel.<\/li>\n<li><strong>Quais s\u00e3o os benef\u00edcios de usar cart\u00f5es de fidelidade NFC Ntag216 de pl\u00e1stico CR80 sem contato?<\/strong><br \/>\nOs benef\u00edcios de usar cart\u00f5es de fidelidade NFC Ntag216 de pl\u00e1stico CR80 sem contato incluem conveni\u00eancia, experi\u00eancia personalizada e maior engajamento.<\/li>\n<\/ol>\n<p>&nbsp;<\/p>\n<p>&nbsp;<\/p>\n<h2 style=\"text-align: center;\"><span style=\"color: #333399;\"><em><strong>Por que nos escolher?<\/strong><\/em><\/span><\/h2>\n<p><strong><span style=\"color: #008080;\">Oferecemos cart\u00f5es de fidelidade NFC Ntag216 de pl\u00e1stico CR80 sem contato de alta qualidade que s\u00e3o projetados para atender \u00e0s necessidades de empresas que buscam se envolver com seus clientes de uma forma \u00fanica e interativa. Aqui est\u00e3o alguns motivos pelos quais voc\u00ea deve nos escolher:<\/span><\/strong><\/p>\n<ul>\n<li><strong>Amostras gr\u00e1tis<\/strong>:Oferecemos amostras gr\u00e1tis de nossos cart\u00f5es de fidelidade NFC Ntag216 de pl\u00e1stico CR80 sem contato, para que voc\u00ea possa experimentar antes de comprar.<\/li>\n<li><strong>Pre\u00e7o baixo<\/strong>:Oferecemos pre\u00e7os competitivos para nossos cart\u00f5es de fidelidade NFC Ntag216 de pl\u00e1stico CR80 sem contato, tornando-os uma solu\u00e7\u00e3o acess\u00edvel para empresas de todos os tamanhos.<\/li>\n<li><strong>Alta qualidade<\/strong>: Nossos cart\u00f5es de fidelidade NFC Ntag216 de pl\u00e1stico CR80 sem contato s\u00e3o feitos com materiais de alta qualidade e projetados para durar.<\/li>\n<li><strong>F\u00e1brica de Produ\u00e7\u00e3o<\/strong>:Temos nossa pr\u00f3pria f\u00e1brica de produ\u00e7\u00e3o, o que significa que podemos oferecer prazos de entrega r\u00e1pidos e capacidades de produ\u00e7\u00e3o de alto volume.<\/li>\n<li><strong>Variedade de op\u00e7\u00f5es<\/strong>:Oferecemos uma variedade de op\u00e7\u00f5es para nossos cart\u00f5es de fidelidade NFC Ntag216 de pl\u00e1stico CR80 sem contato, incluindo diferentes tamanhos, materiais e op\u00e7\u00f5es de impress\u00e3o.<\/li>\n<\/ul>","protected":false},"excerpt":{"rendered":"<p>Cart\u00e3o de fidelidade NFC Ntag216 de pl\u00e1stico CR80 sem contato \u2013 Revolucione o envolvimento do cliente com nossos cart\u00f5es de fidelidade NFC de alta qualidade, personaliz\u00e1veis e pr\u00e1ticos.<\/p>","protected":false},"featured_media":3592,"template":"","meta":[],"product_brand":[],"product_cat":[46],"product_tag":[],"class_list":{"0":"post-3552","1":"product","2":"type-product","3":"status-publish","4":"has-post-thumbnail","6":"product_cat-nfc-cards","8":"first","9":"instock","10":"shipping-taxable","11":"product-type-simple"},"_links":{"self":[{"href":"https:\/\/nfc-readers.com\/pt\/wp-json\/wp\/v2\/product\/3552","targetHints":{"allow":["GET"]}}],"collection":[{"href":"https:\/\/nfc-readers.com\/pt\/wp-json\/wp\/v2\/product"}],"about":[{"href":"https:\/\/nfc-readers.com\/pt\/wp-json\/wp\/v2\/types\/product"}],"wp:featuredmedia":[{"embeddable":true,"href":"https:\/\/nfc-readers.com\/pt\/wp-json\/wp\/v2\/media\/3592"}],"wp:attachment":[{"href":"https:\/\/nfc-readers.com\/pt\/wp-json\/wp\/v2\/media?parent=3552"}],"wp:term":[{"taxonomy":"product_brand","embeddable":true,"href":"https:\/\/nfc-readers.com\/pt\/wp-json\/wp\/v2\/product_brand?post=3552"},{"taxonomy":"product_cat","embeddable":true,"href":"https:\/\/nfc-readers.com\/pt\/wp-json\/wp\/v2\/product_cat?post=3552"},{"taxonomy":"product_tag","embeddable":true,"href":"https:\/\/nfc-readers.com\/pt\/wp-json\/wp\/v2\/product_tag?post=3552"}],"curies":[{"name":"wp","href":"https:\/\/api.w.org\/{rel}","templated":true}]}}