{"id":3564,"date":"2024-11-06T13:06:22","date_gmt":"2024-11-06T13:06:22","guid":{"rendered":"https:\/\/nfc-readers.com\/?post_type=product&#038;p=3564"},"modified":"2024-11-14T14:59:24","modified_gmt":"2024-11-14T14:59:24","slug":"t5577-dia-25mm-coated-paper-programmable-flexible-rfid-tag","status":"publish","type":"product","link":"https:\/\/nfc-readers.com\/pt\/ic-reader\/t5577-dia-25mm-coated-paper-programmable-flexible-rfid-tag\/","title":{"rendered":"Etiqueta RFID program\u00e1vel flex\u00edvel de papel revestido de di\u00e2metro T5577 25 mm"},"content":{"rendered":"<h1 style=\"text-align: center;\"><strong>Etiqueta RFID program\u00e1vel flex\u00edvel de papel revestido de di\u00e2metro T5577 25 mm<\/strong><\/h1>\n<p>O <strong>Etiqueta RFID program\u00e1vel flex\u00edvel de papel revestido de di\u00e2metro T5577 25 mm<\/strong>\u00a0\u00e9 um produto not\u00e1vel no mundo da tecnologia NFC, projetado para aprimorar solu\u00e7\u00f5es de bilhetagem e agilizar processos de identifica\u00e7\u00e3o em v\u00e1rios setores.<\/p>\n<p>Com o chip T5577 avan\u00e7ado incorporado em um design resiliente e vers\u00e1til, esta etiqueta RFID une funcionalidade com conveni\u00eancia. Esta descri\u00e7\u00e3o o guiar\u00e1 pelos benef\u00edcios, recursos, especifica\u00e7\u00f5es e muito mais, destacando por que esta etiqueta \u00e9 essencial para suas necessidades comerciais ou pessoais.<\/p>\n<p>&nbsp;<\/p>\n<h3><strong>Interface de comunica\u00e7\u00e3o: como funciona o RFID<\/strong><\/h3>\n<p>Equipado com um poderoso\u00a0<strong>RFID<\/strong>\u00a0interface de comunica\u00e7\u00e3o, o 12T5577 opera em uma frequ\u00eancia de\u00a0<strong>125KHz<\/strong>. Isso permite a comunica\u00e7\u00e3o entre a etiqueta e dispositivos ou leitores habilitados para NFC, facilitando trocas r\u00e1pidas de dados. Basta tocar em seu\u00a0<strong>Telefone celular ou dispositivo habilitado para NFC<\/strong>\u00a0contra a tag para recuperar ou escrever informa\u00e7\u00f5es instantaneamente.<\/p>\n<p>&nbsp;<\/p>\n<p>&nbsp;<\/p>\n<h3><strong>\u00c1reas de aplica\u00e7\u00e3o: da emiss\u00e3o de bilhetes \u00e0 gest\u00e3o de ativos<\/strong><\/h3>\n<p>As etiquetas RFID T5577 s\u00e3o projetadas principalmente para <strong>Ticketing<\/strong>\u00a0aplica\u00e7\u00f5es, mas podem ser efetivamente utilizados em v\u00e1rios campos, incluindo gerenciamento de estoque de varejo, sistemas de controle de acesso e gerenciamento de eventos. Sua capacidade de programar e reescrever dados facilmente os torna excepcionalmente \u00fateis em ambientes din\u00e2micos, onde as informa\u00e7\u00f5es precisam ser atualizadas com frequ\u00eancia.<\/p>\n<p>&nbsp;<\/p>\n<h3><strong>Por que comprar a etiqueta RFID 12T5577?<\/strong><\/h3>\n<p>Investir em\u00a0<strong>Etiqueta RFID 12T5577<\/strong>\u00a0significa escolher efici\u00eancia, adaptabilidade e durabilidade. Diferentemente dos m\u00e9todos tradicionais de identifica\u00e7\u00e3o, as etiquetas RFID fornecem acesso r\u00e1pido a dados e podem ser programadas para armazenar uma variedade de informa\u00e7\u00f5es facilmente. Para empresas envolvidas em emiss\u00e3o de bilhetes, gerenciamento de invent\u00e1rio ou identifica\u00e7\u00e3o de servi\u00e7os, essas etiquetas simplificam as opera\u00e7\u00f5es drasticamente, reduzem o erro humano e aprimoram a experi\u00eancia do cliente.<\/p>\n<p>Feito de papel revestido com um di\u00e2metro de 25 mm, a etiqueta \u00e9 leve e flex\u00edvel, tornando-a ideal para diversas aplica\u00e7\u00f5es que v\u00e3o desde branding at\u00e9 log\u00edstica. Al\u00e9m disso, este produto ostenta recursos como ser \u00e0 prova d&#039;\u00e1gua\/\u00e0 prova de intemp\u00e9ries, um longo alcance de leitura de 2 a 10 cm e um ciclo de escrita de at\u00e9 100.000 vezes, garantindo longevidade e desempenho confi\u00e1vel.<\/p>\n<p>&nbsp;<\/p>\n<h3><strong>Especifica\u00e7\u00f5es t\u00e9cnicas<\/strong><\/h3>\n<table class=\"w-fit !mb-0 !max-w-none\" style=\"height: 285px;\" width=\"426\">\n<thead>\n<tr>\n<th><strong>Especifica\u00e7\u00e3o<\/strong><\/th>\n<th><strong>Detalhes<\/strong><\/th>\n<\/tr>\n<\/thead>\n<tbody>\n<tr>\n<td><strong>Lasca<\/strong><\/td>\n<td>T5577<\/td>\n<\/tr>\n<tr>\n<td><strong>Tamanho<\/strong><\/td>\n<td>Di\u00e2metro 25mm<\/td>\n<\/tr>\n<tr>\n<td><strong>Material<\/strong><\/td>\n<td>Papel revestido<\/td>\n<\/tr>\n<tr>\n<td><strong>Superf\u00edcie<\/strong><\/td>\n<td>Fosco, Brilhante, Fosco<\/td>\n<\/tr>\n<tr>\n<td><strong>Faixa de leitura<\/strong><\/td>\n<td>2-10 cm<\/td>\n<\/tr>\n<tr>\n<td><strong>Protocolo<\/strong><\/td>\n<td>Norma ISO 11784\/11785<\/td>\n<\/tr>\n<tr>\n<td><strong>Ciclo de Escrita<\/strong><\/td>\n<td>100.000 vezes<\/td>\n<\/tr>\n<tr>\n<td><strong>Temperatura de opera\u00e7\u00e3o<\/strong><\/td>\n<td>20~+80\u00b0C<\/td>\n<\/tr>\n<tr>\n<td><strong>Lugar de origem<\/strong><\/td>\n<td>Guangdong, China<\/td>\n<\/tr>\n<tr>\n<td><strong>Op\u00e7\u00e3o de impress\u00e3o<\/strong><\/td>\n<td>4C Impress\u00e3o Offset\/Serigrafia<\/td>\n<\/tr>\n<\/tbody>\n<\/table>\n<p>&nbsp;<\/p>\n<h2><strong>Perguntas Frequentes (FAQs)<\/strong><\/h2>\n<h3><strong>1. O que s\u00e3o tecnologias NFC e RFID?<\/strong><\/h3>\n<p><strong>NFC (comunica\u00e7\u00e3o de campo pr\u00f3ximo)<\/strong>\u00a0e\u00a0<strong>RFID (Identifica\u00e7\u00e3o por Radiofrequ\u00eancia)<\/strong>\u00a0s\u00e3o tecnologias de comunica\u00e7\u00e3o sem fio que permitem que dispositivos troquem dados em curtas dist\u00e2ncias. NFC \u00e9 frequentemente usado para pagamentos m\u00f3veis e transfer\u00eancia de dados, enquanto RFID \u00e9 comumente empregado para rastreamento e gerenciamento de invent\u00e1rio.<\/p>\n<h3><strong>2. Como programo as etiquetas RFID T5577?<\/strong><\/h3>\n<p>Para programar as etiquetas RFID 12T5577, voc\u00ea precisa de um dispositivo habilitado para NFC e um aplicativo compat\u00edvel. Basta baixar um aplicativo de escrita NFC, abri-lo e seguir os prompts para inserir os dados que deseja armazenar na etiqueta. Uma vez que os dados s\u00e3o programados, a etiqueta pode ser lida por qualquer dispositivo habilitado para NFC.<\/p>\n<h3><strong>3. Qual \u00e9 o alcance de leitura da etiqueta RFID T5577?<\/strong><\/h3>\n<p>O alcance de leitura da etiqueta RFID 12T5577 \u00e9\u00a0<strong>2 a 10 cent\u00edmetros<\/strong>. Esse intervalo \u00e9 ideal para a maioria das aplica\u00e7\u00f5es, permitindo trocas de dados r\u00e1pidas e eficientes sem a necessidade de contato f\u00edsico.<\/p>\n<h3><strong>4. Essas etiquetas s\u00e3o \u00e0 prova d&#039;\u00e1gua?<\/strong><\/h3>\n<p>Sim, as etiquetas RFID T5577 s\u00e3o projetadas para serem \u00e0 prova d&#039;\u00e1gua\/de intemp\u00e9ries, tornando-as adequadas para aplica\u00e7\u00f5es internas e externas. Elas podem suportar exposi\u00e7\u00e3o \u00e0 umidade e a v\u00e1rias condi\u00e7\u00f5es ambientais.<\/p>","protected":false},"excerpt":{"rendered":"<p>O <strong>Etiqueta RFID program\u00e1vel flex\u00edvel de papel revestido de di\u00e2metro T5577 25 mm<\/strong>\u00a0\u00e9 uma solu\u00e7\u00e3o vers\u00e1til e dur\u00e1vel para armazenamento e recupera\u00e7\u00e3o eficiente de dados, ideal para gerenciamento de tickets e invent\u00e1rio. Seu design \u00e0 prova d&#039;\u00e1gua, combinado com a capacidade de ser facilmente programado e personalizado, o torna uma escolha confi\u00e1vel para uma variedade de aplica\u00e7\u00f5es.<\/p>","protected":false},"featured_media":3565,"template":"","meta":[],"product_brand":[],"product_cat":[47],"product_tag":[],"class_list":{"0":"post-3564","1":"product","2":"type-product","3":"status-publish","4":"has-post-thumbnail","6":"product_cat-nfc-tags","8":"first","9":"instock","10":"shipping-taxable","11":"product-type-simple"},"_links":{"self":[{"href":"https:\/\/nfc-readers.com\/pt\/wp-json\/wp\/v2\/product\/3564","targetHints":{"allow":["GET"]}}],"collection":[{"href":"https:\/\/nfc-readers.com\/pt\/wp-json\/wp\/v2\/product"}],"about":[{"href":"https:\/\/nfc-readers.com\/pt\/wp-json\/wp\/v2\/types\/product"}],"wp:featuredmedia":[{"embeddable":true,"href":"https:\/\/nfc-readers.com\/pt\/wp-json\/wp\/v2\/media\/3565"}],"wp:attachment":[{"href":"https:\/\/nfc-readers.com\/pt\/wp-json\/wp\/v2\/media?parent=3564"}],"wp:term":[{"taxonomy":"product_brand","embeddable":true,"href":"https:\/\/nfc-readers.com\/pt\/wp-json\/wp\/v2\/product_brand?post=3564"},{"taxonomy":"product_cat","embeddable":true,"href":"https:\/\/nfc-readers.com\/pt\/wp-json\/wp\/v2\/product_cat?post=3564"},{"taxonomy":"product_tag","embeddable":true,"href":"https:\/\/nfc-readers.com\/pt\/wp-json\/wp\/v2\/product_tag?post=3564"}],"curies":[{"name":"wp","href":"https:\/\/api.w.org\/{rel}","templated":true}]}}