{"id":3578,"date":"2024-11-06T13:26:21","date_gmt":"2024-11-06T13:26:21","guid":{"rendered":"https:\/\/nfc-readers.com\/?post_type=product&#038;p=3578"},"modified":"2024-11-06T13:26:21","modified_gmt":"2024-11-06T13:26:21","slug":"nfc-sticker-manufacturer-customize-anti-counterfeiting-label","status":"publish","type":"product","link":"https:\/\/nfc-readers.com\/pt\/ic-reader\/nfc-sticker-manufacturer-customize-anti-counterfeiting-label\/","title":{"rendered":"Fabricante de adesivos NFC personaliza r\u00f3tulo anti-falsifica\u00e7\u00e3o"},"content":{"rendered":"<h1 style=\"text-align: center;\"><strong>Fabricante de adesivos NFC personaliza r\u00f3tulo anti-falsifica\u00e7\u00e3o<\/strong><\/h1>\n<p>&nbsp;<\/p>\n<p>Na era digital de hoje, a necessidade de solu\u00e7\u00f5es de branding seguras e confi\u00e1veis nunca foi t\u00e3o primordial. Nosso <strong>Adesivos NFC<\/strong>, projetados especificamente para aplica\u00e7\u00f5es anti-falsifica\u00e7\u00e3o, oferecem uma maneira revolucion\u00e1ria de garantir a autenticidade do produto e aumentar a confian\u00e7a do cliente. Feitos sob medida e personalizados para uma variedade de usos, nossos\u00a0<strong>Etiquetas NFC<\/strong>\u00a0s\u00e3o mais do que apenas adesivos; eles s\u00e3o uma assinatura de seguran\u00e7a que pode ser perfeitamente integrada ao seu neg\u00f3cio. Usando tecnologia avan\u00e7ada, como o\u00a0<strong>Etiqueta NFC de DNA NTAG 424<\/strong>, esses adesivos oferecem uma variedade de recursos que n\u00e3o apenas protegem seus produtos, mas tamb\u00e9m envolvem seus clientes de maneiras novas e inovadoras.<\/p>\n<p>&nbsp;<\/p>\n<p><strong>Por que comprar adesivos NFC?<\/strong><br \/>\nInvestir em adesivos NFC do nosso fabricante significa proteger sua marca contra falsifica\u00e7\u00e3o, ao mesmo tempo em que fornece uma experi\u00eancia interativa para seus clientes. O uso de alto desempenho <strong>RFID e NFC<\/strong>\u00a0a tecnologia garante que cada adesivo atue como um identificador \u00fanico, aprimorando n\u00e3o apenas a seguran\u00e7a, mas tamb\u00e9m a experi\u00eancia geral da marca. N\u00e3o s\u00e3o apenas r\u00f3tulos; s\u00e3o ferramentas poderosas para construir a confian\u00e7a do consumidor.<\/p>\n<p>&nbsp;<\/p>\n<h3>Caracter\u00edsticas especiais dos adesivos NFC<\/h3>\n<p>Os adesivos NFC v\u00eam repletos de recursos que os tornam uma escolha superior para aplica\u00e7\u00f5es anti-falsifica\u00e7\u00e3o. De op\u00e7\u00f5es de personaliza\u00e7\u00e3o a v\u00e1rios tamanhos e formas, esses adesivos combinam funcionalidade com interfaces amig\u00e1veis.<\/p>\n<h3>Interface de comunica\u00e7\u00e3o: RFID e NFC<\/h3>\n<p>Explore a integra\u00e7\u00e3o perfeita de\u00a0<strong>RFID e NFC<\/strong>\u00a0tecnologias nesses adesivos. Entenda como eles trabalham juntos para fornecer capacidades de comunica\u00e7\u00e3o robustas entre as tags e os dispositivos habilitados para NFC.<\/p>\n<h3>Frequ\u00eancia e Desempenho<\/h3>\n<p>Com uma frequ\u00eancia de\u00a0<strong>13,56 MHz<\/strong>, essas etiquetas NFC oferecem uma dist\u00e2ncia de leitura confi\u00e1vel de 1 a 10 cm, garantindo uma digitaliza\u00e7\u00e3o r\u00e1pida e eficiente, seja em ambientes de varejo ou aplica\u00e7\u00f5es log\u00edsticas.<\/p>\n<h3>Materiais utilizados: Papel couch\u00e9 e PET<\/h3>\n<p>A escolha dos materiais impacta a durabilidade e o desempenho dos adesivos NFC. Esta se\u00e7\u00e3o se aprofunda no motivo pelo qual usamos\u00a0<strong>papel revestido e PET<\/strong>\u00a0e como esses materiais contribuem para a longevidade e usabilidade do adesivo em diversos ambientes.<\/p>\n<p>&nbsp;<\/p>\n<h2>Perguntas Frequentes (FAQs)<\/h2>\n<h3>1.\u00a0<strong>O que s\u00e3o adesivos NFC e como eles funcionam?<\/strong><\/h3>\n<p>Os adesivos NFC (Near Field Communication) s\u00e3o pequenos r\u00f3tulos incorporados com tecnologia NFC que permite a comunica\u00e7\u00e3o sem fio entre o adesivo e dispositivos habilitados para NFC, como smartphones ou tablets. Quando um usu\u00e1rio toca seu dispositivo no adesivo, ele pode desencadear v\u00e1rias a\u00e7\u00f5es, como exibir informa\u00e7\u00f5es do produto, visitar um site ou confirmar a autenticidade.<\/p>\n<hr \/>\n<h3>2.\u00a0<strong>Qual \u00e9 a dist\u00e2ncia m\u00e1xima de leitura dos seus adesivos NFC?<\/strong><\/h3>\n<p>Nossos adesivos NFC t\u00eam uma dist\u00e2ncia de leitura de\u00a0<strong>1-10 cm<\/strong>\u00a0(aproximadamente 0,4-4 polegadas). O alcance efetivo depende do dispositivo usado e do ambiente em que est\u00e1 sendo escaneado.<\/p>\n<hr \/>\n<h3>3.\u00a0<strong>Os adesivos NFC s\u00e3o personaliz\u00e1veis?<\/strong><\/h3>\n<p>Sim! Nossos adesivos NFC podem ser totalmente personalizados em termos de tamanho, forma, design e conte\u00fado impresso. Oferecemos\u00a0<strong>Impress\u00e3o CMYK colorida, impress\u00e3o offset e serigrafia<\/strong>\u00a0op\u00e7\u00f5es para garantir que a mensagem da sua marca seja exibida com destaque.<\/p>","protected":false},"excerpt":{"rendered":"<p>Nossos adesivos NFC s\u00e3o etiquetas anti-falsifica\u00e7\u00e3o personalizadas, projetadas para aumentar a seguran\u00e7a e a autenticidade do produto. Com tecnologia avan\u00e7ada e designs exclusivos, esses adesivos oferecem \u00e0s empresas uma solu\u00e7\u00e3o confi\u00e1vel para proteger sua marca e envolver os clientes de forma interativa.<\/p>","protected":false},"featured_media":3579,"template":"","meta":[],"product_brand":[],"product_cat":[48],"product_tag":[],"class_list":{"0":"post-3578","1":"product","2":"type-product","3":"status-publish","4":"has-post-thumbnail","6":"product_cat-nfc-stickers","8":"first","9":"instock","10":"shipping-taxable","11":"product-type-simple"},"_links":{"self":[{"href":"https:\/\/nfc-readers.com\/pt\/wp-json\/wp\/v2\/product\/3578","targetHints":{"allow":["GET"]}}],"collection":[{"href":"https:\/\/nfc-readers.com\/pt\/wp-json\/wp\/v2\/product"}],"about":[{"href":"https:\/\/nfc-readers.com\/pt\/wp-json\/wp\/v2\/types\/product"}],"wp:featuredmedia":[{"embeddable":true,"href":"https:\/\/nfc-readers.com\/pt\/wp-json\/wp\/v2\/media\/3579"}],"wp:attachment":[{"href":"https:\/\/nfc-readers.com\/pt\/wp-json\/wp\/v2\/media?parent=3578"}],"wp:term":[{"taxonomy":"product_brand","embeddable":true,"href":"https:\/\/nfc-readers.com\/pt\/wp-json\/wp\/v2\/product_brand?post=3578"},{"taxonomy":"product_cat","embeddable":true,"href":"https:\/\/nfc-readers.com\/pt\/wp-json\/wp\/v2\/product_cat?post=3578"},{"taxonomy":"product_tag","embeddable":true,"href":"https:\/\/nfc-readers.com\/pt\/wp-json\/wp\/v2\/product_tag?post=3578"}],"curies":[{"name":"wp","href":"https:\/\/api.w.org\/{rel}","templated":true}]}}