{"id":3594,"date":"2024-11-07T11:55:05","date_gmt":"2024-11-07T11:55:05","guid":{"rendered":"https:\/\/nfc-readers.com\/?post_type=product&#038;p=3594"},"modified":"2024-11-07T11:55:05","modified_gmt":"2024-11-07T11:55:05","slug":"icodeslix2-iso15693-rfid-card-for-library-management","status":"publish","type":"product","link":"https:\/\/nfc-readers.com\/pt\/ic-reader\/icodeslix2-iso15693-rfid-card-for-library-management\/","title":{"rendered":"Cart\u00e3o RFID ICODESLIX2 ISO15693 para gerenciamento de biblioteca"},"content":{"rendered":"<h1 style=\"text-align: center;\"><span style=\"color: #000080;\"><strong>Cart\u00e3o RFID ICODESLIX2 ISO15693 para gerenciamento de biblioteca<\/strong><\/span><\/h1>\n<div class=\"chat-list relative custom-scrollbar-reset-margin custom-scrollbar custom-scrollbar-hidden custom-scrollbar-float pb-9 flex-1 overflow-y-auto\">\n<div class=\"mx-auto max-w-[790px]\">\n<div class=\"message-item-outer relative px-4 mb-2\" data-id=\"364de8f7-3595-4f4e-adbf-ca8cd06befd0\">\n<div class=\"content-area pl-[0px]\">\n<div class=\"message-item select-text relative\">\n<div class=\"message-inner relative\">\n<div class=\"py-[2px]\">\n<div class=\"flex flex-col gap-2\">\n<div class=\"answer-markdown-box overflow-x-auto select-text custom-scrollbar\">\n<div class=\"markdown-body\">\n<p><span style=\"color: #666699;\"><strong>Em uma era em que a tecnologia est\u00e1 transformando rapidamente as opera\u00e7\u00f5es cotidianas, integrar os cart\u00f5es RFID ICODESLIX2 ISO15693 para gerenciamento de bibliotecas \u00e9 uma virada de jogo. Essa inova\u00e7\u00e3o n\u00e3o apenas simplifica as opera\u00e7\u00f5es, mas tamb\u00e9m enriquece a experi\u00eancia do usu\u00e1rio, melhorando significativamente a efici\u00eancia e a seguran\u00e7a dentro das bibliotecas. Esses cart\u00f5es inteligentes s\u00e3o projetados especificamente para aprimorar a maneira como as bibliotecas gerenciam o invent\u00e1rio, rastreiam recursos e se envolvem com seus clientes.<\/strong><\/span><\/p>\n<p>&nbsp;<\/p>\n<\/div>\n<p>&nbsp;<\/p>\n<div class=\"markdown-body\">\n<h2 style=\"text-align: center;\"><span style=\"color: #000080;\"><em><strong>Benef\u00edcios dos cart\u00f5es RFID ICODESLIX2 ISO15693<\/strong><\/em><\/span><\/h2>\n<p style=\"text-align: left;\">\n<span style=\"color: #008080;\">O cart\u00e3o RFID ICODESLIX2 ISO15693 fornece \u00e0s bibliotecas uma solu\u00e7\u00e3o perfeita para rastreamento e gerenciamento de recursos. Ao empregar essa tecnologia de ponta, as bibliotecas podem automatizar muitos processos, reduzindo a carga de trabalho da equipe e minimizando erros humanos. Esses cart\u00f5es RFID n\u00e3o s\u00e3o apenas sobre efici\u00eancia; eles tamb\u00e9m oferecem seguran\u00e7a aprimorada e facilidade de uso, tornando-os um ativo inestim\u00e1vel para qualquer biblioteca.<\/span><\/p>\n<p>&nbsp;<\/p>\n<p>&nbsp;<\/p>\n<h2 style=\"text-align: center;\"><em><span style=\"color: #000080;\"><strong>Material e design de alta qualidade<\/strong><\/span><\/em><\/h2>\n<p>Nosso cart\u00e3o RFID ICODESLIX2 ISO15693 \u00e9 feito de material de PVC dur\u00e1vel, garantindo longevidade e resist\u00eancia ao desgaste. Com dimens\u00f5es de <strong>85,5 mm x 54 mm<\/strong>, o cart\u00e3o \u00e9 projetado para f\u00e1cil manuseio e armazenamento. O cart\u00e3o apresenta\u00a0<strong>Impress\u00e3o CMYK4C<\/strong>, permitindo que as bibliotecas personalizem o cart\u00e3o com sua marca, tornando-o uma ferramenta funcional e um item promocional.<\/p>\n<p>&nbsp;<\/p>\n<\/div>\n<p>&nbsp;<\/p>\n<div class=\"markdown-body\">\n<h2 style=\"text-align: center;\"><span style=\"color: #000080;\"><em><strong>Principais atributos:<\/strong><\/em><\/span><\/h2>\n<ul>\n<li><strong>Material<\/strong>: PVC<\/li>\n<li><strong>Tamanho<\/strong>:85,5 x54 mm<\/li>\n<li>Interface de comunica\u00e7\u00e3o aprimorada<\/li>\n<li>A placa ICODESLIX2 opera em uma frequ\u00eancia de <strong>13,56 MHz<\/strong>, utilizando interfaces de comunica\u00e7\u00e3o RFID e NFC. Isso garante intera\u00e7\u00e3o perfeita com v\u00e1rios leitores de cart\u00e3o, refor\u00e7ando a integra\u00e7\u00e3o de sistemas de controle de acesso e software de gerenciamento de biblioteca.<\/li>\n<\/ul>\n<p>&nbsp;<\/p>\n<p>&nbsp;<\/p>\n<h2 style=\"text-align: center;\"><em><span style=\"color: #000080;\"><strong>Benef\u00edcios para Bibliotecas<\/strong><\/span><\/em><\/h2>\n<ul>\n<li><strong>Gerenciamento de Dados Din\u00e2micos<\/strong>: Atualiza\u00e7\u00f5es eficientes ajudam no rastreamento em tempo real dos processos de check-in\/check-out.<\/li>\n<li><strong>Controle de estoque aprimorado<\/strong>: Minimize perdas com recursos de rastreamento precisos.<\/li>\n<\/ul>\n<p>&nbsp;<\/p>\n<h3><strong><span style=\"color: #333399;\">Aplica\u00e7\u00e3o de f\u00e1cil utiliza\u00e7\u00e3o<\/span><\/strong><\/h3>\n<p>A aplica\u00e7\u00e3o da tecnologia RFID ICODESLIX2 se estende al\u00e9m do gerenciamento tradicional de recursos. As bibliotecas podem utilizar esses cart\u00f5es para:<\/p>\n<ul>\n<li><strong>Identifica\u00e7\u00e3o do Patrocinador<\/strong>: Verifica\u00e7\u00f5es r\u00e1pidas nos balc\u00f5es de check-out.<\/li>\n<li><strong>Rastreamento de eventos<\/strong>: Registros de presen\u00e7a em workshops ou eventos.<\/li>\n<li><strong>Aloca\u00e7\u00e3o de recursos<\/strong>: Registro autom\u00e1tico de manipula\u00e7\u00e3o de recursos.<\/li>\n<\/ul>\n<p>&nbsp;<\/p>\n<h3><strong><span style=\"color: #333399;\">Recursos centrados no usu\u00e1rio:<\/span><\/strong><\/h3>\n<ul>\n<li><strong>F\u00e1cil integra\u00e7\u00e3o<\/strong>: F\u00e1cil de integrar em sistemas de bibliotecas existentes.<\/li>\n<li><strong>Treinamento m\u00ednimo necess\u00e1rio<\/strong>: A equipe se adaptar\u00e1 rapidamente ao uso de novos sistemas de cart\u00e3o.<\/li>\n<\/ul>\n<p>&nbsp;<\/p>\n<\/div>\n<p>&nbsp;<\/p>\n<div class=\"markdown-body\">\n<h2 style=\"text-align: center;\"><em><span style=\"color: #000080;\"><strong>Especifica\u00e7\u00f5es t\u00e9cnicas e desempenho<\/strong><\/span><\/em><\/h2>\n<p>uma compreens\u00e3o abrangente das especifica\u00e7\u00f5es do cart\u00e3o auxilia na tomada de decis\u00f5es informadas.<\/p>\n<div class=\"table-with-header rounded-lg border border-solid border-grey-line2-normal w-fit max-w-full mb-2\">\n<div class=\"overflow-x-auto custom-scrollbar custom-scrollbar-float max-w-full\">\n<table class=\"w-fit !mb-0 !max-w-none\" style=\"height: 226px;\" width=\"440\">\n<thead>\n<tr>\n<th>Especifica\u00e7\u00e3o<\/th>\n<th>Valor<\/th>\n<\/tr>\n<\/thead>\n<tbody>\n<tr>\n<td>Lasca<\/td>\n<td>ICODESLIX2<\/td>\n<\/tr>\n<tr>\n<td>Frequ\u00eancia<\/td>\n<td>13,56 MHz<\/td>\n<\/tr>\n<tr>\n<td>Mem\u00f3ria<\/td>\n<td>2kbit<\/td>\n<\/tr>\n<tr>\n<td>Dist\u00e2ncia de leitura<\/td>\n<td>2-10 cm<\/td>\n<\/tr>\n<tr>\n<td>Material<\/td>\n<td>PVC<\/td>\n<\/tr>\n<tr>\n<td>Tamanho<\/td>\n<td>85<\/td>\n<\/tr>\n<\/tbody>\n<\/table>\n<\/div>\n<\/div>\n<p>&nbsp;<\/p>\n<h2 style=\"text-align: center;\"><em><span style=\"color: #000080;\"><strong>Vantagens do NFC:<\/strong><\/span><\/em><\/h2>\n<ul>\n<li><strong>Transa\u00e7\u00f5es sem contato<\/strong>: Os usu\u00e1rios podem tocar rapidamente seus cart\u00f5es para acessar os sistemas da biblioteca sem contato f\u00edsico.<\/li>\n<li><strong>Compatibilidade<\/strong>:A tecnologia do cart\u00e3o \u00e9 desenvolvida pela NXP Semiconductors, garantindo que ele funcione com v\u00e1rios sistemas de leitores.<\/li>\n<li>Mem\u00f3ria e funcionalidade robustas<\/li>\n<li>Equipado com <strong style=\"color: #555555;\">Mem\u00f3ria de 2kbit<\/strong><span style=\"color: #555555;\">, o cart\u00e3o RFID ICODESLIX2 ISO15693 oferece amplo espa\u00e7o para armazenar dados essenciais. A funcionalidade de leitura e grava\u00e7\u00e3o permite que as bibliotecas atualizem os dados dinamicamente, garantindo que informa\u00e7\u00f5es como disponibilidade de livros e detalhes do cliente permane\u00e7am atualizadas.<\/span><\/li>\n<\/ul>\n<p>&nbsp;<\/p>\n<\/div>\n<p>&nbsp;<\/p>\n<h2 style=\"text-align: center;\"><span style=\"color: #000080;\"><em><strong>Impacto Ambiental<\/strong><\/em><\/span><\/h2>\n<ul>\n<li><strong>Materiais Sustent\u00e1veis<\/strong>: Nosso PVC \u00e9 recicl\u00e1vel, contribuindo menos para o desperd\u00edcio ambiental.<\/li>\n<li><strong>Longevidade<\/strong>: Reduz a necessidade de substitui\u00e7\u00f5es frequentes.<\/li>\n<\/ul>\n<p>&nbsp;<\/p>\n<\/div>\n<p>&nbsp;<\/p>\n<div class=\"answer-markdown-box overflow-x-auto select-text custom-scrollbar\">\n<h3 style=\"text-align: center;\"><span style=\"color: #333399;\"><strong>Ferramentas de intera\u00e7\u00e3o e gest\u00e3o eficientes<\/strong><\/span><\/h3>\n<p>O cart\u00e3o RFID ICODESLIX2 simplifica as intera\u00e7\u00f5es entre usu\u00e1rios e sistemas de biblioteca:<\/p>\n<ul>\n<li><strong>Processos simplificados<\/strong>: Reduzir o tempo de espera nos caixas, aumentando a satisfa\u00e7\u00e3o do usu\u00e1rio.<\/li>\n<li><strong>Insights de dados<\/strong>: Gere relat\u00f3rios de uso que forne\u00e7am insights sobre aloca\u00e7\u00e3o de recursos e atividade dos usu\u00e1rios.<\/li>\n<\/ul>\n<p>&nbsp;<\/p>\n<h3 style=\"text-align: center;\"><span style=\"color: #333399;\"><strong>Ferramentas avan\u00e7adas de gest\u00e3o<\/strong><\/span><\/h3>\n<ul>\n<li><strong>Integra\u00e7\u00e3o com Sistemas Digitais<\/strong>: Conecte-se perfeitamente com v\u00e1rios sistemas de gerenciamento de bibliotecas.<\/li>\n<li><strong>Atualiza\u00e7\u00f5es em tempo real<\/strong>: Sincroniza\u00e7\u00e3o imediata com o banco de dados de invent\u00e1rio.<\/li>\n<\/ul>\n<\/div>\n<\/div>\n<\/div>\n<\/div>\n<\/div>\n<\/div>\n<\/div>\n<\/div>\n<\/div>","protected":false},"excerpt":{"rendered":"<p>Melhore o gerenciamento da biblioteca com os cart\u00f5es RFID ICODESLIX2 ISO15693, oferecendo rastreamento eficiente de recursos, f\u00e1cil integra\u00e7\u00e3o e melhor envolvimento do usu\u00e1rio.<\/p>","protected":false},"featured_media":3480,"template":"","meta":[],"product_brand":[],"product_cat":[46],"product_tag":[],"class_list":{"0":"post-3594","1":"product","2":"type-product","3":"status-publish","4":"has-post-thumbnail","6":"product_cat-nfc-cards","8":"first","9":"instock","10":"shipping-taxable","11":"product-type-simple"},"_links":{"self":[{"href":"https:\/\/nfc-readers.com\/pt\/wp-json\/wp\/v2\/product\/3594","targetHints":{"allow":["GET"]}}],"collection":[{"href":"https:\/\/nfc-readers.com\/pt\/wp-json\/wp\/v2\/product"}],"about":[{"href":"https:\/\/nfc-readers.com\/pt\/wp-json\/wp\/v2\/types\/product"}],"wp:featuredmedia":[{"embeddable":true,"href":"https:\/\/nfc-readers.com\/pt\/wp-json\/wp\/v2\/media\/3480"}],"wp:attachment":[{"href":"https:\/\/nfc-readers.com\/pt\/wp-json\/wp\/v2\/media?parent=3594"}],"wp:term":[{"taxonomy":"product_brand","embeddable":true,"href":"https:\/\/nfc-readers.com\/pt\/wp-json\/wp\/v2\/product_brand?post=3594"},{"taxonomy":"product_cat","embeddable":true,"href":"https:\/\/nfc-readers.com\/pt\/wp-json\/wp\/v2\/product_cat?post=3594"},{"taxonomy":"product_tag","embeddable":true,"href":"https:\/\/nfc-readers.com\/pt\/wp-json\/wp\/v2\/product_tag?post=3594"}],"curies":[{"name":"wp","href":"https:\/\/api.w.org\/{rel}","templated":true}]}}