{"id":3610,"date":"2024-11-08T02:46:18","date_gmt":"2024-11-08T02:46:18","guid":{"rendered":"https:\/\/nfc-readers.com\/?post_type=product&#038;p=3610"},"modified":"2024-11-08T02:46:18","modified_gmt":"2024-11-08T02:46:18","slug":"nfc-soft-pvc-vinyl-wristband-card-for-rfid-fabric-wristband","status":"publish","type":"product","link":"https:\/\/nfc-readers.com\/pt\/ic-reader\/nfc-soft-pvc-vinyl-wristband-card-for-rfid-fabric-wristband\/","title":{"rendered":"Cart\u00e3o de pulseira de vinil de PVC macio NFC para pulseira de tecido RFID"},"content":{"rendered":"<h1><strong>Cart\u00e3o de pulseira de vinil de PVC macio NFC para pulseira de tecido RFID<\/strong><\/h1>\n<p>&nbsp;<\/p>\n<p>No mundo acelerado e impulsionado pela tecnologia de hoje, <strong>Cart\u00e3o de pulseira de vinil de PVC macio NFC para pulseira de tecido RFID<\/strong>\u00a0destaca-se como uma ferramenta essencial para controle de acesso cont\u00ednuo, transa\u00e7\u00f5es sem dinheiro e experi\u00eancias aprimoradas do usu\u00e1rio. Feitas de vinil de alta qualidade, essas pulseiras s\u00e3o leves, coloridas e incrivelmente vers\u00e1teis, tornando-as perfeitas para v\u00e1rios eventos, como shows, festivais, parques tem\u00e1ticos e reuni\u00f5es corporativas. Com uma frequ\u00eancia operacional de\u00a0<strong>13,56 MHz<\/strong>\u00a0e compatibilidade com as tecnologias RFID e NFC, essas pulseiras oferecem solu\u00e7\u00f5es exclusivas para organizadores de eventos e empresas que buscam aumentar a seguran\u00e7a e agilizar as opera\u00e7\u00f5es.<\/p>\n<p>&nbsp;<\/p>\n<h3><strong>Por que escolher pulseiras de vinil de PVC macio NFC?<\/strong><\/h3>\n<p>Investir em pulseiras NFC n\u00e3o \u00e9 apenas uma declara\u00e7\u00e3o de moda, mas uma atualiza\u00e7\u00e3o funcional para gerenciar eventos e intera\u00e7\u00f5es do usu\u00e1rio de forma eficiente. Essas pulseiras eliminam a necessidade de sistemas tradicionais de controle de acesso e emiss\u00e3o de bilhetes, reduzindo os tempos de espera e aprimorando as experi\u00eancias dos h\u00f3spedes. Com op\u00e7\u00f5es de marca personalizadas dispon\u00edveis, as empresas podem aumentar sua visibilidade ao mesmo tempo em que fornecem um m\u00e9todo confi\u00e1vel e seguro para pagamentos sem dinheiro. Quer voc\u00ea esteja organizando festivais de m\u00fasica, eventos esportivos ou parques de divers\u00e3o, essas pulseiras oferecem a confiabilidade e a funcionalidade de que voc\u00ea precisa.<\/p>\n<p>&nbsp;<\/p>\n<h2>Caracter\u00edsticas da tecnologia RFID e NFC<\/h2>\n<h3>Controle de acesso aprimorado<\/h3>\n<p>O\u00a0<strong>Tecnologia RFID<\/strong>\u00a0embutido nessas pulseiras permite\u00a0<strong>controle de acesso r\u00e1pido<\/strong>\u00a0em eventos, garantindo que os pontos de entrada sejam protegidos, reduzindo ao mesmo tempo o tempo que os convidados passam esperando na fila. Os organizadores de eventos podem utilizar\u00a0<strong>Pulseiras RFID<\/strong>\u00a0para v\u00e1rias fun\u00e7\u00f5es, incluindo:<\/p>\n<ul>\n<li><strong>Acesso VIP<\/strong>: Diferencie entre admiss\u00e3o geral e participantes VIP para \u00e1reas especiais.<\/li>\n<li><strong>Pagamentos sem dinheiro<\/strong>: Permita transa\u00e7\u00f5es sem dinheiro para mercadorias, alimentos e bebidas no local, tornando a experi\u00eancia geral mais conveniente.<\/li>\n<\/ul>\n<h3>Opera\u00e7\u00f5es simplificadas<\/h3>\n<p>Usando\u00a0<strong>Tecnologia de pulseira NFC<\/strong>\u00a0simplifica significativamente as opera\u00e7\u00f5es de eventos. A capacidade de conduzir\u00a0<strong>coleta de dados<\/strong>\u00a0por meio desses dispositivos permite que os fornecedores analisem o comportamento dos participantes e os padr\u00f5es de gastos de forma eficaz. Essas informa\u00e7\u00f5es podem ent\u00e3o ser usadas para melhorar eventos futuros, aprimorar estrat\u00e9gias de marketing e otimizar as experi\u00eancias do cliente.<\/p>\n<p>&nbsp;<\/p>\n<h3><strong>Benef\u00edcios do uso de pulseiras de vinil<\/strong><\/h3>\n<h3>Durabilidade e conforto<\/h3>\n<p>Feito de alta qualidade\u00a0<strong>material vin\u00edlico<\/strong>, As pulseiras NFC s\u00e3o projetadas para suportar v\u00e1rios elementos associados a festivais, shows e eventos ao ar livre. Ao contr\u00e1rio de ingressos de papel ou pulseiras de tecido que podem facilmente rasgar ou ser danificadas, as pulseiras de vinil s\u00e3o \u00e0 prova d&#039;\u00e1gua, resistentes a rasgos e ao suor, garantindo que permane\u00e7am intactas durante todo o evento.<\/p>\n<h3>Uso \u00fanico e \u00e0 prova de viola\u00e7\u00e3o<\/h3>\n<p>O\u00a0<strong>uso \u00fanico<\/strong>\u00a0a natureza dessas pulseiras garante a m\u00e1xima seguran\u00e7a. Uma vez que uma pulseira \u00e9 usada para entrada, ela se torna nula e n\u00e3o pode ser reutilizada. Isso reduz significativamente o risco de fraude de ingressos, que \u00e9 um problema comum em grandes eventos. Os organizadores de eventos podem ficar tranquilos de que seus ativos e opera\u00e7\u00f5es est\u00e3o protegidos.<\/p>\n<p>&nbsp;<\/p>\n<h3><strong>Op\u00e7\u00f5es personaliz\u00e1veis para branding<\/strong><\/h3>\n<h3>Criando uma impress\u00e3o duradoura<\/h3>\n<p>As pulseiras NFC oferecem v\u00e1rias op\u00e7\u00f5es de personaliza\u00e7\u00e3o para fins de branding. As empresas podem aumentar sua visibilidade com\u00a0<strong>impress\u00e3o por transfer\u00eancia de calor<\/strong>, logotipos, c\u00f3digos de barras ou c\u00f3digos QR nas pulseiras e nos cart\u00f5es que as acompanham. Essas oportunidades de branding criam uma apar\u00eancia profissional que deixa uma impress\u00e3o duradoura nos convidados, promovendo o reconhecimento da marca mesmo ap\u00f3s o evento.<\/p>\n<h3>Benef\u00edcios de marketing<\/h3>\n<p>A cria\u00e7\u00e3o de marca por meio de pulseiras personalizadas provou ser uma ferramenta de marketing eficaz. Os participantes que usam as pulseiras da sua marca se tornam an\u00fancios ambulantes, exibindo seu logotipo e designs muito depois do t\u00e9rmino do evento. Isso aumenta a visibilidade da marca e pode potencialmente atrair novos clientes que veem sua marca em contextos variados.<\/p>\n<p>&nbsp;<\/p>\n<h3><strong>Perguntas Frequentes (FAQs)<\/strong><\/h3>\n<h2>1. O que s\u00e3o pulseiras de vinil de PVC macio NFC?<\/h2>\n<p>As pulseiras de vinil de PVC macio NFC s\u00e3o uma tecnologia vest\u00edvel que utiliza Near Field Communication (NFC) e Radio Frequency Identification (RFID) para fornecer controle de acesso sem contato, coleta de dados e op\u00e7\u00f5es de pagamento sem dinheiro em eventos. Elas s\u00e3o feitas de material de vinil dur\u00e1vel e s\u00e3o projetadas para conforto e conveni\u00eancia do usu\u00e1rio.<\/p>\n<h2>2. Qual \u00e9 a frequ\u00eancia dessas pulseiras?<\/h2>\n<p>Essas pulseiras operam em uma frequ\u00eancia de\u00a0<strong>13,56 MHz<\/strong>, o que \u00e9 comum para tecnologias NFC e RFID, garantindo compatibilidade com a maioria dos leitores RFID e dispositivos habilitados para NFC.<\/p>\n<h2>3. As pulseiras s\u00e3o reutiliz\u00e1veis?<\/h2>\n<p>N\u00e3o, as pulseiras de vinil de PVC macio NFC s\u00e3o projetadas para\u00a0<strong>de uso \u00fanico<\/strong>. Esse recurso visa aumentar a seguran\u00e7a e minimizar o risco de fraude de ingressos, tornando-os ideais para eventos onde o controle de acesso \u00e9 crucial.<\/p>\n<h2>4. As pulseiras podem ser personalizadas?<\/h2>\n<p>Sim! Voc\u00ea pode personalizar as pulseiras de v\u00e1rias maneiras, incluindo:<\/p>\n<ul>\n<li><strong>Impress\u00e3o de logotipo<\/strong><\/li>\n<li><strong>C\u00f3digos de barras e c\u00f3digos QR<\/strong><\/li>\n<li><strong>Desenhos coloridos<\/strong><\/li>\n<li><strong>T\u00e9cnicas especiais de artesanato<\/strong>\u00a0como impress\u00e3o por transfer\u00eancia de calor e codifica\u00e7\u00e3o a laser.<\/li>\n<\/ul>\n<p>Essa personaliza\u00e7\u00e3o permite que as empresas aprimorem a marca e criem uma apar\u00eancia profissional para eventos.<\/p>","protected":false},"excerpt":{"rendered":"<p>O NFC Soft PVC Vinyl Wristband Card \u00e9 uma solu\u00e7\u00e3o dur\u00e1vel e personaliz\u00e1vel para acesso seguro e transa\u00e7\u00f5es sem dinheiro em eventos. Projetadas para conforto e funcionalidade, essas pulseiras melhoram a experi\u00eancia geral do h\u00f3spede, ao mesmo tempo em que garantem um controle de acesso confi\u00e1vel.<\/p>","protected":false},"featured_media":3611,"template":"","meta":[],"product_brand":[],"product_cat":[50],"product_tag":[],"class_list":{"0":"post-3610","1":"product","2":"type-product","3":"status-publish","4":"has-post-thumbnail","6":"product_cat-silicone-rfid-nfc-wristbands","8":"first","9":"instock","10":"shipping-taxable","11":"product-type-simple"},"_links":{"self":[{"href":"https:\/\/nfc-readers.com\/pt\/wp-json\/wp\/v2\/product\/3610","targetHints":{"allow":["GET"]}}],"collection":[{"href":"https:\/\/nfc-readers.com\/pt\/wp-json\/wp\/v2\/product"}],"about":[{"href":"https:\/\/nfc-readers.com\/pt\/wp-json\/wp\/v2\/types\/product"}],"wp:featuredmedia":[{"embeddable":true,"href":"https:\/\/nfc-readers.com\/pt\/wp-json\/wp\/v2\/media\/3611"}],"wp:attachment":[{"href":"https:\/\/nfc-readers.com\/pt\/wp-json\/wp\/v2\/media?parent=3610"}],"wp:term":[{"taxonomy":"product_brand","embeddable":true,"href":"https:\/\/nfc-readers.com\/pt\/wp-json\/wp\/v2\/product_brand?post=3610"},{"taxonomy":"product_cat","embeddable":true,"href":"https:\/\/nfc-readers.com\/pt\/wp-json\/wp\/v2\/product_cat?post=3610"},{"taxonomy":"product_tag","embeddable":true,"href":"https:\/\/nfc-readers.com\/pt\/wp-json\/wp\/v2\/product_tag?post=3610"}],"curies":[{"name":"wp","href":"https:\/\/api.w.org\/{rel}","templated":true}]}}