{"id":3619,"date":"2024-11-08T04:21:11","date_gmt":"2024-11-08T04:21:11","guid":{"rendered":"https:\/\/nfc-readers.com\/?post_type=product&#038;p=3619"},"modified":"2024-11-08T04:21:11","modified_gmt":"2024-11-08T04:21:11","slug":"mifare-ultralight-ev1-rfid-stretchy-woven-nfc-rfid-wristband","status":"publish","type":"product","link":"https:\/\/nfc-readers.com\/pt\/ic-reader\/mifare-ultralight-ev1-rfid-stretchy-woven-nfc-rfid-wristband\/","title":{"rendered":"Pulseira RFID NFC tecida el\u00e1stica MIFARE Ultralight Ev1 RFID"},"content":{"rendered":"<h1 style=\"text-align: center;\"><strong>Pulseira RFID NFC tecida el\u00e1stica MIFARE Ultralight Ev1 RFID<\/strong><\/h1>\n<p>&nbsp;<\/p>\n<p>O <strong>Pulseira NFC el\u00e1stica MIFARE Ultralight EV1 RFID<\/strong>\u00a0\u00e9 a solu\u00e7\u00e3o definitiva para gerenciamento de eventos modernos, fornecendo controle de acesso cont\u00ednuo, solu\u00e7\u00f5es de pagamento sem dinheiro e experi\u00eancia aprimorada para os h\u00f3spedes. Criada com a inova\u00e7\u00e3o em mente, esta pulseira combina tecnologia RFID de ponta com designs personaliz\u00e1veis, tornando-se uma ferramenta essencial para organizadores de eventos e participantes. Quer voc\u00ea esteja hospedando um festival de m\u00fasica, uma atra\u00e7\u00e3o de parque aqu\u00e1tico ou um evento corporativo, esta pulseira RFID garante opera\u00e7\u00f5es simplificadas, maior seguran\u00e7a e uma experi\u00eancia memor\u00e1vel para todos os envolvidos.<\/p>\n<p>&nbsp;<\/p>\n<h3><strong>Benef\u00edcios do produto<\/strong><\/h3>\n<ul>\n<li><strong>Seguran\u00e7a aprimorada<\/strong>: O chip MIFARE Ultralight EV1 garante que sua pulseira n\u00e3o seja apenas \u00e0 prova de viola\u00e7\u00e3o, mas tamb\u00e9m capaz de transmitir dados com seguran\u00e7a.<\/li>\n<li><strong>\u00c0 prova d&#039;\u00e1gua e dur\u00e1vel<\/strong>: Com classifica\u00e7\u00e3o IP68, esta pulseira \u00e9 \u00e0 prova d&#039;\u00e1gua e de intemp\u00e9ries, projetada para suportar diversas condi\u00e7\u00f5es ambientais, garantindo que n\u00e3o seja danificada durante eventos ao ar livre ou atividades aqu\u00e1ticas.<\/li>\n<li><strong>Amigo do usu\u00e1rio<\/strong>: A pulseira RFID elimina a necessidade de transa\u00e7\u00f5es em dinheiro, permitindo pagamentos sem dinheiro, o que aumenta a efici\u00eancia e reduz o tempo de espera dos h\u00f3spedes.<\/li>\n<li><strong>Designs personaliz\u00e1veis<\/strong>: Com a op\u00e7\u00e3o de impress\u00e3o CMYK colorida, os organizadores de eventos podem criar pulseiras visualmente atraentes que aumentam a visibilidade da marca.<\/li>\n<li><strong>Tamanhos e cores flex\u00edveis<\/strong>: Dispon\u00edveis em v\u00e1rios tamanhos (145x25x1,5 mm e 185x25x1,5 mm) e cores (azul, vermelho, branco, preto, verde, amarelo, laranja, cinza), as pulseiras atendem a diversas prefer\u00eancias est\u00e9ticas.<\/li>\n<\/ul>\n<p>&nbsp;<\/p>\n<h2><strong>Principais caracter\u00edsticas e especifica\u00e7\u00f5es<\/strong><\/h2>\n<h3>Chip MIFARE de alto desempenho<\/h3>\n<p>O cora\u00e7\u00e3o da pulseira \u00e9 o\u00a0<strong>Chip MIFARE Ultralight EV1<\/strong>, que fornece desempenho confi\u00e1vel para controle de acesso e gerenciamento de dados. O chip garante comunica\u00e7\u00e3o segura com leitores RFID, tornando-o ideal para eventos de alto tr\u00e1fego onde o processamento r\u00e1pido \u00e9 essencial.<\/p>\n<h3>Design \u00e0 prova d&#039;\u00e1gua e de intemp\u00e9ries<\/h3>\n<p>Com um\u00a0<strong>Classifica\u00e7\u00e3o IP68<\/strong>, a pulseira \u00e9 \u00e0 prova d&#039;\u00e1gua, permitindo que ela permane\u00e7a funcional mesmo em condi\u00e7\u00f5es clim\u00e1ticas desafiadoras. Seja chuva em um show ou respingos em um parque aqu\u00e1tico, os usu\u00e1rios podem aproveitar suas atividades sem se preocupar.<\/p>\n<h3>Solu\u00e7\u00f5es de pagamento sem dinheiro<\/h3>\n<p>J\u00e1 se foram os dias de carregar dinheiro ou cart\u00f5es. Esta pulseira permite uma r\u00e1pida e f\u00e1cil\u00a0<strong>pagamentos sem dinheiro<\/strong>, perfeito para eventos movimentados onde efici\u00eancia \u00e9 a chave. Os organizadores de eventos podem monitorar transa\u00e7\u00f5es e agilizar opera\u00e7\u00f5es facilmente.<\/p>\n<h3>Personaliza\u00e7\u00e3o e Branding<\/h3>\n<p>Os planejadores de eventos podem aproveitar o\u00a0<strong>impress\u00e3o CMYK colorida<\/strong>\u00a0op\u00e7\u00e3o para criar designs personalizados. Isso n\u00e3o s\u00f3 melhora a marca, mas tamb\u00e9m adiciona um toque \u00fanico, permitindo que os participantes mostrem sua experi\u00eancia no evento.<\/p>\n<p>&nbsp;<\/p>\n<h2><strong>Perguntas Frequentes (FAQs)<\/strong><\/h2>\n<h3>1.\u00a0<strong>O que \u00e9 uma pulseira RFID?<\/strong><\/h3>\n<p>Uma pulseira RFID \u00e9 um dispositivo vest\u00edvel que usa tecnologia de Identifica\u00e7\u00e3o por Radiofrequ\u00eancia (RFID) para transmitir dados por ondas de r\u00e1dio. Ela permite controle de acesso seguro, pagamentos sem dinheiro e coleta de dados em eventos.<\/p>\n<h3>2.\u00a0<strong>Como funciona a pulseira RFID MIFARE Ultralight EV1?<\/strong><\/h3>\n<p>A pulseira opera usando um chip que se comunica com leitores RFID. Quando a pulseira \u00e9 tocada em um leitor, ela transmite os dados armazenados, concedendo acesso ou processando o pagamento.<\/p>\n<h3>3.\u00a0<strong>A pulseira \u00e9 \u00e0 prova d&#039;\u00e1gua?<\/strong><\/h3>\n<p>Sim, nossa pulseira RFID MIFARE Ultralight EV1 tem classifica\u00e7\u00e3o IP68, o que significa que \u00e9 totalmente \u00e0 prova d&#039;\u00e1gua e pode suportar submers\u00e3o em \u00e1gua, tornando-a adequada para v\u00e1rios eventos ao ar livre, incluindo parques aqu\u00e1ticos.<\/p>\n<h3>4.\u00a0<strong>A pulseira pode ser personalizada?<\/strong><\/h3>\n<p>Claro! Oferecemos op\u00e7\u00f5es de cores personaliz\u00e1veis e impress\u00e3o CMYK colorida, permitindo que voc\u00ea crie pulseiras que se alinhem com a marca e o tema do seu evento.<\/p>\n<p>&nbsp;<\/p>","protected":false},"excerpt":{"rendered":"<p>A pulseira NFC MIFARE Ultralight EV1 RFID Stretchy Woven foi projetada para controle de acesso seguro e transa\u00e7\u00f5es sem dinheiro em eventos. Seus recursos \u00e0 prova d&#039;\u00e1gua e personaliz\u00e1veis a tornam ideal para v\u00e1rias ocasi\u00f5es.<\/p>","protected":false},"featured_media":3620,"template":"","meta":[],"product_brand":[],"product_cat":[50],"product_tag":[],"class_list":{"0":"post-3619","1":"product","2":"type-product","3":"status-publish","4":"has-post-thumbnail","6":"product_cat-silicone-rfid-nfc-wristbands","8":"first","9":"instock","10":"shipping-taxable","11":"product-type-simple"},"_links":{"self":[{"href":"https:\/\/nfc-readers.com\/pt\/wp-json\/wp\/v2\/product\/3619","targetHints":{"allow":["GET"]}}],"collection":[{"href":"https:\/\/nfc-readers.com\/pt\/wp-json\/wp\/v2\/product"}],"about":[{"href":"https:\/\/nfc-readers.com\/pt\/wp-json\/wp\/v2\/types\/product"}],"wp:featuredmedia":[{"embeddable":true,"href":"https:\/\/nfc-readers.com\/pt\/wp-json\/wp\/v2\/media\/3620"}],"wp:attachment":[{"href":"https:\/\/nfc-readers.com\/pt\/wp-json\/wp\/v2\/media?parent=3619"}],"wp:term":[{"taxonomy":"product_brand","embeddable":true,"href":"https:\/\/nfc-readers.com\/pt\/wp-json\/wp\/v2\/product_brand?post=3619"},{"taxonomy":"product_cat","embeddable":true,"href":"https:\/\/nfc-readers.com\/pt\/wp-json\/wp\/v2\/product_cat?post=3619"},{"taxonomy":"product_tag","embeddable":true,"href":"https:\/\/nfc-readers.com\/pt\/wp-json\/wp\/v2\/product_tag?post=3619"}],"curies":[{"name":"wp","href":"https:\/\/api.w.org\/{rel}","templated":true}]}}