{"id":3626,"date":"2024-11-08T04:27:49","date_gmt":"2024-11-08T04:27:49","guid":{"rendered":"https:\/\/nfc-readers.com\/?post_type=product&#038;p=3626"},"modified":"2024-11-08T04:27:50","modified_gmt":"2024-11-08T04:27:50","slug":"concert-access-identification-tickets-nfc-elastic-wristband","status":"publish","type":"product","link":"https:\/\/nfc-readers.com\/pt\/ic-reader\/concert-access-identification-tickets-nfc-elastic-wristband\/","title":{"rendered":"bilhetes de identifica\u00e7\u00e3o de acesso ao concerto NFC pulseira el\u00e1stica"},"content":{"rendered":"<h1 style=\"text-align: center;\"><strong>bilhetes de identifica\u00e7\u00e3o de acesso ao concerto NFC pulseira el\u00e1stica<\/strong><\/h1>\n<p>&nbsp;<\/p>\n<p>Navegar pelo mundo de eventos e festivais nunca foi t\u00e3o f\u00e1cil, gra\u00e7as \u00e0 introdu\u00e7\u00e3o das pulseiras el\u00e1sticas NFC. Em um cen\u00e1rio cada vez mais dependente da tecnologia para seguran\u00e7a e conveni\u00eancia, o <strong>Pulseira NFC<\/strong> surge como um divisor de \u00e1guas para identifica\u00e7\u00e3o de acesso a concertos e emiss\u00e3o de ingressos. Feitas de materiais dur\u00e1veis e imbu\u00eddas de tecnologia RFID de ponta, essas pulseiras oferecem uma solu\u00e7\u00e3o eficiente e sem complica\u00e7\u00f5es para organizadores de eventos e participantes. Quer voc\u00ea esteja gerenciando um festival de m\u00fasica movimentado ou um concerto intimista, investir nessas pulseiras avan\u00e7adas pode agilizar o controle de acesso e melhorar a experi\u00eancia geral do h\u00f3spede.<\/p>\n<p>&nbsp;<\/p>\n<h2><strong>Por que escolher a pulseira el\u00e1stica NFC?<\/strong><\/h2>\n<p>A pulseira el\u00e1stica NFC foi projetada para simplificar o processo de entrada, garantindo seguran\u00e7a e confiabilidade. Essas pulseiras s\u00e3o \u00e0 prova d&#039;\u00e1gua, personaliz\u00e1veis e equipadas com tecnologia NFC avan\u00e7ada, permitindo solu\u00e7\u00f5es de pagamento sem dinheiro e entrada r\u00e1pida. Ao incorporar recursos projetados especificamente para eventos de alta capacidade, voc\u00ea pode reduzir significativamente os tempos de espera e aumentar a seguran\u00e7a, tudo isso enquanto fornece uma experi\u00eancia memor\u00e1vel para os participantes.<\/p>\n<p>Este guia abrangente explora os v\u00e1rios recursos e vantagens da pulseira el\u00e1stica NFC, explicando por que ela \u00e9 um investimento valioso para qualquer evento.<\/p>\n<p>&nbsp;<\/p>\n<h2><strong>Caracter\u00edsticas e benef\u00edcios do produto<\/strong><\/h2>\n<h3>1.\u00a0<strong>Tecnologia avan\u00e7ada RFID e NFC<\/strong><\/h3>\n<p>A pulseira el\u00e1stica NFC emprega tecnologias avan\u00e7adas\u00a0<strong>RFID<\/strong>\u00a0(Identifica\u00e7\u00e3o por Radiofrequ\u00eancia) e\u00a0<strong>NFC<\/strong>\u00a0(Near Field Communication), que operam em uma frequ\u00eancia de\u00a0<strong>13,56 MHz<\/strong>. Essa integra\u00e7\u00e3o garante uma comunica\u00e7\u00e3o r\u00e1pida entre a pulseira e o equipamento de digitaliza\u00e7\u00e3o, facilitando o controle de acesso sem a necessidade de procurar por ingressos f\u00edsicos.<\/p>\n<p>Incorporando ambos\u00a0<strong>RFID<\/strong>\u00a0e\u00a0<strong>NFC<\/strong>\u00a0nuances na configura\u00e7\u00e3o do seu evento permitem coleta de dados eficiente, insights de marketing futuros e experi\u00eancias aprimoradas para os h\u00f3spedes. Ambas as tecnologias s\u00e3o comprovadamente\u00a0<strong>imperme\u00e1vel<\/strong>, tornando-os ideais para shows e festivais ao ar livre, onde condi\u00e7\u00f5es clim\u00e1ticas imprevistas podem atrapalhar os eventos.<\/p>\n<h3>2.\u00a0<strong>Op\u00e7\u00f5es de personaliza\u00e7\u00e3o<\/strong><\/h3>\n<p>Uma das caracter\u00edsticas de destaque do\u00a0<strong>Pulseira NFC<\/strong>\u00a0\u00e9 a sua personaliza\u00e7\u00e3o. Atrav\u00e9s\u00a0<strong>impress\u00e3o por transfer\u00eancia de calor<\/strong>, voc\u00ea pode personalizar essas pulseiras com logotipos, cores e gr\u00e1ficos pertinentes ao seu evento. N\u00e3o importa se voc\u00ea est\u00e1 organizando uma gala corporativa, um festival de ver\u00e3o ou um concerto, garantir que sua marca seja vis\u00edvel refor\u00e7a o reconhecimento da marca entre os participantes.<\/p>\n<p>Al\u00e9m disso, nossas pulseiras v\u00eam em uma variedade de tamanhos, incluindo\u00a0<strong>180x20mm<\/strong>, ou pode ser adaptado para atender \u00e0s suas necessidades espec\u00edficas. Esse n\u00edvel de personaliza\u00e7\u00e3o ajuda a promover um senso de pertencimento e identidade para seus participantes.<\/p>\n<h3>3.\u00a0<strong>Experi\u00eancia aprimorada para h\u00f3spedes<\/strong><\/h3>\n<p>Eficaz\u00a0<strong>controle de acesso<\/strong>\u00a0\u00e9 crucial durante grandes eventos. Nossas pulseiras el\u00e1sticas NFC fornecem verifica\u00e7\u00e3o instant\u00e2nea, permitindo que os convidados entrem nos locais rapidamente. Ao minimizar gargalos e reduzir os tempos de espera, voc\u00ea cria uma experi\u00eancia mais favor\u00e1vel e agrad\u00e1vel para seu p\u00fablico.<\/p>\n<p>Al\u00e9m disso, essas pulseiras s\u00e3o reutiliz\u00e1veis; elas s\u00e3o feitas de materiais dur\u00e1veis\u00a0<strong>tecido\/PVC<\/strong>\u00a0materiais que podem suportar v\u00e1rias condi\u00e7\u00f5es ambientais, mantendo sua integridade. Essa resili\u00eancia \u00e9 importante em eventos ao ar livre, onde as pulseiras podem ser expostas \u00e0 \u00e1gua, suor ou at\u00e9 mesmo manuseio brusco.<\/p>\n<h3>4.\u00a0<strong>Solu\u00e7\u00f5es de pagamento eficientes<\/strong><\/h3>\n<p>Na sociedade atual sem dinheiro, oferecer\u00a0<strong>pagamento sem dinheiro<\/strong>\u00a0op\u00e7\u00f5es se tornaram essenciais. As pulseiras el\u00e1sticas NFC facilitam transa\u00e7\u00f5es sem contato, permitindo que os usu\u00e1rios fa\u00e7am compras em barracas de comida, estandes de mercadorias e muito mais sem precisar de dinheiro f\u00edsico. Isso n\u00e3o apenas melhora a experi\u00eancia do h\u00f3spede, mas tamb\u00e9m simplifica as opera\u00e7\u00f5es do evento, reduzindo as preocupa\u00e7\u00f5es com o manuseio de dinheiro.<\/p>\n<p>Os clientes podem simplesmente encostar sua pulseira em qualquer ponto de venda habilitado para NFC, reduzindo drasticamente o tempo de transa\u00e7\u00e3o e garantindo que ningu\u00e9m perca itens populares!<\/p>\n<h3>5.\u00a0<strong>Seguran\u00e7a e coleta de dados<\/strong><\/h3>\n<p>Utilizando\u00a0<strong>RFID<\/strong>\u00a0a tecnologia aumenta significativamente a seguran\u00e7a do seu evento. Cada pulseira pode ser incorporada com identificadores exclusivos que ajudam a rastrear e gerenciar o acesso de convidados; essa tecnologia permite o monitoramento em tempo real do fluxo de convidados dentro do local.<\/p>\n<p>Al\u00e9m disso, os recursos de coleta de dados significam que voc\u00ea pode analisar tend\u00eancias, entender o comportamento dos participantes e implementar estrat\u00e9gias de pre\u00e7os din\u00e2micas para eventos futuros. Esse insight pode levar a um melhor planejamento e execu\u00e7\u00e3o para\u00a0<strong>Eventos RFID<\/strong>\u00a0no futuro.<\/p>\n<p>&nbsp;<\/p>\n<h2>Especifica\u00e7\u00f5es t\u00e9cnicas<\/h2>\n<table class=\"w-fit !mb-0 !max-w-none\">\n<thead>\n<tr>\n<th><strong>Atributo<\/strong><\/th>\n<th><strong>Descri\u00e7\u00e3o<\/strong><\/th>\n<\/tr>\n<\/thead>\n<tbody>\n<tr>\n<td><strong>Nome do Produto<\/strong><\/td>\n<td>Pulseira el\u00e1stica NFC<\/td>\n<\/tr>\n<tr>\n<td><strong>Material<\/strong><\/td>\n<td>Tecido\/PVC<\/td>\n<\/tr>\n<tr>\n<td><strong>Interface de comunica\u00e7\u00e3o<\/strong><\/td>\n<td>RFID, NFC<\/td>\n<\/tr>\n<tr>\n<td><strong>Frequ\u00eancia<\/strong><\/td>\n<td>13,56 MHz<\/td>\n<\/tr>\n<tr>\n<td><strong>Op\u00e7\u00f5es de Chip<\/strong><\/td>\n<td>Tag213\/tag215\/tag216\/2k\/4k\/8k\/tk4100\/t5577<\/td>\n<\/tr>\n<tr>\n<td><strong>Protocolo<\/strong><\/td>\n<td>ISO 14443A<\/td>\n<\/tr>\n<tr>\n<td><strong>Dist\u00e2ncia de leitura<\/strong><\/td>\n<td>1-10cm<\/td>\n<\/tr>\n<tr>\n<td><strong>Personaliza\u00e7\u00e3o<\/strong><\/td>\n<td>Logotipo, Cor, Gr\u00e1fico<\/td>\n<\/tr>\n<\/tbody>\n<\/table>\n<p>&nbsp;<\/p>\n<h2><strong>Perguntas Frequentes (FAQs)<\/strong><\/h2>\n<h3>1.\u00a0<strong>O que \u00e9 uma pulseira el\u00e1stica NFC?<\/strong><\/h3>\n<p>Uma pulseira el\u00e1stica NFC \u00e9 um dispositivo vest\u00edvel com tecnologia NFC (Near Field Communication) e RFID (Radio Frequency Identification). Ela permite controle de acesso r\u00e1pido, pagamentos sem dinheiro e coleta de dados em eventos, aprimorando a experi\u00eancia geral do h\u00f3spede.<\/p>\n<h3>2.\u00a0<strong>Como funcionam as pulseiras NFC?<\/strong><\/h3>\n<p>As pulseiras NFC operam transmitindo dados por ondas de r\u00e1dio quando aproximadas de um leitor compat\u00edvel. Isso permite intera\u00e7\u00f5es sem contato, como escaneamento de entrada ou processamento de pagamento, simplesmente tocando a pulseira contra um sensor.<\/p>\n<h3>3.\u00a0<strong>As pulseiras NFC s\u00e3o \u00e0 prova d&#039;\u00e1gua?<\/strong><\/h3>\n<p>Sim, nossas pulseiras el\u00e1sticas NFC s\u00e3o projetadas para serem \u00e0 prova d&#039;\u00e1gua, tornando-as adequadas para uso em v\u00e1rios ambientes, incluindo shows e eventos ao ar livre onde pode ocorrer exposi\u00e7\u00e3o \u00e0 \u00e1gua.<\/p>\n<h3>4.\u00a0<strong>As pulseiras podem ser personalizadas?<\/strong><\/h3>\n<p>Absolutamente! As pulseiras el\u00e1sticas NFC podem ser personalizadas com seu logotipo, cores e gr\u00e1ficos por meio de impress\u00e3o por transfer\u00eancia de calor. Essa personaliza\u00e7\u00e3o \u00e9 ideal para branding e aprimoramento da experi\u00eancia do evento.<\/p>","protected":false},"excerpt":{"rendered":"<p>O\u00a0<strong>Pulseira el\u00e1stica NFC para identifica\u00e7\u00e3o de acesso ao concerto<\/strong>\u00a0\u00e9 uma solu\u00e7\u00e3o de ponta projetada para agilizar a entrada em eventos e aprimorar as experi\u00eancias dos convidados. Apresentando tecnologia RFID avan\u00e7ada, essas pulseiras personaliz\u00e1veis e \u00e0 prova d&#039;\u00e1gua permitem controle de acesso cont\u00ednuo e pagamentos sem dinheiro, tornando-as ideais para shows e festivais de qualquer escala.<\/p>","protected":false},"featured_media":3627,"template":"","meta":[],"product_brand":[],"product_cat":[50],"product_tag":[],"class_list":{"0":"post-3626","1":"product","2":"type-product","3":"status-publish","4":"has-post-thumbnail","6":"product_cat-silicone-rfid-nfc-wristbands","8":"first","9":"instock","10":"shipping-taxable","11":"product-type-simple"},"_links":{"self":[{"href":"https:\/\/nfc-readers.com\/pt\/wp-json\/wp\/v2\/product\/3626","targetHints":{"allow":["GET"]}}],"collection":[{"href":"https:\/\/nfc-readers.com\/pt\/wp-json\/wp\/v2\/product"}],"about":[{"href":"https:\/\/nfc-readers.com\/pt\/wp-json\/wp\/v2\/types\/product"}],"wp:featuredmedia":[{"embeddable":true,"href":"https:\/\/nfc-readers.com\/pt\/wp-json\/wp\/v2\/media\/3627"}],"wp:attachment":[{"href":"https:\/\/nfc-readers.com\/pt\/wp-json\/wp\/v2\/media?parent=3626"}],"wp:term":[{"taxonomy":"product_brand","embeddable":true,"href":"https:\/\/nfc-readers.com\/pt\/wp-json\/wp\/v2\/product_brand?post=3626"},{"taxonomy":"product_cat","embeddable":true,"href":"https:\/\/nfc-readers.com\/pt\/wp-json\/wp\/v2\/product_cat?post=3626"},{"taxonomy":"product_tag","embeddable":true,"href":"https:\/\/nfc-readers.com\/pt\/wp-json\/wp\/v2\/product_tag?post=3626"}],"curies":[{"name":"wp","href":"https:\/\/api.w.org\/{rel}","templated":true}]}}