{"id":3633,"date":"2024-11-08T04:33:33","date_gmt":"2024-11-08T04:33:33","guid":{"rendered":"https:\/\/nfc-readers.com\/?post_type=product&#038;p=3633"},"modified":"2024-11-08T04:33:34","modified_gmt":"2024-11-08T04:33:34","slug":"rfid-wristband-elastic-nfc-rfid-tag-access-control-identification","status":"publish","type":"product","link":"https:\/\/nfc-readers.com\/pt\/ic-reader\/rfid-wristband-elastic-nfc-rfid-tag-access-control-identification\/","title":{"rendered":"Pulseira RFID El\u00e1stica NFC RFID tag controle de acesso identifica\u00e7\u00e3o"},"content":{"rendered":"<h1 style=\"text-align: center;\"><strong>Pulseira RFID El\u00e1stica NFC RFID tag controle de acesso identifica\u00e7\u00e3o<\/strong><\/h1>\n<p>O <strong>Pulseira RFID<\/strong>\u00a0est\u00e1 transformando a forma como as organiza\u00e7\u00f5es gerenciam o controle de acesso e a identifica\u00e7\u00e3o em eventos, festivais e locais. Com seu avan\u00e7ado\u00a0<strong>Tecnologia NFC<\/strong>,\u00a0<strong>materiais imperme\u00e1veis<\/strong>, e recursos personaliz\u00e1veis, esta pulseira el\u00e1stica n\u00e3o \u00e9 apenas funcional, mas projetada para durabilidade e estilo. Ela combina eficientemente medidas de seguran\u00e7a com recursos amig\u00e1veis ao usu\u00e1rio, oferecendo aos organizadores de eventos uma solu\u00e7\u00e3o simplificada para gerenciar grandes multid\u00f5es, ao mesmo tempo em que melhora a experi\u00eancia do convidado.<\/p>\n<p>&nbsp;<\/p>\n<h2><strong>Por que escolher a pulseira RFID?<\/strong><\/h2>\n<p>Investir em um\u00a0<strong>Pulseira RFID<\/strong>\u00a0oferece in\u00fameros benef\u00edcios tanto para organizadores quanto para participantes. Com funcionalidades que permitem\u00a0<strong>pagamentos sem dinheiro<\/strong>\u00a0e\u00a0<strong>entrada r\u00e1pida<\/strong>, essas pulseiras s\u00e3o projetadas especificamente para eventos que precisam de maior seguran\u00e7a e efici\u00eancia. Quer voc\u00ea esteja gerenciando um\u00a0<strong>festival de m\u00fasica<\/strong>, uma reuni\u00e3o corporativa ou um parque tem\u00e1tico, a pulseira RFID oferece um n\u00edvel de acessibilidade e seguran\u00e7a que os ingressos tradicionais n\u00e3o podem oferecer.<\/p>\n<h3>Benef\u00edcios do produto:<\/h3>\n<ul>\n<li><strong>Seguran\u00e7a aprimorada<\/strong>:A pulseira RFID garante que somente pessoas autorizadas tenham acesso, reduzindo o risco de acesso n\u00e3o autorizado.<\/li>\n<li><strong>Opera\u00e7\u00f5es simplificadas<\/strong>: Facilita a entrada e sa\u00edda r\u00e1pidas, minimizando o congestionamento nos pontos de acesso.<\/li>\n<li><strong>Aplica\u00e7\u00e3o vers\u00e1til<\/strong>: Adequado para eventos de qualquer tamanho, desde festivais at\u00e9 controle de acesso a academias.<\/li>\n<li><strong>Marca personalizada<\/strong>: Personalize pulseiras com designs, logotipos e cores exclusivos para aumentar a visibilidade da marca.<\/li>\n<\/ul>\n<p>&nbsp;<\/p>\n<h3><strong>Caracter\u00edsticas da pulseira RFID<\/strong><\/h3>\n<p>O\u00a0<strong>Pulseira RFID<\/strong>\u00a0possui uma infinidade de recursos especiais projetados para garantir um controle de acesso perfeito. Essas pulseiras s\u00e3o\u00a0<strong>imperme\u00e1vel<\/strong>, garantindo uma opera\u00e7\u00e3o confi\u00e1vel mesmo em condi\u00e7\u00f5es clim\u00e1ticas imprevis\u00edveis. Operando em uma frequ\u00eancia de\u00a0<strong>13,56 MHz<\/strong>\u00a0e usando o\u00a0<strong>Protocolo ISO 14443A<\/strong>, essas pulseiras utilizam\u00a0<strong>Chips NTAG213<\/strong>\u00a0com capacidade de mem\u00f3ria de\u00a0<strong>144 bytes<\/strong>.<\/p>\n<p>A pulseira se comunica usando\u00a0<strong>NFC<\/strong>\u00a0(Near Field Communication), que permite uma intera\u00e7\u00e3o r\u00e1pida quando escaneada por leitores RFID a uma dist\u00e2ncia de leitura de\u00a0<strong>1-10 cm<\/strong>. Isso significa que os visitantes podem entrar nos locais rapidamente simplesmente tocando sua pulseira em um leitor, melhorando significativamente o fluxo de tr\u00e1fego nos pontos de entrada.<\/p>\n<p>&nbsp;<\/p>\n<h3><strong>Especifica\u00e7\u00f5es t\u00e9cnicas<\/strong><\/h3>\n<table class=\"w-fit !mb-0 !max-w-none\" style=\"height: 463px;\" width=\"472\">\n<thead>\n<tr>\n<th><strong>Atributo<\/strong><\/th>\n<th><strong>Detalhes<\/strong><\/th>\n<\/tr>\n<\/thead>\n<tbody>\n<tr>\n<td><strong>Nome do Produto<\/strong><\/td>\n<td>Pulseira RFID<\/td>\n<\/tr>\n<tr>\n<td><strong>Marca<\/strong><\/td>\n<td>Shunxin<\/td>\n<\/tr>\n<tr>\n<td><strong>N\u00famero do modelo<\/strong><\/td>\n<td>SX-Pulseira<\/td>\n<\/tr>\n<tr>\n<td><strong>Material<\/strong><\/td>\n<td>Tecido<\/td>\n<\/tr>\n<tr>\n<td><strong>Tamanho<\/strong><\/td>\n<td>180 * 20 mil\u00edmetros<\/td>\n<\/tr>\n<tr>\n<td><strong>Lasca<\/strong><\/td>\n<td>NTAG213<\/td>\n<\/tr>\n<tr>\n<td><strong>Mem\u00f3ria<\/strong><\/td>\n<td>144 bytes<\/td>\n<\/tr>\n<tr>\n<td><strong>Interface de comunica\u00e7\u00e3o<\/strong><\/td>\n<td>RFID, NFC<\/td>\n<\/tr>\n<tr>\n<td><strong>Frequ\u00eancia<\/strong><\/td>\n<td>13,56 MHz<\/td>\n<\/tr>\n<tr>\n<td><strong>Protocolo<\/strong><\/td>\n<td>ISO 14443A<\/td>\n<\/tr>\n<tr>\n<td><strong>Dist\u00e2ncia de leitura<\/strong><\/td>\n<td>1 \u2013 10 cm<\/td>\n<\/tr>\n<tr>\n<td><strong>Tempo de espera<\/strong><\/td>\n<td>8 \u2013 12 dias \u00fateis<\/td>\n<\/tr>\n<tr>\n<td><strong>Impress\u00e3o<\/strong><\/td>\n<td>Impress\u00e3o por transfer\u00eancia de calor<\/td>\n<\/tr>\n<tr>\n<td><strong>Embalagem<\/strong><\/td>\n<td>200 pe\u00e7as\/caixa interna, 25 caixas\/caixa<\/td>\n<\/tr>\n<tr>\n<td><strong>Tamanho da caixa<\/strong><\/td>\n<td>48 * 22,5 * 30 cm<\/td>\n<\/tr>\n<tr>\n<td><strong>Peso bruto<\/strong><\/td>\n<td>0,010 kg<\/td>\n<\/tr>\n<tr>\n<td><strong>Tamanho de pacote \u00fanico<\/strong><\/td>\n<td>35 * 1,5 * 0,02 cm<\/td>\n<\/tr>\n<\/tbody>\n<\/table>\n<p>&nbsp;<\/p>\n<h2><strong>Perguntas Frequentes (FAQs)<\/strong><\/h2>\n<h3>1. O que \u00e9 uma pulseira RFID?<\/h3>\n<p>Um\u00a0<strong>Pulseira RFID<\/strong>\u00a0\u00e9 um dispositivo vest\u00edvel equipado com tecnologia de Identifica\u00e7\u00e3o por Radiofrequ\u00eancia (RFID), usado principalmente para controle de acesso, pagamentos sem dinheiro e identifica\u00e7\u00e3o em eventos como shows, festivais e locais recreativos.<\/p>\n<h3>2. Como funciona a tecnologia RFID?<\/h3>\n<p>A tecnologia RFID usa ondas de r\u00e1dio para transmitir dados da pulseira para um leitor. Quando a pulseira chega \u00e0 dist\u00e2ncia de leitura (1-10 cm), ela se comunica automaticamente com o leitor, permitindo acesso ou transa\u00e7\u00f5es r\u00e1pidas e seguras.<\/p>\n<h3>3. Quais s\u00e3o os benef\u00edcios de usar pulseiras RFID em vez de ingressos tradicionais?<\/h3>\n<p>As pulseiras RFID oferecem diversas vantagens:<\/p>\n<ul>\n<li><strong>Entrada mais r\u00e1pida<\/strong>: Os participantes podem tocar em suas pulseiras para acesso r\u00e1pido, reduzindo filas e tempos de espera.<\/li>\n<li><strong>Seguran\u00e7a aprimorada<\/strong>:Pessoas n\u00e3o autorizadas n\u00e3o podem usar pulseiras RFID, pois cada pulseira \u00e9 codificada exclusivamente.<\/li>\n<li><strong>Transa\u00e7\u00f5es sem dinheiro<\/strong>:Muitas pulseiras permitem pagamentos sem dinheiro por alimentos, mercadorias e servi\u00e7os, melhorando a experi\u00eancia do usu\u00e1rio.<\/li>\n<li><strong>Coleta de dados<\/strong>: Os organizadores de eventos podem reunir an\u00e1lises valiosas sobre o comportamento e as prefer\u00eancias dos visitantes.<\/li>\n<\/ul>\n<h3>4. As pulseiras RFID s\u00e3o \u00e0 prova d&#039;\u00e1gua?<\/h3>\n<p>Sim, nossas pulseiras RFID s\u00e3o projetadas para serem\u00a0<strong>imperme\u00e1vel<\/strong>\u00a0e\u00a0<strong>\u00e0 prova de intemp\u00e9ries<\/strong>, tornando-os adequados para eventos e atividades ao ar livre.<\/p>","protected":false},"excerpt":{"rendered":"<p>A pulseira RFID combina conforto el\u00e1stico com tecnologia NFC avan\u00e7ada para controle de acesso e identifica\u00e7\u00e3o eficientes. Perfeita para eventos, ela oferece seguran\u00e7a e conveni\u00eancia em um design personaliz\u00e1vel.<\/p>","protected":false},"featured_media":3634,"template":"","meta":[],"product_brand":[],"product_cat":[50],"product_tag":[],"class_list":{"0":"post-3633","1":"product","2":"type-product","3":"status-publish","4":"has-post-thumbnail","6":"product_cat-silicone-rfid-nfc-wristbands","8":"first","9":"instock","10":"shipping-taxable","11":"product-type-simple"},"_links":{"self":[{"href":"https:\/\/nfc-readers.com\/pt\/wp-json\/wp\/v2\/product\/3633","targetHints":{"allow":["GET"]}}],"collection":[{"href":"https:\/\/nfc-readers.com\/pt\/wp-json\/wp\/v2\/product"}],"about":[{"href":"https:\/\/nfc-readers.com\/pt\/wp-json\/wp\/v2\/types\/product"}],"wp:featuredmedia":[{"embeddable":true,"href":"https:\/\/nfc-readers.com\/pt\/wp-json\/wp\/v2\/media\/3634"}],"wp:attachment":[{"href":"https:\/\/nfc-readers.com\/pt\/wp-json\/wp\/v2\/media?parent=3633"}],"wp:term":[{"taxonomy":"product_brand","embeddable":true,"href":"https:\/\/nfc-readers.com\/pt\/wp-json\/wp\/v2\/product_brand?post=3633"},{"taxonomy":"product_cat","embeddable":true,"href":"https:\/\/nfc-readers.com\/pt\/wp-json\/wp\/v2\/product_cat?post=3633"},{"taxonomy":"product_tag","embeddable":true,"href":"https:\/\/nfc-readers.com\/pt\/wp-json\/wp\/v2\/product_tag?post=3633"}],"curies":[{"name":"wp","href":"https:\/\/api.w.org\/{rel}","templated":true}]}}