{"id":3654,"date":"2024-11-10T06:01:49","date_gmt":"2024-11-10T06:01:49","guid":{"rendered":"https:\/\/nfc-readers.com\/?post_type=product&#038;p=3654"},"modified":"2024-11-10T06:01:49","modified_gmt":"2024-11-10T06:01:49","slug":"passive-iso-15693-protocol-5050mm-nfc-rfid-sticker","status":"publish","type":"product","link":"https:\/\/nfc-readers.com\/pt\/ic-reader\/passive-iso-15693-protocol-5050mm-nfc-rfid-sticker\/","title":{"rendered":"Protocolo ISO 15693 passivo 50*50mm NFC RFID Adesivo"},"content":{"rendered":"<h1 style=\"text-align: center;\"><strong>Protocolo ISO 15693 passivo 50*50mm NFC RFID Adesivo<\/strong><\/h1>\n<p>&nbsp;<\/p>\n<p>Apresentando o <strong>Protocolo ISO 15693 passivo 50*50mm NFC RFID Adesivo<\/strong>\u00a0\u2013 uma solu\u00e7\u00e3o compacta, mas poderosa, para v\u00e1rias aplica\u00e7\u00f5es, tudo embalado em um design pr\u00e1tico e vers\u00e1til. Perfeito para gerenciamento de biblioteca, venda de ingressos para divers\u00f5es e muito mais, este adesivo NFC utiliza tecnologia RFID avan\u00e7ada para oferecer transfer\u00eancia de dados eficiente e recursos de rastreamento. \u00c0 prova d&#039;\u00e1gua e projetado para durabilidade, \u00e9 uma excelente escolha para empresas que buscam qualidade, confiabilidade e versatilidade.<\/p>\n<p>&nbsp;<\/p>\n<h2>Benef\u00edcios do produto<\/h2>\n<p>O adesivo NFC RFID passivo com protocolo ISO 15693 oferece v\u00e1rios benef\u00edcios:<\/p>\n<ul>\n<li><strong>Durabilidade:<\/strong>\u00a0Feito de materiais resistentes como PET e papel revestido, este adesivo pode suportar diferentes condi\u00e7\u00f5es ambientais.<\/li>\n<li><strong>Alto desempenho:<\/strong>\u00a0Com uma frequ\u00eancia de interface de comunica\u00e7\u00e3o de 13,56 MHz, garante trocas de dados r\u00e1pidas e eficientes.<\/li>\n<li><strong>Seguran\u00e7a:<\/strong>\u00a0Recursos como prote\u00e7\u00e3o por senha de 32 bits protegem seus dados, tornando-o perfeito para aplicativos confidenciais.<\/li>\n<\/ul>\n<p>Investir neste adesivo NFC significa aprimorar suas opera\u00e7\u00f5es comerciais com um produto confi\u00e1vel que atende \u00e0s demandas modernas de transfer\u00eancia de dados.<\/p>\n<p>&nbsp;<\/p>\n<h3>Recursos de seguran\u00e7a: prote\u00e7\u00e3o EAS e seguran\u00e7a por senha<\/h3>\n<p>A seguran\u00e7a \u00e9 uma preocupa\u00e7\u00e3o prim\u00e1ria no mundo atual movido pela tecnologia. O adesivo passivo ISO 15693 NFC RFID incorpora v\u00e1rios recursos de seguran\u00e7a.<\/p>\n<h4>Prote\u00e7\u00e3o EAS<\/h4>\n<p>Equipado com\u00a0<strong>Prote\u00e7\u00e3o EAS<\/strong>, o adesivo pode impedir roubo e acesso n\u00e3o autorizado a informa\u00e7\u00f5es. Essa camada adicional de seguran\u00e7a \u00e9 essencial para aplicativos sens\u00edveis, garantindo que seus dados sejam protegidos de forma eficaz.<\/p>\n<h4>Prote\u00e7\u00e3o de senha de 32 bits<\/h4>\n<p>O\u00a0<strong>Prote\u00e7\u00e3o de senha de 32 bits<\/strong>\u00a0O recurso fornece outro n\u00edvel de seguran\u00e7a, permitindo que os usu\u00e1rios restrinjam o acesso e garantam que somente pessoal autorizado possa ler ou gravar dados no adesivo. Isso \u00e9 particularmente valioso em ambientes que lidam com informa\u00e7\u00f5es confidenciais.<\/p>\n<p>&nbsp;<\/p>\n<h3>Capacidades de impress\u00e3o para branding personalizado<\/h3>\n<p>As op\u00e7\u00f5es de personaliza\u00e7\u00e3o para impress\u00e3o permitem que as empresas melhorem a visibilidade da marca ao utilizar o adesivo RFID NFC ISO 15693 passivo.<\/p>\n<h4>Impress\u00e3o Offset CMYK<\/h4>\n<p>Utilizando\u00a0<strong>Impress\u00e3o Offset CMYK<\/strong>, o adesivo pode ser impresso com cores vibrantes e imagens de alta qualidade. Essa capacidade o torna perfeito para branding, materiais promocionais ou quaisquer necessidades de identidade visual.<\/p>\n<h4>Op\u00e7\u00f5es de personaliza\u00e7\u00e3o<\/h4>\n<p>As empresas podem escolher imprimir seus logotipos, designs ou outras informa\u00e7\u00f5es valiosas diretamente no adesivo NFC. Isso aumenta o reconhecimento da marca, tornando-a uma escolha preferida para itens promocionais ou emblemas de eventos.<\/p>\n<p>&nbsp;<\/p>\n<h1>Perguntas frequentes (FAQs) sobre o adesivo NFC RFID ISO 15693 passivo<\/h1>\n<p>Abaixo est\u00e1 uma lista abrangente de perguntas frequentes sobre o adesivo RFID NFC ISO 15693 passivo, abordando preocupa\u00e7\u00f5es sobre sua funcionalidade, aplica\u00e7\u00f5es e especifica\u00e7\u00f5es.<\/p>\n<h2>Perguntas gerais<\/h2>\n<h3>1. O que \u00e9 um adesivo NFC RFID?<\/h3>\n<p>Um\u00a0<strong>Adesivo NFC RFID<\/strong>\u00a0\u00e9 uma pequena etiqueta adesiva com um chip de identifica\u00e7\u00e3o por radiofrequ\u00eancia (RFID) incorporado. Ela permite a transfer\u00eancia de dados sem fio quando escaneada com um dispositivo habilitado para NFC, como um smartphone ou um leitor RFID.<\/p>\n<h3>2. Quais s\u00e3o as aplica\u00e7\u00f5es t\u00edpicas deste adesivo?<\/h3>\n<p>O adesivo RFID NFC ISO 15693 passivo \u00e9 vers\u00e1til e pode ser usado em diversas aplica\u00e7\u00f5es, incluindo:<\/p>\n<ul>\n<li>Gest\u00e3o de biblioteca<\/li>\n<li>Bilhetes de divers\u00e3o<\/li>\n<li>Rastreamento de invent\u00e1rio<\/li>\n<li>Controle de acesso<\/li>\n<li>Identifica\u00e7\u00e3o pessoal<\/li>\n<\/ul>","protected":false},"excerpt":{"rendered":"<p>O Passive ISO 15693 Protocol 50x50mm NFC RFID Sticker \u00e9 uma etiqueta dur\u00e1vel e \u00e0 prova d&#039;\u00e1gua projetada para transfer\u00eancia e rastreamento eficientes de dados. Ideal para aplica\u00e7\u00f5es em gerenciamento de bibliotecas, emiss\u00e3o de ingressos para eventos e controle de invent\u00e1rio, ele apresenta medidas de seguran\u00e7a robustas e op\u00e7\u00f5es de personaliza\u00e7\u00e3o para aprimorar a marca.<\/p>","protected":false},"featured_media":3661,"template":"","meta":[],"product_brand":[],"product_cat":[48],"product_tag":[],"class_list":{"0":"post-3654","1":"product","2":"type-product","3":"status-publish","4":"has-post-thumbnail","6":"product_cat-nfc-stickers","8":"first","9":"instock","10":"shipping-taxable","11":"product-type-simple"},"_links":{"self":[{"href":"https:\/\/nfc-readers.com\/pt\/wp-json\/wp\/v2\/product\/3654","targetHints":{"allow":["GET"]}}],"collection":[{"href":"https:\/\/nfc-readers.com\/pt\/wp-json\/wp\/v2\/product"}],"about":[{"href":"https:\/\/nfc-readers.com\/pt\/wp-json\/wp\/v2\/types\/product"}],"wp:featuredmedia":[{"embeddable":true,"href":"https:\/\/nfc-readers.com\/pt\/wp-json\/wp\/v2\/media\/3661"}],"wp:attachment":[{"href":"https:\/\/nfc-readers.com\/pt\/wp-json\/wp\/v2\/media?parent=3654"}],"wp:term":[{"taxonomy":"product_brand","embeddable":true,"href":"https:\/\/nfc-readers.com\/pt\/wp-json\/wp\/v2\/product_brand?post=3654"},{"taxonomy":"product_cat","embeddable":true,"href":"https:\/\/nfc-readers.com\/pt\/wp-json\/wp\/v2\/product_cat?post=3654"},{"taxonomy":"product_tag","embeddable":true,"href":"https:\/\/nfc-readers.com\/pt\/wp-json\/wp\/v2\/product_tag?post=3654"}],"curies":[{"name":"wp","href":"https:\/\/api.w.org\/{rel}","templated":true}]}}