{"id":3667,"date":"2024-11-10T06:11:18","date_gmt":"2024-11-10T06:11:18","guid":{"rendered":"https:\/\/nfc-readers.com\/?post_type=product&#038;p=3667"},"modified":"2024-11-10T06:11:19","modified_gmt":"2024-11-10T06:11:19","slug":"custom-nfc-sticker-for-brand-authentication-anti-counterfeiting","status":"publish","type":"product","link":"https:\/\/nfc-readers.com\/pt\/ic-reader\/custom-nfc-sticker-for-brand-authentication-anti-counterfeiting\/","title":{"rendered":"Adesivo NFC personalizado para autentica\u00e7\u00e3o de marca anti-falsifica\u00e7\u00e3o"},"content":{"rendered":"<h1 style=\"text-align: center;\"><strong>Adesivo NFC personalizado para autentica\u00e7\u00e3o de marca anti-falsifica\u00e7\u00e3o<\/strong><\/h1>\n<p>No mercado em r\u00e1pida evolu\u00e7\u00e3o de hoje, garantir a legitimidade dos produtos se tornou mais cr\u00edtico do que nunca. Os adesivos NFC personalizados servem como uma solu\u00e7\u00e3o inovadora para autentica\u00e7\u00e3o de marca e medidas anti-falsifica\u00e7\u00e3o. Esses adesivos avan\u00e7ados aproveitam a tecnologia Near Field Communication (NFC) para fornecer um processo de verifica\u00e7\u00e3o perfeito, aumentando a integridade da marca e a confian\u00e7a do cliente. Este produto n\u00e3o serve apenas como uma medida de seguran\u00e7a, mas tamb\u00e9m facilita uma experi\u00eancia envolvente do cliente. Com uma variedade de op\u00e7\u00f5es personaliz\u00e1veis, esses adesivos NFC s\u00e3o um investimento valioso para qualquer empresa que busca proteger sua identidade de marca.<\/p>\n<p>&nbsp;<\/p>\n<h2>Por que escolher adesivos NFC personalizados?<\/h2>\n<p>Os adesivos NFC personalizados oferecem v\u00e1rios benef\u00edcios que os tornam uma adi\u00e7\u00e3o valiosa ao arsenal de seguran\u00e7a da sua marca. Ao integrar a tecnologia NFC, esses adesivos permitem autentica\u00e7\u00e3o r\u00e1pida e sem esfor\u00e7o por meio de smartphones e dispositivos habilitados para NFC. Com recursos como durabilidade \u00e0 prova d&#039;\u00e1gua, v\u00e1rios tamanhos e formatos e op\u00e7\u00f5es de impress\u00e3o personaliz\u00e1veis, esses adesivos n\u00e3o apenas refor\u00e7am a seguran\u00e7a, mas tamb\u00e9m melhoram a apar\u00eancia dos seus produtos.<\/p>\n<p>O investimento em adesivos NFC personalizados pode reduzir significativamente o risco de falsifica\u00e7\u00e3o, dando aos consumidores confian\u00e7a na autenticidade de suas compras. Ao fornecer informa\u00e7\u00f5es transparentes sobre a origem do produto e detalhes de fabrica\u00e7\u00e3o, esses adesivos tamb\u00e9m podem elevar a experi\u00eancia e o engajamento do consumidor.<\/p>\n<p>&nbsp;<\/p>\n<h2>Caracter\u00edsticas dos adesivos NFC personalizados<\/h2>\n<h3>Tecnologia Avan\u00e7ada e Seguran\u00e7a<\/h3>\n<p>Os adesivos NFC personalizados s\u00e3o equipados com tecnologia de ponta, como interfaces de comunica\u00e7\u00e3o RFID, tornando-os excepcionalmente eficientes na autentica\u00e7\u00e3o de marca. Utilizando o\u00a0<strong>NXP NTAG213<\/strong>\u00a0chip, esses adesivos operam em uma frequ\u00eancia de\u00a0<strong>13,56 MHz<\/strong>, garantindo uma conex\u00e3o confi\u00e1vel com outros dispositivos habilitados para NFC. Sejam afixados em embalagens ou r\u00f3tulos de produtos, esses adesivos fornecem uma solu\u00e7\u00e3o sofisticada para combater a falsifica\u00e7\u00e3o com o m\u00ednimo de esfor\u00e7o.<\/p>\n<h3>Aplica\u00e7\u00f5es Vers\u00e1teis<\/h3>\n<p>A versatilidade dos adesivos NFC personalizados os torna adequados para uma ampla gama de ind\u00fastrias, de bens de luxo a eletr\u00f4nicos de consumo. Eles podem ser fixados em v\u00e1rias superf\u00edcies, incluindo\u00a0<strong>PVC, PET<\/strong>, e metal \u2014 permitindo que as empresas os incorporem perfeitamente em suas marcas. As empresas podem escolher entre v\u00e1rios designs, incluindo\u00a0<strong>redondo, quadrado<\/strong>, e configura\u00e7\u00f5es personalizadas, para melhor se adequar \u00e0 est\u00e9tica do seu produto.<\/p>\n<h2>2. Durabilidade e Usabilidade<\/h2>\n<h3>Design \u00e0 prova d&#039;\u00e1gua e de intemp\u00e9ries<\/h3>\n<p>Quando se trata de etiquetagem de produtos, a durabilidade \u00e9 primordial. Os adesivos NFC personalizados s\u00e3o projetados para suportar condi\u00e7\u00f5es ambientais adversas. Seus\u00a0<strong>imperme\u00e1vel<\/strong>\u00a0e\u00a0<strong>\u00e0 prova de intemp\u00e9ries<\/strong>\u00a0caracter\u00edsticas os tornam ideais para aplica\u00e7\u00f5es externas ou produtos expostos \u00e0 umidade. Isso garante que a tecnologia NFC permane\u00e7a totalmente operacional, independentemente do ambiente externo, protegendo a integridade da sua marca.<\/p>\n<h3>Interface amig\u00e1vel ao usu\u00e1rio<\/h3>\n<p>A simplicidade de usar adesivos NFC personalizados \u00e9 outra vantagem significativa. Os clientes podem facilmente autenticar produtos tocando em seus\u00a0<strong>Smartphones habilitados para NFC<\/strong>\u00a0contra o adesivo. Essa intera\u00e7\u00e3o intuitiva elimina processos complexos, permitindo que os usu\u00e1rios verifiquem a autenticidade e acessem informa\u00e7\u00f5es adicionais do produto rapidamente. Como resultado, isso aumenta a satisfa\u00e7\u00e3o e o engajamento do cliente.<\/p>\n<p>&nbsp;<\/p>\n<p>&nbsp;<\/p>\n<h2>Especifica\u00e7\u00f5es t\u00e9cnicas<\/h2>\n<table class=\"w-fit !mb-0 !max-w-none\">\n<thead>\n<tr>\n<th>Especifica\u00e7\u00e3o<\/th>\n<th>Detalhe<\/th>\n<\/tr>\n<\/thead>\n<tbody>\n<tr>\n<td><strong>Lasca<\/strong><\/td>\n<td>Ntag213, Ntag215, Ntag216<\/td>\n<\/tr>\n<tr>\n<td><strong>Frequ\u00eancia<\/strong><\/td>\n<td>13,56 MHz<\/td>\n<\/tr>\n<tr>\n<td><strong>Protocolo<\/strong><\/td>\n<td>ISO 14443A<\/td>\n<\/tr>\n<tr>\n<td><strong>Tipos de dados grav\u00e1veis<\/strong><\/td>\n<td>Site, texto, c\u00f3digos QR, outros formatos<\/td>\n<\/tr>\n<tr>\n<td><strong>Op\u00e7\u00f5es de impress\u00e3o<\/strong><\/td>\n<td>Impress\u00e3o offset, Impress\u00e3o digital, Personaliza\u00e7\u00e3o<\/td>\n<\/tr>\n<tr>\n<td><strong>Op\u00e7\u00f5es de artesanato<\/strong><\/td>\n<td>Brilhante, Fosco, Ep\u00f3xi, Holograma<\/td>\n<\/tr>\n<tr>\n<td><strong>Op\u00e7\u00f5es de tamanho<\/strong><\/td>\n<td>Redondo (30 mm de di\u00e2metro), Quadrado, Personalizado<\/td>\n<\/tr>\n<tr>\n<td><strong>Detalhes da embalagem<\/strong><\/td>\n<td>200 unidades em uma caixa interna, 25 caixas por caixa; tamanho da caixa: 48<em>22.5<\/em>30cm<\/td>\n<\/tr>\n<tr>\n<td><strong>Peso<\/strong><\/td>\n<td>0,010 kg por adesivo<\/td>\n<\/tr>\n<\/tbody>\n<\/table>\n<p>&nbsp;<\/p>\n<p>&nbsp;<\/p>\n<h2>Perguntas Frequentes (FAQs)<\/h2>\n<h3>1.\u00a0<strong>O que \u00e9 a tecnologia NFC e como ela funciona?<\/strong><\/h3>\n<p>NFC (Near Field Communication) \u00e9 uma tecnologia sem fio de curto alcance que permite a comunica\u00e7\u00e3o entre dispositivos compat\u00edveis quando eles s\u00e3o aproximados, normalmente a poucos cent\u00edmetros. Os adesivos NFC personalizados cont\u00eam um chip NFC que transmite dados para smartphones e dispositivos habilitados para NFC quando tocados, permitindo que os usu\u00e1rios verifiquem rapidamente a autenticidade do produto ou acessem informa\u00e7\u00f5es adicionais.<\/p>\n<h3>2.\u00a0<strong>Qu\u00e3o dur\u00e1veis s\u00e3o os adesivos NFC personalizados?<\/strong><\/h3>\n<p>Os adesivos NFC personalizados s\u00e3o projetados para serem \u00e0 prova d&#039;\u00e1gua e de intemp\u00e9ries, tornando-os adequados para aplica\u00e7\u00f5es internas e externas. Eles podem suportar v\u00e1rias condi\u00e7\u00f5es ambientais, garantindo que a tecnologia NFC permane\u00e7a funcional por um per\u00edodo prolongado.<\/p>\n<h3>3.\u00a0<strong>Esses adesivos podem ser personalizados?<\/strong><\/h3>\n<p>Sim! Nossos adesivos NFC personalizados oferecem uma variedade de op\u00e7\u00f5es de personaliza\u00e7\u00e3o, incluindo tamanho, formato, design e m\u00e9todos de impress\u00e3o. Voc\u00ea pode imprimir logotipos, informa\u00e7\u00f5es de produtos, c\u00f3digos QR e outros elementos de marca para alinhar com sua identidade de marca.<\/p>\n<h3>4.\u00a0<strong>Quais materiais s\u00e3o usados nos adesivos?<\/strong><\/h3>\n<p>Os adesivos NFC personalizados podem ser feitos de v\u00e1rios materiais, como PVC, PET ou papel revestido. Cada material \u00e9 escolhido por sua durabilidade e adequa\u00e7\u00e3o para diferentes aplica\u00e7\u00f5es, garantindo que os adesivos possam aderir efetivamente aos seus produtos.<\/p>","protected":false},"excerpt":{"rendered":"<p>Os adesivos NFC personalizados oferecem uma solu\u00e7\u00e3o sofisticada para autentica\u00e7\u00e3o de marca e anti-falsifica\u00e7\u00e3o. Verifique facilmente a legitimidade do produto com um simples toque de um smartphone.<\/p>","protected":false},"featured_media":3668,"template":"","meta":[],"product_brand":[],"product_cat":[48],"product_tag":[],"class_list":{"0":"post-3667","1":"product","2":"type-product","3":"status-publish","4":"has-post-thumbnail","6":"product_cat-nfc-stickers","8":"first","9":"instock","10":"shipping-taxable","11":"product-type-simple"},"_links":{"self":[{"href":"https:\/\/nfc-readers.com\/pt\/wp-json\/wp\/v2\/product\/3667","targetHints":{"allow":["GET"]}}],"collection":[{"href":"https:\/\/nfc-readers.com\/pt\/wp-json\/wp\/v2\/product"}],"about":[{"href":"https:\/\/nfc-readers.com\/pt\/wp-json\/wp\/v2\/types\/product"}],"wp:featuredmedia":[{"embeddable":true,"href":"https:\/\/nfc-readers.com\/pt\/wp-json\/wp\/v2\/media\/3668"}],"wp:attachment":[{"href":"https:\/\/nfc-readers.com\/pt\/wp-json\/wp\/v2\/media?parent=3667"}],"wp:term":[{"taxonomy":"product_brand","embeddable":true,"href":"https:\/\/nfc-readers.com\/pt\/wp-json\/wp\/v2\/product_brand?post=3667"},{"taxonomy":"product_cat","embeddable":true,"href":"https:\/\/nfc-readers.com\/pt\/wp-json\/wp\/v2\/product_cat?post=3667"},{"taxonomy":"product_tag","embeddable":true,"href":"https:\/\/nfc-readers.com\/pt\/wp-json\/wp\/v2\/product_tag?post=3667"}],"curies":[{"name":"wp","href":"https:\/\/api.w.org\/{rel}","templated":true}]}}