{"id":3675,"date":"2024-11-10T06:17:39","date_gmt":"2024-11-10T06:17:39","guid":{"rendered":"https:\/\/nfc-readers.com\/?post_type=product&#038;p=3675"},"modified":"2024-11-10T06:17:39","modified_gmt":"2024-11-10T06:17:39","slug":"13-56mhz-iso14443a-mifare-ntag-424dna-rfid-nfc-coin-tag-token","status":"publish","type":"product","link":"https:\/\/nfc-readers.com\/pt\/ic-reader\/13-56mhz-iso14443a-mifare-ntag-424dna-rfid-nfc-coin-tag-token\/","title":{"rendered":"Token da etiqueta da moeda de 13.56mhz ISO14443A MIfare NTAG 424DNA RFID NFC"},"content":{"rendered":"<h1 style=\"text-align: center;\"><span style=\"font-size: 95%;\"><strong>Token da etiqueta da moeda de 13.56mhz ISO14443A MIfare NTAG 424DNA RFID NFC<\/strong><\/span><\/h1>\n<p>&nbsp;<\/p>\n<p>No mundo em r\u00e1pida evolu\u00e7\u00e3o das tecnologias sem contato, o\u00a0<strong>Token da etiqueta da moeda de 13.56mhz ISO14443A MIfare NTAG 424DNA RFID NFC<\/strong>\u00a0destaca-se como uma solu\u00e7\u00e3o vers\u00e1til e poderosa. Essas etiquetas NFC oferecem utilidade excepcional para v\u00e1rias aplica\u00e7\u00f5es, de jogos a comunica\u00e7\u00f5es seguras. Projetados com precis\u00e3o, esses tokens combinam recursos avan\u00e7ados com recursos amig\u00e1veis ao usu\u00e1rio, tornando-os essenciais para entusiastas e profissionais. Quer voc\u00ea esteja procurando aprimorar suas opera\u00e7\u00f5es comerciais, otimizar o compartilhamento de dados ou simplesmente explorar tecnologia inovadora, investir nessas etiquetas NFC pode desbloquear novas oportunidades.<\/p>\n<p>&nbsp;<\/p>\n<h2>Benef\u00edcios do produto<\/h2>\n<ol>\n<li><strong>Utilit\u00e1rio aprimorado<\/strong>: O chip NTAG 424DNA fornece mem\u00f3ria robusta (416 bytes) e troca segura de dados, ideal para aplica\u00e7\u00f5es que exigem seguran\u00e7a de alto n\u00edvel.<\/li>\n<li><strong>Durabilidade<\/strong>: Projetadas com caracter\u00edsticas \u00e0 prova d&#039;\u00e1gua e de intemp\u00e9ries, essas etiquetas s\u00e3o ideais para ambientes externos, garantindo longevidade mesmo em ambientes desafiadores.<\/li>\n<li><strong>Ampla compatibilidade<\/strong>: Compat\u00edveis com v\u00e1rios dispositivos habilitados para NFC, essas etiquetas podem ser facilmente integradas aos fluxos de trabalho existentes, tornando a transi\u00e7\u00e3o para a tecnologia sem contato perfeita.<\/li>\n<\/ol>\n<p>Com esses benef\u00edcios atraentes, fica claro por que o\u00a0<strong>Etiqueta de moeda NFC NTAG 424DNA<\/strong>\u00a0vale a pena comprar.<\/p>\n<p>&nbsp;<\/p>\n<h3>Especifica\u00e7\u00f5es t\u00e9cnicas<\/h3>\n<p>As especifica\u00e7\u00f5es t\u00e9cnicas do\u00a0<strong>NTAG 424DNA<\/strong>\u00a0RFID NFC Coin Tag destaca sua robustez e versatilidade. Aqui est\u00e3o os pontos-chave a serem considerados:<\/p>\n<ul>\n<li><strong>Lasca<\/strong>: NTAG 424 DNA<\/li>\n<li><strong>Capacidade de mem\u00f3ria<\/strong>: 416 bytes<\/li>\n<li><strong>Frequ\u00eancia<\/strong>: 13,56 MHz<\/li>\n<li><strong>Dist\u00e2ncia de leitura<\/strong>: 2-10 cm<\/li>\n<li><strong>Material<\/strong>: PVC<\/li>\n<li><strong>Tamanho<\/strong>: Di\u00e2metro de 25mm\/30mm<\/li>\n<li><strong>Grossura<\/strong>: 0,84 mm (personaliz\u00e1vel)<\/li>\n<li><strong>Peso<\/strong>: 6,5 g<\/li>\n<\/ul>\n<p>Essas especifica\u00e7\u00f5es garantem que a etiqueta NFC possa atender a diversas necessidades do usu\u00e1rio, desde aplicativos de jogos at\u00e9 opera\u00e7\u00f5es comerciais seguras.<\/p>\n<p>&nbsp;<\/p>\n<h3>Aplica\u00e7\u00f5es da etiqueta de moeda NTAG 424DNA<\/h3>\n<p>As aplica\u00e7\u00f5es para o\u00a0<strong>NTAG 424DNA<\/strong>\u00a0coin tag s\u00e3o extensas. Na ind\u00fastria de jogos, essas tags podem melhorar as experi\u00eancias do usu\u00e1rio ao permitir a intera\u00e7\u00e3o com elementos do jogo por meio de dispositivos habilitados para NFC. Elas podem ser programadas para desbloquear conte\u00fado exclusivo, fornecer recompensas instant\u00e2neas ou vincular a plataformas online, impulsionando o engajamento do usu\u00e1rio.<\/p>\n<p>Al\u00e9m disso, em um contexto empresarial, as etiquetas NFC podem funcionar como cart\u00f5es de visita digitais, fornecendo acesso instant\u00e2neo a detalhes de contato ou links de portf\u00f3lio, ou podem ser usadas para rastreamento de ativos e gerenciamento de invent\u00e1rio. A versatilidade em aplica\u00e7\u00f5es demonstra a\u00a0<strong>A funcionalidade das etiquetas NFC tanto na vida cotidiana quanto em ind\u00fastrias especializadas.<\/strong><\/p>\n<p>&nbsp;<\/p>\n<p>&nbsp;<\/p>\n<h2>Perguntas frequentes (FAQs) para NTAG 424DNA RFID NFC Coin Tag<\/h2>\n<h3>1. O que \u00e9 a tecnologia NFC e como ela funciona?<\/h3>\n<p>A tecnologia NFC (Near Field Communication) permite que dispositivos se comuniquem sem fio em dist\u00e2ncias curtas (tipicamente de 2 a 10 cm). Ela permite a troca de dados entre dispositivos habilitados para NFC e tags, como o NTAG 424DNA, por meio de um processo chamado indu\u00e7\u00e3o eletromagn\u00e9tica. Para interagir, basta segurar seu telefone ou dispositivo habilitado para NFC pr\u00f3ximo \u00e0 tag, e os dados ser\u00e3o transmitidos instantaneamente.<\/p>\n<h3>2. Quais dispositivos s\u00e3o compat\u00edveis com a etiqueta NFC Coin NTAG 424DNA?<\/h3>\n<p>A NTAG 424DNA NFC Coin Tag \u00e9 compat\u00edvel com todos os dispositivos m\u00f3veis habilitados para NFC, incluindo uma ampla gama de smartphones e tablets Android, bem como certos modelos de iPhones (iPhone 7 e posteriores). A maioria dos dispositivos modernos com recursos NFC pode ler e gravar dados nessas tags.<\/p>\n<h3>3. A etiqueta de moeda NFC NTAG 424DNA \u00e9 regrav\u00e1vel?<\/h3>\n<p>Sim, o NTAG 424DNA NFC Coin Tag \u00e9 regrav\u00e1vel. A mem\u00f3ria pode ser modificada, permitindo que os usu\u00e1rios atualizem os dados armazenados sempre que necess\u00e1rio. Esse recurso o torna altamente vers\u00e1til para v\u00e1rias aplica\u00e7\u00f5es, como alterar detalhes de contato em um cart\u00e3o de visita digital ou atualizar informa\u00e7\u00f5es relacionadas a jogos.<\/p>","protected":false},"excerpt":{"rendered":"<div class=\"message-item-outer relative px-4 mb-2\" data-id=\"ab1b65d0-6e69-4f08-ab26-216071361a06\">\n<div class=\"content-area pl-[0px]\">\n<div class=\"message-item select-text relative\">\n<div class=\"message-inner relative\">\n<div class=\"py-[2px]\">\n<div class=\"flex flex-col gap-2\">\n<div class=\"answer-markdown-box overflow-x-auto select-text custom-scrollbar\">\n<div class=\"markdown-body\">\n<p>O 13.56MHz ISO14443A Mifare NTAG 424DNA RFID NFC Coin Tag Token oferece seguran\u00e7a de dados avan\u00e7ada com sua mem\u00f3ria de 416 bytes, tornando-o ideal para aplica\u00e7\u00f5es como transa\u00e7\u00f5es seguras e marketing interativo. Seu design \u00e0 prova d&#039;\u00e1gua e compatibilidade com v\u00e1rios dispositivos habilitados para NFC garantem uso vers\u00e1til em ambientes internos e externos.<\/p>\n<\/div>\n<\/div>\n<\/div>\n<\/div>\n<\/div>\n<\/div>\n<\/div>\n<\/div>","protected":false},"featured_media":3676,"template":"","meta":[],"product_brand":[],"product_cat":[47],"product_tag":[],"class_list":{"0":"post-3675","1":"product","2":"type-product","3":"status-publish","4":"has-post-thumbnail","6":"product_cat-nfc-tags","8":"first","9":"instock","10":"shipping-taxable","11":"product-type-simple"},"_links":{"self":[{"href":"https:\/\/nfc-readers.com\/pt\/wp-json\/wp\/v2\/product\/3675","targetHints":{"allow":["GET"]}}],"collection":[{"href":"https:\/\/nfc-readers.com\/pt\/wp-json\/wp\/v2\/product"}],"about":[{"href":"https:\/\/nfc-readers.com\/pt\/wp-json\/wp\/v2\/types\/product"}],"wp:featuredmedia":[{"embeddable":true,"href":"https:\/\/nfc-readers.com\/pt\/wp-json\/wp\/v2\/media\/3676"}],"wp:attachment":[{"href":"https:\/\/nfc-readers.com\/pt\/wp-json\/wp\/v2\/media?parent=3675"}],"wp:term":[{"taxonomy":"product_brand","embeddable":true,"href":"https:\/\/nfc-readers.com\/pt\/wp-json\/wp\/v2\/product_brand?post=3675"},{"taxonomy":"product_cat","embeddable":true,"href":"https:\/\/nfc-readers.com\/pt\/wp-json\/wp\/v2\/product_cat?post=3675"},{"taxonomy":"product_tag","embeddable":true,"href":"https:\/\/nfc-readers.com\/pt\/wp-json\/wp\/v2\/product_tag?post=3675"}],"curies":[{"name":"wp","href":"https:\/\/api.w.org\/{rel}","templated":true}]}}