{"id":3683,"date":"2024-11-10T06:22:41","date_gmt":"2024-11-10T06:22:41","guid":{"rendered":"https:\/\/nfc-readers.com\/?post_type=product&#038;p=3683"},"modified":"2024-11-10T06:22:41","modified_gmt":"2024-11-10T06:22:41","slug":"wholesale-high-security-tamper-proof-nfc-tag-rfid-sticker","status":"publish","type":"product","link":"https:\/\/nfc-readers.com\/pt\/ic-reader\/wholesale-high-security-tamper-proof-nfc-tag-rfid-sticker\/","title":{"rendered":"Etiqueta RFID NFC \u00e0 prova de viola\u00e7\u00e3o de alta seguran\u00e7a por atacado"},"content":{"rendered":"<h1 style=\"text-align: center;\"><strong>Etiqueta RFID NFC \u00e0 prova de viola\u00e7\u00e3o de alta seguran\u00e7a por atacado<\/strong><\/h1>\n<p>&nbsp;<\/p>\n<p>Desbloqueie o futuro do compartilhamento seguro de informa\u00e7\u00f5es com nosso <strong>Etiqueta RFID NFC \u00e0 prova de viola\u00e7\u00e3o de alta seguran\u00e7a por atacado<\/strong>. Perfeitos para solu\u00e7\u00f5es anti-falsifica\u00e7\u00e3o, esses adesivos NFC inovadores combinam recursos de seguran\u00e7a de alto n\u00edvel com ampla versatilidade de aplica\u00e7\u00e3o. Projetados para empresas que priorizam seguran\u00e7a e efici\u00eancia, essas etiquetas NFC representam o pr\u00f3ximo passo na tecnologia sem contato para v\u00e1rios setores, incluindo varejo, log\u00edstica e gerenciamento de eventos.<\/p>\n<p>&nbsp;<\/p>\n<p><strong>Por que comprar nossas etiquetas NFC?<\/strong><br \/>\nNossas etiquetas NFC fornecem uma solu\u00e7\u00e3o segura, eficiente e conveniente para uma variedade de aplica\u00e7\u00f5es \u2014 desde a autentica\u00e7\u00e3o de produtos at\u00e9 o fornecimento de experi\u00eancias de usu\u00e1rio perfeitas em transa\u00e7\u00f5es digitais. Ao garantir que suas informa\u00e7\u00f5es estejam seguras contra falsifica\u00e7\u00e3o, nossas etiquetas NFC \u00e0 prova de viola\u00e7\u00e3o n\u00e3o apenas aumentam a seguran\u00e7a, mas tamb\u00e9m agregam valor \u00e0 sua marca. Al\u00e9m disso, a natureza personaliz\u00e1vel garante que cada etiqueta possa ser adaptada para atender \u00e0s suas necessidades espec\u00edficas, tornando-as uma escolha vers\u00e1til para qualquer neg\u00f3cio.<\/p>\n<p>&nbsp;<\/p>\n<h2>Caracter\u00edsticas da etiqueta NFC \u00e0 prova de viola\u00e7\u00e3o<\/h2>\n<p>Quando se trata de seguran\u00e7a, nossa\u00a0<strong>Etiqueta RFID NFC \u00e0 prova de viola\u00e7\u00e3o de alta seguran\u00e7a por atacado<\/strong>\u00a0destaca-se pela sua\u00a0<strong>caracter\u00edsticas especiais<\/strong>\u00a0projetado para combater a falsifica\u00e7\u00e3o.<\/p>\n<ul>\n<li><strong>Design \u00e0 prova de viola\u00e7\u00e3o<\/strong>: Uma vez fixadas, essas etiquetas NFC s\u00e3o praticamente imposs\u00edveis de remover sem causar danos significativos, garantindo que qualquer adultera\u00e7\u00e3o seja facilmente detect\u00e1vel.<\/li>\n<li><strong>Tamanho e impress\u00e3o personalizados<\/strong>: Nossas etiquetas v\u00eam em um tamanho personaliz\u00e1vel e s\u00e3o impressas usando\u00a0<strong>Impress\u00e3o offset CMYK 4C<\/strong>\u00a0para gr\u00e1ficos vibrantes e de alta qualidade que aprimoram a marca.<\/li>\n<li><strong>Capacidade de mem\u00f3ria<\/strong>:Cada tag apresenta\u00a0<strong>416 bytes<\/strong>\u00a0de mem\u00f3ria, permitindo o armazenamento seguro de informa\u00e7\u00f5es essenciais.<\/li>\n<\/ul>\n<p>Esses atributos tornam a etiqueta NFC confi\u00e1vel e eficiente, tornando-a uma ferramenta essencial para empresas que buscam medidas de seguran\u00e7a de alto n\u00edvel em suas opera\u00e7\u00f5es.<\/p>\n<p>&nbsp;<\/p>\n<h2>Aplica\u00e7\u00f5es de Tags NFC<\/h2>\n<p>A versatilidade de nossas etiquetas NFC permite que elas sejam aplicadas em diversos setores, aprimorando os processos de neg\u00f3cios e mantendo as transa\u00e7\u00f5es seguras:<\/p>\n<ul>\n<li><strong>Anti-Falsifica\u00e7\u00e3o<\/strong>: As empresas podem usar essas etiquetas para garantir a autenticidade do produto, pois elas s\u00e3o projetadas para serem fixadas com seguran\u00e7a e \u00e0 prova de viola\u00e7\u00e3o, desencorajando pr\u00e1ticas de falsifica\u00e7\u00e3o.<\/li>\n<li><strong>Gest\u00e3o de Eventos<\/strong>: Use etiquetas NFC para emiss\u00e3o de bilhetes, permitindo controle de acesso cont\u00ednuo e reduzindo a incid\u00eancia de fraudes em bilhetes.<\/li>\n<li><strong>Marketing Inteligente<\/strong>: Essas tags podem ser integradas a materiais de marketing, permitindo que os clientes interajam diretamente com sua marca tocando em seus telefones para acessar promo\u00e7\u00f5es, detalhes de produtos ou cart\u00f5es de visita digitais.<\/li>\n<\/ul>\n<p>Ao aproveitar o poder desses aplicativos, as empresas podem proteger efetivamente suas opera\u00e7\u00f5es e otimizar a intera\u00e7\u00e3o com o cliente.<\/p>\n<p>&nbsp;<\/p>\n<h2>Perguntas Frequentes (FAQs)<\/h2>\n<h3>1.\u00a0<strong>O que \u00e9 uma etiqueta NFC?<\/strong><\/h3>\n<p>Uma etiqueta NFC (Near Field Communication) \u00e9 um pequeno dispositivo que usa tecnologia RFID (Radio Frequency Identification) para transmitir informa\u00e7\u00f5es sem fio em curtas dist\u00e2ncias (tipicamente dentro de um intervalo de 1-10 cm). Os usu\u00e1rios podem tocar seus dispositivos habilitados para NFC contra a etiqueta para acessar informa\u00e7\u00f5es armazenadas ou executar uma a\u00e7\u00e3o.<\/p>\n<h3>2.\u00a0<strong>Como programar uma etiqueta NFC?<\/strong><\/h3>\n<p>Programar uma tag NFC normalmente envolve usar um smartphone habilitado para NFC ou outros dispositivos compat\u00edveis com um aplicativo NFC. Voc\u00ea pode gravar dados na tag (como URLs ou informa\u00e7\u00f5es de contato) usando esses aplicativos. Basta selecionar os dados que deseja gravar, tocar seu dispositivo na tag e os dados ser\u00e3o armazenados.<\/p>\n<h3>3.\u00a0<strong>Que tipos de dados as etiquetas NFC podem armazenar?<\/strong><\/h3>\n<p>As etiquetas NFC podem armazenar v\u00e1rios tipos de dados, incluindo URLs, texto, informa\u00e7\u00f5es de contato, detalhes do produto, comandos para aplicativos e muito mais. A quantidade espec\u00edfica de dados que podem ser armazenados depende da capacidade de mem\u00f3ria da etiqueta, com nossas etiquetas NFC suportando\u00a0<strong>416 bytes<\/strong>.<\/p>\n<h3>4.\u00a0<strong>Suas etiquetas NFC s\u00e3o regrav\u00e1veis?<\/strong><\/h3>\n<p>Sim, nossas tags NFC s\u00e3o regrav\u00e1veis, o que significa que voc\u00ea pode program\u00e1-las com dados diferentes conforme necess\u00e1rio. Esse recurso \u00e9 particularmente \u00fatil para empresas que desejam flexibilidade em seus aplicativos.<\/p>","protected":false},"excerpt":{"rendered":"<p>Eleve a seguran\u00e7a da sua marca com nossos adesivos RFID de etiqueta NFC de alta seguran\u00e7a e \u00e0 prova de viola\u00e7\u00e3o. Projetados para anti-falsifica\u00e7\u00e3o, eles oferecem solu\u00e7\u00f5es personaliz\u00e1veis e acesso cont\u00ednuo aos dados.<\/p>","protected":false},"featured_media":3684,"template":"","meta":[],"product_brand":[],"product_cat":[47],"product_tag":[],"class_list":{"0":"post-3683","1":"product","2":"type-product","3":"status-publish","4":"has-post-thumbnail","6":"product_cat-nfc-tags","8":"first","9":"instock","10":"shipping-taxable","11":"product-type-simple"},"_links":{"self":[{"href":"https:\/\/nfc-readers.com\/pt\/wp-json\/wp\/v2\/product\/3683","targetHints":{"allow":["GET"]}}],"collection":[{"href":"https:\/\/nfc-readers.com\/pt\/wp-json\/wp\/v2\/product"}],"about":[{"href":"https:\/\/nfc-readers.com\/pt\/wp-json\/wp\/v2\/types\/product"}],"wp:featuredmedia":[{"embeddable":true,"href":"https:\/\/nfc-readers.com\/pt\/wp-json\/wp\/v2\/media\/3684"}],"wp:attachment":[{"href":"https:\/\/nfc-readers.com\/pt\/wp-json\/wp\/v2\/media?parent=3683"}],"wp:term":[{"taxonomy":"product_brand","embeddable":true,"href":"https:\/\/nfc-readers.com\/pt\/wp-json\/wp\/v2\/product_brand?post=3683"},{"taxonomy":"product_cat","embeddable":true,"href":"https:\/\/nfc-readers.com\/pt\/wp-json\/wp\/v2\/product_cat?post=3683"},{"taxonomy":"product_tag","embeddable":true,"href":"https:\/\/nfc-readers.com\/pt\/wp-json\/wp\/v2\/product_tag?post=3683"}],"curies":[{"name":"wp","href":"https:\/\/api.w.org\/{rel}","templated":true}]}}