{"id":3700,"date":"2024-11-10T06:34:49","date_gmt":"2024-11-10T06:34:49","guid":{"rendered":"https:\/\/nfc-readers.com\/?post_type=product&#038;p=3700"},"modified":"2024-11-10T06:38:34","modified_gmt":"2024-11-10T06:38:34","slug":"custom-nfc-fragile-sticker-for-commodity-label-product-tag","status":"publish","type":"product","link":"https:\/\/nfc-readers.com\/pt\/ic-reader\/custom-nfc-fragile-sticker-for-commodity-label-product-tag\/","title":{"rendered":"Adesivo NFC Fr\u00e1gil Personalizado para Etiqueta de Produto"},"content":{"rendered":"<h1 style=\"text-align: center;\"><strong>Adesivo NFC Fr\u00e1gil Personalizado para Etiqueta de Produto<\/strong><\/h1>\n<p>&nbsp;<\/p>\n<p>O <strong>Adesivo NFC Fr\u00e1gil Personalizado<\/strong>\u00a0para rotulagem de mercadorias \u00e9 um produto revolucion\u00e1rio que integra tecnologias avan\u00e7adas\u00a0<strong>NFC (comunica\u00e7\u00e3o de campo pr\u00f3ximo)<\/strong>\u00a0tecnologia em solu\u00e7\u00f5es de etiquetagem cotidianas. Criados para garantir etiquetagem segura e confi\u00e1vel de itens fr\u00e1geis, esses adesivos permitem que as empresas aprimorem seus protocolos de verifica\u00e7\u00e3o e seguran\u00e7a de produtos. Com uma mistura de praticidade e modernidade, investir em tecnologia NFC para etiquetagem nunca foi t\u00e3o cr\u00edtico. Este artigo se aprofunda nos recursos, benef\u00edcios e utilidade geral do Adesivo NFC Fr\u00e1gil Personalizado, orientando voc\u00ea a tomar uma decis\u00e3o informada.<\/p>\n<p>&nbsp;<\/p>\n<h2>Por que escolher adesivos fr\u00e1geis NFC?<\/h2>\n<p>O\u00a0<strong>Adesivo NFC Fr\u00e1gil Personalizado<\/strong>\u00a0foi projetado para atender \u00e0s necessidades de empresas que exigem um m\u00e9todo confi\u00e1vel para marcar e rastrear produtos fr\u00e1geis. Aqui est\u00e3o alguns motivos convincentes pelos quais voc\u00ea deve considerar atualizar seu processo de etiquetagem com este produto inovador:<\/p>\n<ol>\n<li><strong>Seguran\u00e7a e verifica\u00e7\u00e3o aprimoradas<\/strong>: Esses adesivos garantem que os processos de verifica\u00e7\u00e3o sejam eficientes e \u00e0 prova de falhas. Com o chip NTAG213 incorporado, cada adesivo pode armazenar informa\u00e7\u00f5es com seguran\u00e7a e verificar a autenticidade do pacote com um simples toque de um\u00a0<strong>Smartphone habilitado para NFC<\/strong>.<\/li>\n<li><strong>Aplica\u00e7\u00e3o de f\u00e1cil utiliza\u00e7\u00e3o<\/strong>: Esque\u00e7a os processos de configura\u00e7\u00e3o complicados. Aplicando o\u00a0<strong>Adesivo NFC fr\u00e1gil<\/strong>\u00a0\u00e9 incrivelmente simples \u2014 basta descascar e colar \u2014 tornando-o acess\u00edvel para qualquer usu\u00e1rio em sua cadeia de suprimentos.<\/li>\n<li><strong>Durabilidade e resist\u00eancia \u00e0s intemp\u00e9ries<\/strong>: Feito de alta qualidade\u00a0<strong>PET\/PVC\/Papel<\/strong>\u00a0materiais, esses adesivos s\u00e3o projetados para suportar v\u00e1rias condi\u00e7\u00f5es ambientais. Sejam expostos \u00e0 umidade ou a temperaturas variadas, nossos adesivos fr\u00e1geis NFC mant\u00eam alto desempenho e confiabilidade.<\/li>\n<li><strong>Personaliz\u00e1vel e vers\u00e1til<\/strong>: Nosso\u00a0<strong>adesivo NFC personalizado<\/strong>\u00a0pode ser adaptado para atender a necessidades espec\u00edficas de marca e informa\u00e7\u00e3o, permitindo aplica\u00e7\u00f5es funcionais e promocionais.<\/li>\n<\/ol>\n<p>&nbsp;<\/p>\n<h2>Principais caracter\u00edsticas dos adesivos fr\u00e1geis NFC<\/h2>\n<p>Usando\u00a0<strong>NFC (comunica\u00e7\u00e3o de campo pr\u00f3ximo)<\/strong>\u00a0tecnologia, nossos adesivos fr\u00e1geis personalizados s\u00e3o equipados com uma s\u00e9rie de recursos especiais que os destacam:<\/p>\n<ul>\n<li><strong>Design \u00e0 prova d&#039;\u00e1gua\/\u00e0 prova de intemp\u00e9ries<\/strong>: Esses adesivos suportam condi\u00e7\u00f5es ambientais adversas, o que os torna adequados para aplica\u00e7\u00f5es internas e externas.<\/li>\n<li><strong>Compatibilidade<\/strong>: O\u00a0<strong>chip ntag213<\/strong>\u00a0\u00e9 reconhecido por sua ampla compatibilidade com v\u00e1rios\u00a0<strong>Dispositivos NFC<\/strong>, garantindo facilidade de uso.<\/li>\n<\/ul>\n<h3>Como funciona<\/h3>\n<p>Basta tocar no seu\u00a0<strong>Smartphone habilitado para NFC<\/strong>\u00a0no adesivo para acessar informa\u00e7\u00f5es pr\u00e9-armazenadas ou verificar detalhes do produto, o que pode otimizar drasticamente os processos de estoque e vendas.<\/p>\n<p>&nbsp;<\/p>\n<h2>Especifica\u00e7\u00f5es t\u00e9cnicas<\/h2>\n<table class=\"w-fit !mb-0 !max-w-none\">\n<thead>\n<tr>\n<th><strong>Especifica\u00e7\u00e3o<\/strong><\/th>\n<th><strong>Detalhes<\/strong><\/th>\n<\/tr>\n<\/thead>\n<tbody>\n<tr>\n<td><strong>Lasca<\/strong><\/td>\n<td>NTAG213<\/td>\n<\/tr>\n<tr>\n<td><strong>Frequ\u00eancia<\/strong><\/td>\n<td>13,56 MHz<\/td>\n<\/tr>\n<tr>\n<td><strong>Tamanho da mem\u00f3ria<\/strong><\/td>\n<td>144 bytes<\/td>\n<\/tr>\n<tr>\n<td><strong>Material<\/strong><\/td>\n<td>PET\/PVC\/Papel<\/td>\n<\/tr>\n<tr>\n<td><strong>Di\u00e2metro<\/strong><\/td>\n<td>30 mil\u00edmetros<\/td>\n<\/tr>\n<tr>\n<td><strong>Imprimir<\/strong><\/td>\n<td>Impress\u00e3o Offset CMYK<\/td>\n<\/tr>\n<tr>\n<td><strong>\u00c0 prova d&#039;\u00e1gua<\/strong><\/td>\n<td>Sim<\/td>\n<\/tr>\n<tr>\n<td><strong>Tamanho da embalagem<\/strong><\/td>\n<td>200 unidades\/caixa interna; 25 caixas\/caixa<\/td>\n<\/tr>\n<tr>\n<td><strong>Tamanho da caixa<\/strong><\/td>\n<td>48 x 22,5 x 30 cm<\/td>\n<\/tr>\n<tr>\n<td><strong>Capacidade de fornecimento<\/strong><\/td>\n<td>5.000.000 de pe\u00e7as por m\u00eas<\/td>\n<\/tr>\n<tr>\n<td><strong>Tamanho de pacote \u00fanico<\/strong><\/td>\n<td>35 x 1,5 x 0,02 cm<\/td>\n<\/tr>\n<tr>\n<td><strong>Peso bruto<\/strong><\/td>\n<td>0,010 kg<\/td>\n<\/tr>\n<\/tbody>\n<\/table>\n<p>&nbsp;<\/p>\n<h2>Perguntas frequentes<\/h2>\n<h3>P: Os NFC Fragile Stickers s\u00e3o compat\u00edveis com todos os smartphones?<\/h3>\n<p><strong>UM<\/strong>: Sim, desde que o smartphone tenha a capacidade NFC ativada.<\/p>\n<h3>P: Quanto tempo duram os adesivos?<\/h3>\n<p><strong>UM<\/strong>: Nossos adesivos s\u00e3o dur\u00e1veis e projetados para suportar diversas condi\u00e7\u00f5es, garantindo que durem durante todo o ciclo de vida do produto.<\/p>\n<h3>P: Posso rastrear o uso em tempo real?<\/h3>\n<p><strong>UM<\/strong>:Embora esses adesivos forne\u00e7am verifica\u00e7\u00e3o imediata, o rastreamento em tempo real pode exigir integra\u00e7\u00e3o com sistemas espec\u00edficos de gerenciamento de estoque.<\/p>","protected":false},"excerpt":{"rendered":"<p>O Custom NFC Fragile Sticker para etiquetagem de commodities \u00e9 projetado para fornecer rastreamento seguro e verifica\u00e7\u00e3o de autenticidade para produtos fr\u00e1geis. Seu design amig\u00e1vel garante f\u00e1cil aplica\u00e7\u00e3o ao mesmo tempo em que melhora o gerenciamento de estoque.<\/p>","protected":false},"featured_media":3708,"template":"","meta":[],"product_brand":[],"product_cat":[48],"product_tag":[],"class_list":{"0":"post-3700","1":"product","2":"type-product","3":"status-publish","4":"has-post-thumbnail","6":"product_cat-nfc-stickers","8":"first","9":"instock","10":"shipping-taxable","11":"product-type-simple"},"_links":{"self":[{"href":"https:\/\/nfc-readers.com\/pt\/wp-json\/wp\/v2\/product\/3700","targetHints":{"allow":["GET"]}}],"collection":[{"href":"https:\/\/nfc-readers.com\/pt\/wp-json\/wp\/v2\/product"}],"about":[{"href":"https:\/\/nfc-readers.com\/pt\/wp-json\/wp\/v2\/types\/product"}],"wp:featuredmedia":[{"embeddable":true,"href":"https:\/\/nfc-readers.com\/pt\/wp-json\/wp\/v2\/media\/3708"}],"wp:attachment":[{"href":"https:\/\/nfc-readers.com\/pt\/wp-json\/wp\/v2\/media?parent=3700"}],"wp:term":[{"taxonomy":"product_brand","embeddable":true,"href":"https:\/\/nfc-readers.com\/pt\/wp-json\/wp\/v2\/product_brand?post=3700"},{"taxonomy":"product_cat","embeddable":true,"href":"https:\/\/nfc-readers.com\/pt\/wp-json\/wp\/v2\/product_cat?post=3700"},{"taxonomy":"product_tag","embeddable":true,"href":"https:\/\/nfc-readers.com\/pt\/wp-json\/wp\/v2\/product_tag?post=3700"}],"curies":[{"name":"wp","href":"https:\/\/api.w.org\/{rel}","templated":true}]}}