{"id":1493,"date":"2024-04-07T02:35:08","date_gmt":"2024-04-07T02:35:08","guid":{"rendered":"https:\/\/nfc-readers.com\/?post_type=product&#038;p=1493"},"modified":"2024-10-16T07:54:06","modified_gmt":"2024-10-16T07:54:06","slug":"acr1255u-j1-bluetooth-nfc-reader-writer","status":"publish","type":"product","link":"https:\/\/nfc-readers.com\/sl\/ic-reader\/acr1255u-j1-bluetooth-nfc-reader-writer\/","title":{"rendered":"ACR1255U-J1 \u2013 Bluetooth\u00ae NFC bralnik\/zapisovalec"},"content":{"rendered":"<h1>ACR1255U-J1 \u2013 Bluetooth\u00ae NFC bralnik\/zapisovalec<\/h1>\n<p>ACR1255U-J1 ACS Secure Bluetooth\u00ae NFC bralnik\/zapisovalec je zasnovan tako, da z lahkoto omogo\u010da mobilne pametne kartice in aplikacije NFC. Ta naprava, ki vklju\u010duje napredno brezsti\u010dno tehnologijo 13,56 MHz in integracijo Bluetooth\u00ae, je dokaz sodobne prenosne tehnologije. Podpira razli\u010dne formate, vklju\u010dno s pametnimi karticami ISO 14443 tipa A in B, MIFARE\u00ae, FeliCa\u00ae ter ve\u010dino oznak NFC in naprave, ki ustrezajo standardu ISO 18092, kar zagotavlja uporabnost ACR1255U-J1 za \u0161iroko paleto uporab. Od preverjanja pristnosti brez dotika za nadzor dostopa do upravljanja logisti\u010dnega inventarja, njegova paleta aplikacij je raznolika. ACR1255U-J1 ponuja zmo\u017enosti dvojnega vmesnika. Uporablja Bluetooth Low Energy (BLE), znan tudi preprosto kot Bluetooth, za mobilno povezljivost in USB Full Speed za neposredne interakcije z ra\u010dunalnikom. Naprava izvaja operacije branja\/pisanja s hitrostjo do 424 Kbps, kar omogo\u010da hitre prenose podatkov z brezkontaktnimi pametnimi karticami in napravami NFC. ACR1255U-J1, zasnovan za dejavnosti na poti, se pona\u0161a s kompaktno zgradbo in \u010drpa energijo iz notranjega polnilnega litij-ionskega akumulatorja baterijo. Zaradi svoje prenosljivosti je orodje, ki je pripravljeno za uporabo z ve\u010dino pametnih telefonov in tabli\u010dnih ra\u010dunalnikov, ki podpirajo Bluetooth, kjer koli \u017ee ste. Vdelana programska oprema, ki jo je mogo\u010de nadgraditi na terenu, je dodatna prednost ACR1255U-J1, saj ponuja stro\u0161kovno u\u010dinkovite prednosti in prihranek \u010dasa, hkrati pa ohranja korak s hitrim tehnolo\u0161ki napredek in prilagajanje razli\u010dnim zahtevam uporabnikov. Za\u0161\u010diten s \u0161ifriranjem AES-128 se bralnik NFC Bluetooth enostavno in varno pove\u017ee z napravami v sistemu Android\u2122 (razli\u010dica 4.3 in novej\u0161i), iOS (razli\u010dica 8.0 in novej\u0161e), kot tudi Windows\u00ae ( 7 in novej\u0161i) in Mac OS\u00ae (10.7 in novej\u0161i). Za namizno uporabo je ACR1255U-J1 vetri\u010d za namestitev v ra\u010dunalnike z Windows\u00ae, zahvaljujo\u010d skladnosti s PC\/SC in CCID. Poleg tega je zdru\u017eljiv z gonilniki za Linux\u00ae in Mac OS\u00ae.<\/p>\n<ul>\n<li>\n<h2>Bluetooth\u00ae vmesnik<\/h2>\n<\/li>\n<li>\n<h2>USB 2.0 vmesnik polne hitrosti<\/h2>\n<\/li>\n<li>\n<h2>Vir napajanja:<\/h2>\n<ul>\n<li>\n<h3>Napajanje z baterijo (vklju\u010duje litij-ionsko baterijo, ki jo je mogo\u010de polniti prek vrat USB Mini-B)<\/h3>\n<\/li>\n<li>\n<h3>Napajanje preko USB-ja (prek na\u010dina, povezanega z ra\u010dunalnikom)<\/h3>\n<\/li>\n<\/ul>\n<\/li>\n<li>\n<h2>Skladnost s CCID<\/h2>\n<\/li>\n<li>\n<h2>Bralnik pametnih kartic:<\/h2>\n<ul>\n<li>\n<h3>Brezkontaktni vmesnik:<\/h3>\n<ul>\n<li>\n<h4>Hitrost branja\/pisanja do 424 kbps<\/h4>\n<\/li>\n<li>\n<h4>Vgrajena antena za brezkontaktni dostop do oznake, z razdaljo branja kartice do 60 mm (odvisno od vrste oznake)<\/h4>\n<\/li>\n<li>\n<h4>Podpira kartice ISO 14443 vrste A in B, MIFARE, FeliCa in vse 4 vrste oznak NFC (ISO\/IEC 18092).<\/h4>\n<\/li>\n<li>\n<h4>Vgrajena funkcija proti tr\u010denju (v vsakem trenutku je dostopna samo 1 oznaka)<\/h4>\n<\/li>\n<li>\n<h4>Podpora za NFC<\/h4>\n<\/li>\n<li>\n<h4>Na\u010din bralnika\/zapisovalca kartic<\/h4>\n<\/li>\n<\/ul>\n<\/li>\n<\/ul>\n<\/li>\n<li>\n<h2>Vgrajene zunanje naprave:<\/h2>\n<ul>\n<li>\n<h3>Dve dvobarvni LED diodi, ki ju upravlja uporabnik<\/h3>\n<\/li>\n<li>\n<h3>Bren\u010dalo, ki ga lahko nadzira uporabnik<\/h3>\n<\/li>\n<\/ul>\n<\/li>\n<li>\n<h2>Programski vmesnik aplikacije:<\/h2>\n<ul>\n<li>\n<h3>Podpira PC\/SC<\/h3>\n<\/li>\n<li>\n<h3>Podpira CT-API (skozi ovoj na vrhu PC\/SC)<\/h3>\n<\/li>\n<\/ul>\n<\/li>\n<li>\n<h2>Mo\u017enost nadgradnje vdelane programske opreme USB<\/h2>\n<\/li>\n<li>\n<h2>Podpira Android\u2122 4.3 in novej\u0161e<\/h2>\n<\/li>\n<li>\n<h2>Podpira iOS 8.0 in novej\u0161e<\/h2>\n<\/li>\n<li>\n<table width=\"719\">\n<tbody>\n<tr>\n<td colspan=\"2\" width=\"719\">Fizi\u010dne zna\u010dilnosti<\/td>\n<\/tr>\n<tr>\n<td width=\"326\">Mere (mm)<\/td>\n<td width=\"393\">85 mm (D) x 54 mm (\u0160) x 10 mm (V)<\/td>\n<\/tr>\n<tr>\n<td width=\"326\">Te\u017ea (g)<\/td>\n<td width=\"393\">37,5 g (74,1 g s kablom \u00b1 5 g tolerance)<\/td>\n<\/tr>\n<tr>\n<td colspan=\"2\" width=\"719\">Bluetooth vmesnik<\/td>\n<\/tr>\n<tr>\n<td width=\"326\">Protokol<\/td>\n<td width=\"393\">Bluetooth\u00ae (Bluetooth 4.0)<\/td>\n<\/tr>\n<tr>\n<td width=\"326\">Vir energije<\/td>\n<td width=\"393\">Litij-ionska baterija za ponovno polnjenje (polnjenje preko USB)<\/td>\n<\/tr>\n<tr>\n<td width=\"326\">Hitrost<\/td>\n<td width=\"393\">1 Mb\/s<\/td>\n<\/tr>\n<tr>\n<td colspan=\"2\" width=\"719\">USB vmesnik<\/td>\n<\/tr>\n<tr>\n<td width=\"326\">Protokol<\/td>\n<td width=\"393\">USB CCID<\/td>\n<\/tr>\n<tr>\n<td width=\"326\">Vrsta priklju\u010dka<\/td>\n<td width=\"393\">USB Mini-B<\/td>\n<\/tr>\n<tr>\n<td width=\"326\">Vir energije<\/td>\n<td width=\"393\">Iz vrat USB<\/td>\n<\/tr>\n<tr>\n<td width=\"326\">Hitrost<\/td>\n<td width=\"393\">Polna hitrost USB (12 Mb\/s)<\/td>\n<\/tr>\n<tr>\n<td width=\"326\">Dol\u017eina kabla<\/td>\n<td width=\"393\">1 m, snemljiv<\/td>\n<\/tr>\n<tr>\n<td colspan=\"2\" width=\"719\">Vmesnik brezkontaktne pametne kartice<\/td>\n<\/tr>\n<tr>\n<td width=\"326\">Standardno<\/td>\n<td width=\"393\">ISO\/IEC 18092 NFC, ISO 14443 Tip A &amp; B, MIFARE, FeliCa<\/td>\n<\/tr>\n<tr>\n<td width=\"326\">Protokol<\/td>\n<td width=\"393\">Kartica, skladna s standardom ISO 14443-4, T=CL<br \/>\nKlasi\u010dna kartica MIFARE, T=CL<br \/>\nISO 18092, oznake NFC<br \/>\nFeliCa<\/td>\n<\/tr>\n<tr>\n<td colspan=\"2\" width=\"719\">Vgrajene zunanje naprave<\/td>\n<\/tr>\n<tr>\n<td width=\"326\">LED<\/td>\n<td width=\"393\">2 dvobarvni: rde\u010da in modra, rde\u010da in zelena<\/td>\n<\/tr>\n<tr>\n<td width=\"326\">Bren\u010dalo<\/td>\n<td width=\"393\">Monotona<\/td>\n<\/tr>\n<tr>\n<td colspan=\"2\" width=\"719\">Druge funkcije<\/td>\n<\/tr>\n<tr>\n<td width=\"326\">\u0160ifriranje<\/td>\n<td width=\"393\">Algoritem \u0161ifriranja AES v napravi<\/td>\n<\/tr>\n<tr>\n<td width=\"326\">Nadgradnja vdelane programske opreme<\/td>\n<td width=\"393\">Podprto<\/td>\n<\/tr>\n<tr>\n<td colspan=\"2\" width=\"719\">Certifikati\/skladnost<\/td>\n<\/tr>\n<tr>\n<td rowspan=\"14\" width=\"326\">Certifikati\/skladnost<\/td>\n<td>EN 60950\/IEC 60950<\/td>\n<\/tr>\n<tr>\n<td>ISO 18092<\/td>\n<\/tr>\n<tr>\n<td>ISO 14443<\/td>\n<\/tr>\n<tr>\n<td>Polna hitrost USB<\/td>\n<\/tr>\n<tr>\n<td>Bluetooth\u00ae<\/td>\n<\/tr>\n<tr>\n<td>PC\/SC<\/td>\n<\/tr>\n<tr>\n<td>CCID<\/td>\n<\/tr>\n<tr>\n<td>CE<\/td>\n<\/tr>\n<tr>\n<td>FCC<\/td>\n<\/tr>\n<tr>\n<td>RoHS<\/td>\n<\/tr>\n<tr>\n<td>DOSEG<\/td>\n<\/tr>\n<tr>\n<td>VCCI (Japonska)<\/td>\n<\/tr>\n<tr>\n<td>BIS (Indija)<\/td>\n<\/tr>\n<tr>\n<td>Microsoft\u00ae WHQL<\/td>\n<\/tr>\n<tr>\n<td colspan=\"2\" width=\"719\">Podpora za operacijski sistem gonilnika naprave<\/td>\n<\/tr>\n<tr>\n<td rowspan=\"5\" width=\"326\">Podpora za operacijski sistem gonilnika naprave<\/td>\n<td width=\"393\">Windows\u00ae<\/td>\n<\/tr>\n<tr>\n<td width=\"393\">Linux\u00ae<\/td>\n<\/tr>\n<tr>\n<td width=\"393\">MAC OS\u00ae 10.7 in novej\u0161i<\/td>\n<\/tr>\n<tr>\n<td width=\"393\">Android\u2122 4.3 in novej\u0161i<\/td>\n<\/tr>\n<tr>\n<td width=\"393\">iOS 8.0 in novej\u0161i<\/td>\n<\/tr>\n<\/tbody>\n<\/table>\n<\/li>\n<\/ul>","protected":false},"excerpt":{"rendered":"<p>ACR1255U-J1 je vsestranski Bluetooth\u00ae NFC \u010ditalnik, opremljen s tehnologijo RFID, ki omogo\u010da brezhibno mobilno in namizno interakcijo s pametnimi karticami in napravami NFC.<\/p>","protected":false},"featured_media":1496,"template":"","meta":[],"product_brand":[],"product_cat":[38,40],"product_tag":[],"class_list":{"0":"post-1493","1":"product","2":"type-product","3":"status-publish","4":"has-post-thumbnail","6":"product_cat-mobile-ble-nfc-reader","7":"product_cat-rfid-nfc-reader","9":"first","10":"instock","11":"shipping-taxable","12":"product-type-simple"},"_links":{"self":[{"href":"https:\/\/nfc-readers.com\/sl\/wp-json\/wp\/v2\/product\/1493","targetHints":{"allow":["GET"]}}],"collection":[{"href":"https:\/\/nfc-readers.com\/sl\/wp-json\/wp\/v2\/product"}],"about":[{"href":"https:\/\/nfc-readers.com\/sl\/wp-json\/wp\/v2\/types\/product"}],"wp:featuredmedia":[{"embeddable":true,"href":"https:\/\/nfc-readers.com\/sl\/wp-json\/wp\/v2\/media\/1496"}],"wp:attachment":[{"href":"https:\/\/nfc-readers.com\/sl\/wp-json\/wp\/v2\/media?parent=1493"}],"wp:term":[{"taxonomy":"product_brand","embeddable":true,"href":"https:\/\/nfc-readers.com\/sl\/wp-json\/wp\/v2\/product_brand?post=1493"},{"taxonomy":"product_cat","embeddable":true,"href":"https:\/\/nfc-readers.com\/sl\/wp-json\/wp\/v2\/product_cat?post=1493"},{"taxonomy":"product_tag","embeddable":true,"href":"https:\/\/nfc-readers.com\/sl\/wp-json\/wp\/v2\/product_tag?post=1493"}],"curies":[{"name":"wp","href":"https:\/\/api.w.org\/{rel}","templated":true}]}}