{"id":1512,"date":"2024-04-07T03:03:03","date_gmt":"2024-04-07T03:03:03","guid":{"rendered":"https:\/\/nfc-readers.com\/?post_type=product&#038;p=1512"},"modified":"2024-10-16T08:13:55","modified_gmt":"2024-10-16T08:13:55","slug":"acr35-nfc-mobilemate-card-reader","status":"publish","type":"product","link":"https:\/\/nfc-readers.com\/sl\/ic-reader\/acr35-nfc-mobilemate-card-reader\/","title":{"rendered":"\u010citalec kartic ACR35 NFC MobileMate"},"content":{"rendered":"<h1>\u010citalec kartic ACR35 NFC MobileMate<\/h1>\n<p>\u010citalnik kartic NFC MobileMate ACR35 je kompakten, eleganten in prenosen bralnik NFC, ki ponuja varno in uporabniku prijazno izku\u0161njo. Zaradi naprednih funkcij \u0161ifriranja in priro\u010dnosti polnilnega napajanja je dragocena prednost za varne mobilne transakcije, saj predstavlja popolno me\u0161anico funkcionalnosti in prenosljivosti za aktivne uporabnike.<\/p>\n<p>&nbsp;<\/p>\n<p>3,5 mm vmesnik za avdio priklju\u010dek<br \/>\nPoganja ga litij-ionska baterija (z mo\u017enostjo polnjenja v na\u010dinu, povezanem z ra\u010dunalnikom)<br \/>\nBralnik pametnih kartic:<br \/>\nVgrajena antena za brezkontaktni dostop do oznake, z razdaljo branja do 50 mm (odvisno od vrste oznake)<br \/>\nPodpira kartice ISO 14443, 4. del tipa A in B<br \/>\nPodpira MIFARE<br \/>\nPodpira FeliCa<br \/>\nPodpira oznake ISO 18092 (oznake NFC)*<br \/>\nVgrajena funkcija proti tr\u010denju<br \/>\nPodpora za NFC:<br \/>\nNa\u010din bralnika\/zapisovalnika kartic<br \/>\n\u010citalec kartic z magnetnim trakom:<br \/>\nPrebere do dve sledi podatkov kartice (Track 1 \/ Track 2)<br \/>\nMo\u017enost dvosmernega branja<br \/>\nPodpira \u0161ifrirni algoritem AES128<br \/>\nPodpira sistem za upravljanje klju\u010dev DUKPT<br \/>\nPodpira magnetne kartice ISO 7810\/7811<br \/>\nPodpira magnetne kartice Hi-Coercivity in Low-Coercivity<br \/>\nPodpira JIS1 in JIS2<\/p>\n<table width=\"769\">\n<tbody>\n<tr>\n<td colspan=\"2\" width=\"769\">Fizi\u010dne zna\u010dilnosti<\/td>\n<\/tr>\n<tr>\n<td width=\"376\">Mere (mm)<\/td>\n<td width=\"393\">60,0 mm (D) x 45,0 mm (\u0160) x 13,3 mm (V)<\/td>\n<\/tr>\n<tr>\n<td width=\"376\">Te\u017ea (g)<\/td>\n<td width=\"393\">29,0 g (z baterijo)<\/td>\n<\/tr>\n<tr>\n<td colspan=\"2\" width=\"769\">Komunikacijski vmesnik za avdio priklju\u010dek<\/td>\n<\/tr>\n<tr>\n<td width=\"376\">Protokol<\/td>\n<td width=\"393\">Dvosmerni avdio vmesnik<\/td>\n<\/tr>\n<tr>\n<td width=\"376\">Vrsta priklju\u010dka<\/td>\n<td width=\"393\">3,5 mm 4-polni avdio priklju\u010dek<\/td>\n<\/tr>\n<tr>\n<td width=\"376\">Vir energije<\/td>\n<td width=\"393\">Na baterije<\/td>\n<\/tr>\n<tr>\n<td colspan=\"2\" width=\"769\">USB vmesnik<\/td>\n<\/tr>\n<tr>\n<td width=\"376\">Vrsta priklju\u010dka<\/td>\n<td width=\"393\">Mikro-USB<\/td>\n<\/tr>\n<tr>\n<td width=\"376\">Vir energije<\/td>\n<td width=\"393\">Iz vrat USB<\/td>\n<\/tr>\n<tr>\n<td width=\"376\">Dol\u017eina kabla<\/td>\n<td width=\"393\">1 m, snemljiv<\/td>\n<\/tr>\n<tr>\n<td colspan=\"2\" width=\"769\">Vmesnik brezkontaktne pametne kartice<\/td>\n<\/tr>\n<tr>\n<td width=\"376\">Standardno<\/td>\n<td width=\"393\">ISO\/IEC 18092 NFC, ISO 14443 Tip A &amp; B, MIFARE, FeliCa<\/td>\n<\/tr>\n<tr>\n<td rowspan=\"4\" width=\"376\">Protokol<\/td>\n<td width=\"393\">Kartica, skladna s standardom ISO 14443-4, T=CL<\/td>\n<\/tr>\n<tr>\n<td width=\"393\">Klasi\u010dna kartica MIFARE, T=CL<\/td>\n<\/tr>\n<tr>\n<td width=\"393\">ISO 18092, oznake NFC<\/td>\n<\/tr>\n<tr>\n<td width=\"393\">FeliCa<\/td>\n<\/tr>\n<tr>\n<td colspan=\"2\" width=\"769\">Vmesnik magnetne kartice<\/td>\n<\/tr>\n<tr>\n<td rowspan=\"2\" width=\"376\">Standardno<\/td>\n<td width=\"393\">ISO 7810\/7811 Hi-Co in Low-Co magnetne kartice<\/td>\n<\/tr>\n<tr>\n<td width=\"393\">JIS 1 in JIS 2<\/td>\n<\/tr>\n<tr>\n<td colspan=\"2\" width=\"769\">Druge funkcije<\/td>\n<\/tr>\n<tr>\n<td rowspan=\"2\" width=\"376\">\u0160ifriranje<\/td>\n<td width=\"393\">Algoritem \u0161ifriranja AES v napravi<\/td>\n<\/tr>\n<tr>\n<td width=\"393\">Sistem za upravljanje klju\u010dev DUKPT<\/td>\n<\/tr>\n<tr>\n<td colspan=\"2\" width=\"769\">Certifikati\/skladnost<\/td>\n<\/tr>\n<tr>\n<td rowspan=\"10\" width=\"376\">Certifikati\/skladnost<\/td>\n<td>EN 60950\/IEC 60950<\/td>\n<\/tr>\n<tr>\n<td>ISO 7811<\/td>\n<\/tr>\n<tr>\n<td>ISO 18092<\/td>\n<\/tr>\n<tr>\n<td>ISO 14443<\/td>\n<\/tr>\n<tr>\n<td>VCCI (Japonska)<\/td>\n<\/tr>\n<tr>\n<td>KC (Koreja)<\/td>\n<\/tr>\n<tr>\n<td>CE<\/td>\n<\/tr>\n<tr>\n<td>FCC<\/td>\n<\/tr>\n<tr>\n<td>RoHS 2<\/td>\n<\/tr>\n<tr>\n<td>DOSEG<\/td>\n<\/tr>\n<tr>\n<td colspan=\"2\" width=\"769\">Podpora za operacijski sistem gonilnika naprave<\/td>\n<\/tr>\n<tr>\n<td rowspan=\"2\" width=\"376\">Podpora za operacijski sistem gonilnika naprave<\/td>\n<td>Android\u2122 2.0 in novej\u0161i<\/td>\n<\/tr>\n<tr>\n<td>iOS 5.0 in novej\u0161i<\/td>\n<\/tr>\n<\/tbody>\n<\/table>","protected":false},"excerpt":{"rendered":"<p>ACR35 NFC MobileMate Reader je prenosni brezsti\u010dni bralnik, ki izbolj\u0161a mobilne naprave in ponuja varne NFC transakcije za uporabnike na poti.<\/p>","protected":false},"featured_media":1499,"template":"","meta":[],"product_brand":[],"product_cat":[38],"product_tag":[],"class_list":{"0":"post-1512","1":"product","2":"type-product","3":"status-publish","4":"has-post-thumbnail","6":"product_cat-mobile-ble-nfc-reader","8":"first","9":"instock","10":"shipping-taxable","11":"product-type-simple"},"_links":{"self":[{"href":"https:\/\/nfc-readers.com\/sl\/wp-json\/wp\/v2\/product\/1512","targetHints":{"allow":["GET"]}}],"collection":[{"href":"https:\/\/nfc-readers.com\/sl\/wp-json\/wp\/v2\/product"}],"about":[{"href":"https:\/\/nfc-readers.com\/sl\/wp-json\/wp\/v2\/types\/product"}],"wp:featuredmedia":[{"embeddable":true,"href":"https:\/\/nfc-readers.com\/sl\/wp-json\/wp\/v2\/media\/1499"}],"wp:attachment":[{"href":"https:\/\/nfc-readers.com\/sl\/wp-json\/wp\/v2\/media?parent=1512"}],"wp:term":[{"taxonomy":"product_brand","embeddable":true,"href":"https:\/\/nfc-readers.com\/sl\/wp-json\/wp\/v2\/product_brand?post=1512"},{"taxonomy":"product_cat","embeddable":true,"href":"https:\/\/nfc-readers.com\/sl\/wp-json\/wp\/v2\/product_cat?post=1512"},{"taxonomy":"product_tag","embeddable":true,"href":"https:\/\/nfc-readers.com\/sl\/wp-json\/wp\/v2\/product_tag?post=1512"}],"curies":[{"name":"wp","href":"https:\/\/api.w.org\/{rel}","templated":true}]}}