{"id":1520,"date":"2024-04-07T03:57:14","date_gmt":"2024-04-07T03:57:14","guid":{"rendered":"https:\/\/nfc-readers.com\/?post_type=product&#038;p=1520"},"modified":"2024-10-16T08:07:41","modified_gmt":"2024-10-16T08:07:41","slug":"acr39u-uf-type-c-connector-smart-card-reader","status":"publish","type":"product","link":"https:\/\/nfc-readers.com\/sl\/ic-reader\/acr39u-uf-type-c-connector-smart-card-reader\/","title":{"rendered":"ACR39U-UF-TYPE C priklju\u010dek-bralnik pametnih kartic"},"content":{"rendered":"<h1>ACR39U-UF-TYPE C priklju\u010dek-bralnik pametnih kartic<\/h1>\n<p>Bralnik pametnih kartic ACR39U-UF je zelo vsestransko in inovativno orodje, ki vklju\u010duje povezljivost USB tipa C za la\u017ejo in bolj prilagodljivo uporabo. Njegova podpora za \u0161iroko paleto pametnih kartic in upo\u0161tevanje kriti\u010dnih industrijskih standardov ga naredita bistvenega pomena za prenosni NFC \u010ditalnik za \u0161tevilne varne aplikacije na namiznih in mobilnih platformah.<\/p>\n<ul>\n<li>\n<h2>USB 2.0 vmesnik polne hitrosti<\/h2>\n<\/li>\n<li>\n<h2>Priklju\u010dek USB Type-C<\/h2>\n<\/li>\n<li>\n<h2>Plug and Play \u2013 podpora CCID prina\u0161a izjemno mobilnost<\/h2>\n<\/li>\n<li>\n<h2>Bralnik pametnih kartic:<\/h2>\n<ul>\n<li>\n<h3>Podpira kartice ISO 7816 razreda A, B in C (5 V, 3 V, 1,8 V)<\/h3>\n<\/li>\n<li>\n<h3>Podpira CAC<\/h3>\n<\/li>\n<li>\n<h3>Podpira kartico SIPRNET<\/h3>\n<\/li>\n<li>\n<h3>Podpira kartico J-LIS<\/h3>\n<\/li>\n<li>\n<h3>Podpira mikroprocesorske kartice s protokolom T=0 ali T=1<\/h3>\n<\/li>\n<li>\n<h3>Podpira pomnilni\u0161ke kartice<\/h3>\n<\/li>\n<li>\n<h3>Podpira kartico Mykad<\/h3>\n<\/li>\n<li>\n<h3>Podpira PPS (izbira protokola in parametrov)<\/h3>\n<\/li>\n<li>\n<h3>Vsebuje za\u0161\u010dito pred kratkim stikom<\/h3>\n<\/li>\n<\/ul>\n<\/li>\n<li>\n<h2>Programski vmesnik aplikacije:<\/h2>\n<ul>\n<li>\n<h3>Podpira PC\/SC<\/h3>\n<\/li>\n<li>\n<h3>Podpira CT-API CT-API (skozi ovoj na vrhu PC\/SC)<\/h3>\n<\/li>\n<\/ul>\n<\/li>\n<li>\n<h2>Podpira Android\u2122 3.1 in novej\u0161e<\/h2>\n<\/li>\n<li>\n<div>\n<table width=\"581\">\n<tbody>\n<tr>\n<td colspan=\"2\" width=\"581\">Fizi\u010dne zna\u010dilnosti<\/td>\n<\/tr>\n<tr>\n<td width=\"236\">Mere (mm)<\/td>\n<td width=\"345\">72,2 mm (D) x 69,0 mm (\u0160) x 14,5 mm (V)<\/td>\n<\/tr>\n<tr>\n<td width=\"236\">Te\u017ea (g)<\/td>\n<td width=\"345\">65,0 g<\/td>\n<\/tr>\n<tr>\n<td colspan=\"2\" width=\"581\">USB vmesnik<\/td>\n<\/tr>\n<tr>\n<td width=\"236\">Protokol<\/td>\n<td width=\"345\">USB CCID<\/td>\n<\/tr>\n<tr>\n<td width=\"236\">Vrsta priklju\u010dka<\/td>\n<td width=\"345\">Standardni tip-C<\/td>\n<\/tr>\n<tr>\n<td width=\"236\">Vir energije<\/td>\n<td width=\"345\">Iz vrat USB<\/td>\n<\/tr>\n<tr>\n<td width=\"236\">Hitrost<\/td>\n<td width=\"345\">Polna hitrost USB 2.0 (12 Mb\/s)<\/td>\n<\/tr>\n<tr>\n<td width=\"236\">Dol\u017eina kabla<\/td>\n<td width=\"345\">1,5 m, pritrjen<\/td>\n<\/tr>\n<tr>\n<td colspan=\"2\" width=\"581\">Kontaktni vmesnik pametne kartice<\/td>\n<\/tr>\n<tr>\n<td width=\"236\">\u0160tevilo re\u017e<\/td>\n<td width=\"345\">1 re\u017ea za kartice polne velikosti<\/td>\n<\/tr>\n<tr>\n<td width=\"236\">Standardno<\/td>\n<td width=\"345\">ISO 7816, deli 1\u20134, razred A, B, C (5 V, 3 V, 1,8 V)<\/td>\n<\/tr>\n<tr>\n<td width=\"236\">Protokol<\/td>\n<td width=\"345\">T=0; T=1; Podpora za pomnilni\u0161ko kartico<\/td>\n<\/tr>\n<tr>\n<td width=\"236\">drugi<\/td>\n<td width=\"345\">Pametne kartice Mykad, CAC, PIV, SIPRNET, J-LIS<\/td>\n<\/tr>\n<tr>\n<td colspan=\"2\" width=\"581\">Certifikati\/skladnost<\/td>\n<\/tr>\n<tr>\n<td rowspan=\"18\" width=\"236\">Certifikati\/skladnost<\/td>\n<td width=\"345\">EN62368\/IEC 62368<\/td>\n<\/tr>\n<tr>\n<td width=\"345\">CE<\/td>\n<\/tr>\n<tr>\n<td width=\"345\">FCC<\/td>\n<\/tr>\n<tr>\n<td width=\"345\">RoHS<\/td>\n<\/tr>\n<tr>\n<td width=\"345\">DOSEG<\/td>\n<\/tr>\n<tr>\n<td width=\"345\">EMV\u2122 1. stopnja (kontakt)<\/td>\n<\/tr>\n<tr>\n<td width=\"345\">J-LIS<\/td>\n<\/tr>\n<tr>\n<td width=\"345\">KCC<\/td>\n<\/tr>\n<tr>\n<td width=\"345\">PBOC<\/td>\n<\/tr>\n<tr>\n<td width=\"345\">TAA (ZDA)<\/td>\n<\/tr>\n<tr>\n<td width=\"345\">UKCA<\/td>\n<\/tr>\n<tr>\n<td width=\"345\">VCCI<\/td>\n<\/tr>\n<tr>\n<td width=\"345\">OEEO<\/td>\n<\/tr>\n<tr>\n<td width=\"345\">ISO 7816<\/td>\n<\/tr>\n<tr>\n<td width=\"345\">USB 2.0 s polno hitrostjo<\/td>\n<\/tr>\n<tr>\n<td width=\"345\">PC\/SC<\/td>\n<\/tr>\n<tr>\n<td width=\"345\">CCID<\/td>\n<\/tr>\n<tr>\n<td width=\"345\">Microsoft\u00ae WHQL<\/td>\n<\/tr>\n<tr>\n<td colspan=\"2\" width=\"581\">Podpora za operacijski sistem gonilnika naprave<\/td>\n<\/tr>\n<tr>\n<td rowspan=\"5\" width=\"236\">Podpora za operacijski sistem gonilnika naprave<\/td>\n<td width=\"345\">Windows\u00ae<\/td>\n<\/tr>\n<tr>\n<td width=\"345\">Linux\u00ae<\/td>\n<\/tr>\n<tr>\n<td width=\"345\">macOS\u00ae<\/td>\n<\/tr>\n<tr>\n<td width=\"345\">Solaris\u2122<\/td>\n<\/tr>\n<tr>\n<td width=\"345\">Android\u2122<\/td>\n<\/tr>\n<\/tbody>\n<\/table>\n<\/div>\n<\/li>\n<\/ul>","protected":false},"excerpt":{"rendered":"<p>ACR39U-UF je kompakten varen bralnik USB tipa C in hitri kontakt, zasnovan za brezhibno integracijo z razli\u010dnimi aplikacijami za pametne kartice v ve\u010d napravah.<\/p>","protected":false},"featured_media":1524,"template":"","meta":[],"product_brand":[],"product_cat":[39],"product_tag":[],"class_list":{"0":"post-1520","1":"product","2":"type-product","3":"status-publish","4":"has-post-thumbnail","6":"product_cat-usb-ic-smartcard-reader","8":"first","9":"instock","10":"shipping-taxable","11":"product-type-simple"},"_links":{"self":[{"href":"https:\/\/nfc-readers.com\/sl\/wp-json\/wp\/v2\/product\/1520","targetHints":{"allow":["GET"]}}],"collection":[{"href":"https:\/\/nfc-readers.com\/sl\/wp-json\/wp\/v2\/product"}],"about":[{"href":"https:\/\/nfc-readers.com\/sl\/wp-json\/wp\/v2\/types\/product"}],"wp:featuredmedia":[{"embeddable":true,"href":"https:\/\/nfc-readers.com\/sl\/wp-json\/wp\/v2\/media\/1524"}],"wp:attachment":[{"href":"https:\/\/nfc-readers.com\/sl\/wp-json\/wp\/v2\/media?parent=1520"}],"wp:term":[{"taxonomy":"product_brand","embeddable":true,"href":"https:\/\/nfc-readers.com\/sl\/wp-json\/wp\/v2\/product_brand?post=1520"},{"taxonomy":"product_cat","embeddable":true,"href":"https:\/\/nfc-readers.com\/sl\/wp-json\/wp\/v2\/product_cat?post=1520"},{"taxonomy":"product_tag","embeddable":true,"href":"https:\/\/nfc-readers.com\/sl\/wp-json\/wp\/v2\/product_tag?post=1520"}],"curies":[{"name":"wp","href":"https:\/\/api.w.org\/{rel}","templated":true}]}}