{"id":1527,"date":"2024-04-07T04:11:14","date_gmt":"2024-04-07T04:11:14","guid":{"rendered":"https:\/\/nfc-readers.com\/?post_type=product&#038;p=1527"},"modified":"2024-10-16T08:04:40","modified_gmt":"2024-10-16T08:04:40","slug":"acr39u-nf-pocketmate-ii-usb-type-c-smart-card-reader","status":"publish","type":"product","link":"https:\/\/nfc-readers.com\/sl\/ic-reader\/acr39u-nf-pocketmate-ii-usb-type-c-smart-card-reader\/","title":{"rendered":"Bralnik pametnih kartic ACR39U-NF PocketMate II (USB Type-C)."},"content":{"rendered":"<h1>Bralnik pametnih kartic ACR39U-NF PocketMate II (USB Type-C).<\/h1>\n<p>ACR39 PocketMate II predstavlja kompakten, a robusten prenosni NFC \u010ditalnik in re\u0161itev za bralnik pametnih kartic, ki skrbi za \u0161irok spekter varnih aplikacij. Njegova najsodobnej\u0161a povezljivost USB tipa C, \u0161iroka podpora za kartice in integracija z ve\u010d platformami ga naredijo nepogre\u0161ljivo orodje za varno in prilagodljivo delovanje v ra\u010dunalni\u0161kih in mobilnih domenah.<\/p>\n<ul>\n<li>\n<h2>USB 2.0 vmesnik polne hitrosti<\/h2>\n<\/li>\n<li>\n<h2>Priklju\u010dek USB Type-C<\/h2>\n<\/li>\n<li>\n<h2>Plug and Play \u2013 podpora CCID prina\u0161a izjemno mobilnost<\/h2>\n<\/li>\n<li>\n<h2>Zasnova vrtljivega gibanja<\/h2>\n<\/li>\n<li>\n<h2>Bralnik pametnih kartic:<\/h2>\n<ul>\n<li>\n<h3>Podpira kartice ISO 7816 razreda A, B in C (5 V, 3 V, 1,8 V)<\/h3>\n<\/li>\n<li>\n<h3>Podpira CAC<\/h3>\n<\/li>\n<li>\n<h3>Podpira kartico SIPRNET<\/h3>\n<\/li>\n<li>\n<h3>Podpira kartico J-LIS<\/h3>\n<\/li>\n<li>\n<h3>Podpira kartico Mykad<\/h3>\n<\/li>\n<li>\n<h3>Podpira mikroprocesorske kartice s protokolom T=0 ali T=1<\/h3>\n<\/li>\n<li>\n<h3>Podpira pomnilni\u0161ke kartice<\/h3>\n<\/li>\n<li>\n<h3>Podpira PPS (izbira protokola in parametrov)<\/h3>\n<\/li>\n<li>\n<h3>Vsebuje za\u0161\u010dito pred kratkim stikom<\/h3>\n<\/li>\n<\/ul>\n<\/li>\n<li>\n<h2>Programski vmesnik aplikacije:<\/h2>\n<ul>\n<li>\n<h3>Podpira PC\/SC<\/h3>\n<\/li>\n<li>\n<h3>Podpira CT-API CT-API (skozi ovoj na vrhu PC\/SC)<\/h3>\n<\/li>\n<\/ul>\n<\/li>\n<li>\n<h2>Podpira Android\u2122 3.1 in novej\u0161e<\/h2>\n<\/li>\n<li>\n<div>\n<table width=\"719\">\n<tbody>\n<tr>\n<td colspan=\"2\" width=\"719\">Fizi\u010dne zna\u010dilnosti<\/td>\n<\/tr>\n<tr>\n<td width=\"326\">Mere (mm)<\/td>\n<td width=\"393\">58,0 mm (D) x 20,0 mm (\u0160) x 13,9 mm (V)<\/td>\n<\/tr>\n<tr>\n<td width=\"326\">Te\u017ea (g)<\/td>\n<td width=\"393\">10 g<\/td>\n<\/tr>\n<tr>\n<td colspan=\"2\" width=\"719\">USB vmesnik<\/td>\n<\/tr>\n<tr>\n<td width=\"326\">Protokol<\/td>\n<td width=\"393\">USB CCID<\/td>\n<\/tr>\n<tr>\n<td width=\"326\">Vrsta priklju\u010dka<\/td>\n<td width=\"393\">Standardni tip C<\/td>\n<\/tr>\n<tr>\n<td width=\"326\">Vir energije<\/td>\n<td width=\"393\">Iz vrat USB<\/td>\n<\/tr>\n<tr>\n<td width=\"326\">Hitrost<\/td>\n<td width=\"393\">Polna hitrost USB (12 Mb\/s)<\/td>\n<\/tr>\n<tr>\n<td colspan=\"2\" width=\"719\">Kontaktni vmesnik pametne kartice<\/td>\n<\/tr>\n<tr>\n<td width=\"326\">\u0160tevilo re\u017e<\/td>\n<td width=\"393\">1 re\u017ea za kartice polne velikosti<\/td>\n<\/tr>\n<tr>\n<td width=\"326\">Standardno<\/td>\n<td width=\"393\">ISO 7816, deli 1\u20133, razred A, B, C (5 V, 3 V, 1,8 V)<\/td>\n<\/tr>\n<tr>\n<td width=\"326\">Protokol<\/td>\n<td width=\"393\">T=0; T=1; Podpora za pomnilni\u0161ko kartico<\/td>\n<\/tr>\n<tr>\n<td width=\"326\">drugi<\/td>\n<td width=\"393\">Pametne kartice CAC, PIV, SIPRNET, J-LIS<\/td>\n<\/tr>\n<tr>\n<td colspan=\"2\" width=\"719\">Certifikati\/skladnost<\/td>\n<\/tr>\n<tr>\n<td rowspan=\"16\" width=\"326\">Certifikati\/skladnost<\/td>\n<td>EN 60950\/IEC 60950<\/td>\n<\/tr>\n<tr>\n<td>ISO 7816<\/td>\n<\/tr>\n<tr>\n<td>Polna hitrost USB<\/td>\n<\/tr>\n<tr>\n<td>EMV\u2122 1. stopnja (kontakt)<\/td>\n<\/tr>\n<tr>\n<td>PC\/SC<\/td>\n<\/tr>\n<tr>\n<td>CCID<\/td>\n<\/tr>\n<tr>\n<td>TAA (ZDA)<\/td>\n<\/tr>\n<tr>\n<td>VCCI (Japonska)<\/td>\n<\/tr>\n<tr>\n<td>J-LIS (Japonska)<\/td>\n<\/tr>\n<tr>\n<td>PBOC (Kitajska)<\/td>\n<\/tr>\n<tr>\n<td>CE<\/td>\n<\/tr>\n<tr>\n<td>FCC<\/td>\n<\/tr>\n<tr>\n<td>OEEO<\/td>\n<\/tr>\n<tr>\n<td>RoHS 2<\/td>\n<\/tr>\n<tr>\n<td>DOSEG<\/td>\n<\/tr>\n<tr>\n<td>Microsoft\u00ae WHQL<\/td>\n<\/tr>\n<tr>\n<td colspan=\"2\" width=\"719\">Podpora za operacijski sistem gonilnika naprave<\/td>\n<\/tr>\n<tr>\n<td rowspan=\"5\" width=\"326\">Podpora za operacijski sistem gonilnika naprave<\/td>\n<td>Windows\u00ae<\/td>\n<\/tr>\n<tr>\n<td>Linux\u00ae<\/td>\n<\/tr>\n<tr>\n<td>MAC OS\u00ae<\/td>\n<\/tr>\n<tr>\n<td>Solaris<\/td>\n<\/tr>\n<tr>\n<td>Android\u2122 3.1 in novej\u0161i<\/td>\n<\/tr>\n<\/tbody>\n<\/table>\n<\/div>\n<\/li>\n<\/ul>","protected":false},"excerpt":{"rendered":"<p>ACR39U PocketMate II je kompakten varen bralnik USB tipa C, ki ponuja visoko hitrost delovanja za aplikacije pametnih kartic, vklju\u010dno z digitalnimi podpisi in varnim ban\u010dni\u0161tvom.<\/p>","protected":false},"featured_media":1530,"template":"","meta":[],"product_brand":[],"product_cat":[39],"product_tag":[],"class_list":{"0":"post-1527","1":"product","2":"type-product","3":"status-publish","4":"has-post-thumbnail","6":"product_cat-usb-ic-smartcard-reader","8":"first","9":"instock","10":"shipping-taxable","11":"product-type-simple"},"_links":{"self":[{"href":"https:\/\/nfc-readers.com\/sl\/wp-json\/wp\/v2\/product\/1527","targetHints":{"allow":["GET"]}}],"collection":[{"href":"https:\/\/nfc-readers.com\/sl\/wp-json\/wp\/v2\/product"}],"about":[{"href":"https:\/\/nfc-readers.com\/sl\/wp-json\/wp\/v2\/types\/product"}],"wp:featuredmedia":[{"embeddable":true,"href":"https:\/\/nfc-readers.com\/sl\/wp-json\/wp\/v2\/media\/1530"}],"wp:attachment":[{"href":"https:\/\/nfc-readers.com\/sl\/wp-json\/wp\/v2\/media?parent=1527"}],"wp:term":[{"taxonomy":"product_brand","embeddable":true,"href":"https:\/\/nfc-readers.com\/sl\/wp-json\/wp\/v2\/product_brand?post=1527"},{"taxonomy":"product_cat","embeddable":true,"href":"https:\/\/nfc-readers.com\/sl\/wp-json\/wp\/v2\/product_cat?post=1527"},{"taxonomy":"product_tag","embeddable":true,"href":"https:\/\/nfc-readers.com\/sl\/wp-json\/wp\/v2\/product_tag?post=1527"}],"curies":[{"name":"wp","href":"https:\/\/api.w.org\/{rel}","templated":true}]}}