{"id":1532,"date":"2024-04-07T04:16:02","date_gmt":"2024-04-07T04:16:02","guid":{"rendered":"https:\/\/nfc-readers.com\/?post_type=product&#038;p=1532"},"modified":"2024-10-16T08:01:13","modified_gmt":"2024-10-16T08:01:13","slug":"acr39u-nd-pocketmate-ii-micro-usb-smart-card-reader","status":"publish","type":"product","link":"https:\/\/nfc-readers.com\/sl\/ic-reader\/acr39u-nd-pocketmate-ii-micro-usb-smart-card-reader\/","title":{"rendered":"ACR39U-ND PocketMate II (Micro-USB) bralnik pametnih kartic"},"content":{"rendered":"<div>\n<h1>ACR39U-ND PocketMate II (Micro-USB) bralnik pametnih kartic<\/h1>\n<p>ACR39 Pocketmate II, opremljen s priklju\u010dkom Micro-USB, se domiselno razvije v kontaktni bralnik pametnih kartic polne velikosti s preprostim vrtenjem. Dovolj kompaktna, da se prilega obesku za klju\u010de, je ta naprava pripravljena za u\u010dinkovito podporo zahtevnih aplikacij pametnih kartic. Ta prenosni \u010ditalnik spretno podpira pametne kartice, ki so v skladu z ISO 7816 razreda A, B in C (5 V, 3 V in 1,8 V) , skupaj z mikroprocesorskimi karticami, ki delujejo na protokolih T=0 in T=1. Njegova vsestranskost se razteza na vrsto pomnilni\u0161kih kartic, vklju\u010dno s tistimi, ki jih Ministrstvo za obrambo uporablja za skupni dostop (CAC) in SIPRNET. ACR39U PocketMate II uspeva v razli\u010dnih scenarijih, vklju\u010dno s preverjanjem osebne identitete, nadzorom dostopa, digitalnimi podpisi in varnimi spletnimi transakcijami. Razli\u010dica Micro-USB zagotavlja, da ACR39U Pocketmate II ohranja vse znane funkcije serije ACR39U, hkrati pa zagotavlja obratno zdru\u017eljivost in enostavnost orientacije. Njegovi gonilniki so zelo primerni za namizne in mobilne integracije in so usklajeni z mno\u017eico operacijskih sistemov, kot so Windows\u00ae, Linux\u00ae, Solaris in Mac OS\u00ae. Poleg tega je ACR39U PocketMate II svojo uporabnost raz\u0161iril na naprave Android\u2122 z razli\u010dico 3.1 ali novej\u0161o.<\/p>\n<ul>\n<li>\n<h2>USB 2.0 vmesnik polne hitrosti<\/h2>\n<\/li>\n<li>\n<h2>USB mikro-USB priklju\u010dek<\/h2>\n<\/li>\n<li>\n<h2>Plug and Play \u2013 podpora CCID prina\u0161a izjemno mobilnost<\/h2>\n<\/li>\n<li>\n<h2>Zasnova vrtljivega gibanja<\/h2>\n<\/li>\n<li>\n<h2>Bralnik pametnih kartic:<\/h2>\n<ul>\n<li>\n<h3>Podpira kartice ISO 7816 razreda A, B in C (5 V, 3 V, 1,8 V)<\/h3>\n<\/li>\n<li>\n<h3>Podpira CAC<\/h3>\n<\/li>\n<li>\n<h3>Podpira kartico SIPRNET<\/h3>\n<\/li>\n<li>\n<h3>Podpira kartico J-LIS<\/h3>\n<\/li>\n<li>\n<h3>Podpira kartico Mykad<\/h3>\n<\/li>\n<li>\n<h3>Podpira mikroprocesorske kartice s protokolom T=0 ali T=1<\/h3>\n<\/li>\n<li>\n<h3>Podpira pomnilni\u0161ke kartice<\/h3>\n<\/li>\n<li>\n<h3>Podpira PPS (izbira protokola in parametrov)<\/h3>\n<\/li>\n<li>\n<h3>Vsebuje za\u0161\u010dito pred kratkim stikom<\/h3>\n<\/li>\n<\/ul>\n<\/li>\n<li>\n<h2>Programski vmesnik aplikacije:<\/h2>\n<ul>\n<li>\n<h3>Podpira PC\/SC<\/h3>\n<\/li>\n<li>\n<h3>Podpira CT-API CT-API (skozi ovoj na vrhu PC\/SC)<\/h3>\n<\/li>\n<\/ul>\n<\/li>\n<li>\n<h2>Podpira Android\u2122 3.1 in novej\u0161e<\/h2>\n<\/li>\n<li>\n<table width=\"719\">\n<tbody>\n<tr>\n<td colspan=\"2\" width=\"719\">Fizi\u010dne zna\u010dilnosti<\/td>\n<\/tr>\n<tr>\n<td width=\"326\">Mere (mm)<\/td>\n<td width=\"393\">58,0 mm (D) x 20,0 mm (\u0160) x 13,7 mm (V)<\/td>\n<\/tr>\n<tr>\n<td width=\"326\">Te\u017ea (g)<\/td>\n<td width=\"393\">9,7 g<\/td>\n<\/tr>\n<tr>\n<td colspan=\"2\" width=\"719\">USB vmesnik<\/td>\n<\/tr>\n<tr>\n<td width=\"326\">Protokol<\/td>\n<td width=\"393\">USB CCID<\/td>\n<\/tr>\n<tr>\n<td width=\"326\">Vrsta priklju\u010dka<\/td>\n<td width=\"393\">Mikro-USB<\/td>\n<\/tr>\n<tr>\n<td width=\"326\">Vir energije<\/td>\n<td width=\"393\">Iz vrat USB<\/td>\n<\/tr>\n<tr>\n<td width=\"326\">Hitrost<\/td>\n<td width=\"393\">Polna hitrost USB (12 Mb\/s)<\/td>\n<\/tr>\n<tr>\n<td colspan=\"2\" width=\"719\">Kontaktni vmesnik pametne kartice<\/td>\n<\/tr>\n<tr>\n<td width=\"326\">\u0160tevilo re\u017e<\/td>\n<td width=\"393\">1 re\u017ea za kartice polne velikosti<\/td>\n<\/tr>\n<tr>\n<td width=\"326\">Standardno<\/td>\n<td width=\"393\">ISO 7816, deli 1\u20133, razred A, B, C (5 V, 3 V, 1,8 V)<\/td>\n<\/tr>\n<tr>\n<td width=\"326\">Protokol<\/td>\n<td width=\"393\">T=0; T=1; Podpora za pomnilni\u0161ko kartico<\/td>\n<\/tr>\n<tr>\n<td width=\"326\">drugi<\/td>\n<td width=\"393\">Pametne kartice CAC, PIV, SIPRNET, J-LIS<\/td>\n<\/tr>\n<tr>\n<td colspan=\"2\" width=\"719\">Certifikati\/skladnost<\/td>\n<\/tr>\n<tr>\n<td rowspan=\"16\" width=\"326\">Certifikati\/skladnost<\/td>\n<td>EN 60950\/IEC 60950<\/td>\n<\/tr>\n<tr>\n<td>ISO 7816<\/td>\n<\/tr>\n<tr>\n<td>Polna hitrost USB<\/td>\n<\/tr>\n<tr>\n<td>EMV\u2122 1. stopnja (kontakt)<\/td>\n<\/tr>\n<tr>\n<td>PC\/SC<\/td>\n<\/tr>\n<tr>\n<td>CCID<\/td>\n<\/tr>\n<tr>\n<td>TAA (ZDA)<\/td>\n<\/tr>\n<tr>\n<td>VCCI (Japonska)<\/td>\n<\/tr>\n<tr>\n<td>J-LIS (Japonska)<\/td>\n<\/tr>\n<tr>\n<td>PBOC (Kitajska)<\/td>\n<\/tr>\n<tr>\n<td>CE<\/td>\n<\/tr>\n<tr>\n<td>FCC<\/td>\n<\/tr>\n<tr>\n<td>OEEO<\/td>\n<\/tr>\n<tr>\n<td>RoHS 2<\/td>\n<\/tr>\n<tr>\n<td>DOSEG<\/td>\n<\/tr>\n<tr>\n<td>Microsoft\u00ae WHQL<\/td>\n<\/tr>\n<tr>\n<td colspan=\"2\" width=\"719\">Podpora za operacijski sistem gonilnika naprave<\/td>\n<\/tr>\n<tr>\n<td rowspan=\"5\" width=\"326\">Podpora za operacijski sistem gonilnika naprave<\/td>\n<td>Windows\u00ae<\/td>\n<\/tr>\n<tr>\n<td>Linux\u00ae<\/td>\n<\/tr>\n<tr>\n<td>MAC OS\u00ae<\/td>\n<\/tr>\n<tr>\n<td>Solaris<\/td>\n<\/tr>\n<tr>\n<td>Android\u2122 3.1 in novej\u0161i<\/td>\n<\/tr>\n<\/tbody>\n<\/table>\n<\/li>\n<\/ul>\n<\/div>\n<div><\/div>","protected":false},"excerpt":{"rendered":"<p>ACR39U Pocketmate II je kompakten varen bralnik USB, ki nudi hitro podporo za razli\u010dne aplikacije pametnih kartic.<\/p>","protected":false},"featured_media":1534,"template":"","meta":[],"product_brand":[],"product_cat":[39],"product_tag":[],"class_list":{"0":"post-1532","1":"product","2":"type-product","3":"status-publish","4":"has-post-thumbnail","6":"product_cat-usb-ic-smartcard-reader","8":"first","9":"instock","10":"shipping-taxable","11":"product-type-simple"},"_links":{"self":[{"href":"https:\/\/nfc-readers.com\/sl\/wp-json\/wp\/v2\/product\/1532","targetHints":{"allow":["GET"]}}],"collection":[{"href":"https:\/\/nfc-readers.com\/sl\/wp-json\/wp\/v2\/product"}],"about":[{"href":"https:\/\/nfc-readers.com\/sl\/wp-json\/wp\/v2\/types\/product"}],"wp:featuredmedia":[{"embeddable":true,"href":"https:\/\/nfc-readers.com\/sl\/wp-json\/wp\/v2\/media\/1534"}],"wp:attachment":[{"href":"https:\/\/nfc-readers.com\/sl\/wp-json\/wp\/v2\/media?parent=1532"}],"wp:term":[{"taxonomy":"product_brand","embeddable":true,"href":"https:\/\/nfc-readers.com\/sl\/wp-json\/wp\/v2\/product_brand?post=1532"},{"taxonomy":"product_cat","embeddable":true,"href":"https:\/\/nfc-readers.com\/sl\/wp-json\/wp\/v2\/product_cat?post=1532"},{"taxonomy":"product_tag","embeddable":true,"href":"https:\/\/nfc-readers.com\/sl\/wp-json\/wp\/v2\/product_tag?post=1532"}],"curies":[{"name":"wp","href":"https:\/\/api.w.org\/{rel}","templated":true}]}}