{"id":1537,"date":"2024-04-07T06:01:23","date_gmt":"2024-04-07T06:01:23","guid":{"rendered":"https:\/\/nfc-readers.com\/?post_type=product&#038;p=1537"},"modified":"2024-10-16T07:57:49","modified_gmt":"2024-10-16T07:57:49","slug":"acr3901u-s1-bluetooth-smart-card-reader-writer","status":"publish","type":"product","link":"https:\/\/nfc-readers.com\/sl\/ic-reader\/acr3901u-s1-bluetooth-smart-card-reader-writer\/","title":{"rendered":"ACR3901U-S1 Bluetooth\u00ae \u010ditalnik pametnih kartic \u2013 zapisovalnik"},"content":{"rendered":"<h1>ACR3901U-S1 Bluetooth\u00ae \u010ditalnik pametnih kartic \u2013 zapisovalnik<\/h1>\n<p>ACR3901U-S1 se predstavlja kot visokotehnolo\u0161ki bralnik nfc bluetooth, ki je zelo primeren za sodobne tehni\u010dno podkovane posameznike. Zagotavlja \u0161iroko zdru\u017eljivost s pametnimi karticami in osebnimi napravami, zdru\u017euje hitre hitrosti prenosa podatkov s prenosljivostjo, izbolj\u0161ano z zmo\u017enostjo brez\u017ei\u010dnega Bluetootha, zaradi \u010desar je nepogre\u0161ljivo orodje za tiste, ki zahtevajo varne in prilagodljive transakcije s pametnimi karticami.<\/p>\n<ul>\n<li>\n<h2>Bluetooth\u00ae vmesnik<\/h2>\n<\/li>\n<li>\n<h2>USB 2.0 vmesnik polne hitrosti<\/h2>\n<\/li>\n<li>\n<h2>Vir energije<\/h2>\n<ul>\n<li>\n<h3>Napajanje z baterijo (vklju\u010duje litij-ionsko baterijo, ki jo je mogo\u010de polniti prek vrat Micro-USB)<\/h3>\n<\/li>\n<li>\n<h3>Napajanje preko USB-ja (prek na\u010dina, povezanega z ra\u010dunalnikom)<\/h3>\n<\/li>\n<\/ul>\n<\/li>\n<li>\n<h2>Skladnost s CCID<\/h2>\n<\/li>\n<li>\n<h2>Bralnik pametnih kartic:<\/h2>\n<ul>\n<li>\n<h3>Kontaktni vmesnik:<\/h3>\n<ul>\n<li>\n<h4>Podpira kartice ISO 7816 razreda A, B in C (5 V, 3 V, 1,8 V)<\/h4>\n<\/li>\n<li>\n<h4>Podpira mikroprocesorske kartice s protokolom T=0 ali T=1<\/h4>\n<\/li>\n<li>\n<h4>Podpira pomnilni\u0161ke kartice<\/h4>\n<\/li>\n<li>\n<h4>Podpira PPS (izbira protokola in parametrov)<\/h4>\n<\/li>\n<li>\n<h4>Vsebuje za\u0161\u010dito pred kratkim stikom<\/h4>\n<\/li>\n<li>\n<h4>Podpira \u0161ifrirni algoritem AES-128<\/h4>\n<\/li>\n<\/ul>\n<\/li>\n<\/ul>\n<\/li>\n<li>\n<h2>Vgrajena periferija:<\/h2>\n<ul>\n<li>\n<h3>Tri enobarvne LED<\/h3>\n<\/li>\n<\/ul>\n<\/li>\n<li>\n<h2>Programski vmesnik aplikacije:<\/h2>\n<ul>\n<li>\n<h3>Podpira PC\/SC<\/h3>\n<\/li>\n<li>\n<h3>Podpira CT-API (skozi ovoj na vrhu PC\/SC)<\/h3>\n<\/li>\n<\/ul>\n<\/li>\n<li>\n<h2>Mo\u017enost nadgradnje vdelane programske opreme USB<\/h2>\n<\/li>\n<li>\n<h2>Podpira Android\u2122 4.3 in novej\u0161e<\/h2>\n<\/li>\n<li>\n<h2>Podpira iOS 8.0 in novej\u0161e<\/h2>\n<\/li>\n<li>\n<div>\n<table width=\"556\">\n<tbody>\n<tr>\n<td colspan=\"2\" width=\"556\">Fizi\u010dne zna\u010dilnosti<\/td>\n<\/tr>\n<tr>\n<td width=\"190\">Mere (mm)<\/td>\n<td width=\"366\">94 mm (D) \u00d7 60 mm (\u0160) \u00d7 12 mm (V)<\/td>\n<\/tr>\n<tr>\n<td width=\"190\">Te\u017ea (g)<\/td>\n<td width=\"366\">30,8 g (59,7 g s kablom \u00b1 5 g tolerance)<\/td>\n<\/tr>\n<tr>\n<td colspan=\"2\" width=\"556\">Bluetooth vmesnik<\/td>\n<\/tr>\n<tr>\n<td width=\"190\">Protokol<\/td>\n<td width=\"366\">Bluetooth\u00ae (Bluetooth Low Energy \/ Bluetooth 4.0)<\/td>\n<\/tr>\n<tr>\n<td width=\"190\">Vir energije<\/td>\n<td width=\"366\">Litij-ionska baterija za ponovno polnjenje (polnjenje preko USB)<\/td>\n<\/tr>\n<tr>\n<td width=\"190\">Hitrost<\/td>\n<td width=\"366\">1 Mb\/s<\/td>\n<\/tr>\n<tr>\n<td colspan=\"2\" width=\"556\">USB vmesnik<\/td>\n<\/tr>\n<tr>\n<td width=\"190\">Protokol<\/td>\n<td width=\"366\">USB CCID<\/td>\n<\/tr>\n<tr>\n<td width=\"190\">Vrsta priklju\u010dka<\/td>\n<td width=\"366\">Mikro-USB<\/td>\n<\/tr>\n<tr>\n<td width=\"190\">Vir energije<\/td>\n<td width=\"366\">Iz vrat USB<\/td>\n<\/tr>\n<tr>\n<td width=\"190\">Hitrost<\/td>\n<td width=\"366\">Polna hitrost USB (12 Mb\/s)<\/td>\n<\/tr>\n<tr>\n<td width=\"190\">Dol\u017eina kabla<\/td>\n<td width=\"366\">1 m, snemljiv<\/td>\n<\/tr>\n<tr>\n<td colspan=\"2\" width=\"556\">Kontaktni vmesnik pametne kartice<\/td>\n<\/tr>\n<tr>\n<td width=\"190\">\u0160tevilo re\u017e<\/td>\n<td width=\"366\">1 re\u017ea za kartice polne velikosti<\/td>\n<\/tr>\n<tr>\n<td width=\"190\">Standardno<\/td>\n<td width=\"366\">ISO 7816, deli 1\u20134, razred A, B, C (5 V, 3 V, 1,8 V)<\/td>\n<\/tr>\n<tr>\n<td width=\"190\">Protokol<\/td>\n<td width=\"366\">T=0; T=1; Podpora za pomnilni\u0161ko kartico<\/td>\n<\/tr>\n<tr>\n<td colspan=\"2\" width=\"556\">Vgrajene zunanje naprave<\/td>\n<\/tr>\n<tr>\n<td width=\"190\">LED<\/td>\n<td width=\"366\">3 enobarvne: rde\u010da, modra in zelena<\/td>\n<\/tr>\n<tr>\n<td colspan=\"2\" width=\"556\">Druge funkcije<\/td>\n<\/tr>\n<tr>\n<td width=\"190\">\u0160ifriranje<\/td>\n<td width=\"366\">Algoritem \u0161ifriranja AES v napravi<\/td>\n<\/tr>\n<tr>\n<td width=\"190\">Nadgradnja vdelane programske opreme<\/td>\n<td width=\"366\">Podprto<\/td>\n<\/tr>\n<tr>\n<td colspan=\"2\" width=\"556\">Certifikati\/skladnost<\/td>\n<\/tr>\n<tr>\n<td rowspan=\"14\" width=\"190\">Certifikati\/skladnost<\/td>\n<td width=\"366\">EN 60950\/IEC 60950<\/td>\n<\/tr>\n<tr>\n<td width=\"366\">ISO 7816<\/td>\n<\/tr>\n<tr>\n<td width=\"366\">Polna hitrost USB<\/td>\n<\/tr>\n<tr>\n<td width=\"366\">Bluetooth\u00ae<\/td>\n<\/tr>\n<tr>\n<td width=\"366\">EMV\u2122 1. stopnja (kontakt)<\/td>\n<\/tr>\n<tr>\n<td width=\"366\">PC\/SC<\/td>\n<\/tr>\n<tr>\n<td width=\"366\">CCID<\/td>\n<\/tr>\n<tr>\n<td width=\"366\">CE<\/td>\n<\/tr>\n<tr>\n<td width=\"366\">FCC<\/td>\n<\/tr>\n<tr>\n<td width=\"366\">RoHS<\/td>\n<\/tr>\n<tr>\n<td width=\"366\">DOSEG<\/td>\n<\/tr>\n<tr>\n<td width=\"366\">VCCI (Japonska)<\/td>\n<\/tr>\n<tr>\n<td width=\"366\">MIC (Japonska)<\/td>\n<\/tr>\n<tr>\n<td width=\"366\">Microsoft\u00ae WHQL<\/td>\n<\/tr>\n<tr>\n<td colspan=\"2\" width=\"556\">Podpora za operacijski sistem gonilnika naprave<\/td>\n<\/tr>\n<tr>\n<td rowspan=\"5\" width=\"190\">Podpora za operacijski sistem gonilnika naprave<\/td>\n<td width=\"366\">Windows\u00ae<\/td>\n<\/tr>\n<tr>\n<td width=\"366\">Linux\u00ae<\/td>\n<\/tr>\n<tr>\n<td width=\"366\">MAC OS\u00ae 10.7 in novej\u0161i<\/td>\n<\/tr>\n<tr>\n<td width=\"366\">Android\u2122 4.3 in novej\u0161i<\/td>\n<\/tr>\n<tr>\n<td width=\"366\">iOS 8.0 in novej\u0161i<\/td>\n<\/tr>\n<\/tbody>\n<\/table>\n<\/div>\n<\/li>\n<\/ul>","protected":false},"excerpt":{"rendered":"<p>ACR3901U-S1 je prenosni varni bralnik USB in bralnik kontaktov Bluetooth\u00ae, ki ponuja visoko hitrost delovanja za aplikacije pametnih kartic na poti.<\/p>","protected":false},"featured_media":1538,"template":"","meta":[],"product_brand":[],"product_cat":[39],"product_tag":[],"class_list":{"0":"post-1537","1":"product","2":"type-product","3":"status-publish","4":"has-post-thumbnail","6":"product_cat-usb-ic-smartcard-reader","8":"first","9":"instock","10":"shipping-taxable","11":"product-type-simple"},"_links":{"self":[{"href":"https:\/\/nfc-readers.com\/sl\/wp-json\/wp\/v2\/product\/1537","targetHints":{"allow":["GET"]}}],"collection":[{"href":"https:\/\/nfc-readers.com\/sl\/wp-json\/wp\/v2\/product"}],"about":[{"href":"https:\/\/nfc-readers.com\/sl\/wp-json\/wp\/v2\/types\/product"}],"wp:featuredmedia":[{"embeddable":true,"href":"https:\/\/nfc-readers.com\/sl\/wp-json\/wp\/v2\/media\/1538"}],"wp:attachment":[{"href":"https:\/\/nfc-readers.com\/sl\/wp-json\/wp\/v2\/media?parent=1537"}],"wp:term":[{"taxonomy":"product_brand","embeddable":true,"href":"https:\/\/nfc-readers.com\/sl\/wp-json\/wp\/v2\/product_brand?post=1537"},{"taxonomy":"product_cat","embeddable":true,"href":"https:\/\/nfc-readers.com\/sl\/wp-json\/wp\/v2\/product_cat?post=1537"},{"taxonomy":"product_tag","embeddable":true,"href":"https:\/\/nfc-readers.com\/sl\/wp-json\/wp\/v2\/product_tag?post=1537"}],"curies":[{"name":"wp","href":"https:\/\/api.w.org\/{rel}","templated":true}]}}