{"id":1542,"date":"2024-04-07T06:09:00","date_gmt":"2024-04-07T06:09:00","guid":{"rendered":"https:\/\/nfc-readers.com\/?post_type=product&#038;p=1542"},"modified":"2024-10-16T07:16:12","modified_gmt":"2024-10-16T07:16:12","slug":"acr122u-nfc-reader-writer","status":"publish","type":"product","link":"https:\/\/nfc-readers.com\/sl\/ic-reader\/acr122u-nfc-reader-writer\/","title":{"rendered":"ACR122U NFC bralnik zapisovalnik"},"content":{"rendered":"<h1>ACR122U NFC bralnik zapisovalnik<\/h1>\n<p><span style=\"color: #555555;\">ACR122U je vrhunski bralnik in zapisovalnik kartic NFC, ki ga zaznamujejo \u0161iroka zdru\u017eljivost kartic, enostavna integracija in hitre hitrosti delovanja. Slu\u017ei kot varen, uporabniku prijazen POS terminal z zmogljivostjo bralnika NFC. ACR122U, okrepljen z dodatnimi funkcijami, kot so razvijalcu prijazen SDK, vzdr\u017eljiv faktor oblike in robustno \u0161ifriranje, pomeni popolno in zanesljivo re\u0161itev za vse, ki potrebujejo napredno in varno brezsti\u010dno interakcijo v svoji operativni infrastrukturi.<\/span><\/p>\n<p><iframe loading=\"lazy\" title=\"ACR122U NFC bralnik zapisovalnik\" width=\"1020\" height=\"574\" src=\"https:\/\/www.youtube.com\/embed\/uWYpJXXT7_Q?feature=oembed\" frameborder=\"0\" allow=\"accelerometer; autoplay; clipboard-write; encrypted-media; gyroscope; picture-in-picture; web-share\" referrerpolicy=\"strict-origin-when-cross-origin\" allowfullscreen><\/iframe><\/p>\n<ul>\n<li>\n<h2>USB vmesnik polne hitrosti<\/h2>\n<\/li>\n<li>\n<h2>Skladnost s CCID<\/h2>\n<\/li>\n<li>\n<h2>Bralnik pametnih kartic:<\/h2>\n<ul>\n<li>\n<h3>Brezkontaktni vmesnik:<\/h3>\n<ul>\n<li>\n<h4>Hitrost branja\/pisanja do 424 kbps<\/h4>\n<\/li>\n<li>\n<h4>Vgrajena antena za brezkontaktni dostop do oznake, z razdaljo branja kartice do 30 mm (odvisno od vrste oznake)<\/h4>\n<\/li>\n<li>\n<h4>Podpira kartice ISO 14443 tipa A in B, MIFARE\u00ae, FeliCa in vse 4 vrste oznak NFC (ISO\/IEC 18092).<\/h4>\n<\/li>\n<li>\n<h4>Vgrajena funkcija proti tr\u010denju (v vsakem trenutku je dostopna samo 1 oznaka)<\/h4>\n<\/li>\n<li>\n<h4>Podpora za NFC<\/h4>\n<\/li>\n<li>\n<h4>Na\u010din bralnika\/zapisovalca kartic<\/h4>\n<\/li>\n<\/ul>\n<\/li>\n<\/ul>\n<\/li>\n<li>\n<h2>Vgrajene zunanje naprave:<\/h2>\n<ul>\n<li>\n<h3>LED:<\/h3>\n<ul>\n<li>\n<h4>Dvobarvna LED, ki jo lahko nadzoruje uporabnik<\/h4>\n<\/li>\n<\/ul>\n<\/li>\n<\/ul>\n<\/li>\n<li>\n<h2>Programski vmesnik aplikacije:<\/h2>\n<ul>\n<li>\n<h3>Podpira PC\/SC<\/h3>\n<\/li>\n<li>\n<h3>Podpira CT-API (skozi ovoj na vrhu PC\/SC)<\/h3>\n<\/li>\n<\/ul>\n<\/li>\n<li>\n<h2>Mo\u017enost nadgradnje vdelane programske opreme USB<\/h2>\n<\/li>\n<li>\n<h2>Podpira Android\u2122 3.1 in novej\u0161e<\/h2>\n<\/li>\n<li>\n<div>\n<table width=\"854\">\n<tbody>\n<tr>\n<td colspan=\"3\" width=\"854\">Fizi\u010dne zna\u010dilnosti<\/td>\n<\/tr>\n<tr>\n<td width=\"400\">Mere (mm)<\/td>\n<td width=\"61\"><\/td>\n<td width=\"393\">98,0 mm (D) x 65,0 mm (\u0160) x 12,8 mm (V)<\/td>\n<\/tr>\n<tr>\n<td width=\"400\">Te\u017ea (g)<\/td>\n<td width=\"61\"><\/td>\n<td width=\"393\">70 g<\/td>\n<\/tr>\n<tr>\n<td colspan=\"3\" width=\"854\">USB vmesnik<\/td>\n<\/tr>\n<tr>\n<td width=\"400\">Protokol<\/td>\n<td width=\"61\"><\/td>\n<td width=\"393\">USB CCID<\/td>\n<\/tr>\n<tr>\n<td width=\"400\">Vir energije<\/td>\n<td width=\"61\"><\/td>\n<td width=\"393\">Iz vrat USB<\/td>\n<\/tr>\n<tr>\n<td width=\"400\">Hitrost<\/td>\n<td width=\"61\"><\/td>\n<td width=\"393\">Polna hitrost USB (12 Mb\/s)<\/td>\n<\/tr>\n<tr>\n<td width=\"400\">Dol\u017eina kabla<\/td>\n<td width=\"61\"><\/td>\n<td width=\"393\">1,0 m, pritrjen<\/td>\n<\/tr>\n<tr>\n<td colspan=\"3\" width=\"854\">Vmesnik brezkontaktne pametne kartice<\/td>\n<\/tr>\n<tr>\n<td width=\"400\">Standardno<\/td>\n<td width=\"61\"><\/td>\n<td width=\"393\">ISO\/IEC 18092 NFC, ISO 14443 tipa A &amp; B, MIFARE\u00ae, FeliCa<\/td>\n<\/tr>\n<tr>\n<td rowspan=\"4\" width=\"400\">Protokol<\/td>\n<td width=\"61\"><\/td>\n<td width=\"393\">Kartica, skladna s standardom ISO 14443-4, T=CL<\/td>\n<\/tr>\n<tr>\n<td width=\"61\"><\/td>\n<td width=\"393\">Klasi\u010dna kartica MIFARE\u00ae, T=CL<\/td>\n<\/tr>\n<tr>\n<td width=\"61\"><\/td>\n<td width=\"393\">ISO18092, oznake NFC<\/td>\n<\/tr>\n<tr>\n<td width=\"61\"><\/td>\n<td width=\"393\">FeliCa<\/td>\n<\/tr>\n<tr>\n<td colspan=\"3\" width=\"854\">Vgrajene zunanje naprave<\/td>\n<\/tr>\n<tr>\n<td width=\"400\">LED<\/td>\n<td width=\"61\"><\/td>\n<td width=\"393\">1 dvobarvna: rde\u010da in zelena<\/td>\n<\/tr>\n<tr>\n<td width=\"400\">Bren\u010dalo<\/td>\n<td width=\"61\"><\/td>\n<td width=\"393\">Monotona<\/td>\n<\/tr>\n<tr>\n<td colspan=\"3\" width=\"854\">Certifikati\/skladnost<\/td>\n<\/tr>\n<tr>\n<td rowspan=\"13\" width=\"400\">Certifikati\/skladnost<\/td>\n<td width=\"61\"><\/td>\n<td width=\"393\">EN 60950\/IEC 60950<\/td>\n<\/tr>\n<tr>\n<td width=\"61\"><\/td>\n<td width=\"393\">ISO 18092<\/td>\n<\/tr>\n<tr>\n<td width=\"61\"><\/td>\n<td width=\"393\">ISO 14443<\/td>\n<\/tr>\n<tr>\n<td width=\"61\"><\/td>\n<td width=\"393\">Polna hitrost USB<\/td>\n<\/tr>\n<tr>\n<td width=\"61\"><\/td>\n<td width=\"393\">PC\/SC<\/td>\n<\/tr>\n<tr>\n<td width=\"61\"><\/td>\n<td width=\"393\">CCID<\/td>\n<\/tr>\n<tr>\n<td width=\"61\"><\/td>\n<td width=\"393\">VCCI (Japonska)<\/td>\n<\/tr>\n<tr>\n<td width=\"61\"><\/td>\n<td width=\"393\">KC (Koreja)<\/td>\n<\/tr>\n<tr>\n<td width=\"61\"><\/td>\n<td width=\"393\">Microsoft\u00ae WHQL<\/td>\n<\/tr>\n<tr>\n<td width=\"61\"><\/td>\n<td width=\"393\">CE<\/td>\n<\/tr>\n<tr>\n<td width=\"61\"><\/td>\n<td width=\"393\">FCC<\/td>\n<\/tr>\n<tr>\n<td width=\"61\"><\/td>\n<td width=\"393\">RoHS 2<\/td>\n<\/tr>\n<tr>\n<td width=\"61\"><\/td>\n<td width=\"393\">DOSEG<\/td>\n<\/tr>\n<tr>\n<td colspan=\"3\" width=\"854\">Podpora za operacijski sistem gonilnika naprave<\/td>\n<\/tr>\n<tr>\n<td rowspan=\"6\" width=\"400\">Podpora za operacijski sistem gonilnika naprave<\/td>\n<td width=\"61\"><\/td>\n<td width=\"393\">Windows\u00ae CE<\/td>\n<\/tr>\n<tr>\n<td width=\"61\"><\/td>\n<td width=\"393\">Windows\u00ae<\/td>\n<\/tr>\n<tr>\n<td width=\"61\"><\/td>\n<td width=\"393\">Linux\u00ae<\/td>\n<\/tr>\n<tr>\n<td width=\"61\"><\/td>\n<td width=\"393\">MAC OS\u00ae<\/td>\n<\/tr>\n<tr>\n<td width=\"61\"><\/td>\n<td width=\"393\">Solaris<\/td>\n<\/tr>\n<tr>\n<td width=\"61\"><\/td>\n<td width=\"393\">Android\u2122<\/td>\n<\/tr>\n<\/tbody>\n<\/table>\n<\/div>\n<\/li>\n<\/ul>","protected":false},"excerpt":{"rendered":"<div class=\"auto-hide-last-sibling-br paragraph_4183d\">ACR122U je vsestranski USB NFC \u010ditalnik, ki uporablja tehnologijo RFID, podpira standarde CCID in PC\/SC za brezhibno brezkontaktno komunikacijo s pametnimi karticami.<\/div>\n<div class=\"auto-hide-last-sibling-br paragraph_4183d\"><\/div>","protected":false},"featured_media":1544,"template":"","meta":[],"product_brand":[],"product_cat":[45,40],"product_tag":[],"class_list":{"0":"post-1542","1":"product","2":"type-product","3":"status-publish","4":"has-post-thumbnail","6":"product_cat-contactless-nfc-reader","7":"product_cat-rfid-nfc-reader","9":"first","10":"instock","11":"shipping-taxable","12":"product-type-simple"},"_links":{"self":[{"href":"https:\/\/nfc-readers.com\/sl\/wp-json\/wp\/v2\/product\/1542","targetHints":{"allow":["GET"]}}],"collection":[{"href":"https:\/\/nfc-readers.com\/sl\/wp-json\/wp\/v2\/product"}],"about":[{"href":"https:\/\/nfc-readers.com\/sl\/wp-json\/wp\/v2\/types\/product"}],"wp:featuredmedia":[{"embeddable":true,"href":"https:\/\/nfc-readers.com\/sl\/wp-json\/wp\/v2\/media\/1544"}],"wp:attachment":[{"href":"https:\/\/nfc-readers.com\/sl\/wp-json\/wp\/v2\/media?parent=1542"}],"wp:term":[{"taxonomy":"product_brand","embeddable":true,"href":"https:\/\/nfc-readers.com\/sl\/wp-json\/wp\/v2\/product_brand?post=1542"},{"taxonomy":"product_cat","embeddable":true,"href":"https:\/\/nfc-readers.com\/sl\/wp-json\/wp\/v2\/product_cat?post=1542"},{"taxonomy":"product_tag","embeddable":true,"href":"https:\/\/nfc-readers.com\/sl\/wp-json\/wp\/v2\/product_tag?post=1542"}],"curies":[{"name":"wp","href":"https:\/\/api.w.org\/{rel}","templated":true}]}}