{"id":1550,"date":"2024-04-07T06:15:08","date_gmt":"2024-04-07T06:15:08","guid":{"rendered":"https:\/\/nfc-readers.com\/?post_type=product&#038;p=1550"},"modified":"2024-10-16T06:43:39","modified_gmt":"2024-10-16T06:43:39","slug":"acr1281u-c1-usb-dual-interface-reader","status":"publish","type":"product","link":"https:\/\/nfc-readers.com\/sl\/ic-reader\/acr1281u-c1-usb-dual-interface-reader\/","title":{"rendered":"ACR1281U-C1 usb bralnik z dvojnim vmesnikom"},"content":{"rendered":"<h1>ACR1281U-C1 usb bralnik z dvojnim vmesnikom<\/h1>\n<p>ACR1281U-C1 DualBoost II je nadgrajena razli\u010dica bralnika ACR128 DualBoost Reader. Slu\u017ei kot bralnik pametnih kartic in zagotavlja u\u010dinkovit dvojni vmesnik, ki se lahko pove\u017ee s katero koli pametno kartico, ki je v skladu s standardoma ISO 7816 in ISO 14443. Ta druga generacija DualBoost II zdru\u017euje tradicionalno razli\u010dne kontaktne in brezkontaktne operacije pametnih kartic v eno samo povezano enoto, kar omogo\u010da uporabo ene kartice za razli\u010dne aplikacije. Njegova uporabnost blesti v e-trgovini, saj omogo\u010da varno obdelavo spletnih pla\u010dil prek kreditnih kartic, in ima klju\u010dno vlogo v javnem prevozu, saj pomaga pri polnjenju brezsti\u010dnih kartic v avtomatiziranih sistemih za pla\u010devanje vozovnic. Utele\u0161a vizijo re\u0161itve ene kartice, kjer je ne\u0161teto funkcij pametnih kartic zdru\u017eenih v eno kartico. Nadgrajena serija DualBoost je popolnoma zdru\u017eljiva s PC\/SC za brezhibno interakcijo s kontaktnimi in brezsti\u010dnimi vmesniki. Kot prenosni bralnik NFC pospe\u0161uje komunikacijo za brezkontaktne kartice do hitrosti do 848 kb\/s in skrbi za napredne aplikacije, ki zahtevajo visoko zmogljivost. \u010citalnik je opremljen tudi z inteligentnimi mehanizmi za ravnanje s hibridnimi in kombiniranimi karticami, ki ponujajo mo\u017enost identifikacije brezsti\u010dnih kartic, ki so bile napa\u010dno vstavljene v re\u017eo za kontaktne kartice. Sestavni del njegove zasnove je re\u017ea SAM, ki krepi varnost v obeh vmesnikih. Izbolj\u0161ane funkcije, kot je mo\u017enost nadgradnje vdelane programske opreme prek USB-ja, zdru\u017eljivost s kontaktnimi pomnilni\u0161kimi karticami in podpora za raz\u0161irjene ukaze APDU, poudarjajo ACR1281U-C1 DualBoost II kot cenovno ugodno ceno. u\u010dinkovito in zmogljivo vseobsegajo\u010de orodje, ki pove\u010duje udobje in vsestranskost znotraj \u0161tevilnih sistemov pametnih kartic.<\/p>\n<p><iframe loading=\"lazy\" title=\"ACR1281U C1 \u010ditalec kontaktnih in brezkontaktnih pametnih kartic\" width=\"1020\" height=\"574\" src=\"https:\/\/www.youtube.com\/embed\/dABTVMG9dvI?feature=oembed\" frameborder=\"0\" allow=\"accelerometer; autoplay; clipboard-write; encrypted-media; gyroscope; picture-in-picture; web-share\" referrerpolicy=\"strict-origin-when-cross-origin\" allowfullscreen><\/iframe><\/p>\n<ul>\n<li>\n<h2>USB 2.0 vmesnik polne hitrosti<\/h2>\n<\/li>\n<li>\n<h2>Skladnost s CCID<\/h2>\n<\/li>\n<li>\n<h2>Brezkontaktni bralnik pametnih kartic:<\/h2>\n<ul>\n<li>\n<h3>Hitrost branja\/pisanja do 848 kbps<\/h3>\n<\/li>\n<li>\n<h3>Vgrajena antena za brezkontaktni dostop do oznake, z razdaljo branja kartice do 50 mm (odvisno od vrste oznake)<\/h3>\n<\/li>\n<li>\n<h3>Podpira kartice ISO 14443, 4. del tipa A in B ter serijo MIFARE\u00ae<\/h3>\n<\/li>\n<li>\n<h3>Vgrajena funkcija proti tr\u010denju (v vsakem trenutku je dostopna samo ena oznaka)<\/h3>\n<\/li>\n<li>\n<h3>Podpira raz\u0161irjeni APDU (najve\u010d 64 kbajtov)<\/h3>\n<\/li>\n<\/ul>\n<\/li>\n<li>\n<h2>Kontaktni bralnik pametnih kartic:<\/h2>\n<ul>\n<li>\n<h3>Podpira ISO 7816 razred A, B in C (5 V, 3 V in 1,8 V)<\/h3>\n<\/li>\n<li>\n<h3>Podpira CAC (Common Access Card)<\/h3>\n<\/li>\n<li>\n<h3>Podpira PIV (Personal Identity Verification Card)<\/h3>\n<\/li>\n<li>\n<h3>Podpira mikroprocesorske kartice s protokolom T=0 ali T=1<\/h3>\n<\/li>\n<li>\n<h3>Podpira pomnilni\u0161ke kartice<\/h3>\n<\/li>\n<li>\n<h3>Re\u017ea SAM, skladna s standardom ISO 7816<\/h3>\n<\/li>\n<\/ul>\n<\/li>\n<li>\n<h2>Programski vmesnik aplikacije:<\/h2>\n<ul>\n<li>\n<h3>Podpira PC\/SC<\/h3>\n<\/li>\n<li>\n<h3>Podpira CT-API (skozi ovoj na vrhu PC\/SC)<\/h3>\n<\/li>\n<\/ul>\n<\/li>\n<li>\n<h2>Vgrajene zunanje naprave:<\/h2>\n<ul>\n<li>\n<h3>Dve LED diodi, ki ju upravlja uporabnik<\/h3>\n<\/li>\n<li>\n<h3>Bren\u010dalo, ki ga lahko nadzira uporabnik<\/h3>\n<\/li>\n<\/ul>\n<\/li>\n<li>\n<h2>Mo\u017enost nadgradnje vdelane programske opreme USB<\/h2>\n<\/li>\n<li>\n<div>\n<table width=\"551\">\n<tbody>\n<tr>\n<td colspan=\"2\" width=\"551\">Fizi\u010dne zna\u010dilnosti<\/td>\n<\/tr>\n<tr>\n<td width=\"230\">Mere (mm)<\/td>\n<td width=\"321\">120,5 mm (D) x 72,0 mm (\u0160) x 20,4 mm (V)<\/td>\n<\/tr>\n<tr>\n<td width=\"230\">Te\u017ea (g)<\/td>\n<td width=\"321\">140 g<\/td>\n<\/tr>\n<tr>\n<td colspan=\"2\" width=\"551\">USB vmesnik<\/td>\n<\/tr>\n<tr>\n<td width=\"230\">Protokol<\/td>\n<td width=\"321\">USB CCID<\/td>\n<\/tr>\n<tr>\n<td width=\"230\">Vrsta priklju\u010dka<\/td>\n<td width=\"321\">Standardni tip A<\/td>\n<\/tr>\n<tr>\n<td width=\"230\">Vir energije<\/td>\n<td width=\"321\">Iz vrat USB<\/td>\n<\/tr>\n<tr>\n<td width=\"230\">Hitrost<\/td>\n<td width=\"321\">Polna hitrost USB (12 Mb\/s)<\/td>\n<\/tr>\n<tr>\n<td width=\"230\">Dol\u017eina kabla<\/td>\n<td width=\"321\">2,0 m, pritrjen<\/td>\n<\/tr>\n<tr>\n<td colspan=\"2\" width=\"551\">Kontaktni vmesnik pametne kartice<\/td>\n<\/tr>\n<tr>\n<td width=\"230\">\u0160tevilo re\u017e<\/td>\n<td width=\"321\">1 re\u017ea za kartice polne velikosti<\/td>\n<\/tr>\n<tr>\n<td width=\"230\">Standardno<\/td>\n<td width=\"321\">ISO 7816 razred A, B, C (5 V, 3 V, 1,8 V)<\/td>\n<\/tr>\n<tr>\n<td width=\"230\">Protokol<\/td>\n<td width=\"321\">T=0; T=1<\/td>\n<\/tr>\n<tr>\n<td colspan=\"2\" width=\"551\">Vmesnik brezkontaktne pametne kartice<\/td>\n<\/tr>\n<tr>\n<td width=\"230\">Standardno<\/td>\n<td width=\"321\">ISO 14443 A &amp; B, deli 1-4<\/td>\n<\/tr>\n<tr>\n<td rowspan=\"2\" width=\"230\">Protokol<\/td>\n<td width=\"321\">Kartica, skladna s standardom ISO 14443-4, T=CL<\/td>\n<\/tr>\n<tr>\n<td width=\"321\">Klasi\u010dna kartica MIFARE\u00ae, T=CL<\/td>\n<\/tr>\n<tr>\n<td colspan=\"2\" width=\"551\">Vmesnik kartice SAM<\/td>\n<\/tr>\n<tr>\n<td width=\"230\">\u0160tevilo re\u017e<\/td>\n<td width=\"321\">1 standardna re\u017ea za kartico SIM<\/td>\n<\/tr>\n<tr>\n<td width=\"230\">Standardno<\/td>\n<td width=\"321\">ISO 7816 razred A (5 V)<\/td>\n<\/tr>\n<tr>\n<td width=\"230\">Protokol<\/td>\n<td width=\"321\">T=0; T=1<\/td>\n<\/tr>\n<tr>\n<td colspan=\"2\" width=\"551\">Vgrajene zunanje naprave<\/td>\n<\/tr>\n<tr>\n<td width=\"230\">LED<\/td>\n<td width=\"321\">2 enobarvni: rde\u010da in zelena<\/td>\n<\/tr>\n<tr>\n<td width=\"230\">Bren\u010dalo<\/td>\n<td width=\"321\">Monotona<\/td>\n<\/tr>\n<tr>\n<td colspan=\"2\" width=\"551\">Druge funkcije<\/td>\n<\/tr>\n<tr>\n<td width=\"230\">Nadgradnja vdelane programske opreme<\/td>\n<td width=\"321\">Podprto<\/td>\n<\/tr>\n<tr>\n<td colspan=\"2\" width=\"551\">Certifikati\/skladnost<\/td>\n<\/tr>\n<tr>\n<td rowspan=\"10\" width=\"230\">Certifikati\/skladnost<\/td>\n<td width=\"321\">ISO 14443<\/td>\n<\/tr>\n<tr>\n<td width=\"321\">ISO 7816<\/td>\n<\/tr>\n<tr>\n<td width=\"321\">Polna hitrost USB<\/td>\n<\/tr>\n<tr>\n<td width=\"321\">PC\/SC<\/td>\n<\/tr>\n<tr>\n<td width=\"321\">CCID<\/td>\n<\/tr>\n<tr>\n<td width=\"321\">Microsoft\u00ae WHQL<\/td>\n<\/tr>\n<tr>\n<td width=\"321\">CE<\/td>\n<\/tr>\n<tr>\n<td width=\"321\">FCC<\/td>\n<\/tr>\n<tr>\n<td width=\"321\">RoHS<\/td>\n<\/tr>\n<tr>\n<td width=\"321\">DOSEG<\/td>\n<\/tr>\n<tr>\n<td colspan=\"2\" width=\"551\">Podpora za operacijski sistem gonilnika naprave<\/td>\n<\/tr>\n<tr>\n<td rowspan=\"5\" width=\"230\">Podpora za operacijski sistem gonilnika naprave<\/td>\n<td width=\"321\">Windows\u00ae<\/td>\n<\/tr>\n<tr>\n<td width=\"321\">Linux\u00ae<\/td>\n<\/tr>\n<tr>\n<td width=\"321\">MAC OS\u00ae<\/td>\n<\/tr>\n<tr>\n<td width=\"321\">Solaris<\/td>\n<\/tr>\n<tr>\n<td width=\"321\">Android\u2122<\/td>\n<\/tr>\n<\/tbody>\n<\/table>\n<\/div>\n<\/li>\n<\/ul>","protected":false},"excerpt":{"rendered":"<p>ACR1281U-C1 je vsestranski kontaktni in brezsti\u010dni bralnik USB, ki ima re\u017eo SAM in prenosne zmogljivosti NFC za izbolj\u0161ano delovanje v aplikacijah pametnih kartic.<\/p>","protected":false},"featured_media":1557,"template":"","meta":[],"product_brand":[],"product_cat":[45],"product_tag":[],"class_list":{"0":"post-1550","1":"product","2":"type-product","3":"status-publish","4":"has-post-thumbnail","6":"product_cat-contactless-nfc-reader","8":"first","9":"instock","10":"shipping-taxable","11":"product-type-simple"},"_links":{"self":[{"href":"https:\/\/nfc-readers.com\/sl\/wp-json\/wp\/v2\/product\/1550","targetHints":{"allow":["GET"]}}],"collection":[{"href":"https:\/\/nfc-readers.com\/sl\/wp-json\/wp\/v2\/product"}],"about":[{"href":"https:\/\/nfc-readers.com\/sl\/wp-json\/wp\/v2\/types\/product"}],"wp:featuredmedia":[{"embeddable":true,"href":"https:\/\/nfc-readers.com\/sl\/wp-json\/wp\/v2\/media\/1557"}],"wp:attachment":[{"href":"https:\/\/nfc-readers.com\/sl\/wp-json\/wp\/v2\/media?parent=1550"}],"wp:term":[{"taxonomy":"product_brand","embeddable":true,"href":"https:\/\/nfc-readers.com\/sl\/wp-json\/wp\/v2\/product_brand?post=1550"},{"taxonomy":"product_cat","embeddable":true,"href":"https:\/\/nfc-readers.com\/sl\/wp-json\/wp\/v2\/product_cat?post=1550"},{"taxonomy":"product_tag","embeddable":true,"href":"https:\/\/nfc-readers.com\/sl\/wp-json\/wp\/v2\/product_tag?post=1550"}],"curies":[{"name":"wp","href":"https:\/\/api.w.org\/{rel}","templated":true}]}}