{"id":1555,"date":"2024-04-07T06:18:18","date_gmt":"2024-04-07T06:18:18","guid":{"rendered":"https:\/\/nfc-readers.com\/?post_type=product&#038;p=1555"},"modified":"2024-10-16T06:39:36","modified_gmt":"2024-10-16T06:39:36","slug":"acr1281s-c1-dualboost-ii-serial-reader","status":"publish","type":"product","link":"https:\/\/nfc-readers.com\/sl\/ic-reader\/acr1281s-c1-dualboost-ii-serial-reader\/","title":{"rendered":"Serijski bralnik ACR1281S-C1 DualBoost II"},"content":{"rendered":"<h1>Serijski bralnik ACR1281S-C1 DualBoost II<\/h1>\n<p>ACR1281S-C1 DualBoost II je ve\u010dnamenski \u010ditalnik, ki omogo\u010da interakcijo s kontaktnimi in brezkontaktnimi pametnimi karticami v skladu s standardoma ISO 7816 oziroma ISO 14443. Ta bralnik z dvojnim vmesnikom neopazno zdru\u017euje funkcionalnosti, ki jih tradicionalno najdemo v diskretnih sistemih, v edinstveno enoto, ki omogo\u010da tako kontaktne kot brezkontaktne kartice. Poenostavlja razli\u010dne transakcije, ne glede na to, ali gre za poravnavo pla\u010dil v e-trgovini in ban\u010dnem sektorju s kreditnimi karticami ali potrjevanje brezsti\u010dnih kartic za varen vstop v dolo\u010dena obmo\u010dja ali sisteme. To se dobro integrira s konceptom univerzalne pametne kartice, ki zdru\u017euje ve\u010d funkcij pametne kartice v eno samo fizi\u010dno enoto. ACR1281S-C1 je zna\u010dilen za naprave plug and play, zato ne potrebuje zapletenih namestitev gonilnikov. Vklju\u010duje re\u017eo SAM (Secure Access Module), ki krepi varnost pri kontaktnih in brezkontaktnih interakcijah. Zmogljivost naprave za hitro komunikacijo dose\u017ee do 848 kbps pri rokovanju z brezkontaktnimi karticami, kar zagotavlja njeno primernost za visoko zmogljive in intenzivne aplikacije. Zmo\u017enosti, kot so nadgradljivost vdelane programske opreme USB, podpora za kontaktne pomnilni\u0161ke kartice in zmo\u017enost upravljanja z raz\u0161irjenim APDU, ACR1281S-C1 Serial DualBoost II predstavlja ekonomi\u010dno in robustno re\u0161itev. Zagotavlja dvojno prednost priro\u010dnosti in prilagodljivosti v \u0161irokem spektru aplikacij pametnih kartic.<\/p>\n<ul>\n<li>\n<h2>Serijski vmesnik RS232<\/h2>\n<\/li>\n<li>\n<h2>USB vmesnik za napajanje<\/h2>\n<\/li>\n<li>\n<h2>CCID podoben format okvirja (binarni format)<\/h2>\n<\/li>\n<li>\n<h2>Brezkontaktni bralnik pametnih kartic:<\/h2>\n<ul>\n<li>\n<h3>Hitrost branja\/pisanja do 848 kbps<\/h3>\n<\/li>\n<li>\n<h3>Vgrajena antena za brezkontaktni dostop do oznake, z razdaljo branja kartice do 50 mm (odvisno od vrste oznake)<\/h3>\n<\/li>\n<li>\n<h3>Podpira kartice ISO 14443, 4. del tipa A in B ter serijo MIFARE\u00ae<\/h3>\n<\/li>\n<li>\n<h3>Vgrajena funkcija proti tr\u010denju (v vsakem trenutku je dostopna samo ena oznaka)<\/h3>\n<\/li>\n<li>\n<h3>Podpira raz\u0161irjeni APDU (najve\u010d 64 kbajtov)<\/h3>\n<\/li>\n<\/ul>\n<\/li>\n<li>\n<h2>Kontaktni bralnik pametnih kartic:<\/h2>\n<ul>\n<li>\n<h3>Podpira ISO 7816 razred A, B in C (5 V, 3 V in 1,8 V)<\/h3>\n<\/li>\n<li>\n<h3>Podpira mikroprocesorske kartice s protokolom T=0 ali T=1<\/h3>\n<\/li>\n<li>\n<h3>Podpira pomnilni\u0161ke kartice<\/h3>\n<\/li>\n<li>\n<h3>Re\u017ea SAM, skladna s standardom ISO 7816<\/h3>\n<\/li>\n<\/ul>\n<\/li>\n<li>\n<h2>Vgrajene zunanje naprave:<\/h2>\n<ul>\n<li>\n<h3>Dve LED diodi, ki ju upravlja uporabnik<\/h3>\n<\/li>\n<li>\n<h3>Bren\u010dalo, ki ga lahko nadzira uporabnik<\/h3>\n<\/li>\n<\/ul>\n<\/li>\n<li>\n<h2>Mo\u017enost nadgradnje vdelane programske opreme USB<\/h2>\n<\/li>\n<li>\n<div>\n<table width=\"500\">\n<tbody>\n<tr>\n<td colspan=\"2\" width=\"500\">Fizi\u010dne zna\u010dilnosti<\/td>\n<\/tr>\n<tr>\n<td width=\"181\">Mere (mm)<\/td>\n<td width=\"319\">120,5 mm (D) x 72,0 mm (\u0160) x 20,4 mm (V)<\/td>\n<\/tr>\n<tr>\n<td width=\"181\">Te\u017ea (g)<\/td>\n<td width=\"319\">150 g<\/td>\n<\/tr>\n<tr>\n<td colspan=\"2\" width=\"500\">Serijski vmesnik<\/td>\n<\/tr>\n<tr>\n<td width=\"181\">Protokol<\/td>\n<td width=\"319\">RS-232<\/td>\n<\/tr>\n<tr>\n<td width=\"181\">Vrsta priklju\u010dka<\/td>\n<td width=\"319\">DB-9 priklju\u010dek<\/td>\n<\/tr>\n<tr>\n<td width=\"181\">Vir energije<\/td>\n<td width=\"319\">Iz vrat USB<\/td>\n<\/tr>\n<tr>\n<td width=\"181\">Dol\u017eina kabla<\/td>\n<td width=\"319\">1,5 m, pritrjen (DB9 + USB)<\/td>\n<\/tr>\n<tr>\n<td colspan=\"2\" width=\"500\">Kontaktni vmesnik pametne kartice<\/td>\n<\/tr>\n<tr>\n<td width=\"181\">\u0160tevilo re\u017e<\/td>\n<td width=\"319\">1 re\u017ea za kartice polne velikosti<\/td>\n<\/tr>\n<tr>\n<td width=\"181\">Standardno<\/td>\n<td width=\"319\">ISO 7816 razred A, B, C (5 V, 3 V, 1,8 V)<\/td>\n<\/tr>\n<tr>\n<td width=\"181\">Protokol<\/td>\n<td width=\"319\">T=0; T=1<\/td>\n<\/tr>\n<tr>\n<td colspan=\"2\" width=\"500\">Vmesnik brezkontaktne pametne kartice<\/td>\n<\/tr>\n<tr>\n<td width=\"181\">Standardno<\/td>\n<td width=\"319\">ISO 14443 A &amp; B, deli 1-4<\/td>\n<\/tr>\n<tr>\n<td rowspan=\"2\" width=\"181\">Protokol<\/td>\n<td width=\"319\">Kartica, skladna s standardom ISO 14443-4, T=CL<\/td>\n<\/tr>\n<tr>\n<td width=\"319\">Klasi\u010dna kartica MIFARE\u00ae, T=CL<\/td>\n<\/tr>\n<tr>\n<td colspan=\"2\" width=\"500\">Vmesnik kartice SAM<\/td>\n<\/tr>\n<tr>\n<td width=\"181\">\u0160tevilo re\u017e<\/td>\n<td width=\"319\">1 standardna re\u017ea za kartico SIM<\/td>\n<\/tr>\n<tr>\n<td width=\"181\">Standardno<\/td>\n<td width=\"319\">ISO 7816 razred A (5 V)<\/td>\n<\/tr>\n<tr>\n<td width=\"181\">Protokol<\/td>\n<td width=\"319\">T=0; T=1<\/td>\n<\/tr>\n<tr>\n<td colspan=\"2\" width=\"500\">Vgrajene zunanje naprave<\/td>\n<\/tr>\n<tr>\n<td width=\"181\">LED<\/td>\n<td width=\"319\">2 enobarvni: rde\u010da in zelena<\/td>\n<\/tr>\n<tr>\n<td width=\"181\">Bren\u010dalo<\/td>\n<td width=\"319\">Monotona<\/td>\n<\/tr>\n<tr>\n<td colspan=\"2\" width=\"500\">Druge funkcije<\/td>\n<\/tr>\n<tr>\n<td width=\"181\">Nadgradnja vdelane programske opreme<\/td>\n<td width=\"319\">Podprto<\/td>\n<\/tr>\n<tr>\n<td colspan=\"2\" width=\"500\">Certifikati\/skladnost<\/td>\n<\/tr>\n<tr>\n<td rowspan=\"5\" width=\"181\">Certifikati\/skladnost<\/td>\n<td width=\"319\">ISO 14443<\/td>\n<\/tr>\n<tr>\n<td width=\"319\">ISO 7816<\/td>\n<\/tr>\n<tr>\n<td width=\"319\">CE<\/td>\n<\/tr>\n<tr>\n<td width=\"319\">FCC<\/td>\n<\/tr>\n<tr>\n<td width=\"319\">RoHS<\/td>\n<\/tr>\n<tr>\n<td colspan=\"2\" width=\"500\">Podpora za operacijski sistem gonilnika naprave<\/td>\n<\/tr>\n<tr>\n<td rowspan=\"2\" width=\"181\">Podpora za operacijski sistem gonilnika naprave<\/td>\n<td width=\"319\">Windows\u00ae<\/td>\n<\/tr>\n<tr>\n<td width=\"319\">Linux\u00ae<\/td>\n<\/tr>\n<\/tbody>\n<\/table>\n<\/div>\n<\/li>\n<\/ul>","protected":false},"excerpt":{"rendered":"<p>ACR1281S-C1 je kontaktni in brezkontaktni bralnik z dvojno funkcijo, ki ima re\u017eo SAM za izbolj\u0161ano varnost in visoko hitrost delovanja v aplikacijah pametnih kartic.<\/p>","protected":false},"featured_media":1556,"template":"","meta":[],"product_brand":[],"product_cat":[45],"product_tag":[],"class_list":{"0":"post-1555","1":"product","2":"type-product","3":"status-publish","4":"has-post-thumbnail","6":"product_cat-contactless-nfc-reader","8":"first","9":"instock","10":"shipping-taxable","11":"product-type-simple"},"_links":{"self":[{"href":"https:\/\/nfc-readers.com\/sl\/wp-json\/wp\/v2\/product\/1555","targetHints":{"allow":["GET"]}}],"collection":[{"href":"https:\/\/nfc-readers.com\/sl\/wp-json\/wp\/v2\/product"}],"about":[{"href":"https:\/\/nfc-readers.com\/sl\/wp-json\/wp\/v2\/types\/product"}],"wp:featuredmedia":[{"embeddable":true,"href":"https:\/\/nfc-readers.com\/sl\/wp-json\/wp\/v2\/media\/1556"}],"wp:attachment":[{"href":"https:\/\/nfc-readers.com\/sl\/wp-json\/wp\/v2\/media?parent=1555"}],"wp:term":[{"taxonomy":"product_brand","embeddable":true,"href":"https:\/\/nfc-readers.com\/sl\/wp-json\/wp\/v2\/product_brand?post=1555"},{"taxonomy":"product_cat","embeddable":true,"href":"https:\/\/nfc-readers.com\/sl\/wp-json\/wp\/v2\/product_cat?post=1555"},{"taxonomy":"product_tag","embeddable":true,"href":"https:\/\/nfc-readers.com\/sl\/wp-json\/wp\/v2\/product_tag?post=1555"}],"curies":[{"name":"wp","href":"https:\/\/api.w.org\/{rel}","templated":true}]}}