{"id":1558,"date":"2024-04-07T06:20:55","date_gmt":"2024-04-07T06:20:55","guid":{"rendered":"https:\/\/nfc-readers.com\/?post_type=product&#038;p=1558"},"modified":"2024-10-16T06:35:34","modified_gmt":"2024-10-16T06:35:34","slug":"nfc-reader-with-lcd-acr1222l","status":"publish","type":"product","link":"https:\/\/nfc-readers.com\/sl\/ic-reader\/nfc-reader-with-lcd-acr1222l\/","title":{"rendered":"NFC \u010ditalnik\/zapisovalnik z LCD | ACR1222L"},"content":{"rendered":"<h1>NFC \u010ditalnik\/zapisovalnik z LCD | ACR1222L<\/h1>\n<p>ACR1222L izstopa kot vsestranski in uporabniku prijazen \u010ditalnik pametnih kartic NFC, idealen za aplikacije, vklju\u010dno z e-pla\u010devanjem, programi zvestobe in nadzorom dostopa. Njegov LCD in ve\u010djezi\u010dna podpora, skupaj z robustnimi varnostnimi funkcijami s tremi re\u017eami SAM, ga uvr\u0161\u010dajo med visoko vrednost glede na razmerje med funkcijami in ceno bralnika nfc.<\/p>\n<p><iframe loading=\"lazy\" title=\"ACR1222L NFC \u010ditalnik\" width=\"1020\" height=\"765\" src=\"https:\/\/www.youtube.com\/embed\/i-7zrKP8WJo?feature=oembed\" frameborder=\"0\" allow=\"accelerometer; autoplay; clipboard-write; encrypted-media; gyroscope; picture-in-picture; web-share\" referrerpolicy=\"strict-origin-when-cross-origin\" allowfullscreen><\/iframe><\/p>\n<h2>NFC \u010ditalnik z LCD | ACR1222L<\/h2>\n<ul>\n<li data-sider-select-id=\"cbe5159f-0e15-4e91-8597-4873bf6b4e88\">\n<h2>USB 2.0 vmesnik polne hitrosti<\/h2>\n<\/li>\n<li>\n<h2>Skladnost s CCID<\/h2>\n<\/li>\n<li>\n<h2>Bralnik pametnih kartic:<\/h2>\n<ul>\n<li>\n<h3>Hitrost branja\/pisanja do 424 kbps<\/h3>\n<\/li>\n<li>\n<h3>Vgrajena antena za brezkontaktni dostop do oznake, z razdaljo branja kartice do 50 mm (odvisno od vrste oznake)<\/h3>\n<\/li>\n<li>\n<h3>Podpira kartice ISO 14443 tipa A in B, MIFARE\u00ae, FeliCa in vse 4 vrste oznak NFC (ISO\/IEC 18092).<\/h3>\n<\/li>\n<li>\n<h3>Vgrajena funkcija proti tr\u010denju (v vsakem trenutku je dostopna samo ena oznaka)<\/h3>\n<\/li>\n<li>\n<h3>Tri re\u017ee SAM, skladne s standardom ISO 7816<\/h3>\n<\/li>\n<\/ul>\n<\/li>\n<li>\n<h2>Vgrajene zunanje naprave:<\/h2>\n<ul>\n<li>\n<h3>Dvovrsti\u010dni grafi\u010dni LCD z interaktivno uporabnostjo (tj. drsenje gor in dol, levo in desno itd.) in podporo za ve\u010d jezikov (tj. kitaj\u0161\u010dina, angle\u0161\u010dina, japon\u0161\u010dina in ve\u010d evropskih jezikov)<\/h3>\n<\/li>\n<li>\n<h3>\u0160tiri LED diode, ki jih upravlja uporabnik<\/h3>\n<\/li>\n<li>\n<h3>Bren\u010dalo, ki ga lahko nadzira uporabnik<\/h3>\n<\/li>\n<\/ul>\n<\/li>\n<li>\n<h2>Mo\u017enost nadgradnje vdelane programske opreme USB<\/h2>\n<\/li>\n<\/ul>\n<div>\n<h2 data-sider-select-id=\"d4706cbf-1e8e-448d-9503-dfee41ca8b25\"><strong>Lastnosti in funkcije brezsti\u010dnega bralnika ACR1222L NFC:<\/strong><\/h2>\n<ul>\n<li>\n<h3><strong>Integracija inovativne tehnologije<\/strong><\/h3>\n<p>ACR1222L brezhibno integrira tehnologijo LCD z zmogljivostmi PC-Link NFC in ponuja uporabniku prijazen vmesnik za lahkotno interakcijo.<\/li>\n<li>\n<h3><strong>Celovita zdru\u017eljivost<\/strong><\/h3>\n<p>ACR1222L, zgrajen na podlagi tehnologije RFID 13,56 MHz in standarda ISO\/IEC 18092, se pona\u0161a s \u0161iroko zdru\u017eljivostjo s karticami ISO14443 tipa A in B, MIFARE, FeliCa in vsemi \u0161tirimi vrstami oznak NFC.<\/li>\n<li>\n<h3><strong>Izbolj\u0161ana uporabni\u0161ka izku\u0161nja<\/strong><\/h3>\n<\/li>\n<\/ul>\n<p style=\"text-align: left; padding-left: 40px;\"><span style=\"color: #555555; font-size: 14.4px;\">Z zdru\u017eljivostjo s PC\/SC ACR1222L omogo\u010da enostavno nadgradnjo aplikacij pametnih kartic, kar zagotavlja nemoten prehod za uporabnike, ki i\u0161\u010dejo izbolj\u0161ane funkcionalnosti in interakcije.<\/span><\/p>\n<ul>\n<li>\n<h3><strong>Intuitiven vmesnik<\/strong><\/h3>\n<\/li>\n<\/ul>\n<p style=\"text-align: left; padding-left: 40px;\">\u00a0Opremljen s 4 LED diodami, bren\u010dalom in ve\u010djezi\u010dnim LCD zaslonom, ACR1222L zagotavlja jasne indikacije statusov bralnika in aplikacije, kar izbolj\u0161uje razumevanje in sodelovanje uporabnika.<\/p>\n<ul>\n<li>\n<h3><strong>Ve\u010djezi\u010dna podpora<\/strong><\/h3>\n<p>2-vrsti\u010dni grafi\u010dni LCD podpira ve\u010d jezikov, vklju\u010dno s kitaj\u0161\u010dino, angle\u0161\u010dino, japon\u0161\u010dino in izbranimi evropskimi jeziki, kar omogo\u010da raznoliki uporabni\u0161ki bazi brez te\u017eav komunicirati z napravo.<\/li>\n<li>\n<h3><strong>Interaktivno delovanje<\/strong><\/h3>\n<p>Zaslon LCD omogo\u010da interaktivne operacije, kot je drsenje, kar dodatno izbolj\u0161uje uporabni\u0161ko udobje in dostopnost.<\/li>\n<li>\n<h3><strong>Napredne varnostne funkcije<\/strong><\/h3>\n<p>ACR1222L s tremi vgrajenimi re\u017eami SAM zagotavlja izbolj\u0161ano varnost med brezkontaktnimi operacijami ter varuje ob\u010dutljive podatke in transakcije.<\/li>\n<\/ul>\n<\/div>\n<div><\/div>\n<div>\n<table width=\"702\">\n<tbody>\n<tr>\n<td colspan=\"2\" width=\"702\">Fizi\u010dne zna\u010dilnosti<\/td>\n<\/tr>\n<tr>\n<td rowspan=\"2\" width=\"250\">Mere (mm)<\/td>\n<td width=\"452\">Glavno telo: 133,5 mm (D) x 88,5 mm (\u0160) x 21,0 mm (V)<\/td>\n<\/tr>\n<tr>\n<td width=\"452\">S stojalom: 158,0 mm (D) x 95,0 mm (\u0160) x 95,0 mm (V)<\/td>\n<\/tr>\n<tr>\n<td rowspan=\"2\" width=\"250\">Te\u017ea (g)<\/td>\n<td width=\"452\">Te\u017ea ohi\u0161ja: 173 g<\/td>\n<\/tr>\n<tr>\n<td width=\"452\">S stojalom: 415 g<\/td>\n<\/tr>\n<tr>\n<td colspan=\"2\" width=\"702\">USB vmesnik<\/td>\n<\/tr>\n<tr>\n<td width=\"250\">Protokol<\/td>\n<td width=\"452\">USB CCID<\/td>\n<\/tr>\n<tr>\n<td width=\"250\">Vrsta priklju\u010dka<\/td>\n<td width=\"452\">Standardni tip A<\/td>\n<\/tr>\n<tr>\n<td width=\"250\">Vir energije<\/td>\n<td width=\"452\">Iz vrat USB<\/td>\n<\/tr>\n<tr>\n<td width=\"250\">Hitrost<\/td>\n<td width=\"452\">Polna hitrost USB (12 Mb\/s)<\/td>\n<\/tr>\n<tr>\n<td width=\"250\">Dol\u017eina kabla<\/td>\n<td width=\"452\">1,5 m, pritrjen<\/td>\n<\/tr>\n<tr>\n<td colspan=\"2\" width=\"702\">Vmesnik brezkontaktne pametne kartice<\/td>\n<\/tr>\n<tr>\n<td width=\"250\">Standardno<\/td>\n<td width=\"452\">ISO\/IEC 18092 NFC, ISO 14443 tipa A &amp; B, MIFARE\u00ae, FeliCa<\/td>\n<\/tr>\n<tr>\n<td rowspan=\"4\" width=\"250\">Protokol<\/td>\n<td width=\"452\">Kartica, skladna s standardom ISO 14443-4, T=CL<\/td>\n<\/tr>\n<tr>\n<td width=\"452\">Klasi\u010dna kartica MIFARE\u00ae, T=CL<\/td>\n<\/tr>\n<tr>\n<td width=\"452\">ISO18092, oznake NFC<\/td>\n<\/tr>\n<tr>\n<td width=\"452\">FeliCa<\/td>\n<\/tr>\n<tr>\n<td colspan=\"2\" width=\"702\">Vmesnik kartice SAM<\/td>\n<\/tr>\n<tr>\n<td width=\"250\">\u0160tevilo re\u017e<\/td>\n<td width=\"452\">3 standardne re\u017ee za kartice SIM<\/td>\n<\/tr>\n<tr>\n<td width=\"250\">Standardno<\/td>\n<td width=\"452\">ISO 7816 razred A (5 V)<\/td>\n<\/tr>\n<tr>\n<td width=\"250\">Protokol<\/td>\n<td width=\"452\">T=0; T=1<\/td>\n<\/tr>\n<tr>\n<td colspan=\"2\" width=\"702\">Vgrajene zunanje naprave<\/td>\n<\/tr>\n<tr>\n<td rowspan=\"3\" width=\"250\">LCD<\/td>\n<td width=\"452\">Grafi\u010dni LCD z rumeno-zeleno osvetlitvijo<\/td>\n<\/tr>\n<tr>\n<td width=\"452\">Lo\u010dljivost: 128 x 32 slikovnih pik<\/td>\n<\/tr>\n<tr>\n<td width=\"452\">\u0160tevilo znakov: 16 znakov x 2 vrstici<\/td>\n<\/tr>\n<tr>\n<td width=\"250\">LED<\/td>\n<td width=\"452\">4 enobarvne: zelena, modra, oran\u017ena in rde\u010da<\/td>\n<\/tr>\n<tr>\n<td width=\"250\">Bren\u010dalo<\/td>\n<td width=\"452\">Monotona<\/td>\n<\/tr>\n<tr>\n<td colspan=\"2\" width=\"702\">Druge funkcije<\/td>\n<\/tr>\n<tr>\n<td width=\"250\">Nadgradnja vdelane programske opreme<\/td>\n<td width=\"452\">Podprto<\/td>\n<\/tr>\n<tr>\n<td colspan=\"2\" width=\"702\">Certifikati\/skladnost<\/td>\n<\/tr>\n<tr>\n<td rowspan=\"13\" width=\"250\">Certifikati\/skladnost<\/td>\n<td width=\"452\">ISO 18092<\/td>\n<\/tr>\n<tr>\n<td width=\"452\">ISO 14443<\/td>\n<\/tr>\n<tr>\n<td width=\"452\">ISO 7816 (re\u017ea SAM)<\/td>\n<\/tr>\n<tr>\n<td width=\"452\">Polna hitrost USB<\/td>\n<\/tr>\n<tr>\n<td width=\"452\">PC\/SC<\/td>\n<\/tr>\n<tr>\n<td width=\"452\">CCID<\/td>\n<\/tr>\n<tr>\n<td width=\"452\">VCCI (Japonska)<\/td>\n<\/tr>\n<tr>\n<td width=\"452\">KC (Koreja)<\/td>\n<\/tr>\n<tr>\n<td width=\"452\">Microsoft\u00ae WHQL<\/td>\n<\/tr>\n<tr>\n<td width=\"452\">CE<\/td>\n<\/tr>\n<tr>\n<td width=\"452\">FCC<\/td>\n<\/tr>\n<tr>\n<td width=\"452\">RoHS<\/td>\n<\/tr>\n<tr>\n<td width=\"452\">DOSEG<\/td>\n<\/tr>\n<tr>\n<td colspan=\"2\" width=\"702\">Podpora za operacijski sistem gonilnika naprave<\/td>\n<\/tr>\n<tr>\n<td rowspan=\"5\" width=\"250\">Podpora za operacijski sistem gonilnika naprave<\/td>\n<td width=\"452\">Windows\u00ae<\/td>\n<\/tr>\n<tr>\n<td width=\"452\">Linux\u00ae<\/td>\n<\/tr>\n<tr>\n<td width=\"452\">MAC OS\u00ae<\/td>\n<\/tr>\n<tr>\n<td width=\"452\">Solaris<\/td>\n<\/tr>\n<tr>\n<td width=\"452\">Android\u2122<\/td>\n<\/tr>\n<\/tbody>\n<\/table>\n<\/div>\n<div><\/div>\n<div><\/div>\n<div><\/div>\n<div><\/div>","protected":false},"excerpt":{"rendered":"<p>ACR1222L je vsestranski brezkontaktni bralnik USB z LCD-zaslonom, ki podpira tehnologijo RFID NFC in ponuja izbolj\u0161ano varnost za aplikacije pametnih kartic.<\/p>","protected":false},"featured_media":1563,"template":"","meta":[],"product_brand":[],"product_cat":[45,40],"product_tag":[],"class_list":{"0":"post-1558","1":"product","2":"type-product","3":"status-publish","4":"has-post-thumbnail","6":"product_cat-contactless-nfc-reader","7":"product_cat-rfid-nfc-reader","9":"first","10":"instock","11":"shipping-taxable","12":"product-type-simple"},"_links":{"self":[{"href":"https:\/\/nfc-readers.com\/sl\/wp-json\/wp\/v2\/product\/1558","targetHints":{"allow":["GET"]}}],"collection":[{"href":"https:\/\/nfc-readers.com\/sl\/wp-json\/wp\/v2\/product"}],"about":[{"href":"https:\/\/nfc-readers.com\/sl\/wp-json\/wp\/v2\/types\/product"}],"wp:featuredmedia":[{"embeddable":true,"href":"https:\/\/nfc-readers.com\/sl\/wp-json\/wp\/v2\/media\/1563"}],"wp:attachment":[{"href":"https:\/\/nfc-readers.com\/sl\/wp-json\/wp\/v2\/media?parent=1558"}],"wp:term":[{"taxonomy":"product_brand","embeddable":true,"href":"https:\/\/nfc-readers.com\/sl\/wp-json\/wp\/v2\/product_brand?post=1558"},{"taxonomy":"product_cat","embeddable":true,"href":"https:\/\/nfc-readers.com\/sl\/wp-json\/wp\/v2\/product_cat?post=1558"},{"taxonomy":"product_tag","embeddable":true,"href":"https:\/\/nfc-readers.com\/sl\/wp-json\/wp\/v2\/product_tag?post=1558"}],"curies":[{"name":"wp","href":"https:\/\/api.w.org\/{rel}","templated":true}]}}